{"id":55,"date":"2013-10-31T15:17:28","date_gmt":"2013-10-31T14:17:28","guid":{"rendered":"http:\/\/www.scolaire-collines.com\/sacrecoeur\/?page_id=55"},"modified":"2016-09-05T11:09:52","modified_gmt":"2016-09-05T09:09:52","slug":"charte-du-conseil-detablissement","status":"publish","type":"page","link":"https:\/\/www.scolaire-collines.com\/sacrecoeur\/conseil-detablissement\/charte-du-conseil-detablissement\/","title":{"rendered":"Charte du Conseil d&rsquo;Etablissement"},"content":{"rendered":"<h3>I ) PREAMBULE\u00a0: Textes de R\u00e9f\u00e9rence<\/h3>\n<p><strong>Statut de l\u2019Enseignement Catholique \u2013 Article 3<\/strong><br \/>\n\u00ab\u00a0Chaque \u00e9tablissement catholique d\u2019enseignement constitue une communaut\u00e9 \u00e9ducative plac\u00e9e sous la responsabilit\u00e9 du Chef d\u2019Etablissement et form\u00e9e des \u00e9l\u00e8ves, des parents, des personnels d\u2019enseignement, d\u2019\u00e9ducation, d\u2019administration et de service, des pr\u00eatres et autres personnes qui participent \u00e0 l\u2019animation pastorale, des gestionnaires, des anciens \u00e9l\u00e8ves et, dans la mesure du possible, des propri\u00e9taires.\u00a0\u00bb<br \/>\n<BR\/><strong>Statut de l\u2019Enseignement Catholique \u2013 Article 7<\/strong><\/p>\n<p style=\"text-align: justify;\">\u00ab\u00a0Tout \u00e9tablissement est dot\u00e9 d\u2019un Conseil d\u2019Etablissement que pr\u00e9side le Chef d\u2019Etablissement. Il est compos\u00e9 de membres \u00e9lus ou d\u00e9sign\u00e9s par chacun des groupes \u00e9num\u00e9r\u00e9s \u00e0 l\u2019article 3. Son avis est requis pour d\u00e9finir les orientations de l\u2019\u00e9tablissement.\u00a0\u00bb<\/p>\n<p><BR\/><BR\/><\/p>\n<h3>II ) ROLE<\/h3>\n<p>Le Conseil d\u2019Etablissement\u00a0:<br \/>\n&#8211;\u00a0un r\u00f4le de R\u00e9flexion, il n\u2019a pas un r\u00f4le de d\u00e9cision<br \/>\n&#8211;\u00a0un r\u00f4le d\u2019Orientation<br \/>\n<strong>1)\u00a0\u00a0\u00a0R\u00f4le de R\u00e9flexion<\/strong><\/p>\n<p style=\"text-align: justify;\">Le Conseil d\u2019Etablissement est responsable de l\u2019\u00e9laboration, de la mise \u00e0 jour de l\u2019application et de l\u2019\u00e9valuation du Projet Educatif de l\u2019Etablissement.<\/p>\n<p style=\"text-align: justify;\">Ce projet Educatif, prenant en compte les r\u00e9alit\u00e9s de l\u2019Etablissement et de son environnement, les orientations pastorales et les statuts de l\u2019Enseignement Catholique, d\u00e9finit les valeurs qui devront inspirer les objectifs \u00e9ducatifs et p\u00e9dagogiques inscrits dans le Projet d\u2019Etablissement qui est de la responsabilit\u00e9 du conseil des ma\u00eetres.<\/p>\n<p><strong>2)\u00a0\u00a0\u00a0\u00a0 R\u00f4le d\u2019orientation<\/strong><\/p>\n<p style=\"text-align: justify;\">Le Conseil d\u2019Etablissement participe \u00e0 la mise en \u0153uvre du Projet d\u2019Etablissement qui d\u00e9finit, en coh\u00e9rence avec les valeurs annonc\u00e9es dans le Projet Educatif, les orientations de l\u2019Etablissement et en sugg\u00e8re les moyens.<\/p>\n<p><strong>&#8211; Sur le Plan Educatif<\/strong><\/p>\n<p style=\"text-align: justify;\">Quels sont les modes de relation entre les diff\u00e9rents \u00e9l\u00e9ments de la Communaut\u00e9 Educative (El\u00e8ves, Direction, Enseignants et Personnels, Gestionnaires, Parents, Repr\u00e9sentants de la Pastorale)\u00a0?<\/p>\n<p>Quelles priorit\u00e9s se donne l\u2019Etablissement\u00a0?<br \/>\nQuels sont les principes \u00e0 retenir pour la d\u00e9finition des r\u00e8gles de vie de l\u2019Etablissement\u00a0?<br \/>\nQuelles sont les orientations \u00e0 donner aux activit\u00e9s culturelles ou sportives\u00a0?<br \/>\n<strong>&#8211; Sur le Plan P\u00e9dagogique<\/strong><\/p>\n<p style=\"text-align: justify;\">Quelles sont les actions \u00e0 mettre en place ou \u00e0 poursuivre (d\u00e9cloisonnement, soutien scolaire, ateliers, initiation \u00e0 une langue \u00e9trang\u00e8re \u2026)\u00a0?<\/p>\n<p>Une r\u00e9flexion est men\u00e9e sur les moyens \u00e0 mettre \u00e0 disposition\u00a0:<br \/>\n&#8211;\u00a0des \u00e9l\u00e8ves<br \/>\n&#8211;\u00a0des enseignants<br \/>\n<strong>&#8211; Sur le Plan Pastoral<\/strong><br \/>\nQuels moyens se donne l\u2019Etablissement pour r\u00e9pondre aux questions suivantes\u00a0:<br \/>\n&#8211;\u00a0Comment faire vivre dans l\u2019\u00e9tablissement les Valeurs Evang\u00e9liques\u00a0?<br \/>\n&#8211;\u00a0Quelle Cat\u00e9ch\u00e8se est propos\u00e9e\u00a0? Avec quels intervenants\u00a0? Avec quels moyens pour la formation\u00a0?<br \/>\n&#8211;\u00a0Quelles relations avec l\u2019Equipe Pastorale\u00a0?<\/p>\n<p>Le Conseil d\u2019Etablissement donne son avis\u00a0:<br \/>\n&#8211;\u00a0sur les orientations du Projet d\u2019Etablissement<br \/>\n&#8211;\u00a0sur l\u2019accueil des \u00e9l\u00e8ves, les horaires, l\u2019organisation de la semaine, la restauration<br \/>\n&#8211;\u00a0sur les r\u00e8gles de s\u00e9curit\u00e9 et d\u2019hygi\u00e8ne scolaire.<\/p>\n<p>Le Conseil d\u2019Etablissement ne doit pas se substituer\u00a0:<\/p>\n<p style=\"text-align: justify;\">&#8211; \u00e0 la Direction responsable du fonctionnement de l\u2019Etablissement vis \u00e0 vis des services acad\u00e9miques, des parents et de la Direction Dioc\u00e9saine et donc charg\u00e9e, \u00e0 ce titre, de prendre les d\u00e9cisions n\u00e9cessaires \u00e0 la r\u00e9alisation des orientations d\u00e9finies par le Conseil d\u2019Etablissement<\/p>\n<p>&#8211;\u00a0\u00e0 l\u2019Organisme de Gestion (O.G.E.C. Notre Dame des Collines) responsable de la gestion financi\u00e8re de l\u2019\u00e9tablissement<br \/>\n&#8211;\u00a0il n\u2019a pas non plus \u00e0 traiter de cas individuels.<\/p>\n<p>Lieu d\u2019expression et d\u2019information r\u00e9ciproque, le Conseil est destin\u00e9 \u00e0 cimenter l\u2019unit\u00e9 de l\u2019Etablissement.<br \/>\nEvitant de fonctionner au moyen de d\u00e9cisions majoritaires, il recherchera plut\u00f4t un consensus g\u00e9n\u00e9ral.<br \/>\nToute question donnant lieu \u00e0 un conflit grave est soumise \u00e0 la Direction Dioc\u00e9saine qui en r\u00e9f\u00e8re au bureau du CO.DI.E.C..<\/p>\n<div class=\"su-row\">\n<div class=\"su-column su-column-size-1-2\"><div class=\"su-column-inner su-u-clearfix su-u-trim\">\n<BR\/><BR\/><\/p>\n<h3>III ) COMPOSITION\u00a0:<\/h3>\n<p style=\"text-align: justify;\">Le Conseil du Groupe Scolaire Primaire Notre Dame des Collines est compos\u00e9 des membres suivants\u00a0:<br \/>\n&#8211;\u00a0le Chef d\u2019Etablissement, Pr\u00e9sident<br \/>\n&#8211;\u00a09 enseignants\u00a0: 2 par cycle ( Cycle 1, Cycle 2, Cycle 3 )<br \/>\n&#8211;\u00a01 repr\u00e9sentante des A.S.E.M.<br \/>\n&#8211;\u00a01 repr\u00e9sentante du Personnel Administratif<br \/>\n&#8211;\u00a07 parents d\u2019\u00e9l\u00e8ves du site des Collines :<br \/>\n+ 1 par niveau en classe \u00e9l\u00e9mentaire ( C.P. \u00e0 C.M. 2 ) = 5<br \/>\n+ 2 pour les classes maternelles<br \/>\n&#8211; 3 parents d\u2019\u00e9l\u00e8ves du site du Sacr\u00e9 Coeur ( 1 par cycle )<br \/>\n&#8211;\u00a0les Pr\u00e9sidents des A.P.E.L. des deux sites ou leurs repr\u00e9sentants<br \/>\n&#8211;\u00a0le Pr\u00e9sident de l\u2019O.G.E.C. ou son repr\u00e9sentant<br \/>\n&#8211;\u00a0la coordinatrice du Groupe Scolaire<br \/>\n&#8211;\u00a0un repr\u00e9sentant de la Tutelle Dioc\u00e9saine<br \/>\n&#8211;\u00a0un repr\u00e9sentant du groupe scolaire (niveau 6\u00e8me)<\/p>\n<p style=\"text-align: justify;\">Le Chef d\u2019Etablissement de l\u2019\u00e9cole peut inviter une ou plusieurs personnes dont la consultation est jug\u00e9e utile en fonction de l\u2019ordre du jour\u00a0:<br \/>\n&#8211;\u00a0un membre de la Direction Dioc\u00e9saine<br \/>\n&#8211;\u00a0un membre de l\u2019\u00e9quipe pastorale de secteur<br \/>\n&#8211;\u00a0l\u2019Inspecteur de circonscription ou membre de l\u2019Education Nationale<br \/>\n&#8211;\u00a0un repr\u00e9sentant des activit\u00e9s p\u00e9riscolaires<br \/>\n&#8211;\u00a0un repr\u00e9sentant des services sociaux<br \/>\n&#8211;\u00a0un repr\u00e9sentant de la Municipalit\u00e9<br \/>\n&#8211;\u00a0les stagiaires de longue dur\u00e9e.<\/p>\n<p style=\"text-align: justify;\">Les enseignants sont coopt\u00e9s par l\u2019ensemble de l\u2019\u00e9quipe p\u00e9dagogique lors du Conseil Pl\u00e9nier de Pr\u00e9-rentr\u00e9e. Ils sont coopt\u00e9s pour 1 an.<\/p>\n<p>Les parents sont \u00e9lus lors de la r\u00e9union de parents de d\u00e9but d\u2019ann\u00e9e. Ils sont \u00e9lus pour 1 an.<\/p>\n<p>N.B.\u00a0:<\/p>\n<p style=\"text-align: justify;\">Il serait souhaitable que le parent d\u00e9l\u00e9gu\u00e9 du niveau ne soit pas issu de la classe dont l\u2019enseignant si\u00e8ge d\u00e9j\u00e0 au Conseil.<\/p>\n<p style=\"text-align: justify;\">Il serait souhaitable que la repr\u00e9sentante des A.S.E.M. ne travaille pas dans la classe dont l\u2019enseignante si\u00e8ge d\u00e9j\u00e0 au Conseil.<\/p>\n<p style=\"text-align: justify;\">Dans un souci d\u2019associer un maximum de personnes \u00e0 la vie de l\u2019\u00e9cole et afin d\u2019\u00e9viter le \u00ab\u00a0cumul des mandats\u00a0\u00bb, il est souhaitable que les parents d\u00e9l\u00e9gu\u00e9s ne soient pas membres du Conseil d\u2019Administration de l\u2019O.G.E.C. Notre Dame des Collines ou de l\u2019A.P.E.L. du Groupe Scolaire Notre Dame des Collines, ces 2 associations \u00e9tant repr\u00e9sent\u00e9es par leur Pr\u00e9sident (ou son repr\u00e9sentant) au Conseil d\u2019Etablissement.<\/p>\n<\/div><\/div>\n<div class=\"su-column su-column-size-1-2\"><div class=\"su-column-inner su-u-clearfix su-u-trim\">\n<BR\/><BR\/><\/p>\n<h3>IV ) FONCTIONNEMENT<\/h3>\n<p style=\"text-align: justify;\">Le Conseil d\u2019Etablissement se r\u00e9unit 3 fois par an, sur convocation du Chef d\u2019Etablissement, en fonction du calendrier fix\u00e9 lors de la premi\u00e8re r\u00e9union.<\/p>\n<p style=\"text-align: justify;\">Lors de la premi\u00e8re r\u00e9union, les parents suppl\u00e9ants sont invit\u00e9s afin de conna\u00eetre le fonctionnement du Conseil d\u2019Etablissement et d\u2019assister au d\u00e9marrage de l\u2019ann\u00e9e scolaire.<\/p>\n<p style=\"text-align: justify;\">Lors des deux derni\u00e8res r\u00e9unions, seuls les parents titulaires sont convoqu\u00e9s au Conseil d\u2019Etablissement, le nombre de participants favorisant l\u2019expression de tous les membres de la communaut\u00e9 \u00e9ducative. Si la personne titulaire ne peut pas \u00eatre pr\u00e9sente, elle se charge d\u2019en informer son suppl\u00e9ant et le signale \u00e0 Monsieur le Chef d\u2019Etablissement.<\/p>\n<p style=\"text-align: justify;\">Les questions \u00e0 aborder sont transmises par \u00e9crit au Chef d\u2019Etablissement au moins 15 jours avant la date pr\u00e9vue.<\/p>\n<p style=\"text-align: justify;\">La convocation est adress\u00e9e au moins 10 jours avant le Conseil et mentionne l\u2019ordre du jour des questions abord\u00e9es.<\/p>\n<p style=\"text-align: justify;\">En d\u00e9but de r\u00e9union, une personne, d\u00e9sign\u00e9e secr\u00e9taire de s\u00e9ance, sera charg\u00e9e de prendre des notes et d\u2019\u00e9tablir un brouillon du compte-rendu qui sera discut\u00e9 avec le Chef d\u2019Etablissement. La r\u00e9daction finale rel\u00e8ve du Chef d\u2019Etablissement.<\/p>\n<p style=\"text-align: justify;\">Un compte-rendu est r\u00e9dig\u00e9 et affich\u00e9 pour information aux enseignants (en Salle du Personnel) et aux familles (Panneau d\u2019affichage ext\u00e9rieur).<\/p>\n<p style=\"text-align: justify;\">Il est mis en ligne sur le site internet de l\u2019\u00e9cole primaire dans la rubrique \u00ab\u00a0Conseil d\u2019Etablissement &gt; Comptes-rendus\u00a0\u00bb<\/p>\n<p style=\"text-align: justify;\">Au cours du premier trimestre et \u00e0 l\u2019issue des diff\u00e9rentes r\u00e9unions de parents, une circulaire sera transmise \u00e0 toutes les familles de l\u2019\u00e9cole et pr\u00e9cisera\u00a0:<\/p>\n<p>&#8211;\u00a0la liste des parents repr\u00e9sentants si\u00e9geant au Conseil d\u2019Etablissement ainsi que leurs coordonn\u00e9es t\u00e9l\u00e9phoniques,<br \/>\n&#8211;\u00a0les modalit\u00e9s de transmission des comptes-rendus\u00a0: affichage, site internet<br \/>\n&#8211;\u00a0les modalit\u00e9s de participation des familles\u00a0: contact avec les parents repr\u00e9sentants<br \/>\n&#8211;\u00a0un coupon pour les inciter \u00e0 poser des questions et qui repr\u00e9cisera que sont exclues\u00a0:<br \/>\n+ toute question concernant un probl\u00e8me individuel et personnel<br \/>\n+ toute question mettant en cause des personnes<br \/>\n+ toute question anonyme lorsque l\u2019auteur ne s\u2019est pas fait conna\u00eetre<br \/>\n+ toute question ne concernant pas la vie de l\u2019\u00e9cole<\/div><\/div>\n<\/div>\n<p style=\"text-align: justify;\">Afin de faire le bilan du fonctionnement du Conseil d\u2019Etablissement, la pr\u00e9sente charte est relue et amend\u00e9e si besoin lors de la derni\u00e8re r\u00e9union de l\u2019ann\u00e9e scolaire, afin d\u2019entrer en application d\u00e8s la rentr\u00e9e suivante.<\/p>\n<p>&nbsp;<\/p>\n<p style=\"text-align: center;\">Texte relu, modifi\u00e9 et approuv\u00e9 le 25 novembre 2011.<\/p>\n","protected":false},"excerpt":{"rendered":"<p>I ) PREAMBULE\u00a0: Textes de R\u00e9f\u00e9rence Statut de l\u2019Enseignement Catholique \u2013 Article 3 \u00ab\u00a0Chaque \u00e9tablissement catholique d\u2019enseignement constitue une communaut\u00e9 \u00e9ducative plac\u00e9e sous la responsabilit\u00e9 [&hellip;]<\/p>\n","protected":false},"author":1,"featured_media":0,"parent":53,"menu_order":25,"comment_status":"closed","ping_status":"closed","template":"","meta":{"_acf_changed":false,"footnotes":""},"class_list":["post-55","page","type-page","status-publish","hentry"],"acf":[],"yoast_head":"<!-- This site is optimized with the Yoast SEO plugin v24.2 - https:\/\/yoast.com\/wordpress\/plugins\/seo\/ -->\n<title>Charte du Conseil d&#039;Etablissement - Ecole du Sacr\u00e9 Coeur<\/title>\n<meta name=\"robots\" content=\"index, follow, max-snippet:-1, max-image-preview:large, max-video-preview:-1\" \/>\n<link rel=\"canonical\" href=\"http:\/\/www.scolaire-collines.com\/sacrecoeur\/conseil-detablissement\/charte-du-conseil-detablissement\/\" \/>\n<meta property=\"og:locale\" content=\"fr_FR\" \/>\n<meta property=\"og:type\" content=\"article\" \/>\n<meta property=\"og:title\" content=\"Charte du Conseil d&#039;Etablissement - Ecole du Sacr\u00e9 Coeur\" \/>\n<meta property=\"og:description\" content=\"I ) PREAMBULE\u00a0: Textes de R\u00e9f\u00e9rence Statut de l\u2019Enseignement Catholique \u2013 Article 3 \u00ab\u00a0Chaque \u00e9tablissement catholique d\u2019enseignement constitue une communaut\u00e9 \u00e9ducative plac\u00e9e sous la responsabilit\u00e9 [&hellip;]\" \/>\n<meta property=\"og:url\" content=\"http:\/\/www.scolaire-collines.com\/sacrecoeur\/conseil-detablissement\/charte-du-conseil-detablissement\/\" \/>\n<meta property=\"og:site_name\" content=\"Ecole du Sacr\u00e9 Coeur\" \/>\n<meta property=\"article:modified_time\" content=\"2016-09-05T09:09:52+00:00\" \/>\n<meta name=\"twitter:card\" content=\"summary_large_image\" \/>\n<meta name=\"twitter:label1\" content=\"Dur\u00e9e de lecture estim\u00e9e\" \/>\n\t<meta name=\"twitter:data1\" content=\"8 minutes\" \/>\n<script type=\"application\/ld+json\" class=\"yoast-schema-graph\">{\"@context\":\"https:\/\/schema.org\",\"@graph\":[{\"@type\":\"WebPage\",\"@id\":\"http:\/\/www.scolaire-collines.com\/sacrecoeur\/conseil-detablissement\/charte-du-conseil-detablissement\/\",\"url\":\"http:\/\/www.scolaire-collines.com\/sacrecoeur\/conseil-detablissement\/charte-du-conseil-detablissement\/\",\"name\":\"Charte du Conseil d'Etablissement - Ecole du Sacr\u00e9 Coeur\",\"isPartOf\":{\"@id\":\"http:\/\/www.scolaire-collines.com\/sacrecoeur\/#website\"},\"datePublished\":\"2013-10-31T14:17:28+00:00\",\"dateModified\":\"2016-09-05T09:09:52+00:00\",\"breadcrumb\":{\"@id\":\"http:\/\/www.scolaire-collines.com\/sacrecoeur\/conseil-detablissement\/charte-du-conseil-detablissement\/#breadcrumb\"},\"inLanguage\":\"fr-FR\",\"potentialAction\":[{\"@type\":\"ReadAction\",\"target\":[\"http:\/\/www.scolaire-collines.com\/sacrecoeur\/conseil-detablissement\/charte-du-conseil-detablissement\/\"]}]},{\"@type\":\"BreadcrumbList\",\"@id\":\"http:\/\/www.scolaire-collines.com\/sacrecoeur\/conseil-detablissement\/charte-du-conseil-detablissement\/#breadcrumb\",\"itemListElement\":[{\"@type\":\"ListItem\",\"position\":1,\"name\":\"Accueil\",\"item\":\"http:\/\/www.scolaire-collines.com\/sacrecoeur\/\"},{\"@type\":\"ListItem\",\"position\":2,\"name\":\"Conseil d&rsquo;Etablissement\",\"item\":\"http:\/\/www.scolaire-collines.com\/sacrecoeur\/conseil-detablissement\/\"},{\"@type\":\"ListItem\",\"position\":3,\"name\":\"Charte du Conseil d&rsquo;Etablissement\"}]},{\"@type\":\"WebSite\",\"@id\":\"http:\/\/www.scolaire-collines.com\/sacrecoeur\/#website\",\"url\":\"http:\/\/www.scolaire-collines.com\/sacrecoeur\/\",\"name\":\"Ecole du Sacr\u00e9 Coeur\",\"description\":\"\u00e9cole du sacr\u00e9 coeur\",\"potentialAction\":[{\"@type\":\"SearchAction\",\"target\":{\"@type\":\"EntryPoint\",\"urlTemplate\":\"http:\/\/www.scolaire-collines.com\/sacrecoeur\/?s={search_term_string}\"},\"query-input\":{\"@type\":\"PropertyValueSpecification\",\"valueRequired\":true,\"valueName\":\"search_term_string\"}}],\"inLanguage\":\"fr-FR\"}]}<\/script>\n<!-- \/ Yoast SEO plugin. -->","yoast_head_json":{"title":"Charte du Conseil d'Etablissement - Ecole du Sacr\u00e9 Coeur","robots":{"index":"index","follow":"follow","max-snippet":"max-snippet:-1","max-image-preview":"max-image-preview:large","max-video-preview":"max-video-preview:-1"},"canonical":"http:\/\/www.scolaire-collines.com\/sacrecoeur\/conseil-detablissement\/charte-du-conseil-detablissement\/","og_locale":"fr_FR","og_type":"article","og_title":"Charte du Conseil d'Etablissement - Ecole du Sacr\u00e9 Coeur","og_description":"I ) PREAMBULE\u00a0: Textes de R\u00e9f\u00e9rence Statut de l\u2019Enseignement Catholique \u2013 Article 3 \u00ab\u00a0Chaque \u00e9tablissement catholique d\u2019enseignement constitue une communaut\u00e9 \u00e9ducative plac\u00e9e sous la responsabilit\u00e9 [&hellip;]","og_url":"http:\/\/www.scolaire-collines.com\/sacrecoeur\/conseil-detablissement\/charte-du-conseil-detablissement\/","og_site_name":"Ecole du Sacr\u00e9 Coeur","article_modified_time":"2016-09-05T09:09:52+00:00","twitter_card":"summary_large_image","twitter_misc":{"Dur\u00e9e de lecture estim\u00e9e":"8 minutes"},"schema":{"@context":"https:\/\/schema.org","@graph":[{"@type":"WebPage","@id":"http:\/\/www.scolaire-collines.com\/sacrecoeur\/conseil-detablissement\/charte-du-conseil-detablissement\/","url":"http:\/\/www.scolaire-collines.com\/sacrecoeur\/conseil-detablissement\/charte-du-conseil-detablissement\/","name":"Charte du Conseil d'Etablissement - Ecole du Sacr\u00e9 Coeur","isPartOf":{"@id":"http:\/\/www.scolaire-collines.com\/sacrecoeur\/#website"},"datePublished":"2013-10-31T14:17:28+00:00","dateModified":"2016-09-05T09:09:52+00:00","breadcrumb":{"@id":"http:\/\/www.scolaire-collines.com\/sacrecoeur\/conseil-detablissement\/charte-du-conseil-detablissement\/#breadcrumb"},"inLanguage":"fr-FR","potentialAction":[{"@type":"ReadAction","target":["http:\/\/www.scolaire-collines.com\/sacrecoeur\/conseil-detablissement\/charte-du-conseil-detablissement\/"]}]},{"@type":"BreadcrumbList","@id":"http:\/\/www.scolaire-collines.com\/sacrecoeur\/conseil-detablissement\/charte-du-conseil-detablissement\/#breadcrumb","itemListElement":[{"@type":"ListItem","position":1,"name":"Accueil","item":"http:\/\/www.scolaire-collines.com\/sacrecoeur\/"},{"@type":"ListItem","position":2,"name":"Conseil d&rsquo;Etablissement","item":"http:\/\/www.scolaire-collines.com\/sacrecoeur\/conseil-detablissement\/"},{"@type":"ListItem","position":3,"name":"Charte du Conseil d&rsquo;Etablissement"}]},{"@type":"WebSite","@id":"http:\/\/www.scolaire-collines.com\/sacrecoeur\/#website","url":"http:\/\/www.scolaire-collines.com\/sacrecoeur\/","name":"Ecole du Sacr\u00e9 Coeur","description":"\u00e9cole du sacr\u00e9 coeur","potentialAction":[{"@type":"SearchAction","target":{"@type":"EntryPoint","urlTemplate":"http:\/\/www.scolaire-collines.com\/sacrecoeur\/?s={search_term_string}"},"query-input":{"@type":"PropertyValueSpecification","valueRequired":true,"valueName":"search_term_string"}}],"inLanguage":"fr-FR"}]}},"_links":{"self":[{"href":"https:\/\/www.scolaire-collines.com\/sacrecoeur\/wp-json\/wp\/v2\/pages\/55","targetHints":{"allow":["GET"]}}],"collection":[{"href":"https:\/\/www.scolaire-collines.com\/sacrecoeur\/wp-json\/wp\/v2\/pages"}],"about":[{"href":"https:\/\/www.scolaire-collines.com\/sacrecoeur\/wp-json\/wp\/v2\/types\/page"}],"author":[{"embeddable":true,"href":"https:\/\/www.scolaire-collines.com\/sacrecoeur\/wp-json\/wp\/v2\/users\/1"}],"replies":[{"embeddable":true,"href":"https:\/\/www.scolaire-collines.com\/sacrecoeur\/wp-json\/wp\/v2\/comments?post=55"}],"version-history":[{"count":14,"href":"https:\/\/www.scolaire-collines.com\/sacrecoeur\/wp-json\/wp\/v2\/pages\/55\/revisions"}],"predecessor-version":[{"id":333,"href":"https:\/\/www.scolaire-collines.com\/sacrecoeur\/wp-json\/wp\/v2\/pages\/55\/revisions\/333"}],"up":[{"embeddable":true,"href":"https:\/\/www.scolaire-collines.com\/sacrecoeur\/wp-json\/wp\/v2\/pages\/53"}],"wp:attachment":[{"href":"https:\/\/www.scolaire-collines.com\/sacrecoeur\/wp-json\/wp\/v2\/media?parent=55"}],"curies":[{"name":"wp","href":"https:\/\/api.w.org\/{rel}","templated":true}]}}