{"id":32,"date":"2013-10-31T15:06:25","date_gmt":"2013-10-31T14:06:25","guid":{"rendered":"http:\/\/www.scolaire-collines.com\/sacrecoeur\/?page_id=32"},"modified":"2016-09-06T16:48:47","modified_gmt":"2016-09-06T14:48:47","slug":"classes-maternelles","status":"publish","type":"page","link":"https:\/\/www.scolaire-collines.com\/sacrecoeur\/visite\/classes-maternelles\/","title":{"rendered":"&#8230; en quelques PHOTOS"},"content":{"rendered":"<div id=\"su_slider_6a0917d30b431\" class=\"su-slider su-slider-centered su-slider-pages-yes su-slider-responsive-yes\" style=\"width:100%\" data-autoplay=\"3000\" data-speed=\"600\" data-mousewheel=\"true\"><div class=\"su-slider-slides\"><div class=\"su-slider-slide\"><a><img decoding=\"async\" src=\"https:\/\/www.scolaire-collines.com\/sacrecoeur\/wp-content\/uploads\/2016\/09\/DSC_8170-1600x800.jpg\" alt=\"Entr\u00e9e principale de l&rsquo;\u00e9cole\" \/><span class=\"su-slider-slide-title\">Entr\u00e9e principale de l&rsquo;\u00e9cole<\/span><\/a><\/div><div class=\"su-slider-slide\"><a><img decoding=\"async\" src=\"https:\/\/www.scolaire-collines.com\/sacrecoeur\/wp-content\/uploads\/2016\/09\/DSC_8168-1600x800.jpg\" alt=\"PREAU et classe \u00ab\u00a0Coup de Pouce\u00a0\u00bb\" \/><span class=\"su-slider-slide-title\">PREAU et classe \u00ab\u00a0Coup de Pouce\u00a0\u00bb<\/span><\/a><\/div><div class=\"su-slider-slide\"><a><img decoding=\"async\" src=\"https:\/\/www.scolaire-collines.com\/sacrecoeur\/wp-content\/uploads\/2016\/09\/DSC_8163-1600x800.jpg\" alt=\"Vue de la cour\" \/><span class=\"su-slider-slide-title\">Vue de la cour<\/span><\/a><\/div><div class=\"su-slider-slide\"><a><img decoding=\"async\" src=\"https:\/\/www.scolaire-collines.com\/sacrecoeur\/wp-content\/uploads\/2016\/09\/DSC_8161-1600x800.jpg\" alt=\"Vue de l&rsquo;entr\u00e9e principale\" \/><span class=\"su-slider-slide-title\">Vue de l&rsquo;entr\u00e9e principale<\/span><\/a><\/div><div class=\"su-slider-slide\"><a><img decoding=\"async\" src=\"https:\/\/www.scolaire-collines.com\/sacrecoeur\/wp-content\/uploads\/2016\/09\/DSC_8160-1600x800.jpg\" alt=\"Entr\u00e9e 14 rue de Grozagaque\" \/><span class=\"su-slider-slide-title\">Entr\u00e9e 14 rue de Grozagaque<\/span><\/a><\/div><div class=\"su-slider-slide\"><a><img decoding=\"async\" src=\"https:\/\/www.scolaire-collines.com\/sacrecoeur\/wp-content\/uploads\/2016\/09\/DSC_9558-1600x800.jpg\" alt=\"Salle de Repos\" \/><span class=\"su-slider-slide-title\">Salle de Repos<\/span><\/a><\/div><div class=\"su-slider-slide\"><a><img decoding=\"async\" src=\"https:\/\/www.scolaire-collines.com\/sacrecoeur\/wp-content\/uploads\/2016\/09\/DSC_9557-1600x800.jpg\" alt=\"Salle du P\u00e9riscolaire\" \/><span class=\"su-slider-slide-title\">Salle du P\u00e9riscolaire<\/span><\/a><\/div><div class=\"su-slider-slide\"><a><img decoding=\"async\" src=\"https:\/\/www.scolaire-collines.com\/sacrecoeur\/wp-content\/uploads\/2016\/09\/DSC_9555-1600x800.jpg\" alt=\"Salle de Restauration\" \/><span class=\"su-slider-slide-title\">Salle de Restauration<\/span><\/a><\/div><div class=\"su-slider-slide\"><a><img decoding=\"async\" src=\"https:\/\/www.scolaire-collines.com\/sacrecoeur\/wp-content\/uploads\/2016\/09\/DSC_9560-1600x800.jpg\" alt=\"Classe de C.E. 2 \/ C.M. 1 \/ C.M. 2\" \/><span class=\"su-slider-slide-title\">Classe de C.E. 2 \/ C.M. 1 \/ C.M. 2<\/span><\/a><\/div><div class=\"su-slider-slide\"><a><img decoding=\"async\" src=\"https:\/\/www.scolaire-collines.com\/sacrecoeur\/wp-content\/uploads\/2016\/09\/DSC_9559-1600x800.jpg\" alt=\"Classe de C.E. 2 \/ C.M. 1 \/ C.M. 2\" \/><span class=\"su-slider-slide-title\">Classe de C.E. 2 \/ C.M. 1 \/ C.M. 2<\/span><\/a><\/div><div class=\"su-slider-slide\"><a><img decoding=\"async\" src=\"https:\/\/www.scolaire-collines.com\/sacrecoeur\/wp-content\/uploads\/2016\/09\/DSC_9565-1600x800.jpg\" alt=\"Coin Atelier de la classe de Cycle 2\" \/><span class=\"su-slider-slide-title\">Coin Atelier de la classe de Cycle 2<\/span><\/a><\/div><div class=\"su-slider-slide\"><a><img decoding=\"async\" src=\"https:\/\/www.scolaire-collines.com\/sacrecoeur\/wp-content\/uploads\/2016\/09\/DSC_9564-1600x800.jpg\" alt=\"Classe de Cycle 2 : C.P. et C.E. 1\" \/><span class=\"su-slider-slide-title\">Classe de Cycle 2 : C.P. et C.E. 1<\/span><\/a><\/div><div class=\"su-slider-slide\"><a><img decoding=\"async\" src=\"https:\/\/www.scolaire-collines.com\/sacrecoeur\/wp-content\/uploads\/2016\/09\/DSC_9562-1600x800.jpg\" alt=\"Classe de Cycle 2 : C.P. et C.E. 1\" \/><span class=\"su-slider-slide-title\">Classe de Cycle 2 : C.P. et C.E. 1<\/span><\/a><\/div><div class=\"su-slider-slide\"><a><img decoding=\"async\" src=\"https:\/\/www.scolaire-collines.com\/sacrecoeur\/wp-content\/uploads\/2016\/09\/DSC_9553-1600x800.jpg\" alt=\"Classe maternelle : Cycle 1\" \/><span class=\"su-slider-slide-title\">Classe maternelle : Cycle 1<\/span><\/a><\/div><div class=\"su-slider-slide\"><a><img decoding=\"async\" src=\"https:\/\/www.scolaire-collines.com\/sacrecoeur\/wp-content\/uploads\/2016\/09\/DSC_9551-1600x800.jpg\" alt=\"Classe maternelle : Cycle 1\" \/><span class=\"su-slider-slide-title\">Classe maternelle : Cycle 1<\/span><\/a><\/div><\/div><div class=\"su-slider-nav\"><div class=\"su-slider-direction\"><span class=\"su-slider-prev\"><\/span><span class=\"su-slider-next\"><\/span><\/div><div class=\"su-slider-pagination\"><\/div><\/div><\/div>\n","protected":false},"excerpt":{"rendered":"","protected":false},"author":1,"featured_media":0,"parent":30,"menu_order":14,"comment_status":"closed","ping_status":"closed","template":"","meta":{"_acf_changed":false,"footnotes":""},"class_list":["post-32","page","type-page","status-publish","hentry"],"acf":[],"yoast_head":"<!-- This site is optimized with the Yoast SEO plugin v24.2 - https:\/\/yoast.com\/wordpress\/plugins\/seo\/ -->\n<title>... en quelques PHOTOS - Ecole du Sacr\u00e9 Coeur<\/title>\n<meta name=\"robots\" content=\"index, follow, max-snippet:-1, max-image-preview:large, max-video-preview:-1\" \/>\n<link rel=\"canonical\" href=\"http:\/\/www.scolaire-collines.com\/sacrecoeur\/visite\/classes-maternelles\/\" \/>\n<meta property=\"og:locale\" content=\"fr_FR\" \/>\n<meta property=\"og:type\" content=\"article\" \/>\n<meta property=\"og:title\" content=\"... en quelques PHOTOS - Ecole du Sacr\u00e9 Coeur\" \/>\n<meta property=\"og:url\" content=\"http:\/\/www.scolaire-collines.com\/sacrecoeur\/visite\/classes-maternelles\/\" \/>\n<meta property=\"og:site_name\" content=\"Ecole du Sacr\u00e9 Coeur\" \/>\n<meta property=\"article:modified_time\" content=\"2016-09-06T14:48:47+00:00\" \/>\n<meta name=\"twitter:card\" content=\"summary_large_image\" \/>\n<script type=\"application\/ld+json\" class=\"yoast-schema-graph\">{\"@context\":\"https:\/\/schema.org\",\"@graph\":[{\"@type\":\"WebPage\",\"@id\":\"http:\/\/www.scolaire-collines.com\/sacrecoeur\/visite\/classes-maternelles\/\",\"url\":\"http:\/\/www.scolaire-collines.com\/sacrecoeur\/visite\/classes-maternelles\/\",\"name\":\"... en quelques PHOTOS - Ecole du Sacr\u00e9 Coeur\",\"isPartOf\":{\"@id\":\"http:\/\/www.scolaire-collines.com\/sacrecoeur\/#website\"},\"datePublished\":\"2013-10-31T14:06:25+00:00\",\"dateModified\":\"2016-09-06T14:48:47+00:00\",\"breadcrumb\":{\"@id\":\"http:\/\/www.scolaire-collines.com\/sacrecoeur\/visite\/classes-maternelles\/#breadcrumb\"},\"inLanguage\":\"fr-FR\",\"potentialAction\":[{\"@type\":\"ReadAction\",\"target\":[\"http:\/\/www.scolaire-collines.com\/sacrecoeur\/visite\/classes-maternelles\/\"]}]},{\"@type\":\"BreadcrumbList\",\"@id\":\"http:\/\/www.scolaire-collines.com\/sacrecoeur\/visite\/classes-maternelles\/#breadcrumb\",\"itemListElement\":[{\"@type\":\"ListItem\",\"position\":1,\"name\":\"Accueil\",\"item\":\"http:\/\/www.scolaire-collines.com\/sacrecoeur\/\"},{\"@type\":\"ListItem\",\"position\":2,\"name\":\"Visite\",\"item\":\"http:\/\/www.scolaire-collines.com\/sacrecoeur\/visite\/\"},{\"@type\":\"ListItem\",\"position\":3,\"name\":\"&#8230; en quelques PHOTOS\"}]},{\"@type\":\"WebSite\",\"@id\":\"http:\/\/www.scolaire-collines.com\/sacrecoeur\/#website\",\"url\":\"http:\/\/www.scolaire-collines.com\/sacrecoeur\/\",\"name\":\"Ecole du Sacr\u00e9 Coeur\",\"description\":\"\u00e9cole du sacr\u00e9 coeur\",\"potentialAction\":[{\"@type\":\"SearchAction\",\"target\":{\"@type\":\"EntryPoint\",\"urlTemplate\":\"http:\/\/www.scolaire-collines.com\/sacrecoeur\/?s={search_term_string}\"},\"query-input\":{\"@type\":\"PropertyValueSpecification\",\"valueRequired\":true,\"valueName\":\"search_term_string\"}}],\"inLanguage\":\"fr-FR\"}]}<\/script>\n<!-- \/ Yoast SEO plugin. -->","yoast_head_json":{"title":"... en quelques PHOTOS - Ecole du Sacr\u00e9 Coeur","robots":{"index":"index","follow":"follow","max-snippet":"max-snippet:-1","max-image-preview":"max-image-preview:large","max-video-preview":"max-video-preview:-1"},"canonical":"http:\/\/www.scolaire-collines.com\/sacrecoeur\/visite\/classes-maternelles\/","og_locale":"fr_FR","og_type":"article","og_title":"... en quelques PHOTOS - Ecole du Sacr\u00e9 Coeur","og_url":"http:\/\/www.scolaire-collines.com\/sacrecoeur\/visite\/classes-maternelles\/","og_site_name":"Ecole du Sacr\u00e9 Coeur","article_modified_time":"2016-09-06T14:48:47+00:00","twitter_card":"summary_large_image","schema":{"@context":"https:\/\/schema.org","@graph":[{"@type":"WebPage","@id":"http:\/\/www.scolaire-collines.com\/sacrecoeur\/visite\/classes-maternelles\/","url":"http:\/\/www.scolaire-collines.com\/sacrecoeur\/visite\/classes-maternelles\/","name":"... en quelques PHOTOS - Ecole du Sacr\u00e9 Coeur","isPartOf":{"@id":"http:\/\/www.scolaire-collines.com\/sacrecoeur\/#website"},"datePublished":"2013-10-31T14:06:25+00:00","dateModified":"2016-09-06T14:48:47+00:00","breadcrumb":{"@id":"http:\/\/www.scolaire-collines.com\/sacrecoeur\/visite\/classes-maternelles\/#breadcrumb"},"inLanguage":"fr-FR","potentialAction":[{"@type":"ReadAction","target":["http:\/\/www.scolaire-collines.com\/sacrecoeur\/visite\/classes-maternelles\/"]}]},{"@type":"BreadcrumbList","@id":"http:\/\/www.scolaire-collines.com\/sacrecoeur\/visite\/classes-maternelles\/#breadcrumb","itemListElement":[{"@type":"ListItem","position":1,"name":"Accueil","item":"http:\/\/www.scolaire-collines.com\/sacrecoeur\/"},{"@type":"ListItem","position":2,"name":"Visite","item":"http:\/\/www.scolaire-collines.com\/sacrecoeur\/visite\/"},{"@type":"ListItem","position":3,"name":"&#8230; en quelques PHOTOS"}]},{"@type":"WebSite","@id":"http:\/\/www.scolaire-collines.com\/sacrecoeur\/#website","url":"http:\/\/www.scolaire-collines.com\/sacrecoeur\/","name":"Ecole du Sacr\u00e9 Coeur","description":"\u00e9cole du sacr\u00e9 coeur","potentialAction":[{"@type":"SearchAction","target":{"@type":"EntryPoint","urlTemplate":"http:\/\/www.scolaire-collines.com\/sacrecoeur\/?s={search_term_string}"},"query-input":{"@type":"PropertyValueSpecification","valueRequired":true,"valueName":"search_term_string"}}],"inLanguage":"fr-FR"}]}},"_links":{"self":[{"href":"https:\/\/www.scolaire-collines.com\/sacrecoeur\/wp-json\/wp\/v2\/pages\/32","targetHints":{"allow":["GET"]}}],"collection":[{"href":"https:\/\/www.scolaire-collines.com\/sacrecoeur\/wp-json\/wp\/v2\/pages"}],"about":[{"href":"https:\/\/www.scolaire-collines.com\/sacrecoeur\/wp-json\/wp\/v2\/types\/page"}],"author":[{"embeddable":true,"href":"https:\/\/www.scolaire-collines.com\/sacrecoeur\/wp-json\/wp\/v2\/users\/1"}],"replies":[{"embeddable":true,"href":"https:\/\/www.scolaire-collines.com\/sacrecoeur\/wp-json\/wp\/v2\/comments?post=32"}],"version-history":[{"count":8,"href":"https:\/\/www.scolaire-collines.com\/sacrecoeur\/wp-json\/wp\/v2\/pages\/32\/revisions"}],"predecessor-version":[{"id":345,"href":"https:\/\/www.scolaire-collines.com\/sacrecoeur\/wp-json\/wp\/v2\/pages\/32\/revisions\/345"}],"up":[{"embeddable":true,"href":"https:\/\/www.scolaire-collines.com\/sacrecoeur\/wp-json\/wp\/v2\/pages\/30"}],"wp:attachment":[{"href":"https:\/\/www.scolaire-collines.com\/sacrecoeur\/wp-json\/wp\/v2\/media?parent=32"}],"curies":[{"name":"wp","href":"https:\/\/api.w.org\/{rel}","templated":true}]}}