{"id":24,"date":"2013-10-31T15:03:36","date_gmt":"2013-10-31T14:03:36","guid":{"rendered":"http:\/\/www.scolaire-collines.com\/sacrecoeur\/?page_id=24"},"modified":"2023-10-10T17:05:10","modified_gmt":"2023-10-10T15:05:10","slug":"restauration","status":"publish","type":"page","link":"https:\/\/www.scolaire-collines.com\/sacrecoeur\/infos-pratiques\/restauration\/","title":{"rendered":"Restauration"},"content":{"rendered":"<p style=\"text-align: justify;\"><div class=\"su-row\">\n<div class=\"su-column su-column-size-1-3\"><div class=\"su-column-inner su-u-clearfix su-u-trim\">\n<p style=\"text-align: justify;\"><strong><span style=\"color: #9e438f;\">INSCRIPTION<\/span><\/strong><\/p>\n<p style=\"text-align: justify;\"><strong>L&rsquo;inscription \u00e0 la cantine est de la responsabilit\u00e9 des parents.<\/strong> Pour inscrire leur enfant, les responsables l\u00e9gaux doivent <strong>se connecter sur le site\u00a0\u00ab EcoleDirecte \u00bb<\/strong> et<strong> cocher la pr\u00e9sence de leur enfant pour chaque jour de restauration<\/strong> \u00e0 la cantine. La r\u00e9servation peut se faire \u00e0 l&rsquo;avance, pour la semaine, le mois voire l&rsquo;ann\u00e9e.<\/p>\n<p style=\"text-align: justify;\"><strong>La limite d&rsquo;inscription sur le site est fix\u00e9e au jour m\u00eame \u00e0 8 H 00.<\/strong> Les parents peuvent \u00e9ventuellement supprimer une r\u00e9servation en respectant le d\u00e9lai ci-dessus. La r\u00e9servation des \u00e9l\u00e8ves pr\u00e9-inscrits absents le matin m\u00eame sera automatiquement annul\u00e9e.<\/p>\n<p style=\"text-align: justify;\">Tout repas r\u00e9serv\u00e9 sur le site \u00ab EcoleDirecte \u00bb sera factur\u00e9, m\u00eame si l\u2019\u00e9l\u00e8ve ne mange effectivement pas \u00e0 midi.<\/p>\n<p style=\"text-align: justify;\">Les \u00e9l\u00e8ves sortent\u00a0sur la cour\u00a0\u00e0 11 H 30 et rentrent pour se rendre au Service Restauration \u00e0 11 H 45.<\/p>\n<p style=\"text-align: justify;\"><\/div><\/div>\n<div class=\"su-column su-column-size-1-3\"><div class=\"su-column-inner su-u-clearfix su-u-trim\">\n<p><span style=\"color: #9e438f;\"><strong>ORGANISATION<\/strong><\/span><\/p>\n<p style=\"text-align: justify;\">Les \u00e9l\u00e8ves de maternelles mangent dans l&rsquo;espace avec\u00a0le mobilier adapt\u00e9 \u00e0 leur taille. Les enfants sont aid\u00e9s par\u00a0une aide maternelle, mais ils doivent savoir manger seuls.<br \/>\nLes \u00e9l\u00e8ves du C.P.\u00a0au C.M.\u00a02 sont servis \u00e0 table.<\/p>\n<table style=\"width: 334px; height: 227px;\" border=\"1\" cellspacing=\"0\" cellpadding=\"1\">\n<tbody>\n<tr style=\"height: 47px;\">\n<td style=\"width: 140.567px; height: 40px; text-align: center; vertical-align: middle;\" bgcolor=\"#ffffff\">\n<h5><strong><span style=\"font-size: 12pt;\">Classe<\/span><\/strong><\/h5>\n<\/td>\n<td style=\"width: 89.9px; height: 40px; text-align: center; vertical-align: middle;\" bgcolor=\"#ffffff\">\n<h5><strong><span style=\"font-size: 12pt;\">Repas<\/span><\/strong><\/h5>\n<\/td>\n<td style=\"width: 89.5333px; height: 40px; text-align: center; vertical-align: middle;\" bgcolor=\"#ffffff\">\n<h5><strong><span style=\"font-size: 12pt;\">TARIF<\/span><\/strong><\/h5>\n<\/td>\n<\/tr>\n<tr style=\"height: 74px;\">\n<td style=\"width: 140.567px; height: 40px; vertical-align: middle;\" bgcolor=\"#ffffff\">\n<h6><span style=\"font-size: 12pt;\">\u00c9l\u00e9mentaire du CE2 au CM2<br \/>\n<\/span><\/h6>\n<\/td>\n<td style=\"width: 89.9px; height: 40px; text-align: center; vertical-align: middle;\" bgcolor=\"#ffffff\">Passage au self<\/td>\n<td style=\"width: 89.5333px; height: 40px; text-align: center; vertical-align: middle;\" bgcolor=\"#ffffff\">\n<h6><strong><span style=\"font-size: 12pt;\">5,45 \u20ac<\/span><\/strong><\/h6>\n<\/td>\n<\/tr>\n<tr style=\"height: 74px;\">\n<td style=\"width: 140.567px; height: 40px; vertical-align: middle;\" bgcolor=\"#ffffff\">\n<h6><span style=\"font-size: 12pt;\">\u00c9l\u00e9mentaire du CP au CE1<\/span><\/h6>\n<\/td>\n<td style=\"width: 89.9px; height: 40px; text-align: center; vertical-align: middle;\" bgcolor=\"#ffffff\">Service \u00e0 table<\/td>\n<td style=\"width: 89.5333px; height: 40px; text-align: center; vertical-align: middle;\" bgcolor=\"#ffffff\">\n<h6><strong><span style=\"font-size: 12pt;\">5,45 \u20ac<\/span><\/strong><\/h6>\n<\/td>\n<\/tr>\n<tr style=\"height: 72.28px;\">\n<td style=\"width: 140.567px; height: 40px; vertical-align: middle;\" bgcolor=\"#ffffff\">\n<h6><span style=\"font-size: 12pt;\">Maternelle<\/span><\/h6>\n<\/td>\n<td style=\"width: 89.9px; height: 40px; text-align: center; vertical-align: middle;\" bgcolor=\"#ffffff\">Service \u00e0 table<\/td>\n<td style=\"width: 89.5333px; height: 40px; text-align: center; vertical-align: middle;\" bgcolor=\"#ffffff\">\n<h6><strong><span style=\"font-size: 12pt;\">4,90 \u20ac<\/span><\/strong><\/h6>\n<\/td>\n<\/tr>\n<\/tbody>\n<\/table>\n<p><strong><span style=\"color: #9e438f;\">R\u00c8GLEMENT INT\u00c9RIEUR DE LA CANTINE<\/span><\/strong><\/p>\n<p style=\"text-align: justify;\">Merci de se reporter \u00e0 l\u2019Annexe 1 du R\u00e8glement de l\u2019Ecole Primaire Notre Dame des Collines (\u00e0 la 4\u00e8me page) puisque le fonctionnement de la cantine fait partie int\u00e9grante de la vie de l\u2019\u00e9cole.<\/p>\n<p>&nbsp;<\/p>\n<p><span style=\"color: #9e438f;\"><strong>R\u00c9GIME PARTICULIER ET ALLERGIES ALIMENTAIRES<\/strong><\/span><\/p>\n<p style=\"text-align: justify;\">Si votre enfant doit suivre un r\u00e9gime particulier ou bien ne pas consommer certains aliments en raison d\u2019allergie reconnue, vous voudrez bien le signaler sur le coupon remis en d\u00e9but d\u2019ann\u00e9e et le retourner \u00e0 la responsable de la cantine dans les meilleurs d\u00e9lais.<\/p>\n<\/div><\/div>\n<div class=\"su-column su-column-size-1-3\"><div class=\"su-column-inner su-u-clearfix su-u-trim\">\n<p><strong><span style=\"color: #9e438f;\">MODALIT\u00c9S DE PAIEMENT<\/span><\/strong><\/p>\n<p style=\"text-align: justify;\">Les inscriptions se font exclusivement sur le site internet \u00ab EcoleDirecte \u00bb par anticipation. Les enfants non inscrits dans les d\u00e9lais impartis ne pourront donc pas manger.<\/p>\n<p style=\"text-align: justify;\">Le compte cantine est cr\u00e9dit\u00e9 par les familles directement sur le site en ligne \u00ab EcoleDirecte \u00bb qui permet aux familles de payer en ligne la cantine et la garderie. Codes d\u2019acc\u00e8s et mot de passe sont donn\u00e9s \u00e0 chaque famille lors de l&rsquo;inscription dans notre \u00e9tablissement. Il convient de les conserver pr\u00e9cieusement car ils serviront tout au long de la scolarit\u00e9 \u00e0 l&rsquo;\u00e9cole.<\/p>\n<p style=\"text-align: justify;\"><\/div><\/div>\n<\/div>\n","protected":false},"excerpt":{"rendered":"","protected":false},"author":1,"featured_media":0,"parent":16,"menu_order":10,"comment_status":"closed","ping_status":"closed","template":"","meta":{"_acf_changed":false,"footnotes":""},"class_list":["post-24","page","type-page","status-publish","hentry"],"acf":[],"yoast_head":"<!-- This site is optimized with the Yoast SEO plugin v24.2 - https:\/\/yoast.com\/wordpress\/plugins\/seo\/ -->\n<title>Restauration - Ecole du Sacr\u00e9 Coeur<\/title>\n<meta name=\"robots\" content=\"index, follow, max-snippet:-1, max-image-preview:large, max-video-preview:-1\" \/>\n<link rel=\"canonical\" href=\"http:\/\/www.scolaire-collines.com\/sacrecoeur\/infos-pratiques\/restauration\/\" \/>\n<meta property=\"og:locale\" content=\"fr_FR\" \/>\n<meta property=\"og:type\" content=\"article\" \/>\n<meta property=\"og:title\" content=\"Restauration - Ecole du Sacr\u00e9 Coeur\" \/>\n<meta property=\"og:url\" content=\"http:\/\/www.scolaire-collines.com\/sacrecoeur\/infos-pratiques\/restauration\/\" \/>\n<meta property=\"og:site_name\" content=\"Ecole du Sacr\u00e9 Coeur\" \/>\n<meta property=\"article:modified_time\" content=\"2023-10-10T15:05:10+00:00\" \/>\n<meta name=\"twitter:card\" content=\"summary_large_image\" \/>\n<meta name=\"twitter:label1\" content=\"Dur\u00e9e de lecture estim\u00e9e\" \/>\n\t<meta name=\"twitter:data1\" content=\"2 minutes\" \/>\n<script type=\"application\/ld+json\" class=\"yoast-schema-graph\">{\"@context\":\"https:\/\/schema.org\",\"@graph\":[{\"@type\":\"WebPage\",\"@id\":\"http:\/\/www.scolaire-collines.com\/sacrecoeur\/infos-pratiques\/restauration\/\",\"url\":\"http:\/\/www.scolaire-collines.com\/sacrecoeur\/infos-pratiques\/restauration\/\",\"name\":\"Restauration - Ecole du Sacr\u00e9 Coeur\",\"isPartOf\":{\"@id\":\"http:\/\/www.scolaire-collines.com\/sacrecoeur\/#website\"},\"datePublished\":\"2013-10-31T14:03:36+00:00\",\"dateModified\":\"2023-10-10T15:05:10+00:00\",\"breadcrumb\":{\"@id\":\"http:\/\/www.scolaire-collines.com\/sacrecoeur\/infos-pratiques\/restauration\/#breadcrumb\"},\"inLanguage\":\"fr-FR\",\"potentialAction\":[{\"@type\":\"ReadAction\",\"target\":[\"http:\/\/www.scolaire-collines.com\/sacrecoeur\/infos-pratiques\/restauration\/\"]}]},{\"@type\":\"BreadcrumbList\",\"@id\":\"http:\/\/www.scolaire-collines.com\/sacrecoeur\/infos-pratiques\/restauration\/#breadcrumb\",\"itemListElement\":[{\"@type\":\"ListItem\",\"position\":1,\"name\":\"Accueil\",\"item\":\"http:\/\/www.scolaire-collines.com\/sacrecoeur\/\"},{\"@type\":\"ListItem\",\"position\":2,\"name\":\"Infos\",\"item\":\"http:\/\/www.scolaire-collines.com\/sacrecoeur\/infos-pratiques\/\"},{\"@type\":\"ListItem\",\"position\":3,\"name\":\"Restauration\"}]},{\"@type\":\"WebSite\",\"@id\":\"http:\/\/www.scolaire-collines.com\/sacrecoeur\/#website\",\"url\":\"http:\/\/www.scolaire-collines.com\/sacrecoeur\/\",\"name\":\"Ecole du Sacr\u00e9 Coeur\",\"description\":\"\u00e9cole du sacr\u00e9 coeur\",\"potentialAction\":[{\"@type\":\"SearchAction\",\"target\":{\"@type\":\"EntryPoint\",\"urlTemplate\":\"http:\/\/www.scolaire-collines.com\/sacrecoeur\/?s={search_term_string}\"},\"query-input\":{\"@type\":\"PropertyValueSpecification\",\"valueRequired\":true,\"valueName\":\"search_term_string\"}}],\"inLanguage\":\"fr-FR\"}]}<\/script>\n<!-- \/ Yoast SEO plugin. -->","yoast_head_json":{"title":"Restauration - Ecole du Sacr\u00e9 Coeur","robots":{"index":"index","follow":"follow","max-snippet":"max-snippet:-1","max-image-preview":"max-image-preview:large","max-video-preview":"max-video-preview:-1"},"canonical":"http:\/\/www.scolaire-collines.com\/sacrecoeur\/infos-pratiques\/restauration\/","og_locale":"fr_FR","og_type":"article","og_title":"Restauration - Ecole du Sacr\u00e9 Coeur","og_url":"http:\/\/www.scolaire-collines.com\/sacrecoeur\/infos-pratiques\/restauration\/","og_site_name":"Ecole du Sacr\u00e9 Coeur","article_modified_time":"2023-10-10T15:05:10+00:00","twitter_card":"summary_large_image","twitter_misc":{"Dur\u00e9e de lecture estim\u00e9e":"2 minutes"},"schema":{"@context":"https:\/\/schema.org","@graph":[{"@type":"WebPage","@id":"http:\/\/www.scolaire-collines.com\/sacrecoeur\/infos-pratiques\/restauration\/","url":"http:\/\/www.scolaire-collines.com\/sacrecoeur\/infos-pratiques\/restauration\/","name":"Restauration - Ecole du Sacr\u00e9 Coeur","isPartOf":{"@id":"http:\/\/www.scolaire-collines.com\/sacrecoeur\/#website"},"datePublished":"2013-10-31T14:03:36+00:00","dateModified":"2023-10-10T15:05:10+00:00","breadcrumb":{"@id":"http:\/\/www.scolaire-collines.com\/sacrecoeur\/infos-pratiques\/restauration\/#breadcrumb"},"inLanguage":"fr-FR","potentialAction":[{"@type":"ReadAction","target":["http:\/\/www.scolaire-collines.com\/sacrecoeur\/infos-pratiques\/restauration\/"]}]},{"@type":"BreadcrumbList","@id":"http:\/\/www.scolaire-collines.com\/sacrecoeur\/infos-pratiques\/restauration\/#breadcrumb","itemListElement":[{"@type":"ListItem","position":1,"name":"Accueil","item":"http:\/\/www.scolaire-collines.com\/sacrecoeur\/"},{"@type":"ListItem","position":2,"name":"Infos","item":"http:\/\/www.scolaire-collines.com\/sacrecoeur\/infos-pratiques\/"},{"@type":"ListItem","position":3,"name":"Restauration"}]},{"@type":"WebSite","@id":"http:\/\/www.scolaire-collines.com\/sacrecoeur\/#website","url":"http:\/\/www.scolaire-collines.com\/sacrecoeur\/","name":"Ecole du Sacr\u00e9 Coeur","description":"\u00e9cole du sacr\u00e9 coeur","potentialAction":[{"@type":"SearchAction","target":{"@type":"EntryPoint","urlTemplate":"http:\/\/www.scolaire-collines.com\/sacrecoeur\/?s={search_term_string}"},"query-input":{"@type":"PropertyValueSpecification","valueRequired":true,"valueName":"search_term_string"}}],"inLanguage":"fr-FR"}]}},"_links":{"self":[{"href":"https:\/\/www.scolaire-collines.com\/sacrecoeur\/wp-json\/wp\/v2\/pages\/24","targetHints":{"allow":["GET"]}}],"collection":[{"href":"https:\/\/www.scolaire-collines.com\/sacrecoeur\/wp-json\/wp\/v2\/pages"}],"about":[{"href":"https:\/\/www.scolaire-collines.com\/sacrecoeur\/wp-json\/wp\/v2\/types\/page"}],"author":[{"embeddable":true,"href":"https:\/\/www.scolaire-collines.com\/sacrecoeur\/wp-json\/wp\/v2\/users\/1"}],"replies":[{"embeddable":true,"href":"https:\/\/www.scolaire-collines.com\/sacrecoeur\/wp-json\/wp\/v2\/comments?post=24"}],"version-history":[{"count":13,"href":"https:\/\/www.scolaire-collines.com\/sacrecoeur\/wp-json\/wp\/v2\/pages\/24\/revisions"}],"predecessor-version":[{"id":465,"href":"https:\/\/www.scolaire-collines.com\/sacrecoeur\/wp-json\/wp\/v2\/pages\/24\/revisions\/465"}],"up":[{"embeddable":true,"href":"https:\/\/www.scolaire-collines.com\/sacrecoeur\/wp-json\/wp\/v2\/pages\/16"}],"wp:attachment":[{"href":"https:\/\/www.scolaire-collines.com\/sacrecoeur\/wp-json\/wp\/v2\/media?parent=24"}],"curies":[{"name":"wp","href":"https:\/\/api.w.org\/{rel}","templated":true}]}}