{"id":14,"date":"2013-10-31T15:00:59","date_gmt":"2013-10-31T14:00:59","guid":{"rendered":"http:\/\/www.scolaire-collines.com\/sacrecoeur\/?page_id=14"},"modified":"2025-01-17T18:14:31","modified_gmt":"2025-01-17T17:14:31","slug":"coordonnees","status":"publish","type":"page","link":"https:\/\/www.scolaire-collines.com\/sacrecoeur\/ecole\/coordonnees\/","title":{"rendered":"Coordonn\u00e9es"},"content":{"rendered":"\n<h3 class=\"wp-block-heading\"><span style=\"color: #9e438f;\">Ecole Primaire du Sacr\u00e9 C\u0153ur<\/span><\/h3>\n\n\n\n<p>14 rue&nbsp;de Grozagaque<\/p>\n\n\n\n<p>42800 RIVE DE GIER<br>T\u00e9l&nbsp;: <strong>04 77 75&nbsp;01 88<\/strong><\/p>\n\n\n\n<p>M\u00e9l&nbsp;: <strong>direcole@notredamedescollines.fr<\/strong><br>Site Internet&nbsp;: <strong>www.scolaire-collines.com\/sacrecoeur<\/strong><\/p>\n\n\n\n<p>Etablissement Catholique d\u2019Enseignement du Dioc\u00e8se de Saint Etienne Sous Contrat d\u2019Association avec l\u2019Etat<\/p>\n\n\n\n\n","protected":false},"excerpt":{"rendered":"<p>Ecole Primaire du Sacr\u00e9 C\u0153ur 14 rue&nbsp;de Grozagaque 42800 RIVE DE GIERT\u00e9l&nbsp;: 04 77 75&nbsp;01 88 M\u00e9l&nbsp;: direcole@notredamedescollines.frSite Internet&nbsp;: www.scolaire-collines.com\/sacrecoeur Etablissement Catholique d\u2019Enseignement du Dioc\u00e8se [&hellip;]<\/p>\n","protected":false},"author":1,"featured_media":0,"parent":6,"menu_order":5,"comment_status":"closed","ping_status":"closed","template":"","meta":{"_acf_changed":false,"footnotes":""},"class_list":["post-14","page","type-page","status-publish","hentry"],"acf":[],"yoast_head":"<!-- This site is optimized with the Yoast SEO plugin v24.2 - https:\/\/yoast.com\/wordpress\/plugins\/seo\/ -->\n<title>Coordonn\u00e9es - Ecole du Sacr\u00e9 Coeur<\/title>\n<meta name=\"robots\" content=\"index, follow, max-snippet:-1, max-image-preview:large, max-video-preview:-1\" \/>\n<link rel=\"canonical\" href=\"https:\/\/www.scolaire-collines.com\/sacrecoeur\/ecole\/coordonnees\/\" \/>\n<meta property=\"og:locale\" content=\"fr_FR\" \/>\n<meta property=\"og:type\" content=\"article\" \/>\n<meta property=\"og:title\" content=\"Coordonn\u00e9es - Ecole du Sacr\u00e9 Coeur\" \/>\n<meta property=\"og:description\" content=\"Ecole Primaire du Sacr\u00e9 C\u0153ur 14 rue&nbsp;de Grozagaque 42800 RIVE DE GIERT\u00e9l&nbsp;: 04 77 75&nbsp;01 88 M\u00e9l&nbsp;: direcole@notredamedescollines.frSite Internet&nbsp;: www.scolaire-collines.com\/sacrecoeur Etablissement Catholique d\u2019Enseignement du Dioc\u00e8se [&hellip;]\" \/>\n<meta property=\"og:url\" content=\"https:\/\/www.scolaire-collines.com\/sacrecoeur\/ecole\/coordonnees\/\" \/>\n<meta property=\"og:site_name\" content=\"Ecole du Sacr\u00e9 Coeur\" \/>\n<meta property=\"article:modified_time\" content=\"2025-01-17T17:14:31+00:00\" \/>\n<meta name=\"twitter:card\" content=\"summary_large_image\" \/>\n<meta name=\"twitter:label1\" content=\"Dur\u00e9e de lecture estim\u00e9e\" \/>\n\t<meta name=\"twitter:data1\" content=\"1 minute\" \/>\n<script type=\"application\/ld+json\" class=\"yoast-schema-graph\">{\"@context\":\"https:\/\/schema.org\",\"@graph\":[{\"@type\":\"WebPage\",\"@id\":\"https:\/\/www.scolaire-collines.com\/sacrecoeur\/ecole\/coordonnees\/\",\"url\":\"https:\/\/www.scolaire-collines.com\/sacrecoeur\/ecole\/coordonnees\/\",\"name\":\"Coordonn\u00e9es - Ecole du Sacr\u00e9 Coeur\",\"isPartOf\":{\"@id\":\"http:\/\/www.scolaire-collines.com\/sacrecoeur\/#website\"},\"datePublished\":\"2013-10-31T14:00:59+00:00\",\"dateModified\":\"2025-01-17T17:14:31+00:00\",\"breadcrumb\":{\"@id\":\"https:\/\/www.scolaire-collines.com\/sacrecoeur\/ecole\/coordonnees\/#breadcrumb\"},\"inLanguage\":\"fr-FR\",\"potentialAction\":[{\"@type\":\"ReadAction\",\"target\":[\"https:\/\/www.scolaire-collines.com\/sacrecoeur\/ecole\/coordonnees\/\"]}]},{\"@type\":\"BreadcrumbList\",\"@id\":\"https:\/\/www.scolaire-collines.com\/sacrecoeur\/ecole\/coordonnees\/#breadcrumb\",\"itemListElement\":[{\"@type\":\"ListItem\",\"position\":1,\"name\":\"Accueil\",\"item\":\"http:\/\/www.scolaire-collines.com\/sacrecoeur\/\"},{\"@type\":\"ListItem\",\"position\":2,\"name\":\"ECOLE\",\"item\":\"https:\/\/www.scolaire-collines.com\/sacrecoeur\/ecole\/\"},{\"@type\":\"ListItem\",\"position\":3,\"name\":\"Coordonn\u00e9es\"}]},{\"@type\":\"WebSite\",\"@id\":\"http:\/\/www.scolaire-collines.com\/sacrecoeur\/#website\",\"url\":\"http:\/\/www.scolaire-collines.com\/sacrecoeur\/\",\"name\":\"Ecole du Sacr\u00e9 Coeur\",\"description\":\"\u00e9cole du sacr\u00e9 coeur\",\"potentialAction\":[{\"@type\":\"SearchAction\",\"target\":{\"@type\":\"EntryPoint\",\"urlTemplate\":\"http:\/\/www.scolaire-collines.com\/sacrecoeur\/?s={search_term_string}\"},\"query-input\":{\"@type\":\"PropertyValueSpecification\",\"valueRequired\":true,\"valueName\":\"search_term_string\"}}],\"inLanguage\":\"fr-FR\"}]}<\/script>\n<!-- \/ Yoast SEO plugin. -->","yoast_head_json":{"title":"Coordonn\u00e9es - Ecole du Sacr\u00e9 Coeur","robots":{"index":"index","follow":"follow","max-snippet":"max-snippet:-1","max-image-preview":"max-image-preview:large","max-video-preview":"max-video-preview:-1"},"canonical":"https:\/\/www.scolaire-collines.com\/sacrecoeur\/ecole\/coordonnees\/","og_locale":"fr_FR","og_type":"article","og_title":"Coordonn\u00e9es - Ecole du Sacr\u00e9 Coeur","og_description":"Ecole Primaire du Sacr\u00e9 C\u0153ur 14 rue&nbsp;de Grozagaque 42800 RIVE DE GIERT\u00e9l&nbsp;: 04 77 75&nbsp;01 88 M\u00e9l&nbsp;: direcole@notredamedescollines.frSite Internet&nbsp;: www.scolaire-collines.com\/sacrecoeur Etablissement Catholique d\u2019Enseignement du Dioc\u00e8se [&hellip;]","og_url":"https:\/\/www.scolaire-collines.com\/sacrecoeur\/ecole\/coordonnees\/","og_site_name":"Ecole du Sacr\u00e9 Coeur","article_modified_time":"2025-01-17T17:14:31+00:00","twitter_card":"summary_large_image","twitter_misc":{"Dur\u00e9e de lecture estim\u00e9e":"1 minute"},"schema":{"@context":"https:\/\/schema.org","@graph":[{"@type":"WebPage","@id":"https:\/\/www.scolaire-collines.com\/sacrecoeur\/ecole\/coordonnees\/","url":"https:\/\/www.scolaire-collines.com\/sacrecoeur\/ecole\/coordonnees\/","name":"Coordonn\u00e9es - Ecole du Sacr\u00e9 Coeur","isPartOf":{"@id":"http:\/\/www.scolaire-collines.com\/sacrecoeur\/#website"},"datePublished":"2013-10-31T14:00:59+00:00","dateModified":"2025-01-17T17:14:31+00:00","breadcrumb":{"@id":"https:\/\/www.scolaire-collines.com\/sacrecoeur\/ecole\/coordonnees\/#breadcrumb"},"inLanguage":"fr-FR","potentialAction":[{"@type":"ReadAction","target":["https:\/\/www.scolaire-collines.com\/sacrecoeur\/ecole\/coordonnees\/"]}]},{"@type":"BreadcrumbList","@id":"https:\/\/www.scolaire-collines.com\/sacrecoeur\/ecole\/coordonnees\/#breadcrumb","itemListElement":[{"@type":"ListItem","position":1,"name":"Accueil","item":"http:\/\/www.scolaire-collines.com\/sacrecoeur\/"},{"@type":"ListItem","position":2,"name":"ECOLE","item":"https:\/\/www.scolaire-collines.com\/sacrecoeur\/ecole\/"},{"@type":"ListItem","position":3,"name":"Coordonn\u00e9es"}]},{"@type":"WebSite","@id":"http:\/\/www.scolaire-collines.com\/sacrecoeur\/#website","url":"http:\/\/www.scolaire-collines.com\/sacrecoeur\/","name":"Ecole du Sacr\u00e9 Coeur","description":"\u00e9cole du sacr\u00e9 coeur","potentialAction":[{"@type":"SearchAction","target":{"@type":"EntryPoint","urlTemplate":"http:\/\/www.scolaire-collines.com\/sacrecoeur\/?s={search_term_string}"},"query-input":{"@type":"PropertyValueSpecification","valueRequired":true,"valueName":"search_term_string"}}],"inLanguage":"fr-FR"}]}},"_links":{"self":[{"href":"https:\/\/www.scolaire-collines.com\/sacrecoeur\/wp-json\/wp\/v2\/pages\/14","targetHints":{"allow":["GET"]}}],"collection":[{"href":"https:\/\/www.scolaire-collines.com\/sacrecoeur\/wp-json\/wp\/v2\/pages"}],"about":[{"href":"https:\/\/www.scolaire-collines.com\/sacrecoeur\/wp-json\/wp\/v2\/types\/page"}],"author":[{"embeddable":true,"href":"https:\/\/www.scolaire-collines.com\/sacrecoeur\/wp-json\/wp\/v2\/users\/1"}],"replies":[{"embeddable":true,"href":"https:\/\/www.scolaire-collines.com\/sacrecoeur\/wp-json\/wp\/v2\/comments?post=14"}],"version-history":[{"count":8,"href":"https:\/\/www.scolaire-collines.com\/sacrecoeur\/wp-json\/wp\/v2\/pages\/14\/revisions"}],"predecessor-version":[{"id":472,"href":"https:\/\/www.scolaire-collines.com\/sacrecoeur\/wp-json\/wp\/v2\/pages\/14\/revisions\/472"}],"up":[{"embeddable":true,"href":"https:\/\/www.scolaire-collines.com\/sacrecoeur\/wp-json\/wp\/v2\/pages\/6"}],"wp:attachment":[{"href":"https:\/\/www.scolaire-collines.com\/sacrecoeur\/wp-json\/wp\/v2\/media?parent=14"}],"curies":[{"name":"wp","href":"https:\/\/api.w.org\/{rel}","templated":true}]}}