{"id":86,"date":"2020-04-07T10:00:03","date_gmt":"2020-04-07T08:00:03","guid":{"rendered":"http:\/\/www.scolaire-collines.com\/lycee-ndc\/?page_id=86"},"modified":"2024-01-18T11:13:26","modified_gmt":"2024-01-18T10:13:26","slug":"contacts","status":"publish","type":"page","link":"https:\/\/www.scolaire-collines.com\/lycee\/contacts\/","title":{"rendered":"Contacts"},"content":{"rendered":"<p><span style=\"font-family: arial,helvetica,sans-serif;\"><strong>Lyc\u00e9e professionnel Notre-Dame\u00a0des Collines<br \/>\n4, rue Ferdinand Buisson<br \/>\n42800 Rive de Gier<\/strong><\/span><\/p>\n<p lang=\"fr-CA\"><span style=\"font-family: arial,helvetica,sans-serif;\"><strong>Acc\u00e8s pi\u00e9tons\u00a0: 11 rue Marcel Sembat<\/strong><\/span><\/p>\n<p>&#8212;&#8212;&#8212;&#8212;&#8212;&#8212;&#8212;&#8212;&#8212;&#8212;&#8212;&#8212;&#8212;&#8212;&#8212;&#8212;&#8212;&#8212;&#8212;&#8212;&#8212;&#8212;&#8212;&#8212;&#8212;&#8212;-<\/p>\n<p><span style=\"font-family: arial,helvetica,sans-serif;\"><strong>t\u00e9l\u00e9phone : <\/strong>04 77 75 01 78<\/span><br \/>\n<span style=\"font-family: arial,helvetica,sans-serif;\"><strong>t\u00e9l\u00e9copie<\/strong> : 04 77 75 26 40<\/span><br \/>\n<span style=\"font-family: arial,helvetica,sans-serif;\"><strong>Mail <\/strong>: <a href=\"mailto:college.collines@orange.fr\">lycee@<\/a><a href=\"mailto:college.collines@orange.fr\">notredamedescollines<\/a><a href=\"mailto:college.collines@orange.fr\">.fr<\/a><\/span><\/p>\n","protected":false},"excerpt":{"rendered":"<p>Lyc\u00e9e professionnel Notre-Dame\u00a0des Collines 4, rue Ferdinand Buisson 42800 Rive de Gier Acc\u00e8s pi\u00e9tons\u00a0: 11 rue Marcel Sembat &#8212;&#8212;&#8212;&#8212;&#8212;&#8212;&#8212;&#8212;&#8212;&#8212;&#8212;&#8212;&#8212;&#8212;&#8212;&#8212;&#8212;&#8212;&#8212;&#8212;&#8212;&#8212;&#8212;&#8212;&#8212;&#8212;- t\u00e9l\u00e9phone : 04 77 75 01 78 t\u00e9l\u00e9copie : 04 77 [&hellip;]<\/p>\n","protected":false},"author":2,"featured_media":0,"parent":0,"menu_order":0,"comment_status":"closed","ping_status":"closed","template":"","meta":{"_acf_changed":false,"jetpack_post_was_ever_published":false,"footnotes":""},"class_list":["post-86","page","type-page","status-publish","hentry"],"acf":[],"yoast_head":"<!-- This site is optimized with the Yoast SEO plugin v24.2 - https:\/\/yoast.com\/wordpress\/plugins\/seo\/ -->\n<title>Contacts - Lyc\u00e9e Notre Dame des Collines<\/title>\n<meta name=\"robots\" content=\"index, follow, max-snippet:-1, max-image-preview:large, max-video-preview:-1\" \/>\n<link rel=\"canonical\" href=\"http:\/\/www.scolaire-collines.com\/lycee\/contacts\/\" \/>\n<meta property=\"og:locale\" content=\"fr_FR\" \/>\n<meta property=\"og:type\" content=\"article\" \/>\n<meta property=\"og:title\" content=\"Contacts - Lyc\u00e9e Notre Dame des Collines\" \/>\n<meta property=\"og:description\" content=\"Lyc\u00e9e professionnel Notre-Dame\u00a0des Collines 4, rue Ferdinand Buisson 42800 Rive de Gier Acc\u00e8s pi\u00e9tons\u00a0: 11 rue Marcel Sembat &#8212;&#8212;&#8212;&#8212;&#8212;&#8212;&#8212;&#8212;&#8212;&#8212;&#8212;&#8212;&#8212;&#8212;&#8212;&#8212;&#8212;&#8212;&#8212;&#8212;&#8212;&#8212;&#8212;&#8212;&#8212;&#8212;- t\u00e9l\u00e9phone : 04 77 75 01 78 t\u00e9l\u00e9copie : 04 77 [&hellip;]\" \/>\n<meta property=\"og:url\" content=\"http:\/\/www.scolaire-collines.com\/lycee\/contacts\/\" \/>\n<meta property=\"og:site_name\" content=\"Lyc\u00e9e Notre Dame des Collines\" \/>\n<meta property=\"article:modified_time\" content=\"2024-01-18T10:13:26+00:00\" \/>\n<meta name=\"twitter:card\" content=\"summary_large_image\" \/>\n<script type=\"application\/ld+json\" class=\"yoast-schema-graph\">{\"@context\":\"https:\/\/schema.org\",\"@graph\":[{\"@type\":\"WebPage\",\"@id\":\"http:\/\/www.scolaire-collines.com\/lycee\/contacts\/\",\"url\":\"http:\/\/www.scolaire-collines.com\/lycee\/contacts\/\",\"name\":\"Contacts - Lyc\u00e9e Notre Dame des Collines\",\"isPartOf\":{\"@id\":\"https:\/\/www.scolaire-collines.com\/lycee\/#website\"},\"datePublished\":\"2020-04-07T08:00:03+00:00\",\"dateModified\":\"2024-01-18T10:13:26+00:00\",\"breadcrumb\":{\"@id\":\"http:\/\/www.scolaire-collines.com\/lycee\/contacts\/#breadcrumb\"},\"inLanguage\":\"fr-FR\",\"potentialAction\":[{\"@type\":\"ReadAction\",\"target\":[\"http:\/\/www.scolaire-collines.com\/lycee\/contacts\/\"]}]},{\"@type\":\"BreadcrumbList\",\"@id\":\"http:\/\/www.scolaire-collines.com\/lycee\/contacts\/#breadcrumb\",\"itemListElement\":[{\"@type\":\"ListItem\",\"position\":1,\"name\":\"Accueil\",\"item\":\"https:\/\/www.scolaire-collines.com\/lycee\/\"},{\"@type\":\"ListItem\",\"position\":2,\"name\":\"Contacts\"}]},{\"@type\":\"WebSite\",\"@id\":\"https:\/\/www.scolaire-collines.com\/lycee\/#website\",\"url\":\"https:\/\/www.scolaire-collines.com\/lycee\/\",\"name\":\"Lyc\u00e9e Notre Dame des Collines\",\"description\":\"Un lyc\u00e9e pour apprendre et s&#039;\u00e9panouir\",\"potentialAction\":[{\"@type\":\"SearchAction\",\"target\":{\"@type\":\"EntryPoint\",\"urlTemplate\":\"https:\/\/www.scolaire-collines.com\/lycee\/?s={search_term_string}\"},\"query-input\":{\"@type\":\"PropertyValueSpecification\",\"valueRequired\":true,\"valueName\":\"search_term_string\"}}],\"inLanguage\":\"fr-FR\"}]}<\/script>\n<!-- \/ Yoast SEO plugin. -->","yoast_head_json":{"title":"Contacts - Lyc\u00e9e Notre Dame des Collines","robots":{"index":"index","follow":"follow","max-snippet":"max-snippet:-1","max-image-preview":"max-image-preview:large","max-video-preview":"max-video-preview:-1"},"canonical":"http:\/\/www.scolaire-collines.com\/lycee\/contacts\/","og_locale":"fr_FR","og_type":"article","og_title":"Contacts - Lyc\u00e9e Notre Dame des Collines","og_description":"Lyc\u00e9e professionnel Notre-Dame\u00a0des Collines 4, rue Ferdinand Buisson 42800 Rive de Gier Acc\u00e8s pi\u00e9tons\u00a0: 11 rue Marcel Sembat &#8212;&#8212;&#8212;&#8212;&#8212;&#8212;&#8212;&#8212;&#8212;&#8212;&#8212;&#8212;&#8212;&#8212;&#8212;&#8212;&#8212;&#8212;&#8212;&#8212;&#8212;&#8212;&#8212;&#8212;&#8212;&#8212;- t\u00e9l\u00e9phone : 04 77 75 01 78 t\u00e9l\u00e9copie : 04 77 [&hellip;]","og_url":"http:\/\/www.scolaire-collines.com\/lycee\/contacts\/","og_site_name":"Lyc\u00e9e Notre Dame des Collines","article_modified_time":"2024-01-18T10:13:26+00:00","twitter_card":"summary_large_image","schema":{"@context":"https:\/\/schema.org","@graph":[{"@type":"WebPage","@id":"http:\/\/www.scolaire-collines.com\/lycee\/contacts\/","url":"http:\/\/www.scolaire-collines.com\/lycee\/contacts\/","name":"Contacts - Lyc\u00e9e Notre Dame des Collines","isPartOf":{"@id":"https:\/\/www.scolaire-collines.com\/lycee\/#website"},"datePublished":"2020-04-07T08:00:03+00:00","dateModified":"2024-01-18T10:13:26+00:00","breadcrumb":{"@id":"http:\/\/www.scolaire-collines.com\/lycee\/contacts\/#breadcrumb"},"inLanguage":"fr-FR","potentialAction":[{"@type":"ReadAction","target":["http:\/\/www.scolaire-collines.com\/lycee\/contacts\/"]}]},{"@type":"BreadcrumbList","@id":"http:\/\/www.scolaire-collines.com\/lycee\/contacts\/#breadcrumb","itemListElement":[{"@type":"ListItem","position":1,"name":"Accueil","item":"https:\/\/www.scolaire-collines.com\/lycee\/"},{"@type":"ListItem","position":2,"name":"Contacts"}]},{"@type":"WebSite","@id":"https:\/\/www.scolaire-collines.com\/lycee\/#website","url":"https:\/\/www.scolaire-collines.com\/lycee\/","name":"Lyc\u00e9e Notre Dame des Collines","description":"Un lyc\u00e9e pour apprendre et s&#039;\u00e9panouir","potentialAction":[{"@type":"SearchAction","target":{"@type":"EntryPoint","urlTemplate":"https:\/\/www.scolaire-collines.com\/lycee\/?s={search_term_string}"},"query-input":{"@type":"PropertyValueSpecification","valueRequired":true,"valueName":"search_term_string"}}],"inLanguage":"fr-FR"}]}},"jetpack_sharing_enabled":true,"jetpack_shortlink":"https:\/\/wp.me\/P9EMeB-1o","jetpack-related-posts":[],"_links":{"self":[{"href":"https:\/\/www.scolaire-collines.com\/lycee\/wp-json\/wp\/v2\/pages\/86","targetHints":{"allow":["GET"]}}],"collection":[{"href":"https:\/\/www.scolaire-collines.com\/lycee\/wp-json\/wp\/v2\/pages"}],"about":[{"href":"https:\/\/www.scolaire-collines.com\/lycee\/wp-json\/wp\/v2\/types\/page"}],"author":[{"embeddable":true,"href":"https:\/\/www.scolaire-collines.com\/lycee\/wp-json\/wp\/v2\/users\/2"}],"replies":[{"embeddable":true,"href":"https:\/\/www.scolaire-collines.com\/lycee\/wp-json\/wp\/v2\/comments?post=86"}],"version-history":[{"count":7,"href":"https:\/\/www.scolaire-collines.com\/lycee\/wp-json\/wp\/v2\/pages\/86\/revisions"}],"predecessor-version":[{"id":717,"href":"https:\/\/www.scolaire-collines.com\/lycee\/wp-json\/wp\/v2\/pages\/86\/revisions\/717"}],"wp:attachment":[{"href":"https:\/\/www.scolaire-collines.com\/lycee\/wp-json\/wp\/v2\/media?parent=86"}],"curies":[{"name":"wp","href":"https:\/\/api.w.org\/{rel}","templated":true}]}}