{"id":82,"date":"2020-04-07T11:00:28","date_gmt":"2020-04-07T09:00:28","guid":{"rendered":"http:\/\/www.scolaire-collines.com\/lycee-ndc\/?page_id=82"},"modified":"2024-01-18T10:40:09","modified_gmt":"2024-01-18T09:40:09","slug":"calendrier-des-vacances","status":"publish","type":"page","link":"https:\/\/www.scolaire-collines.com\/lycee\/calendrier-des-vacances\/","title":{"rendered":"Calendrier des vacances"},"content":{"rendered":"<table class=\"table table-bordered table-condensed\">\n<thead>\n<tr>\n<th class=\"text-center color-block color-a\"><span style=\"color: #ff9900;\">Calendrier scolaire<\/span><\/th>\n<th class=\"text-center color-block color-a\"><span style=\"color: #ff9900;\">Dates scolaires Zone A<\/span><\/th>\n<\/tr>\n<\/thead>\n<tbody>\n<tr>\n<th class=\"text-center\" scope=\"row\">Rentr\u00e9e scolaire 2023<\/th>\n<td class=\"text-center\" colspan=\"3\">Jour de reprise : Lundi 4 Septembre 2023<\/td>\n<\/tr>\n<tr>\n<th class=\"text-center\" scope=\"row\">Vacances de la Toussaint 2023<\/th>\n<td class=\"text-center\" colspan=\"3\">Fin des cours : Samedi 21 Octobre 2023<br \/>\nJour de reprise : Lundi 6 Novembre 2023<\/td>\n<\/tr>\n<tr>\n<th class=\"text-center\" scope=\"row\">Vacances de No\u00ebl 2023<\/th>\n<td class=\"text-center\" colspan=\"3\">Fin des cours : Samedi 23 D\u00e9cembre 2023<br \/>\nJour de reprise : Lundi 8 Janvier 2024<\/td>\n<\/tr>\n<tr>\n<th class=\"text-center\" scope=\"row\">Vacances d&rsquo;hiver 2024<\/th>\n<td class=\"text-center\" colspan=\"3\">Fin des cours Samedi 17 F\u00e9vrier 2024<br \/>\nJour de reprise Lundi 4 Mars 2024<\/td>\n<\/tr>\n<tr>\n<th class=\"text-center\" scope=\"row\">Vacances de printemps 2024<\/th>\n<td class=\"text-center\" colspan=\"3\">Fin des cours Samedi 13 Avril 2024<br \/>\nJour de reprise Lundi 29 Avril 2024<\/td>\n<\/tr>\n<tr>\n<th class=\"text-center\" scope=\"row\"><\/th>\n<td class=\"text-center\" colspan=\"3\"><\/td>\n<\/tr>\n<tr>\n<th class=\"text-center\" scope=\"row\">Grandes vacances 2024<\/th>\n<td class=\"text-center\" colspan=\"3\">Fin des cours : Samedi 6 Juillet 2024<\/td>\n<\/tr>\n<\/tbody>\n<\/table>\n<div class=\"table-wrapper custom-scrollbar-wrapper\">\n<div class=\"viewport\">\n<div class=\"overview\"><\/div>\n<\/div>\n<\/div>\n","protected":false},"excerpt":{"rendered":"<p>Calendrier scolaire Dates scolaires Zone A Rentr\u00e9e scolaire 2023 Jour de reprise : Lundi 4 Septembre 2023 Vacances de la Toussaint 2023 Fin des cours : Samedi 21 Octobre 2023 [&hellip;]<\/p>\n","protected":false},"author":2,"featured_media":0,"parent":0,"menu_order":0,"comment_status":"closed","ping_status":"closed","template":"","meta":{"_acf_changed":false,"jetpack_post_was_ever_published":false,"footnotes":""},"class_list":["post-82","page","type-page","status-publish","hentry"],"acf":[],"yoast_head":"<!-- This site is optimized with the Yoast SEO plugin v24.2 - https:\/\/yoast.com\/wordpress\/plugins\/seo\/ -->\n<title>Calendrier des vacances - Lyc\u00e9e Notre Dame des Collines<\/title>\n<meta name=\"robots\" content=\"index, follow, max-snippet:-1, max-image-preview:large, max-video-preview:-1\" \/>\n<link rel=\"canonical\" href=\"http:\/\/www.scolaire-collines.com\/lycee\/calendrier-des-vacances\/\" \/>\n<meta property=\"og:locale\" content=\"fr_FR\" \/>\n<meta property=\"og:type\" content=\"article\" \/>\n<meta property=\"og:title\" content=\"Calendrier des vacances - Lyc\u00e9e Notre Dame des Collines\" \/>\n<meta property=\"og:description\" content=\"Calendrier scolaire Dates scolaires Zone A Rentr\u00e9e scolaire 2023 Jour de reprise : Lundi 4 Septembre 2023 Vacances de la Toussaint 2023 Fin des cours : Samedi 21 Octobre 2023 [&hellip;]\" \/>\n<meta property=\"og:url\" content=\"http:\/\/www.scolaire-collines.com\/lycee\/calendrier-des-vacances\/\" \/>\n<meta property=\"og:site_name\" content=\"Lyc\u00e9e Notre Dame des Collines\" \/>\n<meta property=\"article:modified_time\" content=\"2024-01-18T09:40:09+00:00\" \/>\n<meta name=\"twitter:card\" content=\"summary_large_image\" \/>\n<script type=\"application\/ld+json\" class=\"yoast-schema-graph\">{\"@context\":\"https:\/\/schema.org\",\"@graph\":[{\"@type\":\"WebPage\",\"@id\":\"http:\/\/www.scolaire-collines.com\/lycee\/calendrier-des-vacances\/\",\"url\":\"http:\/\/www.scolaire-collines.com\/lycee\/calendrier-des-vacances\/\",\"name\":\"Calendrier des vacances - Lyc\u00e9e Notre Dame des Collines\",\"isPartOf\":{\"@id\":\"https:\/\/www.scolaire-collines.com\/lycee\/#website\"},\"datePublished\":\"2020-04-07T09:00:28+00:00\",\"dateModified\":\"2024-01-18T09:40:09+00:00\",\"breadcrumb\":{\"@id\":\"http:\/\/www.scolaire-collines.com\/lycee\/calendrier-des-vacances\/#breadcrumb\"},\"inLanguage\":\"fr-FR\",\"potentialAction\":[{\"@type\":\"ReadAction\",\"target\":[\"http:\/\/www.scolaire-collines.com\/lycee\/calendrier-des-vacances\/\"]}]},{\"@type\":\"BreadcrumbList\",\"@id\":\"http:\/\/www.scolaire-collines.com\/lycee\/calendrier-des-vacances\/#breadcrumb\",\"itemListElement\":[{\"@type\":\"ListItem\",\"position\":1,\"name\":\"Accueil\",\"item\":\"https:\/\/www.scolaire-collines.com\/lycee\/\"},{\"@type\":\"ListItem\",\"position\":2,\"name\":\"Calendrier des vacances\"}]},{\"@type\":\"WebSite\",\"@id\":\"https:\/\/www.scolaire-collines.com\/lycee\/#website\",\"url\":\"https:\/\/www.scolaire-collines.com\/lycee\/\",\"name\":\"Lyc\u00e9e Notre Dame des Collines\",\"description\":\"Un lyc\u00e9e pour apprendre et s&#039;\u00e9panouir\",\"potentialAction\":[{\"@type\":\"SearchAction\",\"target\":{\"@type\":\"EntryPoint\",\"urlTemplate\":\"https:\/\/www.scolaire-collines.com\/lycee\/?s={search_term_string}\"},\"query-input\":{\"@type\":\"PropertyValueSpecification\",\"valueRequired\":true,\"valueName\":\"search_term_string\"}}],\"inLanguage\":\"fr-FR\"}]}<\/script>\n<!-- \/ Yoast SEO plugin. -->","yoast_head_json":{"title":"Calendrier des vacances - Lyc\u00e9e Notre Dame des Collines","robots":{"index":"index","follow":"follow","max-snippet":"max-snippet:-1","max-image-preview":"max-image-preview:large","max-video-preview":"max-video-preview:-1"},"canonical":"http:\/\/www.scolaire-collines.com\/lycee\/calendrier-des-vacances\/","og_locale":"fr_FR","og_type":"article","og_title":"Calendrier des vacances - Lyc\u00e9e Notre Dame des Collines","og_description":"Calendrier scolaire Dates scolaires Zone A Rentr\u00e9e scolaire 2023 Jour de reprise : Lundi 4 Septembre 2023 Vacances de la Toussaint 2023 Fin des cours : Samedi 21 Octobre 2023 [&hellip;]","og_url":"http:\/\/www.scolaire-collines.com\/lycee\/calendrier-des-vacances\/","og_site_name":"Lyc\u00e9e Notre Dame des Collines","article_modified_time":"2024-01-18T09:40:09+00:00","twitter_card":"summary_large_image","schema":{"@context":"https:\/\/schema.org","@graph":[{"@type":"WebPage","@id":"http:\/\/www.scolaire-collines.com\/lycee\/calendrier-des-vacances\/","url":"http:\/\/www.scolaire-collines.com\/lycee\/calendrier-des-vacances\/","name":"Calendrier des vacances - Lyc\u00e9e Notre Dame des Collines","isPartOf":{"@id":"https:\/\/www.scolaire-collines.com\/lycee\/#website"},"datePublished":"2020-04-07T09:00:28+00:00","dateModified":"2024-01-18T09:40:09+00:00","breadcrumb":{"@id":"http:\/\/www.scolaire-collines.com\/lycee\/calendrier-des-vacances\/#breadcrumb"},"inLanguage":"fr-FR","potentialAction":[{"@type":"ReadAction","target":["http:\/\/www.scolaire-collines.com\/lycee\/calendrier-des-vacances\/"]}]},{"@type":"BreadcrumbList","@id":"http:\/\/www.scolaire-collines.com\/lycee\/calendrier-des-vacances\/#breadcrumb","itemListElement":[{"@type":"ListItem","position":1,"name":"Accueil","item":"https:\/\/www.scolaire-collines.com\/lycee\/"},{"@type":"ListItem","position":2,"name":"Calendrier des vacances"}]},{"@type":"WebSite","@id":"https:\/\/www.scolaire-collines.com\/lycee\/#website","url":"https:\/\/www.scolaire-collines.com\/lycee\/","name":"Lyc\u00e9e Notre Dame des Collines","description":"Un lyc\u00e9e pour apprendre et s&#039;\u00e9panouir","potentialAction":[{"@type":"SearchAction","target":{"@type":"EntryPoint","urlTemplate":"https:\/\/www.scolaire-collines.com\/lycee\/?s={search_term_string}"},"query-input":{"@type":"PropertyValueSpecification","valueRequired":true,"valueName":"search_term_string"}}],"inLanguage":"fr-FR"}]}},"jetpack_sharing_enabled":true,"jetpack_shortlink":"https:\/\/wp.me\/P9EMeB-1k","jetpack-related-posts":[],"_links":{"self":[{"href":"https:\/\/www.scolaire-collines.com\/lycee\/wp-json\/wp\/v2\/pages\/82","targetHints":{"allow":["GET"]}}],"collection":[{"href":"https:\/\/www.scolaire-collines.com\/lycee\/wp-json\/wp\/v2\/pages"}],"about":[{"href":"https:\/\/www.scolaire-collines.com\/lycee\/wp-json\/wp\/v2\/types\/page"}],"author":[{"embeddable":true,"href":"https:\/\/www.scolaire-collines.com\/lycee\/wp-json\/wp\/v2\/users\/2"}],"replies":[{"embeddable":true,"href":"https:\/\/www.scolaire-collines.com\/lycee\/wp-json\/wp\/v2\/comments?post=82"}],"version-history":[{"count":10,"href":"https:\/\/www.scolaire-collines.com\/lycee\/wp-json\/wp\/v2\/pages\/82\/revisions"}],"predecessor-version":[{"id":703,"href":"https:\/\/www.scolaire-collines.com\/lycee\/wp-json\/wp\/v2\/pages\/82\/revisions\/703"}],"wp:attachment":[{"href":"https:\/\/www.scolaire-collines.com\/lycee\/wp-json\/wp\/v2\/media?parent=82"}],"curies":[{"name":"wp","href":"https:\/\/api.w.org\/{rel}","templated":true}]}}