{"id":75,"date":"2020-04-07T11:00:02","date_gmt":"2020-04-07T09:00:02","guid":{"rendered":"http:\/\/www.scolaire-collines.com\/lycee-ndc\/?page_id=75"},"modified":"2024-01-18T11:41:41","modified_gmt":"2024-01-18T10:41:41","slug":"tarifs","status":"publish","type":"page","link":"https:\/\/www.scolaire-collines.com\/lycee\/tarifs\/","title":{"rendered":"Tarifs"},"content":{"rendered":"<p><span style=\"font-family: arial, helvetica, sans-serif;\">Le groupe scolaire Notre Dame des Collines est un \u00e9tablissement d\u2019enseignement sous contrat d\u2019association avec l\u2019\u00c9tat.<\/span><\/p>\n<p><span style=\"color: #ffffff;\">.<\/span><\/p>\n<p><span style=\"font-family: arial\\ black, sans-serif; font-size: 14pt; color: #3366ff;\"><strong><u>Contribution g\u00e9n\u00e9rale des familles<\/u> (2024\/2025)<u><br \/>\n<\/u><\/strong><\/span><\/p>\n<table style=\"height: 656px;\" width=\"584\">\n<tbody>\n<tr>\n<td style=\"width: 237.828px;\"><span style=\"font-family: arial, helvetica, sans-serif;\"><strong>REVENUS<\/strong><\/span><\/p>\n<p><span style=\"font-family: arial, helvetica, sans-serif;\">Salaires des 2 parents<strong> (revenu fiscal de r\u00e9f\u00e9rence du foyer)<\/strong> + <strong>prestations familiales<\/strong><\/span><\/td>\n<td style=\"text-align: center; width: 69.25px;\"><span style=\"font-family: arial, helvetica, sans-serif;\"><strong>Tranche<\/strong><\/span><\/td>\n<td style=\"text-align: center; width: 86.6406px;\"><span style=\"font-family: arial, helvetica, sans-serif;\"><strong>\u00c9COLE <\/strong>:<\/span><\/p>\n<p><span style=\"font-family: arial, helvetica, sans-serif;\">MONTANT<\/span><\/p>\n<p><span style=\"font-family: arial, helvetica, sans-serif;\">MENSUEL<\/span><\/p>\n<p><span style=\"font-family: arial, helvetica, sans-serif;\">sur 10 mois<\/span><\/td>\n<td style=\"text-align: center; width: 89.5625px;\"><span style=\"font-family: arial, helvetica, sans-serif;\"><strong>COLL\u00c8GE :<\/strong><\/span><\/p>\n<p><span style=\"font-family: arial, helvetica, sans-serif;\">MONTANT<\/span><\/p>\n<p><span style=\"font-family: arial, helvetica, sans-serif;\">MENSUEL<\/span><\/p>\n<p><span style=\"font-family: arial, helvetica, sans-serif;\">sur 10 mois<\/span><\/td>\n<td style=\"text-align: center; width: 86.7188px;\"><span style=\"font-family: arial, helvetica, sans-serif;\"><strong>LPP\u00a0<\/strong>:<\/span><\/p>\n<p><span style=\"font-family: arial, helvetica, sans-serif;\">MONTANT<\/span><\/p>\n<p><span style=\"font-family: arial, helvetica, sans-serif;\">MENSUEL<\/span><\/p>\n<p><span style=\"font-family: arial, helvetica, sans-serif;\">sur 10 mois<\/span><\/td>\n<\/tr>\n<tr>\n<td style=\"width: 237.828px;\"><span style=\"font-family: arial, helvetica, sans-serif;\">Revenus sup\u00e9rieurs \u00e0 50 000\u20ac \/an<\/span><\/td>\n<td style=\"text-align: center; width: 69.25px;\"><span style=\"font-family: arial, helvetica, sans-serif;\"><strong>A<\/strong><\/span><\/td>\n<td style=\"text-align: center; width: 86.6406px;\"><span style=\"font-family: arial, helvetica, sans-serif;\">59 \u20ac <\/span><\/td>\n<td style=\"text-align: center; width: 89.5625px;\"><span style=\"font-family: arial, helvetica, sans-serif;\">78 \u20ac<\/span><\/td>\n<td style=\"text-align: center; width: 86.7188px;\"><span style=\"font-family: arial, helvetica, sans-serif;\">80 \u20ac<\/span><\/td>\n<\/tr>\n<tr>\n<td style=\"width: 237.828px;\"><span style=\"font-family: arial, helvetica, sans-serif;\">Revenus compris entre 40 000\u20ac\u00a0 et 50 000\u20ac \/an<\/span><\/td>\n<td style=\"text-align: center; width: 69.25px;\"><span style=\"font-family: arial, helvetica, sans-serif;\"><strong>B<\/strong><\/span><\/td>\n<td style=\"text-align: center; width: 86.6406px;\"><span style=\"font-family: arial, helvetica, sans-serif;\">53 \u20ac<\/span><\/td>\n<td style=\"text-align: center; width: 89.5625px;\"><span style=\"font-family: arial, helvetica, sans-serif;\">73 \u20ac<\/span><\/td>\n<td style=\"text-align: center; width: 86.7188px;\"><span style=\"font-family: arial, helvetica, sans-serif;\">75 \u20ac<\/span><\/td>\n<\/tr>\n<tr>\n<td style=\"width: 237.828px;\"><span style=\"font-family: arial, helvetica, sans-serif;\">Revenus compris entre 30 000\u20ac\u00a0 et 40 000\u20ac \/an<\/span><\/td>\n<td style=\"text-align: center; width: 69.25px;\"><span style=\"font-family: arial, helvetica, sans-serif;\"><strong>C<\/strong><\/span><\/td>\n<td style=\"text-align: center; width: 86.6406px;\"><span style=\"font-family: arial, helvetica, sans-serif;\">48 \u20ac<\/span><\/td>\n<td style=\"text-align: center; width: 89.5625px;\"><span style=\"font-family: arial, helvetica, sans-serif;\">64 \u20ac<\/span><\/td>\n<td style=\"text-align: center; width: 86.7188px;\"><span style=\"font-family: arial, helvetica, sans-serif;\">66 \u20ac<\/span><\/td>\n<\/tr>\n<tr>\n<td style=\"width: 237.828px;\"><span style=\"font-family: arial, helvetica, sans-serif;\">Revenus compris entre 20 000\u20ac et 30 000\u20ac \/an<\/span><\/td>\n<td style=\"text-align: center; width: 69.25px;\"><span style=\"font-family: arial, helvetica, sans-serif;\"><strong>D<\/strong><\/span><\/td>\n<td style=\"text-align: center; width: 86.6406px;\"><span style=\"font-family: arial, helvetica, sans-serif;\">39 \u20ac<\/span><\/td>\n<td style=\"text-align: center; width: 89.5625px;\"><span style=\"font-family: arial, helvetica, sans-serif;\">54 \u20ac<\/span><\/td>\n<td style=\"text-align: center; width: 86.7188px;\"><span style=\"font-family: arial, helvetica, sans-serif;\">55 \u20ac<\/span><\/td>\n<\/tr>\n<tr>\n<td style=\"width: 237.828px;\"><span style=\"font-family: arial, helvetica, sans-serif;\">Revenus inf\u00e9rieurs \u00e0 20 000\u20ac \/an<\/span><\/td>\n<td style=\"text-align: center; width: 69.25px;\"><span style=\"font-family: arial, helvetica, sans-serif;\"><strong>E<\/strong><\/span><\/td>\n<td style=\"text-align: center; width: 86.6406px;\"><span style=\"font-family: arial, helvetica, sans-serif;\">27 \u20ac<\/span><\/td>\n<td style=\"text-align: center; width: 89.5625px;\"><span style=\"font-family: arial, helvetica, sans-serif;\">36 \u20ac<\/span><\/td>\n<td style=\"text-align: center; width: 86.7188px;\"><span style=\"font-family: arial, helvetica, sans-serif;\">37 \u20ac<\/span><\/td>\n<\/tr>\n<\/tbody>\n<\/table>\n<p><span style=\"color: #ffffff;\">.<\/span><\/p>\n<p><span style=\"font-family: arial, helvetica, sans-serif;\">La contribution des familles est destin\u00e9e \u00e0 financer les investissements immobiliers et les \u00e9quipements n\u00e9cessaires, ainsi que les d\u00e9penses li\u00e9es au caract\u00e8re propre de l\u2019\u00e9tablissement et \u00e0 l\u2019organisation de l\u2019enseignement catholique dioc\u00e9sain et national, les charges non prises en compte par l\u2019\u00c9tat et les collectivit\u00e9s.<\/span><\/p>\n<table style=\"width: 592px;\">\n<tbody>\n<tr style=\"height: 95.7656px;\">\n<td style=\"width: 268.05px; height: 95.7656px;\"><span style=\"font-family: arial black, sans-serif; color: #3366ff; font-size: 14pt;\"><strong><u>Acompte d&rsquo;inscription<\/u><\/strong><\/span><\/td>\n<td style=\"width: 103.95px; height: 95.7656px;\">\n<p style=\"text-align: center;\"><span style=\"font-family: arial, helvetica, sans-serif;\">Montant encaiss\u00e9 \u00e0 l\u2019inscription<\/span><\/p>\n<\/td>\n<\/tr>\n<tr style=\"height: 33px;\">\n<td style=\"width: 268.05px; height: 33px;\"><span style=\"font-family: arial, helvetica, sans-serif;\">Montant annuel pour un \u00e9l\u00e8ve de l\u2019<strong>\u00e9cole<\/strong>\u00a0:<\/span><\/td>\n<td style=\"width: 103.95px; text-align: center; height: 33px;\"><span style=\"font-family: arial, helvetica, sans-serif;\">50 \u20ac<\/span><\/td>\n<\/tr>\n<tr style=\"height: 33px;\">\n<td style=\"width: 268.05px; height: 33px;\"><span style=\"font-family: arial, helvetica, sans-serif;\">Montant annuel pour un \u00e9l\u00e8ve du <strong>coll\u00e8ge <\/strong>:<strong><br \/>\n<\/strong><\/span><\/td>\n<td style=\"width: 103.95px; text-align: center; height: 33px;\"><span style=\"font-family: arial, helvetica, sans-serif;\">90 \u20ac<\/span><\/td>\n<\/tr>\n<tr style=\"height: 33px;\">\n<td style=\"width: 268.05px; height: 33px;\"><span style=\"font-family: arial, helvetica, sans-serif;\">Montant annuel pour un \u00e9l\u00e8ve du <strong>lyc\u00e9e professionnel <\/strong>:<strong><br \/>\n<\/strong><\/span><\/td>\n<td style=\"width: 103.95px; text-align: center; height: 33px;\"><span style=\"font-family: arial, helvetica, sans-serif;\">90 \u20ac<\/span><\/td>\n<\/tr>\n<\/tbody>\n<\/table>\n<p><span style=\"text-decoration: underline;\"><em><strong><span style=\"font-family: arial, helvetica, sans-serif;\">Ce montant est acquis pour l&rsquo;\u00e9tablissement, il correspond aux frais administratifs g\u00e9n\u00e9r\u00e9s par l&rsquo;inscription, il n&rsquo;est donc pas rembours\u00e9.<\/span><\/strong><\/em><\/span><\/p>\n<p><strong><span style=\"font-family: arial, helvetica, sans-serif;\"><em><u>Si vous avez plusieurs enfants dans le groupe scolaire, merci de regrouper vos r\u00e8glements<\/u><\/em>\u00a0: <\/span><\/strong><span style=\"font-family: arial, helvetica, sans-serif;\">si vous avez, par exemple, un enfant au primaire et un enfant\u00a0 en 6\u00e8me au coll\u00e8ge, faire un ch\u00e8que de 140 \u20ac (50 + 90).<\/span><\/p>\n<p><span style=\"font-family: arial, helvetica, sans-serif;\"><strong><u>R\u00e9duction sur la Contribution G\u00e9n\u00e9rale<\/u><\/strong><\/span><\/p>\n<p><span style=\"font-family: arial, helvetica, sans-serif;\">Les familles qui inscrivent simultan\u00e9ment plusieurs enfants dans l\u2019\u00e9tablissement b\u00e9n\u00e9ficient d\u2019une r\u00e9duction de\u00a0:<\/span><\/p>\n<ul>\n<li><span style=\"font-family: arial, helvetica, sans-serif;\">50% sur les contributions du 3<sup>\u00e8me<\/sup> enfant (le plus jeune scolaris\u00e9).<\/span><\/li>\n<li><span style=\"font-family: arial, helvetica, sans-serif;\">Gratuit\u00e9 sur les contributions d\u00e8s le 4<sup>\u00e8me<\/sup> enfant<\/span><\/li>\n<\/ul>\n<p><span style=\"font-family: arial, helvetica, sans-serif;\"><strong><em>\u00a0<\/em><\/strong><\/span><\/p>\n<p><span style=\"font-family: arial, helvetica, sans-serif;\"><strong><em>\u00a0<\/em><\/strong><\/span><\/p>\n","protected":false},"excerpt":{"rendered":"<p>Le groupe scolaire Notre Dame des Collines est un \u00e9tablissement d\u2019enseignement sous contrat d\u2019association avec l\u2019\u00c9tat. . Contribution g\u00e9n\u00e9rale des familles (2024\/2025) REVENUS Salaires des 2 parents (revenu fiscal de [&hellip;]<\/p>\n","protected":false},"author":2,"featured_media":0,"parent":0,"menu_order":0,"comment_status":"closed","ping_status":"closed","template":"","meta":{"_acf_changed":false,"jetpack_post_was_ever_published":false,"footnotes":""},"class_list":["post-75","page","type-page","status-publish","hentry"],"acf":[],"yoast_head":"<!-- This site is optimized with the Yoast SEO plugin v24.2 - https:\/\/yoast.com\/wordpress\/plugins\/seo\/ -->\n<title>Tarifs - Lyc\u00e9e Notre Dame des Collines<\/title>\n<meta name=\"robots\" content=\"index, follow, max-snippet:-1, max-image-preview:large, max-video-preview:-1\" \/>\n<link rel=\"canonical\" href=\"https:\/\/www.scolaire-collines.com\/lycee\/tarifs\/\" \/>\n<meta property=\"og:locale\" content=\"fr_FR\" \/>\n<meta property=\"og:type\" content=\"article\" \/>\n<meta property=\"og:title\" content=\"Tarifs - Lyc\u00e9e Notre Dame des Collines\" \/>\n<meta property=\"og:description\" content=\"Le groupe scolaire Notre Dame des Collines est un \u00e9tablissement d\u2019enseignement sous contrat d\u2019association avec l\u2019\u00c9tat. . Contribution g\u00e9n\u00e9rale des familles (2024\/2025) REVENUS Salaires des 2 parents (revenu fiscal de [&hellip;]\" \/>\n<meta property=\"og:url\" content=\"https:\/\/www.scolaire-collines.com\/lycee\/tarifs\/\" \/>\n<meta property=\"og:site_name\" content=\"Lyc\u00e9e Notre Dame des Collines\" \/>\n<meta property=\"article:modified_time\" content=\"2024-01-18T10:41:41+00:00\" \/>\n<meta name=\"twitter:card\" content=\"summary_large_image\" \/>\n<meta name=\"twitter:label1\" content=\"Dur\u00e9e de lecture estim\u00e9e\" \/>\n\t<meta name=\"twitter:data1\" content=\"1 minute\" \/>\n<script type=\"application\/ld+json\" class=\"yoast-schema-graph\">{\"@context\":\"https:\/\/schema.org\",\"@graph\":[{\"@type\":\"WebPage\",\"@id\":\"https:\/\/www.scolaire-collines.com\/lycee\/tarifs\/\",\"url\":\"https:\/\/www.scolaire-collines.com\/lycee\/tarifs\/\",\"name\":\"Tarifs - Lyc\u00e9e Notre Dame des Collines\",\"isPartOf\":{\"@id\":\"https:\/\/www.scolaire-collines.com\/lycee\/#website\"},\"datePublished\":\"2020-04-07T09:00:02+00:00\",\"dateModified\":\"2024-01-18T10:41:41+00:00\",\"breadcrumb\":{\"@id\":\"https:\/\/www.scolaire-collines.com\/lycee\/tarifs\/#breadcrumb\"},\"inLanguage\":\"fr-FR\",\"potentialAction\":[{\"@type\":\"ReadAction\",\"target\":[\"https:\/\/www.scolaire-collines.com\/lycee\/tarifs\/\"]}]},{\"@type\":\"BreadcrumbList\",\"@id\":\"https:\/\/www.scolaire-collines.com\/lycee\/tarifs\/#breadcrumb\",\"itemListElement\":[{\"@type\":\"ListItem\",\"position\":1,\"name\":\"Accueil\",\"item\":\"https:\/\/www.scolaire-collines.com\/lycee\/\"},{\"@type\":\"ListItem\",\"position\":2,\"name\":\"Tarifs\"}]},{\"@type\":\"WebSite\",\"@id\":\"https:\/\/www.scolaire-collines.com\/lycee\/#website\",\"url\":\"https:\/\/www.scolaire-collines.com\/lycee\/\",\"name\":\"Lyc\u00e9e Notre Dame des Collines\",\"description\":\"Un lyc\u00e9e pour apprendre et s&#039;\u00e9panouir\",\"potentialAction\":[{\"@type\":\"SearchAction\",\"target\":{\"@type\":\"EntryPoint\",\"urlTemplate\":\"https:\/\/www.scolaire-collines.com\/lycee\/?s={search_term_string}\"},\"query-input\":{\"@type\":\"PropertyValueSpecification\",\"valueRequired\":true,\"valueName\":\"search_term_string\"}}],\"inLanguage\":\"fr-FR\"}]}<\/script>\n<!-- \/ Yoast SEO plugin. -->","yoast_head_json":{"title":"Tarifs - Lyc\u00e9e Notre Dame des Collines","robots":{"index":"index","follow":"follow","max-snippet":"max-snippet:-1","max-image-preview":"max-image-preview:large","max-video-preview":"max-video-preview:-1"},"canonical":"https:\/\/www.scolaire-collines.com\/lycee\/tarifs\/","og_locale":"fr_FR","og_type":"article","og_title":"Tarifs - Lyc\u00e9e Notre Dame des Collines","og_description":"Le groupe scolaire Notre Dame des Collines est un \u00e9tablissement d\u2019enseignement sous contrat d\u2019association avec l\u2019\u00c9tat. . Contribution g\u00e9n\u00e9rale des familles (2024\/2025) REVENUS Salaires des 2 parents (revenu fiscal de [&hellip;]","og_url":"https:\/\/www.scolaire-collines.com\/lycee\/tarifs\/","og_site_name":"Lyc\u00e9e Notre Dame des Collines","article_modified_time":"2024-01-18T10:41:41+00:00","twitter_card":"summary_large_image","twitter_misc":{"Dur\u00e9e de lecture estim\u00e9e":"1 minute"},"schema":{"@context":"https:\/\/schema.org","@graph":[{"@type":"WebPage","@id":"https:\/\/www.scolaire-collines.com\/lycee\/tarifs\/","url":"https:\/\/www.scolaire-collines.com\/lycee\/tarifs\/","name":"Tarifs - Lyc\u00e9e Notre Dame des Collines","isPartOf":{"@id":"https:\/\/www.scolaire-collines.com\/lycee\/#website"},"datePublished":"2020-04-07T09:00:02+00:00","dateModified":"2024-01-18T10:41:41+00:00","breadcrumb":{"@id":"https:\/\/www.scolaire-collines.com\/lycee\/tarifs\/#breadcrumb"},"inLanguage":"fr-FR","potentialAction":[{"@type":"ReadAction","target":["https:\/\/www.scolaire-collines.com\/lycee\/tarifs\/"]}]},{"@type":"BreadcrumbList","@id":"https:\/\/www.scolaire-collines.com\/lycee\/tarifs\/#breadcrumb","itemListElement":[{"@type":"ListItem","position":1,"name":"Accueil","item":"https:\/\/www.scolaire-collines.com\/lycee\/"},{"@type":"ListItem","position":2,"name":"Tarifs"}]},{"@type":"WebSite","@id":"https:\/\/www.scolaire-collines.com\/lycee\/#website","url":"https:\/\/www.scolaire-collines.com\/lycee\/","name":"Lyc\u00e9e Notre Dame des Collines","description":"Un lyc\u00e9e pour apprendre et s&#039;\u00e9panouir","potentialAction":[{"@type":"SearchAction","target":{"@type":"EntryPoint","urlTemplate":"https:\/\/www.scolaire-collines.com\/lycee\/?s={search_term_string}"},"query-input":{"@type":"PropertyValueSpecification","valueRequired":true,"valueName":"search_term_string"}}],"inLanguage":"fr-FR"}]}},"jetpack_sharing_enabled":true,"jetpack_shortlink":"https:\/\/wp.me\/P9EMeB-1d","jetpack-related-posts":[],"_links":{"self":[{"href":"https:\/\/www.scolaire-collines.com\/lycee\/wp-json\/wp\/v2\/pages\/75","targetHints":{"allow":["GET"]}}],"collection":[{"href":"https:\/\/www.scolaire-collines.com\/lycee\/wp-json\/wp\/v2\/pages"}],"about":[{"href":"https:\/\/www.scolaire-collines.com\/lycee\/wp-json\/wp\/v2\/types\/page"}],"author":[{"embeddable":true,"href":"https:\/\/www.scolaire-collines.com\/lycee\/wp-json\/wp\/v2\/users\/2"}],"replies":[{"embeddable":true,"href":"https:\/\/www.scolaire-collines.com\/lycee\/wp-json\/wp\/v2\/comments?post=75"}],"version-history":[{"count":9,"href":"https:\/\/www.scolaire-collines.com\/lycee\/wp-json\/wp\/v2\/pages\/75\/revisions"}],"predecessor-version":[{"id":722,"href":"https:\/\/www.scolaire-collines.com\/lycee\/wp-json\/wp\/v2\/pages\/75\/revisions\/722"}],"wp:attachment":[{"href":"https:\/\/www.scolaire-collines.com\/lycee\/wp-json\/wp\/v2\/media?parent=75"}],"curies":[{"name":"wp","href":"https:\/\/api.w.org\/{rel}","templated":true}]}}