{"id":37,"date":"2016-11-25T17:17:38","date_gmt":"2016-11-25T16:17:38","guid":{"rendered":"http:\/\/www.scolaire-collines.com\/lycee-ndc\/?page_id=37"},"modified":"2023-03-23T16:36:34","modified_gmt":"2023-03-23T15:36:34","slug":"formations","status":"publish","type":"page","link":"https:\/\/www.scolaire-collines.com\/lycee\/formations\/","title":{"rendered":"Formations"},"content":{"rendered":"<h4><a href=\"http:\/\/www.scolaire-collines.com\/lycee\/secteur-pre-professionnel\/\"><span style=\"font-family: arial,helvetica,sans-serif; color: #3366ff;\">Secteur pr\u00e9-professionnel<\/span><\/a><\/h4>\n<h4><a href=\"http:\/\/www.scolaire-collines.com\/lycee\/pole-batiment\/\"><span style=\"font-family: arial,helvetica,sans-serif; color: #3366ff;\">P\u00f4le B\u00e2timent<\/span><\/a><\/h4>\n<h4><a href=\"http:\/\/www.scolaire-collines.com\/lycee\/pole-tertiaire\/\"><span style=\"font-family: arial,helvetica,sans-serif; color: #3366ff;\">P\u00f4le tertiaire<\/span><\/a><\/h4>\n","protected":false},"excerpt":{"rendered":"<p>Secteur pr\u00e9-professionnel P\u00f4le B\u00e2timent P\u00f4le tertiaire<\/p>\n","protected":false},"author":2,"featured_media":0,"parent":0,"menu_order":0,"comment_status":"closed","ping_status":"closed","template":"","meta":{"_acf_changed":false,"jetpack_post_was_ever_published":false,"footnotes":""},"class_list":["post-37","page","type-page","status-publish","hentry"],"acf":[],"yoast_head":"<!-- This site is optimized with the Yoast SEO plugin v24.2 - https:\/\/yoast.com\/wordpress\/plugins\/seo\/ -->\n<title>Formations - Lyc\u00e9e Notre Dame des Collines<\/title>\n<meta name=\"robots\" content=\"index, follow, max-snippet:-1, max-image-preview:large, max-video-preview:-1\" \/>\n<link rel=\"canonical\" href=\"http:\/\/www.scolaire-collines.com\/lycee\/formations\/\" \/>\n<meta property=\"og:locale\" content=\"fr_FR\" \/>\n<meta property=\"og:type\" content=\"article\" \/>\n<meta property=\"og:title\" content=\"Formations - Lyc\u00e9e Notre Dame des Collines\" \/>\n<meta property=\"og:description\" content=\"Secteur pr\u00e9-professionnel P\u00f4le B\u00e2timent P\u00f4le tertiaire\" \/>\n<meta property=\"og:url\" content=\"http:\/\/www.scolaire-collines.com\/lycee\/formations\/\" \/>\n<meta property=\"og:site_name\" content=\"Lyc\u00e9e Notre Dame des Collines\" \/>\n<meta property=\"article:modified_time\" content=\"2023-03-23T15:36:34+00:00\" \/>\n<meta name=\"twitter:card\" content=\"summary_large_image\" \/>\n<script type=\"application\/ld+json\" class=\"yoast-schema-graph\">{\"@context\":\"https:\/\/schema.org\",\"@graph\":[{\"@type\":\"WebPage\",\"@id\":\"http:\/\/www.scolaire-collines.com\/lycee\/formations\/\",\"url\":\"http:\/\/www.scolaire-collines.com\/lycee\/formations\/\",\"name\":\"Formations - Lyc\u00e9e Notre Dame des Collines\",\"isPartOf\":{\"@id\":\"http:\/\/www.scolaire-collines.com\/lycee\/#website\"},\"datePublished\":\"2016-11-25T16:17:38+00:00\",\"dateModified\":\"2023-03-23T15:36:34+00:00\",\"breadcrumb\":{\"@id\":\"http:\/\/www.scolaire-collines.com\/lycee\/formations\/#breadcrumb\"},\"inLanguage\":\"fr-FR\",\"potentialAction\":[{\"@type\":\"ReadAction\",\"target\":[\"http:\/\/www.scolaire-collines.com\/lycee\/formations\/\"]}]},{\"@type\":\"BreadcrumbList\",\"@id\":\"http:\/\/www.scolaire-collines.com\/lycee\/formations\/#breadcrumb\",\"itemListElement\":[{\"@type\":\"ListItem\",\"position\":1,\"name\":\"Accueil\",\"item\":\"http:\/\/www.scolaire-collines.com\/lycee\/\"},{\"@type\":\"ListItem\",\"position\":2,\"name\":\"Formations\"}]},{\"@type\":\"WebSite\",\"@id\":\"http:\/\/www.scolaire-collines.com\/lycee\/#website\",\"url\":\"http:\/\/www.scolaire-collines.com\/lycee\/\",\"name\":\"Lyc\u00e9e Notre Dame des Collines\",\"description\":\"Un lyc\u00e9e pour apprendre et s&#039;\u00e9panouir\",\"potentialAction\":[{\"@type\":\"SearchAction\",\"target\":{\"@type\":\"EntryPoint\",\"urlTemplate\":\"http:\/\/www.scolaire-collines.com\/lycee\/?s={search_term_string}\"},\"query-input\":{\"@type\":\"PropertyValueSpecification\",\"valueRequired\":true,\"valueName\":\"search_term_string\"}}],\"inLanguage\":\"fr-FR\"}]}<\/script>\n<!-- \/ Yoast SEO plugin. -->","yoast_head_json":{"title":"Formations - Lyc\u00e9e Notre Dame des Collines","robots":{"index":"index","follow":"follow","max-snippet":"max-snippet:-1","max-image-preview":"max-image-preview:large","max-video-preview":"max-video-preview:-1"},"canonical":"http:\/\/www.scolaire-collines.com\/lycee\/formations\/","og_locale":"fr_FR","og_type":"article","og_title":"Formations - Lyc\u00e9e Notre Dame des Collines","og_description":"Secteur pr\u00e9-professionnel P\u00f4le B\u00e2timent P\u00f4le tertiaire","og_url":"http:\/\/www.scolaire-collines.com\/lycee\/formations\/","og_site_name":"Lyc\u00e9e Notre Dame des Collines","article_modified_time":"2023-03-23T15:36:34+00:00","twitter_card":"summary_large_image","schema":{"@context":"https:\/\/schema.org","@graph":[{"@type":"WebPage","@id":"http:\/\/www.scolaire-collines.com\/lycee\/formations\/","url":"http:\/\/www.scolaire-collines.com\/lycee\/formations\/","name":"Formations - Lyc\u00e9e Notre Dame des Collines","isPartOf":{"@id":"http:\/\/www.scolaire-collines.com\/lycee\/#website"},"datePublished":"2016-11-25T16:17:38+00:00","dateModified":"2023-03-23T15:36:34+00:00","breadcrumb":{"@id":"http:\/\/www.scolaire-collines.com\/lycee\/formations\/#breadcrumb"},"inLanguage":"fr-FR","potentialAction":[{"@type":"ReadAction","target":["http:\/\/www.scolaire-collines.com\/lycee\/formations\/"]}]},{"@type":"BreadcrumbList","@id":"http:\/\/www.scolaire-collines.com\/lycee\/formations\/#breadcrumb","itemListElement":[{"@type":"ListItem","position":1,"name":"Accueil","item":"http:\/\/www.scolaire-collines.com\/lycee\/"},{"@type":"ListItem","position":2,"name":"Formations"}]},{"@type":"WebSite","@id":"http:\/\/www.scolaire-collines.com\/lycee\/#website","url":"http:\/\/www.scolaire-collines.com\/lycee\/","name":"Lyc\u00e9e Notre Dame des Collines","description":"Un lyc\u00e9e pour apprendre et s&#039;\u00e9panouir","potentialAction":[{"@type":"SearchAction","target":{"@type":"EntryPoint","urlTemplate":"http:\/\/www.scolaire-collines.com\/lycee\/?s={search_term_string}"},"query-input":{"@type":"PropertyValueSpecification","valueRequired":true,"valueName":"search_term_string"}}],"inLanguage":"fr-FR"}]}},"jetpack_sharing_enabled":true,"jetpack_shortlink":"https:\/\/wp.me\/P9EMeB-B","jetpack-related-posts":[],"_links":{"self":[{"href":"https:\/\/www.scolaire-collines.com\/lycee\/wp-json\/wp\/v2\/pages\/37","targetHints":{"allow":["GET"]}}],"collection":[{"href":"https:\/\/www.scolaire-collines.com\/lycee\/wp-json\/wp\/v2\/pages"}],"about":[{"href":"https:\/\/www.scolaire-collines.com\/lycee\/wp-json\/wp\/v2\/types\/page"}],"author":[{"embeddable":true,"href":"https:\/\/www.scolaire-collines.com\/lycee\/wp-json\/wp\/v2\/users\/2"}],"replies":[{"embeddable":true,"href":"https:\/\/www.scolaire-collines.com\/lycee\/wp-json\/wp\/v2\/comments?post=37"}],"version-history":[{"count":7,"href":"https:\/\/www.scolaire-collines.com\/lycee\/wp-json\/wp\/v2\/pages\/37\/revisions"}],"predecessor-version":[{"id":687,"href":"https:\/\/www.scolaire-collines.com\/lycee\/wp-json\/wp\/v2\/pages\/37\/revisions\/687"}],"wp:attachment":[{"href":"https:\/\/www.scolaire-collines.com\/lycee\/wp-json\/wp\/v2\/media?parent=37"}],"curies":[{"name":"wp","href":"https:\/\/api.w.org\/{rel}","templated":true}]}}