{"id":732,"date":"2016-11-28T16:35:07","date_gmt":"2016-11-28T15:35:07","guid":{"rendered":"http:\/\/www.scolaire-collines.com\/college\/?page_id=732"},"modified":"2016-11-28T16:50:16","modified_gmt":"2016-11-28T15:50:16","slug":"ludotheque","status":"publish","type":"page","link":"https:\/\/www.scolaire-collines.com\/college\/infos-pratiques\/les-activites-du-temps-de-midi\/ludotheque\/","title":{"rendered":"Ludoth\u00e8que"},"content":{"rendered":"<p><strong><a href=\"http:\/\/www.scolaire-collines.com\/college\/wp-content\/uploads\/2011\/01\/animation-avec-la-ludoth\u00e8que.jpg\"><img loading=\"lazy\" decoding=\"async\" class=\"aligncenter size-full wp-image-733\" title=\"animation avec la ludoth\u00e8que\" src=\"http:\/\/www.scolaire-collines.com\/college\/wp-content\/uploads\/2011\/01\/animation-avec-la-ludoth\u00e8que.jpg\" alt=\"\" width=\"296\" height=\"197\" \/><\/a><\/strong><\/p>\n<p style=\"text-align: justify;\"><span style=\"font-family: arial,helvetica,sans-serif;\"><strong>Une fois par mois, les animatrices de la ludoth\u00e8que de Rive de Gier viennent aux Collines pour pr\u00e9senter des jeux originaux pour le grand bonheur des \u00e9l\u00e8ves.<\/strong><\/span><\/p>\n","protected":false},"excerpt":{"rendered":"<p>Une fois par mois, les animatrices de la ludoth\u00e8que de Rive de Gier viennent aux Collines pour pr\u00e9senter des jeux originaux pour le grand bonheur des \u00e9l\u00e8ves.<\/p>\n","protected":false},"author":1,"featured_media":0,"parent":695,"menu_order":8,"comment_status":"closed","ping_status":"closed","template":"","meta":{"_acf_changed":false,"_et_pb_use_builder":"","_et_pb_old_content":"","_et_gb_content_width":"","footnotes":""},"class_list":["post-732","page","type-page","status-publish","hentry"],"acf":[],"yoast_head":"<!-- This site is optimized with the Yoast SEO plugin v27.4 - https:\/\/yoast.com\/product\/yoast-seo-wordpress\/ -->\n<title>Ludoth\u00e8que - Coll\u00e8ge Notre-Dame des Collines<\/title>\n<meta name=\"robots\" content=\"index, follow, max-snippet:-1, max-image-preview:large, max-video-preview:-1\" \/>\n<link rel=\"canonical\" href=\"http:\/\/www.scolaire-collines.com\/college\/infos-pratiques\/les-activites-du-temps-de-midi\/ludotheque\/\" \/>\n<meta property=\"og:locale\" content=\"fr_FR\" \/>\n<meta property=\"og:type\" content=\"article\" \/>\n<meta property=\"og:title\" content=\"Ludoth\u00e8que - Coll\u00e8ge Notre-Dame des Collines\" \/>\n<meta property=\"og:description\" content=\"Une fois par mois, les animatrices de la ludoth\u00e8que de Rive de Gier viennent aux Collines pour pr\u00e9senter des jeux originaux pour le grand bonheur des \u00e9l\u00e8ves.\" \/>\n<meta property=\"og:url\" content=\"http:\/\/www.scolaire-collines.com\/college\/infos-pratiques\/les-activites-du-temps-de-midi\/ludotheque\/\" \/>\n<meta property=\"og:site_name\" content=\"Coll\u00e8ge Notre-Dame des Collines\" \/>\n<meta property=\"article:modified_time\" content=\"2016-11-28T15:50:16+00:00\" \/>\n<meta name=\"twitter:card\" content=\"summary_large_image\" \/>\n<script type=\"application\/ld+json\" class=\"yoast-schema-graph\">{\"@context\":\"https:\\\/\\\/schema.org\",\"@graph\":[{\"@type\":\"WebPage\",\"@id\":\"http:\\\/\\\/www.scolaire-collines.com\\\/college\\\/infos-pratiques\\\/les-activites-du-temps-de-midi\\\/ludotheque\\\/\",\"url\":\"http:\\\/\\\/www.scolaire-collines.com\\\/college\\\/infos-pratiques\\\/les-activites-du-temps-de-midi\\\/ludotheque\\\/\",\"name\":\"Ludoth\u00e8que - Coll\u00e8ge Notre-Dame des Collines\",\"isPartOf\":{\"@id\":\"http:\\\/\\\/www.scolaire-collines.com\\\/college\\\/#website\"},\"datePublished\":\"2016-11-28T15:35:07+00:00\",\"dateModified\":\"2016-11-28T15:50:16+00:00\",\"breadcrumb\":{\"@id\":\"http:\\\/\\\/www.scolaire-collines.com\\\/college\\\/infos-pratiques\\\/les-activites-du-temps-de-midi\\\/ludotheque\\\/#breadcrumb\"},\"inLanguage\":\"fr-FR\",\"potentialAction\":[{\"@type\":\"ReadAction\",\"target\":[\"http:\\\/\\\/www.scolaire-collines.com\\\/college\\\/infos-pratiques\\\/les-activites-du-temps-de-midi\\\/ludotheque\\\/\"]}]},{\"@type\":\"BreadcrumbList\",\"@id\":\"http:\\\/\\\/www.scolaire-collines.com\\\/college\\\/infos-pratiques\\\/les-activites-du-temps-de-midi\\\/ludotheque\\\/#breadcrumb\",\"itemListElement\":[{\"@type\":\"ListItem\",\"position\":1,\"name\":\"Accueil\",\"item\":\"https:\\\/\\\/www.scolaire-collines.com\\\/college\\\/\"},{\"@type\":\"ListItem\",\"position\":2,\"name\":\"Infos pratiques\",\"item\":\"http:\\\/\\\/www.scolaire-collines.com\\\/college\\\/infos-pratiques\\\/\"},{\"@type\":\"ListItem\",\"position\":3,\"name\":\"Le temps de midi\",\"item\":\"http:\\\/\\\/www.scolaire-collines.com\\\/college\\\/infos-pratiques\\\/les-activites-du-temps-de-midi\\\/\"},{\"@type\":\"ListItem\",\"position\":4,\"name\":\"Ludoth\u00e8que\"}]},{\"@type\":\"WebSite\",\"@id\":\"http:\\\/\\\/www.scolaire-collines.com\\\/college\\\/#website\",\"url\":\"http:\\\/\\\/www.scolaire-collines.com\\\/college\\\/\",\"name\":\"Coll\u00e8ge Notre-Dame des Collines\",\"description\":\"Un coll\u00e8ge qui fait grandir\",\"potentialAction\":[{\"@type\":\"SearchAction\",\"target\":{\"@type\":\"EntryPoint\",\"urlTemplate\":\"http:\\\/\\\/www.scolaire-collines.com\\\/college\\\/?s={search_term_string}\"},\"query-input\":{\"@type\":\"PropertyValueSpecification\",\"valueRequired\":true,\"valueName\":\"search_term_string\"}}],\"inLanguage\":\"fr-FR\"}]}<\/script>\n<!-- \/ Yoast SEO plugin. -->","yoast_head_json":{"title":"Ludoth\u00e8que - Coll\u00e8ge Notre-Dame des Collines","robots":{"index":"index","follow":"follow","max-snippet":"max-snippet:-1","max-image-preview":"max-image-preview:large","max-video-preview":"max-video-preview:-1"},"canonical":"http:\/\/www.scolaire-collines.com\/college\/infos-pratiques\/les-activites-du-temps-de-midi\/ludotheque\/","og_locale":"fr_FR","og_type":"article","og_title":"Ludoth\u00e8que - Coll\u00e8ge Notre-Dame des Collines","og_description":"Une fois par mois, les animatrices de la ludoth\u00e8que de Rive de Gier viennent aux Collines pour pr\u00e9senter des jeux originaux pour le grand bonheur des \u00e9l\u00e8ves.","og_url":"http:\/\/www.scolaire-collines.com\/college\/infos-pratiques\/les-activites-du-temps-de-midi\/ludotheque\/","og_site_name":"Coll\u00e8ge Notre-Dame des Collines","article_modified_time":"2016-11-28T15:50:16+00:00","twitter_card":"summary_large_image","schema":{"@context":"https:\/\/schema.org","@graph":[{"@type":"WebPage","@id":"http:\/\/www.scolaire-collines.com\/college\/infos-pratiques\/les-activites-du-temps-de-midi\/ludotheque\/","url":"http:\/\/www.scolaire-collines.com\/college\/infos-pratiques\/les-activites-du-temps-de-midi\/ludotheque\/","name":"Ludoth\u00e8que - Coll\u00e8ge Notre-Dame des Collines","isPartOf":{"@id":"http:\/\/www.scolaire-collines.com\/college\/#website"},"datePublished":"2016-11-28T15:35:07+00:00","dateModified":"2016-11-28T15:50:16+00:00","breadcrumb":{"@id":"http:\/\/www.scolaire-collines.com\/college\/infos-pratiques\/les-activites-du-temps-de-midi\/ludotheque\/#breadcrumb"},"inLanguage":"fr-FR","potentialAction":[{"@type":"ReadAction","target":["http:\/\/www.scolaire-collines.com\/college\/infos-pratiques\/les-activites-du-temps-de-midi\/ludotheque\/"]}]},{"@type":"BreadcrumbList","@id":"http:\/\/www.scolaire-collines.com\/college\/infos-pratiques\/les-activites-du-temps-de-midi\/ludotheque\/#breadcrumb","itemListElement":[{"@type":"ListItem","position":1,"name":"Accueil","item":"https:\/\/www.scolaire-collines.com\/college\/"},{"@type":"ListItem","position":2,"name":"Infos pratiques","item":"http:\/\/www.scolaire-collines.com\/college\/infos-pratiques\/"},{"@type":"ListItem","position":3,"name":"Le temps de midi","item":"http:\/\/www.scolaire-collines.com\/college\/infos-pratiques\/les-activites-du-temps-de-midi\/"},{"@type":"ListItem","position":4,"name":"Ludoth\u00e8que"}]},{"@type":"WebSite","@id":"http:\/\/www.scolaire-collines.com\/college\/#website","url":"http:\/\/www.scolaire-collines.com\/college\/","name":"Coll\u00e8ge Notre-Dame des Collines","description":"Un coll\u00e8ge qui fait grandir","potentialAction":[{"@type":"SearchAction","target":{"@type":"EntryPoint","urlTemplate":"http:\/\/www.scolaire-collines.com\/college\/?s={search_term_string}"},"query-input":{"@type":"PropertyValueSpecification","valueRequired":true,"valueName":"search_term_string"}}],"inLanguage":"fr-FR"}]}},"_links":{"self":[{"href":"https:\/\/www.scolaire-collines.com\/college\/wp-json\/wp\/v2\/pages\/732","targetHints":{"allow":["GET"]}}],"collection":[{"href":"https:\/\/www.scolaire-collines.com\/college\/wp-json\/wp\/v2\/pages"}],"about":[{"href":"https:\/\/www.scolaire-collines.com\/college\/wp-json\/wp\/v2\/types\/page"}],"author":[{"embeddable":true,"href":"https:\/\/www.scolaire-collines.com\/college\/wp-json\/wp\/v2\/users\/1"}],"replies":[{"embeddable":true,"href":"https:\/\/www.scolaire-collines.com\/college\/wp-json\/wp\/v2\/comments?post=732"}],"version-history":[{"count":2,"href":"https:\/\/www.scolaire-collines.com\/college\/wp-json\/wp\/v2\/pages\/732\/revisions"}],"predecessor-version":[{"id":2187,"href":"https:\/\/www.scolaire-collines.com\/college\/wp-json\/wp\/v2\/pages\/732\/revisions\/2187"}],"up":[{"embeddable":true,"href":"https:\/\/www.scolaire-collines.com\/college\/wp-json\/wp\/v2\/pages\/695"}],"wp:attachment":[{"href":"https:\/\/www.scolaire-collines.com\/college\/wp-json\/wp\/v2\/media?parent=732"}],"curies":[{"name":"wp","href":"https:\/\/api.w.org\/{rel}","templated":true}]}}