{"id":457,"date":"2016-11-28T12:00:33","date_gmt":"2016-11-28T11:00:33","guid":{"rendered":"http:\/\/www.scolaire-collines.com\/college\/?page_id=457"},"modified":"2022-11-17T12:11:27","modified_gmt":"2022-11-17T11:11:27","slug":"theatre","status":"publish","type":"page","link":"https:\/\/www.scolaire-collines.com\/college\/a-propos\/les-options\/theatre\/","title":{"rendered":"Th\u00e9\u00e2tre d&rsquo;ombres"},"content":{"rendered":"<p style=\"text-align: left;\">\u00a0<span style=\"font-family: arial,helvetica,sans-serif;\">\u00a0\u00a0\u00a0\u00a0\u00a0\u00a0<\/span><\/p>\n<div class=\"mceTemp mceIEcenter\"><span style=\"font-family: arial,helvetica,sans-serif;\">\u00a0<\/span><\/div>\n<h4 style=\"text-align: left;\"><span style=\"font-family: arial,helvetica,sans-serif;\"><span style=\"color: #888888;\">(professeurs responsables :<\/span> <span style=\"color: #99cc00;\">BONNART Isabelle &#8211; RABKA Edith<\/span><span style=\"color: #888888;\">)<\/span><\/span><\/h4>\n<h4 style=\"text-align: left;\"><span style=\"color: #888888; font-family: arial,helvetica,sans-serif;\">Cette option est enseign\u00e9e toutes les semaines, \u00e0 des \u00e9l\u00e8ves volontaires du niveau 6\u00e8me, pendant une heure de cours.<\/span><\/h4>\n<div class=\"mceTemp mceIEcenter\"><span style=\"font-family: arial,helvetica,sans-serif;\">\u00a0<\/span><\/div>\n<p><img loading=\"lazy\" decoding=\"async\" class=\"aligncenter size-full wp-image-534\" src=\"http:\/\/www.scolaire-collines.com\/college\/wp-content\/uploads\/2010\/11\/th\u00e9\u00e2tre012.jpg\" alt=\"\" width=\"461\" height=\"346\" \/><\/p>\n<h4><span style=\"color: #ffffff;\">.<\/span><\/h4>\n<p><span style=\"font-family: arial,helvetica,sans-serif;\"><span style=\"color: #99cc00;\">Objectifs :<\/span> <span style=\"color: #888888;\">permettre \u00e0 l&rsquo;\u00e9l\u00e8ve\u00a0\u00a0\u00a0\u00a0<\/span>\u00a0\u00a0<\/span><\/p>\n<ul>\n<li><span style=\"color: #888888; font-family: arial,helvetica,sans-serif;\">de conna\u00eetre le th\u00e9\u00e2tre et ses techniques\u00a0\u00a0\u00a0\u00a0\u00a0<\/span><\/li>\n<li><span style=\"color: #888888; font-family: arial,helvetica,sans-serif;\">de d\u00e9velopper ses comp\u00e9tences \u00e0 l&rsquo;oral\u00a0\u00a0\u00a0\u00a0\u00a0<\/span><\/li>\n<li><span style=\"color: #888888; font-family: arial,helvetica,sans-serif;\">de g\u00e9rer son stress si n\u00e9cessaire\u00a0\u00a0\u00a0\u00a0\u00a0<\/span><\/li>\n<li><span style=\"color: #888888; font-family: arial,helvetica,sans-serif;\">d&rsquo;\u00eatre mieux dans son corps, d&rsquo;acqu\u00e9rir de la confiance en soi et en autrui.\u00a0\u00a0\u00a0<\/span><\/li>\n<\/ul>\n<p><span style=\"font-family: arial,helvetica,sans-serif;\"><span style=\"color: #000000;\">\u00a0<\/span>\u00a0\u00a0\u00a0\u00a0\u00a0\u00a0<\/span><\/p>\n<p><span style=\"font-family: arial,helvetica,sans-serif;\"><span style=\"color: #99cc00;\">R\u00e9alisations : <\/span>\u00a0\u00a0\u00a0\u00a0\u00a0\u00a0<\/span><\/p>\n<p><span style=\"color: #000000;\"><span style=\"color: #888888;\">Chaque ann\u00e9e, un<\/span> <span style=\"color: #99cc00;\">spectacle<\/span> <span style=\"color: #888888;\">vient concr\u00e9tiser cet enseignement.<\/span><\/span><span style=\"color: #888888;\">\u00a0\u00a0\u00a0<\/span><\/p>\n<p><span style=\"color: #000000;\">\u00a0<\/span><\/p>\n<p><span style=\"color: #99cc00;\">Conditions : <\/span><\/p>\n<p><span style=\"color: #888888;\">Un engagement personnel et une pr\u00e9sence active sont n\u00e9cessaires tout au long de l&rsquo;ann\u00e9e.<\/span><span style=\"color: #99cc00;\">\u00a0<\/span><span style=\"color: #99cc00;\">\u00a0\u00a0\u00a0\u00a0<\/span><\/p>\n","protected":false},"excerpt":{"rendered":"<p>\u00a0\u00a0\u00a0\u00a0\u00a0\u00a0\u00a0 \u00a0 (professeurs responsables : BONNART Isabelle &#8211; RABKA Edith) Cette option est enseign\u00e9e toutes les semaines, \u00e0 des \u00e9l\u00e8ves volontaires du niveau 6\u00e8me, pendant une heure de cours. \u00a0 . Objectifs : permettre \u00e0 l&rsquo;\u00e9l\u00e8ve\u00a0\u00a0\u00a0\u00a0\u00a0\u00a0 de conna\u00eetre le th\u00e9\u00e2tre et ses techniques\u00a0\u00a0\u00a0\u00a0\u00a0 de d\u00e9velopper ses comp\u00e9tences \u00e0 l&rsquo;oral\u00a0\u00a0\u00a0\u00a0\u00a0 de g\u00e9rer son stress si n\u00e9cessaire\u00a0\u00a0\u00a0\u00a0\u00a0 [&hellip;]<\/p>\n","protected":false},"author":1,"featured_media":0,"parent":369,"menu_order":4,"comment_status":"closed","ping_status":"closed","template":"","meta":{"_acf_changed":false,"_et_pb_use_builder":"","_et_pb_old_content":"","_et_gb_content_width":"","footnotes":""},"class_list":["post-457","page","type-page","status-publish","hentry"],"acf":[],"yoast_head":"<!-- This site is optimized with the Yoast SEO plugin v26.4 - https:\/\/yoast.com\/wordpress\/plugins\/seo\/ -->\n<title>Th\u00e9\u00e2tre d&#039;ombres - Coll\u00e8ge Notre-Dame des Collines<\/title>\n<meta name=\"robots\" content=\"index, follow, max-snippet:-1, max-image-preview:large, max-video-preview:-1\" \/>\n<link rel=\"canonical\" href=\"https:\/\/www.scolaire-collines.com\/college\/a-propos\/les-options\/theatre\/\" \/>\n<meta property=\"og:locale\" content=\"fr_FR\" \/>\n<meta property=\"og:type\" content=\"article\" \/>\n<meta property=\"og:title\" content=\"Th\u00e9\u00e2tre d&#039;ombres - Coll\u00e8ge Notre-Dame des Collines\" \/>\n<meta property=\"og:description\" content=\"\u00a0\u00a0\u00a0\u00a0\u00a0\u00a0\u00a0 \u00a0 (professeurs responsables : BONNART Isabelle &#8211; RABKA Edith) Cette option est enseign\u00e9e toutes les semaines, \u00e0 des \u00e9l\u00e8ves volontaires du niveau 6\u00e8me, pendant une heure de cours. \u00a0 . Objectifs : permettre \u00e0 l&rsquo;\u00e9l\u00e8ve\u00a0\u00a0\u00a0\u00a0\u00a0\u00a0 de conna\u00eetre le th\u00e9\u00e2tre et ses techniques\u00a0\u00a0\u00a0\u00a0\u00a0 de d\u00e9velopper ses comp\u00e9tences \u00e0 l&rsquo;oral\u00a0\u00a0\u00a0\u00a0\u00a0 de g\u00e9rer son stress si n\u00e9cessaire\u00a0\u00a0\u00a0\u00a0\u00a0 [&hellip;]\" \/>\n<meta property=\"og:url\" content=\"https:\/\/www.scolaire-collines.com\/college\/a-propos\/les-options\/theatre\/\" \/>\n<meta property=\"og:site_name\" content=\"Coll\u00e8ge Notre-Dame des Collines\" \/>\n<meta property=\"article:modified_time\" content=\"2022-11-17T11:11:27+00:00\" \/>\n<meta name=\"twitter:card\" content=\"summary_large_image\" \/>\n<meta name=\"twitter:label1\" content=\"Dur\u00e9e de lecture estim\u00e9e\" \/>\n\t<meta name=\"twitter:data1\" content=\"1 minute\" \/>\n<script type=\"application\/ld+json\" class=\"yoast-schema-graph\">{\"@context\":\"https:\/\/schema.org\",\"@graph\":[{\"@type\":\"WebPage\",\"@id\":\"https:\/\/www.scolaire-collines.com\/college\/a-propos\/les-options\/theatre\/\",\"url\":\"https:\/\/www.scolaire-collines.com\/college\/a-propos\/les-options\/theatre\/\",\"name\":\"Th\u00e9\u00e2tre d'ombres - Coll\u00e8ge Notre-Dame des Collines\",\"isPartOf\":{\"@id\":\"http:\/\/www.scolaire-collines.com\/college\/#website\"},\"datePublished\":\"2016-11-28T11:00:33+00:00\",\"dateModified\":\"2022-11-17T11:11:27+00:00\",\"breadcrumb\":{\"@id\":\"https:\/\/www.scolaire-collines.com\/college\/a-propos\/les-options\/theatre\/#breadcrumb\"},\"inLanguage\":\"fr-FR\",\"potentialAction\":[{\"@type\":\"ReadAction\",\"target\":[\"https:\/\/www.scolaire-collines.com\/college\/a-propos\/les-options\/theatre\/\"]}]},{\"@type\":\"BreadcrumbList\",\"@id\":\"https:\/\/www.scolaire-collines.com\/college\/a-propos\/les-options\/theatre\/#breadcrumb\",\"itemListElement\":[{\"@type\":\"ListItem\",\"position\":1,\"name\":\"Accueil\",\"item\":\"http:\/\/www.scolaire-collines.com\/college\/\"},{\"@type\":\"ListItem\",\"position\":2,\"name\":\"Les classes\",\"item\":\"http:\/\/www.scolaire-collines.com\/college\/a-propos\/\"},{\"@type\":\"ListItem\",\"position\":3,\"name\":\"Nos sp\u00e9cificit\u00e9s\",\"item\":\"http:\/\/www.scolaire-collines.com\/college\/a-propos\/les-options\/\"},{\"@type\":\"ListItem\",\"position\":4,\"name\":\"Th\u00e9\u00e2tre d&rsquo;ombres\"}]},{\"@type\":\"WebSite\",\"@id\":\"http:\/\/www.scolaire-collines.com\/college\/#website\",\"url\":\"http:\/\/www.scolaire-collines.com\/college\/\",\"name\":\"Coll\u00e8ge Notre-Dame des Collines\",\"description\":\"Un coll\u00e8ge qui fait grandir\",\"potentialAction\":[{\"@type\":\"SearchAction\",\"target\":{\"@type\":\"EntryPoint\",\"urlTemplate\":\"http:\/\/www.scolaire-collines.com\/college\/?s={search_term_string}\"},\"query-input\":{\"@type\":\"PropertyValueSpecification\",\"valueRequired\":true,\"valueName\":\"search_term_string\"}}],\"inLanguage\":\"fr-FR\"}]}<\/script>\n<!-- \/ Yoast SEO plugin. -->","yoast_head_json":{"title":"Th\u00e9\u00e2tre d'ombres - Coll\u00e8ge Notre-Dame des Collines","robots":{"index":"index","follow":"follow","max-snippet":"max-snippet:-1","max-image-preview":"max-image-preview:large","max-video-preview":"max-video-preview:-1"},"canonical":"https:\/\/www.scolaire-collines.com\/college\/a-propos\/les-options\/theatre\/","og_locale":"fr_FR","og_type":"article","og_title":"Th\u00e9\u00e2tre d'ombres - Coll\u00e8ge Notre-Dame des Collines","og_description":"\u00a0\u00a0\u00a0\u00a0\u00a0\u00a0\u00a0 \u00a0 (professeurs responsables : BONNART Isabelle &#8211; RABKA Edith) Cette option est enseign\u00e9e toutes les semaines, \u00e0 des \u00e9l\u00e8ves volontaires du niveau 6\u00e8me, pendant une heure de cours. \u00a0 . Objectifs : permettre \u00e0 l&rsquo;\u00e9l\u00e8ve\u00a0\u00a0\u00a0\u00a0\u00a0\u00a0 de conna\u00eetre le th\u00e9\u00e2tre et ses techniques\u00a0\u00a0\u00a0\u00a0\u00a0 de d\u00e9velopper ses comp\u00e9tences \u00e0 l&rsquo;oral\u00a0\u00a0\u00a0\u00a0\u00a0 de g\u00e9rer son stress si n\u00e9cessaire\u00a0\u00a0\u00a0\u00a0\u00a0 [&hellip;]","og_url":"https:\/\/www.scolaire-collines.com\/college\/a-propos\/les-options\/theatre\/","og_site_name":"Coll\u00e8ge Notre-Dame des Collines","article_modified_time":"2022-11-17T11:11:27+00:00","twitter_card":"summary_large_image","twitter_misc":{"Dur\u00e9e de lecture estim\u00e9e":"1 minute"},"schema":{"@context":"https:\/\/schema.org","@graph":[{"@type":"WebPage","@id":"https:\/\/www.scolaire-collines.com\/college\/a-propos\/les-options\/theatre\/","url":"https:\/\/www.scolaire-collines.com\/college\/a-propos\/les-options\/theatre\/","name":"Th\u00e9\u00e2tre d'ombres - Coll\u00e8ge Notre-Dame des Collines","isPartOf":{"@id":"http:\/\/www.scolaire-collines.com\/college\/#website"},"datePublished":"2016-11-28T11:00:33+00:00","dateModified":"2022-11-17T11:11:27+00:00","breadcrumb":{"@id":"https:\/\/www.scolaire-collines.com\/college\/a-propos\/les-options\/theatre\/#breadcrumb"},"inLanguage":"fr-FR","potentialAction":[{"@type":"ReadAction","target":["https:\/\/www.scolaire-collines.com\/college\/a-propos\/les-options\/theatre\/"]}]},{"@type":"BreadcrumbList","@id":"https:\/\/www.scolaire-collines.com\/college\/a-propos\/les-options\/theatre\/#breadcrumb","itemListElement":[{"@type":"ListItem","position":1,"name":"Accueil","item":"http:\/\/www.scolaire-collines.com\/college\/"},{"@type":"ListItem","position":2,"name":"Les classes","item":"http:\/\/www.scolaire-collines.com\/college\/a-propos\/"},{"@type":"ListItem","position":3,"name":"Nos sp\u00e9cificit\u00e9s","item":"http:\/\/www.scolaire-collines.com\/college\/a-propos\/les-options\/"},{"@type":"ListItem","position":4,"name":"Th\u00e9\u00e2tre d&rsquo;ombres"}]},{"@type":"WebSite","@id":"http:\/\/www.scolaire-collines.com\/college\/#website","url":"http:\/\/www.scolaire-collines.com\/college\/","name":"Coll\u00e8ge Notre-Dame des Collines","description":"Un coll\u00e8ge qui fait grandir","potentialAction":[{"@type":"SearchAction","target":{"@type":"EntryPoint","urlTemplate":"http:\/\/www.scolaire-collines.com\/college\/?s={search_term_string}"},"query-input":{"@type":"PropertyValueSpecification","valueRequired":true,"valueName":"search_term_string"}}],"inLanguage":"fr-FR"}]}},"_links":{"self":[{"href":"https:\/\/www.scolaire-collines.com\/college\/wp-json\/wp\/v2\/pages\/457","targetHints":{"allow":["GET"]}}],"collection":[{"href":"https:\/\/www.scolaire-collines.com\/college\/wp-json\/wp\/v2\/pages"}],"about":[{"href":"https:\/\/www.scolaire-collines.com\/college\/wp-json\/wp\/v2\/types\/page"}],"author":[{"embeddable":true,"href":"https:\/\/www.scolaire-collines.com\/college\/wp-json\/wp\/v2\/users\/1"}],"replies":[{"embeddable":true,"href":"https:\/\/www.scolaire-collines.com\/college\/wp-json\/wp\/v2\/comments?post=457"}],"version-history":[{"count":2,"href":"https:\/\/www.scolaire-collines.com\/college\/wp-json\/wp\/v2\/pages\/457\/revisions"}],"predecessor-version":[{"id":2759,"href":"https:\/\/www.scolaire-collines.com\/college\/wp-json\/wp\/v2\/pages\/457\/revisions\/2759"}],"up":[{"embeddable":true,"href":"https:\/\/www.scolaire-collines.com\/college\/wp-json\/wp\/v2\/pages\/369"}],"wp:attachment":[{"href":"https:\/\/www.scolaire-collines.com\/college\/wp-json\/wp\/v2\/media?parent=457"}],"curies":[{"name":"wp","href":"https:\/\/api.w.org\/{rel}","templated":true}]}}