{"id":45,"date":"2019-04-16T15:00:06","date_gmt":"2019-04-16T13:00:06","guid":{"rendered":"http:\/\/www.scolaire-collines.com\/college\/?page_id=45"},"modified":"2020-04-08T11:03:54","modified_gmt":"2020-04-08T09:03:54","slug":"tarifs","status":"publish","type":"page","link":"https:\/\/www.scolaire-collines.com\/college\/infos-pratiques\/tarifs\/","title":{"rendered":"Tarifs"},"content":{"rendered":"<p><span style=\"font-family: arial, helvetica, sans-serif;\">Le groupe scolaire Notre Dame des Collines est un \u00e9tablissement d\u2019enseignement sous contrat d\u2019association avec l\u2019\u00c9tat.<\/span><\/p>\n<p><span style=\"font-family: arial, helvetica, sans-serif; color: #99cc00; font-size: 14pt;\"><strong>&nbsp;<u>Contribution g\u00e9n\u00e9rale des familles<\/u> (2020-2021)<u><br \/>\n<\/u><\/strong><\/span><\/p>\n<table width=\"0\">\n<tbody>\n<tr>\n<td width=\"342\"><span style=\"font-family: arial, helvetica, sans-serif;\"><strong>REVENUS<\/strong><\/span><\/p>\n<p><span style=\"font-family: arial, helvetica, sans-serif;\">Salaires des 2 parents<strong> (revenu fiscal de r\u00e9f\u00e9rence du foyer)<\/strong> + <strong>prestations familiales<\/strong><\/span><\/td>\n<td style=\"text-align: center;\" width=\"72\"><span style=\"font-family: arial, helvetica, sans-serif;\"><strong>Tranche<\/strong><\/span><\/td>\n<td style=\"text-align: center;\" width=\"90\"><span style=\"font-family: arial, helvetica, sans-serif;\"><strong>\u00c9COLE <\/strong>:<\/span><\/p>\n<p><span style=\"font-family: arial, helvetica, sans-serif;\">MONTANT<\/span><\/p>\n<p><span style=\"font-family: arial, helvetica, sans-serif;\">MENSUEL<\/span><\/p>\n<p><span style=\"font-family: arial, helvetica, sans-serif;\">sur 10 mois<\/span><\/td>\n<td style=\"text-align: center;\" width=\"95\"><span style=\"font-family: arial, helvetica, sans-serif;\"><strong>COLL\u00c8GE :<\/strong><\/span><\/p>\n<p><span style=\"font-family: arial, helvetica, sans-serif;\">MONTANT<\/span><\/p>\n<p><span style=\"font-family: arial, helvetica, sans-serif;\">MENSUEL<\/span><\/p>\n<p><span style=\"font-family: arial, helvetica, sans-serif;\">sur 10 mois<\/span><\/td>\n<td style=\"text-align: center;\" width=\"90\"><span style=\"font-family: arial, helvetica, sans-serif;\"><strong>LPP&nbsp;<\/strong>:<\/span><\/p>\n<p><span style=\"font-family: arial, helvetica, sans-serif;\">MONTANT<\/span><\/p>\n<p><span style=\"font-family: arial, helvetica, sans-serif;\">MENSUEL<\/span><\/p>\n<p><span style=\"font-family: arial, helvetica, sans-serif;\">sur 10 mois<\/span><\/td>\n<\/tr>\n<tr>\n<td width=\"342\"><span style=\"font-family: arial, helvetica, sans-serif;\">Revenus sup\u00e9rieurs \u00e0 55 000 \u20ac par an<\/span><\/td>\n<td style=\"text-align: center;\" width=\"72\"><span style=\"font-family: arial, helvetica, sans-serif;\"><strong>A<\/strong><\/span><\/td>\n<td style=\"text-align: center;\" width=\"90\"><span style=\"font-family: arial, helvetica, sans-serif;\">55 \u20ac <\/span><\/td>\n<td style=\"text-align: center;\" width=\"95\"><span style=\"font-family: arial, helvetica, sans-serif;\">73 \u20ac<\/span><\/td>\n<td style=\"text-align: center;\" width=\"90\"><span style=\"font-family: arial, helvetica, sans-serif;\">73 \u20ac<\/span><\/td>\n<\/tr>\n<tr>\n<td width=\"342\"><span style=\"font-family: arial, helvetica, sans-serif;\">Revenus compris entre 44 000 \u20ac&nbsp; et 55 000 \u20ac \/an<\/span><\/td>\n<td style=\"text-align: center;\" width=\"72\"><span style=\"font-family: arial, helvetica, sans-serif;\"><strong>B<\/strong><\/span><\/td>\n<td style=\"text-align: center;\" width=\"90\"><span style=\"font-family: arial, helvetica, sans-serif;\">50 \u20ac<\/span><\/td>\n<td style=\"text-align: center;\" width=\"95\"><span style=\"font-family: arial, helvetica, sans-serif;\">70 \u20ac<\/span><\/td>\n<td style=\"text-align: center;\" width=\"90\"><span style=\"font-family: arial, helvetica, sans-serif;\">70 \u20ac<\/span><\/td>\n<\/tr>\n<tr>\n<td width=\"342\"><span style=\"font-family: arial, helvetica, sans-serif;\">Revenus compris entre 34 660 \u20ac&nbsp; et 44 000 \u20ac \/an<\/span><\/td>\n<td style=\"text-align: center;\" width=\"72\"><span style=\"font-family: arial, helvetica, sans-serif;\"><strong>C<\/strong><\/span><\/td>\n<td style=\"text-align: center;\" width=\"90\"><span style=\"font-family: arial, helvetica, sans-serif;\">45 \u20ac<\/span><\/td>\n<td style=\"text-align: center;\" width=\"95\"><span style=\"font-family: arial, helvetica, sans-serif;\">68 \u20ac<\/span><\/td>\n<td style=\"text-align: center;\" width=\"90\"><span style=\"font-family: arial, helvetica, sans-serif;\">68 \u20ac<\/span><\/td>\n<\/tr>\n<tr>\n<td width=\"342\"><span style=\"font-family: arial, helvetica, sans-serif;\">Revenus compris entre 22&nbsp;440 \u20ac et 34&nbsp;660 \u20ac \/ an<\/span><\/td>\n<td style=\"text-align: center;\" width=\"72\"><span style=\"font-family: arial, helvetica, sans-serif;\"><strong>D<\/strong><\/span><\/td>\n<td style=\"text-align: center;\" width=\"90\"><span style=\"font-family: arial, helvetica, sans-serif;\">43 \u20ac<\/span><\/td>\n<td style=\"text-align: center;\" width=\"95\"><span style=\"font-family: arial, helvetica, sans-serif;\">59 \u20ac<\/span><\/td>\n<td style=\"text-align: center;\" width=\"90\"><span style=\"font-family: arial, helvetica, sans-serif;\">59 \u20ac<\/span><\/td>\n<\/tr>\n<tr>\n<td width=\"342\"><span style=\"font-family: arial, helvetica, sans-serif;\">Revenus compris entre 15 300 \u20ac et 22&nbsp;440 \u20ac \/ an<\/span><\/td>\n<td style=\"text-align: center;\" width=\"72\"><span style=\"font-family: arial, helvetica, sans-serif;\"><strong>E<\/strong><\/span><\/td>\n<td style=\"text-align: center;\" width=\"90\"><span style=\"font-family: arial, helvetica, sans-serif;\">34 \u20ac<\/span><\/td>\n<td style=\"text-align: center;\" width=\"95\"><span style=\"font-family: arial, helvetica, sans-serif;\">50 \u20ac<\/span><\/td>\n<td style=\"text-align: center;\" width=\"90\"><span style=\"font-family: arial, helvetica, sans-serif;\">50 \u20ac<\/span><\/td>\n<\/tr>\n<tr>\n<td width=\"342\"><span style=\"font-family: arial, helvetica, sans-serif;\">Revenus inf\u00e9rieurs \u00e0 15&nbsp;300 \u20ac par an<\/span><\/td>\n<td style=\"text-align: center;\" width=\"72\"><span style=\"font-family: arial, helvetica, sans-serif;\"><strong>F<\/strong><\/span><\/td>\n<td style=\"text-align: center;\" width=\"90\"><span style=\"font-family: arial, helvetica, sans-serif;\">24 \u20ac<\/span><\/td>\n<td style=\"text-align: center;\" width=\"95\"><span style=\"font-family: arial, helvetica, sans-serif;\">34 \u20ac<\/span><\/td>\n<td style=\"text-align: center;\" width=\"90\"><span style=\"font-family: arial, helvetica, sans-serif;\">34 \u20ac<\/span><\/td>\n<\/tr>\n<\/tbody>\n<\/table>\n<p><span style=\"font-family: arial, helvetica, sans-serif;\">La contribution des familles est destin\u00e9e \u00e0 financer les investissements immobiliers et les \u00e9quipements n\u00e9cessaires, ainsi que les d\u00e9penses li\u00e9es au caract\u00e8re propre de l\u2019\u00e9tablissement et \u00e0 l\u2019organisation de l\u2019enseignement catholique dioc\u00e9sain et national, les charges non prises en compte par l\u2019\u00c9tat et les collectivit\u00e9s.<\/span><\/p>\n<p><span style=\"font-family: arial, helvetica, sans-serif;\"><strong>&nbsp;<\/strong><\/span><\/p>\n<table style=\"width: 592px;\">\n<tbody>\n<tr>\n<td style=\"width: 268.05px;\"><span style=\"font-family: arial, helvetica, sans-serif; color: #99cc00; font-size: 14pt;\"><strong><u>Acompte d&rsquo;inscription<\/u><\/strong><\/span><\/td>\n<td style=\"width: 103.95px;\">\n<p style=\"text-align: center;\"><span style=\"font-family: arial, helvetica, sans-serif;\">Montant encaiss\u00e9 \u00e0 l\u2019inscription<\/span><\/p>\n<\/td>\n<\/tr>\n<tr>\n<td style=\"width: 268.05px;\"><span style=\"font-family: arial, helvetica, sans-serif;\">Montant annuel pour un \u00e9l\u00e8ve de l\u2019<strong>\u00e9cole<\/strong>&nbsp;:<\/span><\/td>\n<td style=\"width: 103.95px; text-align: center;\"><span style=\"font-family: arial, helvetica, sans-serif;\">50 \u20ac<\/span><\/td>\n<\/tr>\n<tr>\n<td style=\"width: 268.05px;\"><span style=\"font-family: arial, helvetica, sans-serif;\">Montant annuel pour un \u00e9l\u00e8ve du <strong>coll\u00e8ge <\/strong>:<strong><br \/>\n<\/strong><\/span><\/td>\n<td style=\"width: 103.95px; text-align: center;\"><span style=\"font-family: arial, helvetica, sans-serif;\">90 \u20ac<\/span><\/td>\n<\/tr>\n<tr>\n<td style=\"width: 268.05px;\"><span style=\"font-family: arial, helvetica, sans-serif;\">Montant annuel pour un \u00e9l\u00e8ve du <strong>lyc\u00e9e professionnel <\/strong>:<strong><br \/>\n<\/strong><\/span><\/td>\n<td style=\"width: 103.95px; text-align: center;\"><span style=\"font-family: arial, helvetica, sans-serif;\">90 \u20ac<\/span><\/td>\n<\/tr>\n<\/tbody>\n<\/table>\n<p><span style=\"font-family: arial, helvetica, sans-serif;\"><strong><em><u>Si vous avez plusieurs enfants dans le groupe scolaire, merci de regrouper vos r\u00e8glements<\/u><\/em><\/strong>&nbsp;: si vous avez, par exemple, un enfant au primaire et un enfant&nbsp; au coll\u00e8ge, faire un ch\u00e8que de 140 \u20ac (50 + 90).<br \/>\n<\/span><\/p>\n<p><span style=\"font-family: arial, helvetica, sans-serif;\"><strong><u>Cotisation association sportive<\/u><\/strong><\/span><\/p>\n<p><span style=\"font-family: arial, helvetica, sans-serif;\"><strong><em>Affiliation UNSS&nbsp; :&nbsp; 22 \u20ac par \u00e9l\u00e8ve adh\u00e9rent et par an&nbsp; <\/em><\/strong><\/span><\/p>\n<p><span style=\"font-family: arial, helvetica, sans-serif;\">Cette cotisation correspond \u00e0 l\u2019adh\u00e9sion personnelle de l\u2019enfant \u00e0 l\u2019association sportive de l\u2019\u00e9tablissement et dont l\u2019entra\u00eenement sportif se d\u00e9roule en dehors des heures scolaires.<\/span><\/p>\n<p><span style=\"font-family: arial, helvetica, sans-serif;\"><strong><em>Atelier de d\u00e9couverte HAND&nbsp;:&nbsp;&nbsp; 60 \u20ac par \u00e9l\u00e8ve et par an.<\/em><\/strong><\/span><\/p>\n<p><span style=\"font-family: arial, helvetica, sans-serif;\"><strong><u>R\u00e9duction sur la Contribution G\u00e9n\u00e9rale<\/u><\/strong><\/span><\/p>\n<p><span style=\"font-family: arial, helvetica, sans-serif;\">Les familles qui inscrivent simultan\u00e9ment plusieurs enfants dans l\u2019\u00e9tablissement b\u00e9n\u00e9ficient d\u2019une r\u00e9duction de&nbsp;:<\/span><\/p>\n<ul>\n<li><span style=\"font-family: arial, helvetica, sans-serif;\">\u00bd tarif sur la contribution g\u00e9n\u00e9rale du 3<sup>\u00e8me<\/sup> enfant (le plus jeune scolaris\u00e9)<\/span><\/li>\n<li><span style=\"font-family: arial, helvetica, sans-serif;\">gratuit\u00e9 sur la contribution g\u00e9n\u00e9rale pour le 4<sup>\u00e8me<\/sup> enfant et les suivants.<\/span><\/li>\n<\/ul>\n<p><span style=\"font-family: arial, helvetica, sans-serif;\"><strong><em>&nbsp;<\/em><\/strong><\/span><\/p>\n","protected":false},"excerpt":{"rendered":"<p>Le groupe scolaire Notre Dame des Collines est un \u00e9tablissement d\u2019enseignement sous contrat d\u2019association avec l\u2019\u00c9tat. &nbsp;Contribution g\u00e9n\u00e9rale des familles (2020-2021) REVENUS Salaires des 2 parents (revenu fiscal de r\u00e9f\u00e9rence du foyer) + prestations familiales Tranche \u00c9COLE : MONTANT MENSUEL sur 10 mois COLL\u00c8GE : MONTANT MENSUEL sur 10 mois LPP&nbsp;: MONTANT MENSUEL sur 10 [&hellip;]<\/p>\n","protected":false},"author":1,"featured_media":0,"parent":7,"menu_order":3,"comment_status":"closed","ping_status":"closed","template":"","meta":{"_acf_changed":false,"_et_pb_use_builder":"","_et_pb_old_content":"","_et_gb_content_width":"","footnotes":""},"class_list":["post-45","page","type-page","status-publish","hentry"],"acf":[],"yoast_head":"<!-- This site is optimized with the Yoast SEO plugin v27.4 - https:\/\/yoast.com\/product\/yoast-seo-wordpress\/ -->\n<title>Tarifs - Coll\u00e8ge Notre-Dame des Collines<\/title>\n<meta name=\"robots\" content=\"index, follow, max-snippet:-1, max-image-preview:large, max-video-preview:-1\" \/>\n<link rel=\"canonical\" href=\"http:\/\/www.scolaire-collines.com\/college\/infos-pratiques\/tarifs\/\" \/>\n<meta property=\"og:locale\" content=\"fr_FR\" \/>\n<meta property=\"og:type\" content=\"article\" \/>\n<meta property=\"og:title\" content=\"Tarifs - Coll\u00e8ge Notre-Dame des Collines\" \/>\n<meta property=\"og:description\" content=\"Le groupe scolaire Notre Dame des Collines est un \u00e9tablissement d\u2019enseignement sous contrat d\u2019association avec l\u2019\u00c9tat. &nbsp;Contribution g\u00e9n\u00e9rale des familles (2020-2021) REVENUS Salaires des 2 parents (revenu fiscal de r\u00e9f\u00e9rence du foyer) + prestations familiales Tranche \u00c9COLE : MONTANT MENSUEL sur 10 mois COLL\u00c8GE : MONTANT MENSUEL sur 10 mois LPP&nbsp;: MONTANT MENSUEL sur 10 [&hellip;]\" \/>\n<meta property=\"og:url\" content=\"http:\/\/www.scolaire-collines.com\/college\/infos-pratiques\/tarifs\/\" \/>\n<meta property=\"og:site_name\" content=\"Coll\u00e8ge Notre-Dame des Collines\" \/>\n<meta property=\"article:modified_time\" content=\"2020-04-08T09:03:54+00:00\" \/>\n<meta name=\"twitter:card\" content=\"summary_large_image\" \/>\n<meta name=\"twitter:label1\" content=\"Dur\u00e9e de lecture estim\u00e9e\" \/>\n\t<meta name=\"twitter:data1\" content=\"2 minutes\" \/>\n<script type=\"application\/ld+json\" class=\"yoast-schema-graph\">{\"@context\":\"https:\\\/\\\/schema.org\",\"@graph\":[{\"@type\":\"WebPage\",\"@id\":\"http:\\\/\\\/www.scolaire-collines.com\\\/college\\\/infos-pratiques\\\/tarifs\\\/\",\"url\":\"http:\\\/\\\/www.scolaire-collines.com\\\/college\\\/infos-pratiques\\\/tarifs\\\/\",\"name\":\"Tarifs - Coll\u00e8ge Notre-Dame des Collines\",\"isPartOf\":{\"@id\":\"http:\\\/\\\/www.scolaire-collines.com\\\/college\\\/#website\"},\"datePublished\":\"2019-04-16T13:00:06+00:00\",\"dateModified\":\"2020-04-08T09:03:54+00:00\",\"breadcrumb\":{\"@id\":\"http:\\\/\\\/www.scolaire-collines.com\\\/college\\\/infos-pratiques\\\/tarifs\\\/#breadcrumb\"},\"inLanguage\":\"fr-FR\",\"potentialAction\":[{\"@type\":\"ReadAction\",\"target\":[\"http:\\\/\\\/www.scolaire-collines.com\\\/college\\\/infos-pratiques\\\/tarifs\\\/\"]}]},{\"@type\":\"BreadcrumbList\",\"@id\":\"http:\\\/\\\/www.scolaire-collines.com\\\/college\\\/infos-pratiques\\\/tarifs\\\/#breadcrumb\",\"itemListElement\":[{\"@type\":\"ListItem\",\"position\":1,\"name\":\"Accueil\",\"item\":\"https:\\\/\\\/www.scolaire-collines.com\\\/college\\\/\"},{\"@type\":\"ListItem\",\"position\":2,\"name\":\"Infos pratiques\",\"item\":\"http:\\\/\\\/www.scolaire-collines.com\\\/college\\\/infos-pratiques\\\/\"},{\"@type\":\"ListItem\",\"position\":3,\"name\":\"Tarifs\"}]},{\"@type\":\"WebSite\",\"@id\":\"http:\\\/\\\/www.scolaire-collines.com\\\/college\\\/#website\",\"url\":\"http:\\\/\\\/www.scolaire-collines.com\\\/college\\\/\",\"name\":\"Coll\u00e8ge Notre-Dame des Collines\",\"description\":\"Un coll\u00e8ge qui fait grandir\",\"potentialAction\":[{\"@type\":\"SearchAction\",\"target\":{\"@type\":\"EntryPoint\",\"urlTemplate\":\"http:\\\/\\\/www.scolaire-collines.com\\\/college\\\/?s={search_term_string}\"},\"query-input\":{\"@type\":\"PropertyValueSpecification\",\"valueRequired\":true,\"valueName\":\"search_term_string\"}}],\"inLanguage\":\"fr-FR\"}]}<\/script>\n<!-- \/ Yoast SEO plugin. -->","yoast_head_json":{"title":"Tarifs - Coll\u00e8ge Notre-Dame des Collines","robots":{"index":"index","follow":"follow","max-snippet":"max-snippet:-1","max-image-preview":"max-image-preview:large","max-video-preview":"max-video-preview:-1"},"canonical":"http:\/\/www.scolaire-collines.com\/college\/infos-pratiques\/tarifs\/","og_locale":"fr_FR","og_type":"article","og_title":"Tarifs - Coll\u00e8ge Notre-Dame des Collines","og_description":"Le groupe scolaire Notre Dame des Collines est un \u00e9tablissement d\u2019enseignement sous contrat d\u2019association avec l\u2019\u00c9tat. &nbsp;Contribution g\u00e9n\u00e9rale des familles (2020-2021) REVENUS Salaires des 2 parents (revenu fiscal de r\u00e9f\u00e9rence du foyer) + prestations familiales Tranche \u00c9COLE : MONTANT MENSUEL sur 10 mois COLL\u00c8GE : MONTANT MENSUEL sur 10 mois LPP&nbsp;: MONTANT MENSUEL sur 10 [&hellip;]","og_url":"http:\/\/www.scolaire-collines.com\/college\/infos-pratiques\/tarifs\/","og_site_name":"Coll\u00e8ge Notre-Dame des Collines","article_modified_time":"2020-04-08T09:03:54+00:00","twitter_card":"summary_large_image","twitter_misc":{"Dur\u00e9e de lecture estim\u00e9e":"2 minutes"},"schema":{"@context":"https:\/\/schema.org","@graph":[{"@type":"WebPage","@id":"http:\/\/www.scolaire-collines.com\/college\/infos-pratiques\/tarifs\/","url":"http:\/\/www.scolaire-collines.com\/college\/infos-pratiques\/tarifs\/","name":"Tarifs - Coll\u00e8ge Notre-Dame des Collines","isPartOf":{"@id":"http:\/\/www.scolaire-collines.com\/college\/#website"},"datePublished":"2019-04-16T13:00:06+00:00","dateModified":"2020-04-08T09:03:54+00:00","breadcrumb":{"@id":"http:\/\/www.scolaire-collines.com\/college\/infos-pratiques\/tarifs\/#breadcrumb"},"inLanguage":"fr-FR","potentialAction":[{"@type":"ReadAction","target":["http:\/\/www.scolaire-collines.com\/college\/infos-pratiques\/tarifs\/"]}]},{"@type":"BreadcrumbList","@id":"http:\/\/www.scolaire-collines.com\/college\/infos-pratiques\/tarifs\/#breadcrumb","itemListElement":[{"@type":"ListItem","position":1,"name":"Accueil","item":"https:\/\/www.scolaire-collines.com\/college\/"},{"@type":"ListItem","position":2,"name":"Infos pratiques","item":"http:\/\/www.scolaire-collines.com\/college\/infos-pratiques\/"},{"@type":"ListItem","position":3,"name":"Tarifs"}]},{"@type":"WebSite","@id":"http:\/\/www.scolaire-collines.com\/college\/#website","url":"http:\/\/www.scolaire-collines.com\/college\/","name":"Coll\u00e8ge Notre-Dame des Collines","description":"Un coll\u00e8ge qui fait grandir","potentialAction":[{"@type":"SearchAction","target":{"@type":"EntryPoint","urlTemplate":"http:\/\/www.scolaire-collines.com\/college\/?s={search_term_string}"},"query-input":{"@type":"PropertyValueSpecification","valueRequired":true,"valueName":"search_term_string"}}],"inLanguage":"fr-FR"}]}},"_links":{"self":[{"href":"https:\/\/www.scolaire-collines.com\/college\/wp-json\/wp\/v2\/pages\/45","targetHints":{"allow":["GET"]}}],"collection":[{"href":"https:\/\/www.scolaire-collines.com\/college\/wp-json\/wp\/v2\/pages"}],"about":[{"href":"https:\/\/www.scolaire-collines.com\/college\/wp-json\/wp\/v2\/types\/page"}],"author":[{"embeddable":true,"href":"https:\/\/www.scolaire-collines.com\/college\/wp-json\/wp\/v2\/users\/1"}],"replies":[{"embeddable":true,"href":"https:\/\/www.scolaire-collines.com\/college\/wp-json\/wp\/v2\/comments?post=45"}],"version-history":[{"count":7,"href":"https:\/\/www.scolaire-collines.com\/college\/wp-json\/wp\/v2\/pages\/45\/revisions"}],"predecessor-version":[{"id":2728,"href":"https:\/\/www.scolaire-collines.com\/college\/wp-json\/wp\/v2\/pages\/45\/revisions\/2728"}],"up":[{"embeddable":true,"href":"https:\/\/www.scolaire-collines.com\/college\/wp-json\/wp\/v2\/pages\/7"}],"wp:attachment":[{"href":"https:\/\/www.scolaire-collines.com\/college\/wp-json\/wp\/v2\/media?parent=45"}],"curies":[{"name":"wp","href":"https:\/\/api.w.org\/{rel}","templated":true}]}}