{"id":39,"date":"2016-11-28T10:30:47","date_gmt":"2016-11-28T09:30:47","guid":{"rendered":"http:\/\/www.scolaire-collines.com\/college\/?page_id=39"},"modified":"2022-11-18T16:53:31","modified_gmt":"2022-11-18T15:53:31","slug":"projet-pastoral","status":"publish","type":"page","link":"https:\/\/www.scolaire-collines.com\/college\/projets\/projet-pastoral\/","title":{"rendered":"Projet Pastoral"},"content":{"rendered":"<p><span style=\"font-family: arial,helvetica,sans-serif; color: #99cc00;\"><strong><span style=\"text-decoration: underline;\">L&rsquo;Animation Pastorale au Coll\u00e8ge<\/span><\/strong>.<\/span><\/p>\n<p style=\"text-align: justify;\"><span style=\"font-family: arial,helvetica,sans-serif;\">L&rsquo;\u00e9quipe pastorale est constitu\u00e9e de croyants en J\u00e9sus-Christ au sein du coll\u00e8ge. Sous la responsabilit\u00e9 du chef d\u2019\u00c9tablissement avec la pr\u00e9sence du cur\u00e9 de la paroisse, Bernard Tordi,\u00a0 elle comprend aussi bien des membres du personnel, des professeurs, des parents, que des personnes en lien avec le coll\u00e8ge. Pour ces chr\u00e9tiens c&rsquo;est une fa\u00e7on de vivre leur bapt\u00eame dans le monde d&rsquo;aujourd&rsquo;hui, au coll\u00e8ge et avec les autres communaut\u00e9s eccl\u00e9siales de base de la paroisse.<\/span><br \/>\n<span style=\"font-family: arial,helvetica,sans-serif;\"> <strong>L&rsquo;\u00e9quipe pastorale<\/strong> est donc une communaut\u00e9 chr\u00e9tienne au sein de la communaut\u00e9 \u00e9ducative du coll\u00e8ge, elle-m\u00eame f\u00e9d\u00e9r\u00e9e par le projet \u00e9ducatif.<\/span><\/p>\n<p><span style=\"font-family: arial,helvetica,sans-serif; color: #99cc00;\"><strong><span style=\"text-decoration: underline;\">Une pastorale dans la r\u00e9alit\u00e9 du monde<\/span><\/strong><\/span><\/p>\n<p style=\"text-align: justify;\"><span style=\"font-family: arial,helvetica,sans-serif;\">L&rsquo;\u00e9quipe pastorale a le devoir de \u00ab\u00a0re-lire\u00a0\u00bb ce qui se vit dans l\u2019\u00c9tablissement. Elle se veut \u00e0 l&rsquo;\u00e9coute de la vie de tous les jours, dans les actes comme les paroles. C&rsquo;est, pour elle, affirmer qu&rsquo;en tout lieu, \u00e0 tout moment se joue quelque chose d&rsquo;important pour chaque personne : un dialogue, un geste, un regard port\u00e9 sur l&rsquo;autre (\u00e9l\u00e8ve, professeur, surveillante, personnel de service, etc.) C&rsquo;est dire que toute notre vie est pr\u00e9cieuse. Les recherches et les r\u00e9flexions men\u00e9es \u00e0 l&rsquo;aum\u00f4nerie trouvent leur point de d\u00e9part dans la vie quotidienne au regard de la Bible. La d\u00e9marche pastorale s&rsquo;ancre elle aussi dans cette vie \u00e0 laquelle elle veut donner sens tout en respectant la libert\u00e9 de chacun.<\/span><\/p>\n<p><span style=\"font-family: arial,helvetica,sans-serif; color: #99cc00;\"><strong><span style=\"text-decoration: underline;\">Une pastorale au service d&rsquo;une mission<\/span><\/strong><\/span><\/p>\n<p style=\"text-align: justify;\"><span style=\"font-family: arial,helvetica,sans-serif;\">Derri\u00e8re chaque fonction il y a une personne. Toutes ces personnes vivent ensemble au sein du coll\u00e8ge. Les actes de chacun contribuent \u00e0 constituer ou non la communaut\u00e9, \u00e0 renforcer ou \u00e0 distendre les liens.<\/span><br \/>\n<span style=\"font-family: arial,helvetica,sans-serif;\"> C&rsquo;est comme membre de cette communaut\u00e9 que l&rsquo;\u00e9quipe pastorale est appel\u00e9e \u00e0 t\u00e9moigner aupr\u00e8s de tous de J\u00e9sus-Christ et \u00e0 l&rsquo;annoncer. Elle a en particulier la mission de permettre \u00e0 tous les jeunes et adultes de grandir comme croyants, de se construire dans la foi et de rendre visible et agissante la <span style=\"text-decoration: underline;\">Communaut\u00e9 Chr\u00e9tienne<\/span> au sein de la Communaut\u00e9 \u00c9ducative.<\/span><br \/>\n<span style=\"font-family: arial,helvetica,sans-serif;\"> Ce souci missionnaire se traduit notamment par la proposition de temps de pri\u00e8re, de c\u00e9l\u00e9brations, d\u2019ateliers bibliques, de r\u00e9flexion (atelier \u00ab\u00a0tribune libre\u00a0\u00bb).<\/span><\/p>\n<p><span style=\"font-family: arial,helvetica,sans-serif; color: #99cc00;\"><strong><span style=\"text-decoration: underline;\">Une pastorale qui met la solidarit\u00e9 au centre de son projet<\/span><\/strong>.<\/span><\/p>\n<p style=\"text-align: justify;\"><span style=\"font-family: arial,helvetica,sans-serif;\">Cette solidarit\u00e9 s&rsquo;inscrit dans les <span style=\"text-decoration: underline;\">orientations dioc\u00e9saines<\/span> : nous ne sommes pas \u00c9glise \u00e0 nous tout seuls.<\/span><br \/>\n<span style=\"font-family: arial,helvetica,sans-serif;\"> La solidarit\u00e9, au coll\u00e8ge, est v\u00e9cue par et avec l&rsquo;ensemble du personnel, personnels de service, surveillantes et professeurs, les \u00e9l\u00e8ves et leurs parents ainsi que les membres de l&rsquo;O.G.E.C., qu&rsquo;ils soient croyants, non croyants, en recherche : c&rsquo;est la m\u00eame solidarit\u00e9 avec ses multiples facettes. Cette solidarit\u00e9 se concr\u00e9tise de diverses mani\u00e8res, le dialogue, le partage v\u00e9cu et r\u00e9fl\u00e9chi, les projets de d\u00e9veloppement, et les actions diverses propos\u00e9es notamment par l\u2019association Ouverture aux Cultures.<\/span><br \/>\n<span style=\"font-family: arial,helvetica,sans-serif;\"> L&rsquo;\u00e9quipe pastorale est amen\u00e9e \u00e0 relire les actes de solidarit\u00e9 \u00e0 la lumi\u00e8re de l\u2019\u00c9vangile, source d&rsquo;Esp\u00e9rance. Elle t\u00e9moigne \u00e0 chaque acteur du coll\u00e8ge du sens profond qu&rsquo;elle y d\u00e9couvre : cette solidarit\u00e9 s&rsquo;enracine dans l&rsquo;amour de Dieu r\u00e9v\u00e9l\u00e9 en J\u00e9sus-Christ. Elle se vit \u00e0 <strong><span style=\"text-decoration: underline;\">l&rsquo;int\u00e9rieur<\/span><\/strong> entre tous les membres de la Communaut\u00e9 \u00c9ducative aussi bien que <strong><span style=\"text-decoration: underline;\">vers l&rsquo;ext\u00e9rieur<\/span><\/strong>.<\/span><\/p>\n","protected":false},"excerpt":{"rendered":"<p>L&rsquo;Animation Pastorale au Coll\u00e8ge. L&rsquo;\u00e9quipe pastorale est constitu\u00e9e de croyants en J\u00e9sus-Christ au sein du coll\u00e8ge. Sous la responsabilit\u00e9 du chef d\u2019\u00c9tablissement avec la pr\u00e9sence du cur\u00e9 de la paroisse, Bernard Tordi,\u00a0 elle comprend aussi bien des membres du personnel, des professeurs, des parents, que des personnes en lien avec le coll\u00e8ge. Pour ces chr\u00e9tiens [&hellip;]<\/p>\n","protected":false},"author":1,"featured_media":0,"parent":12,"menu_order":3,"comment_status":"closed","ping_status":"closed","template":"","meta":{"_acf_changed":false,"_et_pb_use_builder":"","_et_pb_old_content":"","_et_gb_content_width":"","footnotes":""},"class_list":["post-39","page","type-page","status-publish","hentry"],"acf":[],"yoast_head":"<!-- This site is optimized with the Yoast SEO plugin v27.4 - https:\/\/yoast.com\/product\/yoast-seo-wordpress\/ -->\n<title>Projet Pastoral - Coll\u00e8ge Notre-Dame des Collines<\/title>\n<meta name=\"robots\" content=\"index, follow, max-snippet:-1, max-image-preview:large, max-video-preview:-1\" \/>\n<link rel=\"canonical\" href=\"https:\/\/www.scolaire-collines.com\/college\/projets\/projet-pastoral\/\" \/>\n<meta property=\"og:locale\" content=\"fr_FR\" \/>\n<meta property=\"og:type\" content=\"article\" \/>\n<meta property=\"og:title\" content=\"Projet Pastoral - Coll\u00e8ge Notre-Dame des Collines\" \/>\n<meta property=\"og:description\" content=\"L&rsquo;Animation Pastorale au Coll\u00e8ge. L&rsquo;\u00e9quipe pastorale est constitu\u00e9e de croyants en J\u00e9sus-Christ au sein du coll\u00e8ge. Sous la responsabilit\u00e9 du chef d\u2019\u00c9tablissement avec la pr\u00e9sence du cur\u00e9 de la paroisse, Bernard Tordi,\u00a0 elle comprend aussi bien des membres du personnel, des professeurs, des parents, que des personnes en lien avec le coll\u00e8ge. Pour ces chr\u00e9tiens [&hellip;]\" \/>\n<meta property=\"og:url\" content=\"https:\/\/www.scolaire-collines.com\/college\/projets\/projet-pastoral\/\" \/>\n<meta property=\"og:site_name\" content=\"Coll\u00e8ge Notre-Dame des Collines\" \/>\n<meta property=\"article:modified_time\" content=\"2022-11-18T15:53:31+00:00\" \/>\n<meta name=\"twitter:card\" content=\"summary_large_image\" \/>\n<meta name=\"twitter:label1\" content=\"Dur\u00e9e de lecture estim\u00e9e\" \/>\n\t<meta name=\"twitter:data1\" content=\"3 minutes\" \/>\n<script type=\"application\/ld+json\" class=\"yoast-schema-graph\">{\"@context\":\"https:\\\/\\\/schema.org\",\"@graph\":[{\"@type\":\"WebPage\",\"@id\":\"https:\\\/\\\/www.scolaire-collines.com\\\/college\\\/projets\\\/projet-pastoral\\\/\",\"url\":\"https:\\\/\\\/www.scolaire-collines.com\\\/college\\\/projets\\\/projet-pastoral\\\/\",\"name\":\"Projet Pastoral - Coll\u00e8ge Notre-Dame des Collines\",\"isPartOf\":{\"@id\":\"http:\\\/\\\/www.scolaire-collines.com\\\/college\\\/#website\"},\"datePublished\":\"2016-11-28T09:30:47+00:00\",\"dateModified\":\"2022-11-18T15:53:31+00:00\",\"breadcrumb\":{\"@id\":\"https:\\\/\\\/www.scolaire-collines.com\\\/college\\\/projets\\\/projet-pastoral\\\/#breadcrumb\"},\"inLanguage\":\"fr-FR\",\"potentialAction\":[{\"@type\":\"ReadAction\",\"target\":[\"https:\\\/\\\/www.scolaire-collines.com\\\/college\\\/projets\\\/projet-pastoral\\\/\"]}]},{\"@type\":\"BreadcrumbList\",\"@id\":\"https:\\\/\\\/www.scolaire-collines.com\\\/college\\\/projets\\\/projet-pastoral\\\/#breadcrumb\",\"itemListElement\":[{\"@type\":\"ListItem\",\"position\":1,\"name\":\"Accueil\",\"item\":\"http:\\\/\\\/www.scolaire-collines.com\\\/college\\\/\"},{\"@type\":\"ListItem\",\"position\":2,\"name\":\"Projets\",\"item\":\"https:\\\/\\\/www.scolaire-collines.com\\\/college\\\/projets\\\/\"},{\"@type\":\"ListItem\",\"position\":3,\"name\":\"Projet Pastoral\"}]},{\"@type\":\"WebSite\",\"@id\":\"http:\\\/\\\/www.scolaire-collines.com\\\/college\\\/#website\",\"url\":\"http:\\\/\\\/www.scolaire-collines.com\\\/college\\\/\",\"name\":\"Coll\u00e8ge Notre-Dame des Collines\",\"description\":\"Un coll\u00e8ge qui fait grandir\",\"potentialAction\":[{\"@type\":\"SearchAction\",\"target\":{\"@type\":\"EntryPoint\",\"urlTemplate\":\"http:\\\/\\\/www.scolaire-collines.com\\\/college\\\/?s={search_term_string}\"},\"query-input\":{\"@type\":\"PropertyValueSpecification\",\"valueRequired\":true,\"valueName\":\"search_term_string\"}}],\"inLanguage\":\"fr-FR\"}]}<\/script>\n<!-- \/ Yoast SEO plugin. -->","yoast_head_json":{"title":"Projet Pastoral - Coll\u00e8ge Notre-Dame des Collines","robots":{"index":"index","follow":"follow","max-snippet":"max-snippet:-1","max-image-preview":"max-image-preview:large","max-video-preview":"max-video-preview:-1"},"canonical":"https:\/\/www.scolaire-collines.com\/college\/projets\/projet-pastoral\/","og_locale":"fr_FR","og_type":"article","og_title":"Projet Pastoral - Coll\u00e8ge Notre-Dame des Collines","og_description":"L&rsquo;Animation Pastorale au Coll\u00e8ge. L&rsquo;\u00e9quipe pastorale est constitu\u00e9e de croyants en J\u00e9sus-Christ au sein du coll\u00e8ge. Sous la responsabilit\u00e9 du chef d\u2019\u00c9tablissement avec la pr\u00e9sence du cur\u00e9 de la paroisse, Bernard Tordi,\u00a0 elle comprend aussi bien des membres du personnel, des professeurs, des parents, que des personnes en lien avec le coll\u00e8ge. Pour ces chr\u00e9tiens [&hellip;]","og_url":"https:\/\/www.scolaire-collines.com\/college\/projets\/projet-pastoral\/","og_site_name":"Coll\u00e8ge Notre-Dame des Collines","article_modified_time":"2022-11-18T15:53:31+00:00","twitter_card":"summary_large_image","twitter_misc":{"Dur\u00e9e de lecture estim\u00e9e":"3 minutes"},"schema":{"@context":"https:\/\/schema.org","@graph":[{"@type":"WebPage","@id":"https:\/\/www.scolaire-collines.com\/college\/projets\/projet-pastoral\/","url":"https:\/\/www.scolaire-collines.com\/college\/projets\/projet-pastoral\/","name":"Projet Pastoral - Coll\u00e8ge Notre-Dame des Collines","isPartOf":{"@id":"http:\/\/www.scolaire-collines.com\/college\/#website"},"datePublished":"2016-11-28T09:30:47+00:00","dateModified":"2022-11-18T15:53:31+00:00","breadcrumb":{"@id":"https:\/\/www.scolaire-collines.com\/college\/projets\/projet-pastoral\/#breadcrumb"},"inLanguage":"fr-FR","potentialAction":[{"@type":"ReadAction","target":["https:\/\/www.scolaire-collines.com\/college\/projets\/projet-pastoral\/"]}]},{"@type":"BreadcrumbList","@id":"https:\/\/www.scolaire-collines.com\/college\/projets\/projet-pastoral\/#breadcrumb","itemListElement":[{"@type":"ListItem","position":1,"name":"Accueil","item":"http:\/\/www.scolaire-collines.com\/college\/"},{"@type":"ListItem","position":2,"name":"Projets","item":"https:\/\/www.scolaire-collines.com\/college\/projets\/"},{"@type":"ListItem","position":3,"name":"Projet Pastoral"}]},{"@type":"WebSite","@id":"http:\/\/www.scolaire-collines.com\/college\/#website","url":"http:\/\/www.scolaire-collines.com\/college\/","name":"Coll\u00e8ge Notre-Dame des Collines","description":"Un coll\u00e8ge qui fait grandir","potentialAction":[{"@type":"SearchAction","target":{"@type":"EntryPoint","urlTemplate":"http:\/\/www.scolaire-collines.com\/college\/?s={search_term_string}"},"query-input":{"@type":"PropertyValueSpecification","valueRequired":true,"valueName":"search_term_string"}}],"inLanguage":"fr-FR"}]}},"_links":{"self":[{"href":"https:\/\/www.scolaire-collines.com\/college\/wp-json\/wp\/v2\/pages\/39","targetHints":{"allow":["GET"]}}],"collection":[{"href":"https:\/\/www.scolaire-collines.com\/college\/wp-json\/wp\/v2\/pages"}],"about":[{"href":"https:\/\/www.scolaire-collines.com\/college\/wp-json\/wp\/v2\/types\/page"}],"author":[{"embeddable":true,"href":"https:\/\/www.scolaire-collines.com\/college\/wp-json\/wp\/v2\/users\/1"}],"replies":[{"embeddable":true,"href":"https:\/\/www.scolaire-collines.com\/college\/wp-json\/wp\/v2\/comments?post=39"}],"version-history":[{"count":2,"href":"https:\/\/www.scolaire-collines.com\/college\/wp-json\/wp\/v2\/pages\/39\/revisions"}],"predecessor-version":[{"id":2771,"href":"https:\/\/www.scolaire-collines.com\/college\/wp-json\/wp\/v2\/pages\/39\/revisions\/2771"}],"up":[{"embeddable":true,"href":"https:\/\/www.scolaire-collines.com\/college\/wp-json\/wp\/v2\/pages\/12"}],"wp:attachment":[{"href":"https:\/\/www.scolaire-collines.com\/college\/wp-json\/wp\/v2\/media?parent=39"}],"curies":[{"name":"wp","href":"https:\/\/api.w.org\/{rel}","templated":true}]}}