{"id":378,"date":"2016-11-28T13:30:36","date_gmt":"2016-11-28T12:30:36","guid":{"rendered":"http:\/\/www.scolaire-collines.com\/college\/?page_id=378"},"modified":"2022-11-17T12:09:20","modified_gmt":"2022-11-17T11:09:20","slug":"arts","status":"publish","type":"page","link":"https:\/\/www.scolaire-collines.com\/college\/a-propos\/les-options\/arts\/","title":{"rendered":"Arts plastiques"},"content":{"rendered":"<h3 style=\"text-align: center;\"><span style=\"font-family: arial,helvetica,sans-serif; color: #99cc00;\"><strong>En\u00a0\u00a05\u00e8me : \u00ab\u00a0Mes sentiments dans la peinture et le dessin\u00a0\u00bb<\/strong><\/span><\/h3>\n<p style=\"text-align: center;\"><span style=\"color: #000000; font-family: arial,helvetica,sans-serif;\">(Professeur responsable : Mme Florence Pauly El Issaoui)\u00a0\u00a0<\/span><\/p>\n<p><span style=\"font-family: arial,helvetica,sans-serif;\"><strong><strong><span style=\"color: #ffffff;\">\u00a0<\/span>\u00a0\u00a0\u00a0\u00a0 <\/strong><\/strong><a style=\"color: #ed1e24; text-decoration: none; line-height: 19.5px; text-align: center;\" href=\"http:\/\/www.scolaire-collines.com\/college\/wp-content\/uploads\/2010\/10\/option-arts-5-c3.jpg\"><img loading=\"lazy\" decoding=\"async\" class=\"aligncenter size-large wp-image-1031\" title=\"option arts 5 c\" src=\"http:\/\/www.scolaire-collines.com\/college\/wp-content\/uploads\/2010\/10\/option-arts-5-c3-1024x768.jpg\" alt=\"\" width=\"502\" height=\"377\" \/><\/a><\/span><\/p>\n<h4 style=\"text-align: center;\"><span style=\"font-family: arial,helvetica,sans-serif;\">\u00a0<\/span><span style=\"color: #99cc00; font-family: arial,helvetica,sans-serif;\"><b>Th\u00e8me\u00a0:\u00a0<\/b><b><span style=\"text-decoration: underline;\">\u00ab\u00a0Objets fantastiques\u00a0\u00bb <\/span><\/b><b>(tol\u00e9rance)<\/b><\/span><\/h4>\n<p><span style=\"color: #99cc00; font-family: arial,helvetica,sans-serif;\"><b>Cr\u00e9ations\u00a0:<\/b><\/span><\/p>\n<ul>\n<li><span style=\"font-family: arial,helvetica,sans-serif;\">Des \u00ab\u00a0maisons voyageuses\u00a0\u00bb<\/span><\/li>\n<li><span style=\"font-family: arial,helvetica,sans-serif;\">Des \u00ab\u00a0animaux fabuleux\u00a0\u00bb<\/span><\/li>\n<li><span style=\"font-family: arial,helvetica,sans-serif;\">Des \u00ab\u00a0masques hybrides\u00a0\u00bb<\/span><\/li>\n<\/ul>\n<p><span style=\"font-family: arial,helvetica,sans-serif;\">En lien avec le programme d\u2019histoire\u00a0et l\u2019option Art 4<sup>\u00e8me <\/sup>\u00a0le Moyen-\u00e2ge en Occident et en Orient, une<b style=\"letter-spacing: -0.02em;\"> <span style=\"color: #99cc00;\">pi\u00e8ce de th\u00e9\u00e2tre sur la tol\u00e9rance<\/span>.<\/b><\/span><\/p>\n<p><span style=\"color: #99cc00; font-family: arial,helvetica,sans-serif;\">\u00a0<b><\/b><\/span><\/p>\n<p><strong><span style=\"color: #99cc00; font-family: arial,helvetica,sans-serif;\">Conditions pour s&rsquo;inscrire \u00e0 l&rsquo;option Arts<\/span><\/strong><\/p>\n<p><span style=\"font-family: arial,helvetica,sans-serif;\">&#8211;\u00a0\u00a0\u00a0\u00a0\u00a0\u00a0 \u00catre dynamique<\/span><\/p>\n<p><span style=\"font-family: arial,helvetica,sans-serif;\"><span style=\"letter-spacing: -0.02em;\">&#8211;\u00a0\u00a0\u00a0\u00a0\u00a0\u00a0 <\/span>\u00catre volontaire<\/span><\/p>\n<p><span style=\"font-family: arial,helvetica,sans-serif;\">\u00a0&#8211;\u00a0\u00a0\u00a0\u00a0\u00a0 Respecter le travail des autres<\/span><\/p>\n<p><span style=\"font-family: arial,helvetica,sans-serif;\">\u00a0&#8211;\u00a0\u00a0\u00a0\u00a0\u00a0 Ne pas avoir eu des probl\u00e8mes de comportement\u00a0 en 6<sup>\u00e8me<\/sup><\/span><\/p>\n<p><span style=\"font-family: arial,helvetica,sans-serif;\">\u00a0&#8211;\u00a0\u00a0\u00a0\u00a0\u00a0 Ne pas avoir eu des moyennes trop basses en 6<sup>\u00e8me<\/sup><\/span><\/p>\n<p><span style=\"font-family: arial,helvetica,sans-serif;\"><strong><strong>\u00a0\u00a0 <\/strong><span style=\"color: #99cc00;\"><a href=\"http:\/\/www.scolaire-collines.com\/college\/wp-content\/uploads\/2010\/10\/option-arts-5-b.jpg\"><img loading=\"lazy\" decoding=\"async\" class=\"aligncenter size-large wp-image-1033\" title=\"option arts 5 b\" src=\"http:\/\/www.scolaire-collines.com\/college\/wp-content\/uploads\/2010\/10\/option-arts-5-b-1024x768.jpg\" alt=\"\" width=\"430\" height=\"323\" \/><\/a><\/span><\/strong><\/span><\/p>\n<p><span style=\"font-family: arial,helvetica,sans-serif;\"><a href=\"http:\/\/www.scolaire-collines.com\/college\/wp-content\/uploads\/2010\/10\/option-arts-5-c3.jpg\">\u00a0<\/a><\/span><\/p>\n","protected":false},"excerpt":{"rendered":"<p>En\u00a0\u00a05\u00e8me : \u00ab\u00a0Mes sentiments dans la peinture et le dessin\u00a0\u00bb (Professeur responsable : Mme Florence Pauly El Issaoui)\u00a0\u00a0 \u00a0\u00a0\u00a0\u00a0\u00a0 \u00a0Th\u00e8me\u00a0:\u00a0\u00ab\u00a0Objets fantastiques\u00a0\u00bb (tol\u00e9rance) Cr\u00e9ations\u00a0: Des \u00ab\u00a0maisons voyageuses\u00a0\u00bb Des \u00ab\u00a0animaux fabuleux\u00a0\u00bb Des \u00ab\u00a0masques hybrides\u00a0\u00bb En lien avec le programme d\u2019histoire\u00a0et l\u2019option Art 4\u00e8me \u00a0le Moyen-\u00e2ge en Occident et en Orient, une pi\u00e8ce de th\u00e9\u00e2tre sur la tol\u00e9rance. [&hellip;]<\/p>\n","protected":false},"author":1,"featured_media":0,"parent":369,"menu_order":3,"comment_status":"closed","ping_status":"closed","template":"","meta":{"_acf_changed":false,"_et_pb_use_builder":"","_et_pb_old_content":"","_et_gb_content_width":"","footnotes":""},"class_list":["post-378","page","type-page","status-publish","hentry"],"acf":[],"yoast_head":"<!-- This site is optimized with the Yoast SEO plugin v27.4 - https:\/\/yoast.com\/product\/yoast-seo-wordpress\/ -->\n<title>Arts plastiques - Coll\u00e8ge Notre-Dame des Collines<\/title>\n<meta name=\"robots\" content=\"index, follow, max-snippet:-1, max-image-preview:large, max-video-preview:-1\" \/>\n<link rel=\"canonical\" href=\"http:\/\/www.scolaire-collines.com\/college\/a-propos\/les-options\/arts\/\" \/>\n<meta property=\"og:locale\" content=\"fr_FR\" \/>\n<meta property=\"og:type\" content=\"article\" \/>\n<meta property=\"og:title\" content=\"Arts plastiques - Coll\u00e8ge Notre-Dame des Collines\" \/>\n<meta property=\"og:description\" content=\"En\u00a0\u00a05\u00e8me : \u00ab\u00a0Mes sentiments dans la peinture et le dessin\u00a0\u00bb (Professeur responsable : Mme Florence Pauly El Issaoui)\u00a0\u00a0 \u00a0\u00a0\u00a0\u00a0\u00a0 \u00a0Th\u00e8me\u00a0:\u00a0\u00ab\u00a0Objets fantastiques\u00a0\u00bb (tol\u00e9rance) Cr\u00e9ations\u00a0: Des \u00ab\u00a0maisons voyageuses\u00a0\u00bb Des \u00ab\u00a0animaux fabuleux\u00a0\u00bb Des \u00ab\u00a0masques hybrides\u00a0\u00bb En lien avec le programme d\u2019histoire\u00a0et l\u2019option Art 4\u00e8me \u00a0le Moyen-\u00e2ge en Occident et en Orient, une pi\u00e8ce de th\u00e9\u00e2tre sur la tol\u00e9rance. [&hellip;]\" \/>\n<meta property=\"og:url\" content=\"http:\/\/www.scolaire-collines.com\/college\/a-propos\/les-options\/arts\/\" \/>\n<meta property=\"og:site_name\" content=\"Coll\u00e8ge Notre-Dame des Collines\" \/>\n<meta property=\"article:modified_time\" content=\"2022-11-17T11:09:20+00:00\" \/>\n<meta property=\"og:image\" content=\"http:\/\/www.scolaire-collines.com\/college\/wp-content\/uploads\/2010\/10\/option-arts-5-c3-1024x768.jpg\" \/>\n<meta name=\"twitter:card\" content=\"summary_large_image\" \/>\n<meta name=\"twitter:label1\" content=\"Dur\u00e9e de lecture estim\u00e9e\" \/>\n\t<meta name=\"twitter:data1\" content=\"1 minute\" \/>\n<script type=\"application\/ld+json\" class=\"yoast-schema-graph\">{\"@context\":\"https:\\\/\\\/schema.org\",\"@graph\":[{\"@type\":\"WebPage\",\"@id\":\"http:\\\/\\\/www.scolaire-collines.com\\\/college\\\/a-propos\\\/les-options\\\/arts\\\/\",\"url\":\"http:\\\/\\\/www.scolaire-collines.com\\\/college\\\/a-propos\\\/les-options\\\/arts\\\/\",\"name\":\"Arts plastiques - Coll\u00e8ge Notre-Dame des Collines\",\"isPartOf\":{\"@id\":\"http:\\\/\\\/www.scolaire-collines.com\\\/college\\\/#website\"},\"primaryImageOfPage\":{\"@id\":\"http:\\\/\\\/www.scolaire-collines.com\\\/college\\\/a-propos\\\/les-options\\\/arts\\\/#primaryimage\"},\"image\":{\"@id\":\"http:\\\/\\\/www.scolaire-collines.com\\\/college\\\/a-propos\\\/les-options\\\/arts\\\/#primaryimage\"},\"thumbnailUrl\":\"http:\\\/\\\/www.scolaire-collines.com\\\/college\\\/wp-content\\\/uploads\\\/2010\\\/10\\\/option-arts-5-c3-1024x768.jpg\",\"datePublished\":\"2016-11-28T12:30:36+00:00\",\"dateModified\":\"2022-11-17T11:09:20+00:00\",\"breadcrumb\":{\"@id\":\"http:\\\/\\\/www.scolaire-collines.com\\\/college\\\/a-propos\\\/les-options\\\/arts\\\/#breadcrumb\"},\"inLanguage\":\"fr-FR\",\"potentialAction\":[{\"@type\":\"ReadAction\",\"target\":[\"http:\\\/\\\/www.scolaire-collines.com\\\/college\\\/a-propos\\\/les-options\\\/arts\\\/\"]}]},{\"@type\":\"ImageObject\",\"inLanguage\":\"fr-FR\",\"@id\":\"http:\\\/\\\/www.scolaire-collines.com\\\/college\\\/a-propos\\\/les-options\\\/arts\\\/#primaryimage\",\"url\":\"http:\\\/\\\/www.scolaire-collines.com\\\/college\\\/wp-content\\\/uploads\\\/2010\\\/10\\\/option-arts-5-c3-1024x768.jpg\",\"contentUrl\":\"http:\\\/\\\/www.scolaire-collines.com\\\/college\\\/wp-content\\\/uploads\\\/2010\\\/10\\\/option-arts-5-c3-1024x768.jpg\"},{\"@type\":\"BreadcrumbList\",\"@id\":\"http:\\\/\\\/www.scolaire-collines.com\\\/college\\\/a-propos\\\/les-options\\\/arts\\\/#breadcrumb\",\"itemListElement\":[{\"@type\":\"ListItem\",\"position\":1,\"name\":\"Accueil\",\"item\":\"http:\\\/\\\/www.scolaire-collines.com\\\/college\\\/\"},{\"@type\":\"ListItem\",\"position\":2,\"name\":\"Les classes\",\"item\":\"https:\\\/\\\/www.scolaire-collines.com\\\/college\\\/a-propos\\\/\"},{\"@type\":\"ListItem\",\"position\":3,\"name\":\"Nos sp\u00e9cificit\u00e9s\",\"item\":\"https:\\\/\\\/www.scolaire-collines.com\\\/college\\\/a-propos\\\/les-options\\\/\"},{\"@type\":\"ListItem\",\"position\":4,\"name\":\"Arts plastiques\"}]},{\"@type\":\"WebSite\",\"@id\":\"http:\\\/\\\/www.scolaire-collines.com\\\/college\\\/#website\",\"url\":\"http:\\\/\\\/www.scolaire-collines.com\\\/college\\\/\",\"name\":\"Coll\u00e8ge Notre-Dame des Collines\",\"description\":\"Un coll\u00e8ge qui fait grandir\",\"potentialAction\":[{\"@type\":\"SearchAction\",\"target\":{\"@type\":\"EntryPoint\",\"urlTemplate\":\"http:\\\/\\\/www.scolaire-collines.com\\\/college\\\/?s={search_term_string}\"},\"query-input\":{\"@type\":\"PropertyValueSpecification\",\"valueRequired\":true,\"valueName\":\"search_term_string\"}}],\"inLanguage\":\"fr-FR\"}]}<\/script>\n<!-- \/ Yoast SEO plugin. -->","yoast_head_json":{"title":"Arts plastiques - Coll\u00e8ge Notre-Dame des Collines","robots":{"index":"index","follow":"follow","max-snippet":"max-snippet:-1","max-image-preview":"max-image-preview:large","max-video-preview":"max-video-preview:-1"},"canonical":"http:\/\/www.scolaire-collines.com\/college\/a-propos\/les-options\/arts\/","og_locale":"fr_FR","og_type":"article","og_title":"Arts plastiques - Coll\u00e8ge Notre-Dame des Collines","og_description":"En\u00a0\u00a05\u00e8me : \u00ab\u00a0Mes sentiments dans la peinture et le dessin\u00a0\u00bb (Professeur responsable : Mme Florence Pauly El Issaoui)\u00a0\u00a0 \u00a0\u00a0\u00a0\u00a0\u00a0 \u00a0Th\u00e8me\u00a0:\u00a0\u00ab\u00a0Objets fantastiques\u00a0\u00bb (tol\u00e9rance) Cr\u00e9ations\u00a0: Des \u00ab\u00a0maisons voyageuses\u00a0\u00bb Des \u00ab\u00a0animaux fabuleux\u00a0\u00bb Des \u00ab\u00a0masques hybrides\u00a0\u00bb En lien avec le programme d\u2019histoire\u00a0et l\u2019option Art 4\u00e8me \u00a0le Moyen-\u00e2ge en Occident et en Orient, une pi\u00e8ce de th\u00e9\u00e2tre sur la tol\u00e9rance. [&hellip;]","og_url":"http:\/\/www.scolaire-collines.com\/college\/a-propos\/les-options\/arts\/","og_site_name":"Coll\u00e8ge Notre-Dame des Collines","article_modified_time":"2022-11-17T11:09:20+00:00","og_image":[{"url":"http:\/\/www.scolaire-collines.com\/college\/wp-content\/uploads\/2010\/10\/option-arts-5-c3-1024x768.jpg","type":"","width":"","height":""}],"twitter_card":"summary_large_image","twitter_misc":{"Dur\u00e9e de lecture estim\u00e9e":"1 minute"},"schema":{"@context":"https:\/\/schema.org","@graph":[{"@type":"WebPage","@id":"http:\/\/www.scolaire-collines.com\/college\/a-propos\/les-options\/arts\/","url":"http:\/\/www.scolaire-collines.com\/college\/a-propos\/les-options\/arts\/","name":"Arts plastiques - Coll\u00e8ge Notre-Dame des Collines","isPartOf":{"@id":"http:\/\/www.scolaire-collines.com\/college\/#website"},"primaryImageOfPage":{"@id":"http:\/\/www.scolaire-collines.com\/college\/a-propos\/les-options\/arts\/#primaryimage"},"image":{"@id":"http:\/\/www.scolaire-collines.com\/college\/a-propos\/les-options\/arts\/#primaryimage"},"thumbnailUrl":"http:\/\/www.scolaire-collines.com\/college\/wp-content\/uploads\/2010\/10\/option-arts-5-c3-1024x768.jpg","datePublished":"2016-11-28T12:30:36+00:00","dateModified":"2022-11-17T11:09:20+00:00","breadcrumb":{"@id":"http:\/\/www.scolaire-collines.com\/college\/a-propos\/les-options\/arts\/#breadcrumb"},"inLanguage":"fr-FR","potentialAction":[{"@type":"ReadAction","target":["http:\/\/www.scolaire-collines.com\/college\/a-propos\/les-options\/arts\/"]}]},{"@type":"ImageObject","inLanguage":"fr-FR","@id":"http:\/\/www.scolaire-collines.com\/college\/a-propos\/les-options\/arts\/#primaryimage","url":"http:\/\/www.scolaire-collines.com\/college\/wp-content\/uploads\/2010\/10\/option-arts-5-c3-1024x768.jpg","contentUrl":"http:\/\/www.scolaire-collines.com\/college\/wp-content\/uploads\/2010\/10\/option-arts-5-c3-1024x768.jpg"},{"@type":"BreadcrumbList","@id":"http:\/\/www.scolaire-collines.com\/college\/a-propos\/les-options\/arts\/#breadcrumb","itemListElement":[{"@type":"ListItem","position":1,"name":"Accueil","item":"http:\/\/www.scolaire-collines.com\/college\/"},{"@type":"ListItem","position":2,"name":"Les classes","item":"https:\/\/www.scolaire-collines.com\/college\/a-propos\/"},{"@type":"ListItem","position":3,"name":"Nos sp\u00e9cificit\u00e9s","item":"https:\/\/www.scolaire-collines.com\/college\/a-propos\/les-options\/"},{"@type":"ListItem","position":4,"name":"Arts plastiques"}]},{"@type":"WebSite","@id":"http:\/\/www.scolaire-collines.com\/college\/#website","url":"http:\/\/www.scolaire-collines.com\/college\/","name":"Coll\u00e8ge Notre-Dame des Collines","description":"Un coll\u00e8ge qui fait grandir","potentialAction":[{"@type":"SearchAction","target":{"@type":"EntryPoint","urlTemplate":"http:\/\/www.scolaire-collines.com\/college\/?s={search_term_string}"},"query-input":{"@type":"PropertyValueSpecification","valueRequired":true,"valueName":"search_term_string"}}],"inLanguage":"fr-FR"}]}},"_links":{"self":[{"href":"https:\/\/www.scolaire-collines.com\/college\/wp-json\/wp\/v2\/pages\/378","targetHints":{"allow":["GET"]}}],"collection":[{"href":"https:\/\/www.scolaire-collines.com\/college\/wp-json\/wp\/v2\/pages"}],"about":[{"href":"https:\/\/www.scolaire-collines.com\/college\/wp-json\/wp\/v2\/types\/page"}],"author":[{"embeddable":true,"href":"https:\/\/www.scolaire-collines.com\/college\/wp-json\/wp\/v2\/users\/1"}],"replies":[{"embeddable":true,"href":"https:\/\/www.scolaire-collines.com\/college\/wp-json\/wp\/v2\/comments?post=378"}],"version-history":[{"count":4,"href":"https:\/\/www.scolaire-collines.com\/college\/wp-json\/wp\/v2\/pages\/378\/revisions"}],"predecessor-version":[{"id":2758,"href":"https:\/\/www.scolaire-collines.com\/college\/wp-json\/wp\/v2\/pages\/378\/revisions\/2758"}],"up":[{"embeddable":true,"href":"https:\/\/www.scolaire-collines.com\/college\/wp-json\/wp\/v2\/pages\/369"}],"wp:attachment":[{"href":"https:\/\/www.scolaire-collines.com\/college\/wp-json\/wp\/v2\/media?parent=378"}],"curies":[{"name":"wp","href":"https:\/\/api.w.org\/{rel}","templated":true}]}}