{"id":37,"date":"2016-11-28T16:30:09","date_gmt":"2016-11-28T15:30:09","guid":{"rendered":"http:\/\/www.scolaire-collines.com\/college\/?page_id=37"},"modified":"2016-11-29T10:34:09","modified_gmt":"2016-11-29T09:34:09","slug":"projet-detablissement","status":"publish","type":"page","link":"https:\/\/www.scolaire-collines.com\/college\/projets\/projet-detablissement\/","title":{"rendered":"Projet d\u2019\u00e9tablissement"},"content":{"rendered":"<p><span style=\"font-family: arial,helvetica,sans-serif;\">\u00a0Dans un souci de donner du sens \u00e0 l\u2019ensemble de nos pratiques \u00e9ducatives et p\u00e9dagogiques, notre communaut\u00e9 \u00e9ducative souhaite mettre en \u0153uvre un projet d\u2019\u00e9tablissement\u00a0 avec des objectifs et des actions concr\u00e8tes \u00e9valuables, pour f\u00e9d\u00e9rer le dynamisme de tous ses acteurs et donner plus de lisibilit\u00e9 au travail entrepris pour la r\u00e9ussite et l\u2019\u00e9panouissement des jeunes.\u00a0\u00a0Ainsi chacun, soit dans le champ professionnel qui est le sien, soit dans le r\u00f4le qui lui revient (parents, \u00e9l\u00e8ves, intervenants externes, organismes, institutions, etc.) conna\u00eetra nos intentions, pourra en\u00a0 partager le contenu et s\u2019engager dans le quotidien \u00e0 la r\u00e9alisation des buts que nous poursuivons.\u00a0\u00a0\u00a0\u00a0\u00a0\u00a0\u00a0<\/span><\/p>\n<p><span style=\"font-family: arial,helvetica,sans-serif;\">\u00a0\u00a0L\u2019analyse de nos pratiques, dans <strong>cinq\u00a0 importants secteurs d\u2019activit\u00e9 de l\u2019\u00e9tablissement*<\/strong>,\u00a0 nous a permis de pr\u00e9ciser les points forts qui contribuent \u00e0 la qualit\u00e9\u00a0 professionnelle et relationnelle de notre \u00e9tablissement. Ces\u00a0 r\u00e9ussites, nous\u00a0 entendons\u00a0 les poursuivre et les consolider au service du d\u00e9veloppement de tous les membres de la communaut\u00e9 \u00e9ducative, jeunes et adultes. Dans le m\u00eame temps nous avons \u00e9labor\u00e9 d\u2019autres objectifs\u00a0 qui nous paraissent aujourd\u2019hui assez prioritaires et les actions concr\u00e8tes \u00e0 mettre en \u0153uvre\u00a0 pour les atteindre.\u00a0\u00a0\u00a0\u00a0\u00a0\u00a0\u00a0<\/span><\/p>\n<p><span style=\"font-family: arial,helvetica,sans-serif;\">\u00a0\u00a0Ainsi pourrons-nous ensemble,\u00a0 dans la fid\u00e9lit\u00e9 aux fondateurs de notre \u00e9tablissement, poursuivre notre action, construire, apporter dynamique et cr\u00e9ativit\u00e9 et mesurer mieux r\u00e9ussites et difficult\u00e9s pour consolider et renforcer notre projet.\u00a0\u00a0\u00a0\u00a0\u00a0\u00a0\u00a0<\/span><\/p>\n<p><span style=\"font-family: arial,helvetica,sans-serif;\">*\u00a0\u00a0<strong><span style=\"text-decoration: underline;\">Les grands axes\u00a0du projet d&rsquo;\u00e9tablissement : <\/span><\/strong>\u00a0\u00a0\u00a0\u00a0\u00a0\u00a0\u00a0<\/span><\/p>\n<p style=\"padding-left: 30px;\"><span style=\"font-family: arial,helvetica,sans-serif; color: #99cc00;\"><a href=\"http:\/\/www.scolaire-collines.com\/college-ndc\/projets\/projet-detablissement\/la-pedagogie\/\"><strong>P\u00e9dagogie<\/strong><\/a>\u00a0\u00a0\u00a0\u00a0\u00a0\u00a0\u00a0<\/span><\/p>\n<p style=\"padding-left: 60px;\"><span style=\"font-family: arial,helvetica,sans-serif; color: #99cc00;\"><a href=\"http:\/\/www.scolaire-collines.com\/college-ndc\/projets\/projet-detablissement\/la-vie-scolaire\/\"><strong>Vie Scolaire<\/strong><\/a>\u00a0\u00a0\u00a0\u00a0\u00a0\u00a0\u00a0<\/span><\/p>\n<p style=\"padding-left: 90px;\"><span style=\"font-family: arial,helvetica,sans-serif; color: #99cc00;\"><a href=\"http:\/\/www.scolaire-collines.com\/college-ndc\/projets\/projet-detablissement\/lanimation-pastorale\/\"><strong>Animation pastorale<\/strong><\/a>\u00a0\u00a0\u00a0\u00a0\u00a0\u00a0\u00a0<\/span><\/p>\n<p style=\"padding-left: 120px;\"><span style=\"font-family: arial,helvetica,sans-serif; color: #99cc00;\">\u00a0<a href=\"http:\/\/www.scolaire-collines.com\/college-ndc\/projets\/projet-detablissement\/linformation-et-la-communication\/\"><strong>Information et communication<\/strong><\/a>\u00a0\u00a0\u00a0\u00a0\u00a0\u00a0\u00a0<\/span><\/p>\n<p style=\"padding-left: 150px;\"><span style=\"font-family: arial,helvetica,sans-serif;\"><span style=\"color: #99cc00;\">\u00a0<a href=\"http:\/\/www.scolaire-collines.com\/college-ndc\/projets\/projet-detablissement\/le-developpement-de-letablissement\/\"><strong>D\u00e9veloppement de l\u2019\u00e9tablissement<\/strong><\/a><\/span>\u00a0\u00a0\u00a0\u00a0\u00a0\u00a0\u00a0<\/span><\/p>\n<p><span style=\"font-family: arial,helvetica,sans-serif;\"><strong>\u00a0<\/strong><\/span><\/p>\n","protected":false},"excerpt":{"rendered":"<p>\u00a0Dans un souci de donner du sens \u00e0 l\u2019ensemble de nos pratiques \u00e9ducatives et p\u00e9dagogiques, notre communaut\u00e9 \u00e9ducative souhaite mettre en \u0153uvre un projet d\u2019\u00e9tablissement\u00a0 avec des objectifs et des actions concr\u00e8tes \u00e9valuables, pour f\u00e9d\u00e9rer le dynamisme de tous ses acteurs et donner plus de lisibilit\u00e9 au travail entrepris pour la r\u00e9ussite et l\u2019\u00e9panouissement des [&hellip;]<\/p>\n","protected":false},"author":1,"featured_media":0,"parent":12,"menu_order":2,"comment_status":"closed","ping_status":"closed","template":"","meta":{"_acf_changed":false,"_et_pb_use_builder":"","_et_pb_old_content":"","_et_gb_content_width":"","footnotes":""},"class_list":["post-37","page","type-page","status-publish","hentry"],"acf":[],"yoast_head":"<!-- This site is optimized with the Yoast SEO plugin v27.4 - https:\/\/yoast.com\/product\/yoast-seo-wordpress\/ -->\n<title>Projet d\u2019\u00e9tablissement - Coll\u00e8ge Notre-Dame des Collines<\/title>\n<meta name=\"robots\" content=\"index, follow, max-snippet:-1, max-image-preview:large, max-video-preview:-1\" \/>\n<link rel=\"canonical\" href=\"http:\/\/www.scolaire-collines.com\/college\/projets\/projet-detablissement\/\" \/>\n<meta property=\"og:locale\" content=\"fr_FR\" \/>\n<meta property=\"og:type\" content=\"article\" \/>\n<meta property=\"og:title\" content=\"Projet d\u2019\u00e9tablissement - Coll\u00e8ge Notre-Dame des Collines\" \/>\n<meta property=\"og:description\" content=\"\u00a0Dans un souci de donner du sens \u00e0 l\u2019ensemble de nos pratiques \u00e9ducatives et p\u00e9dagogiques, notre communaut\u00e9 \u00e9ducative souhaite mettre en \u0153uvre un projet d\u2019\u00e9tablissement\u00a0 avec des objectifs et des actions concr\u00e8tes \u00e9valuables, pour f\u00e9d\u00e9rer le dynamisme de tous ses acteurs et donner plus de lisibilit\u00e9 au travail entrepris pour la r\u00e9ussite et l\u2019\u00e9panouissement des [&hellip;]\" \/>\n<meta property=\"og:url\" content=\"http:\/\/www.scolaire-collines.com\/college\/projets\/projet-detablissement\/\" \/>\n<meta property=\"og:site_name\" content=\"Coll\u00e8ge Notre-Dame des Collines\" \/>\n<meta property=\"article:modified_time\" content=\"2016-11-29T09:34:09+00:00\" \/>\n<meta name=\"twitter:card\" content=\"summary_large_image\" \/>\n<meta name=\"twitter:label1\" content=\"Dur\u00e9e de lecture estim\u00e9e\" \/>\n\t<meta name=\"twitter:data1\" content=\"1 minute\" \/>\n<script type=\"application\/ld+json\" class=\"yoast-schema-graph\">{\"@context\":\"https:\\\/\\\/schema.org\",\"@graph\":[{\"@type\":\"WebPage\",\"@id\":\"http:\\\/\\\/www.scolaire-collines.com\\\/college\\\/projets\\\/projet-detablissement\\\/\",\"url\":\"http:\\\/\\\/www.scolaire-collines.com\\\/college\\\/projets\\\/projet-detablissement\\\/\",\"name\":\"Projet d\u2019\u00e9tablissement - Coll\u00e8ge Notre-Dame des Collines\",\"isPartOf\":{\"@id\":\"http:\\\/\\\/www.scolaire-collines.com\\\/college\\\/#website\"},\"datePublished\":\"2016-11-28T15:30:09+00:00\",\"dateModified\":\"2016-11-29T09:34:09+00:00\",\"breadcrumb\":{\"@id\":\"http:\\\/\\\/www.scolaire-collines.com\\\/college\\\/projets\\\/projet-detablissement\\\/#breadcrumb\"},\"inLanguage\":\"fr-FR\",\"potentialAction\":[{\"@type\":\"ReadAction\",\"target\":[\"http:\\\/\\\/www.scolaire-collines.com\\\/college\\\/projets\\\/projet-detablissement\\\/\"]}]},{\"@type\":\"BreadcrumbList\",\"@id\":\"http:\\\/\\\/www.scolaire-collines.com\\\/college\\\/projets\\\/projet-detablissement\\\/#breadcrumb\",\"itemListElement\":[{\"@type\":\"ListItem\",\"position\":1,\"name\":\"Accueil\",\"item\":\"http:\\\/\\\/www.scolaire-collines.com\\\/college\\\/\"},{\"@type\":\"ListItem\",\"position\":2,\"name\":\"Projets\",\"item\":\"https:\\\/\\\/www.scolaire-collines.com\\\/college\\\/projets\\\/\"},{\"@type\":\"ListItem\",\"position\":3,\"name\":\"Projet d\u2019\u00e9tablissement\"}]},{\"@type\":\"WebSite\",\"@id\":\"http:\\\/\\\/www.scolaire-collines.com\\\/college\\\/#website\",\"url\":\"http:\\\/\\\/www.scolaire-collines.com\\\/college\\\/\",\"name\":\"Coll\u00e8ge Notre-Dame des Collines\",\"description\":\"Un coll\u00e8ge qui fait grandir\",\"potentialAction\":[{\"@type\":\"SearchAction\",\"target\":{\"@type\":\"EntryPoint\",\"urlTemplate\":\"http:\\\/\\\/www.scolaire-collines.com\\\/college\\\/?s={search_term_string}\"},\"query-input\":{\"@type\":\"PropertyValueSpecification\",\"valueRequired\":true,\"valueName\":\"search_term_string\"}}],\"inLanguage\":\"fr-FR\"}]}<\/script>\n<!-- \/ Yoast SEO plugin. -->","yoast_head_json":{"title":"Projet d\u2019\u00e9tablissement - Coll\u00e8ge Notre-Dame des Collines","robots":{"index":"index","follow":"follow","max-snippet":"max-snippet:-1","max-image-preview":"max-image-preview:large","max-video-preview":"max-video-preview:-1"},"canonical":"http:\/\/www.scolaire-collines.com\/college\/projets\/projet-detablissement\/","og_locale":"fr_FR","og_type":"article","og_title":"Projet d\u2019\u00e9tablissement - Coll\u00e8ge Notre-Dame des Collines","og_description":"\u00a0Dans un souci de donner du sens \u00e0 l\u2019ensemble de nos pratiques \u00e9ducatives et p\u00e9dagogiques, notre communaut\u00e9 \u00e9ducative souhaite mettre en \u0153uvre un projet d\u2019\u00e9tablissement\u00a0 avec des objectifs et des actions concr\u00e8tes \u00e9valuables, pour f\u00e9d\u00e9rer le dynamisme de tous ses acteurs et donner plus de lisibilit\u00e9 au travail entrepris pour la r\u00e9ussite et l\u2019\u00e9panouissement des [&hellip;]","og_url":"http:\/\/www.scolaire-collines.com\/college\/projets\/projet-detablissement\/","og_site_name":"Coll\u00e8ge Notre-Dame des Collines","article_modified_time":"2016-11-29T09:34:09+00:00","twitter_card":"summary_large_image","twitter_misc":{"Dur\u00e9e de lecture estim\u00e9e":"1 minute"},"schema":{"@context":"https:\/\/schema.org","@graph":[{"@type":"WebPage","@id":"http:\/\/www.scolaire-collines.com\/college\/projets\/projet-detablissement\/","url":"http:\/\/www.scolaire-collines.com\/college\/projets\/projet-detablissement\/","name":"Projet d\u2019\u00e9tablissement - Coll\u00e8ge Notre-Dame des Collines","isPartOf":{"@id":"http:\/\/www.scolaire-collines.com\/college\/#website"},"datePublished":"2016-11-28T15:30:09+00:00","dateModified":"2016-11-29T09:34:09+00:00","breadcrumb":{"@id":"http:\/\/www.scolaire-collines.com\/college\/projets\/projet-detablissement\/#breadcrumb"},"inLanguage":"fr-FR","potentialAction":[{"@type":"ReadAction","target":["http:\/\/www.scolaire-collines.com\/college\/projets\/projet-detablissement\/"]}]},{"@type":"BreadcrumbList","@id":"http:\/\/www.scolaire-collines.com\/college\/projets\/projet-detablissement\/#breadcrumb","itemListElement":[{"@type":"ListItem","position":1,"name":"Accueil","item":"http:\/\/www.scolaire-collines.com\/college\/"},{"@type":"ListItem","position":2,"name":"Projets","item":"https:\/\/www.scolaire-collines.com\/college\/projets\/"},{"@type":"ListItem","position":3,"name":"Projet d\u2019\u00e9tablissement"}]},{"@type":"WebSite","@id":"http:\/\/www.scolaire-collines.com\/college\/#website","url":"http:\/\/www.scolaire-collines.com\/college\/","name":"Coll\u00e8ge Notre-Dame des Collines","description":"Un coll\u00e8ge qui fait grandir","potentialAction":[{"@type":"SearchAction","target":{"@type":"EntryPoint","urlTemplate":"http:\/\/www.scolaire-collines.com\/college\/?s={search_term_string}"},"query-input":{"@type":"PropertyValueSpecification","valueRequired":true,"valueName":"search_term_string"}}],"inLanguage":"fr-FR"}]}},"_links":{"self":[{"href":"https:\/\/www.scolaire-collines.com\/college\/wp-json\/wp\/v2\/pages\/37","targetHints":{"allow":["GET"]}}],"collection":[{"href":"https:\/\/www.scolaire-collines.com\/college\/wp-json\/wp\/v2\/pages"}],"about":[{"href":"https:\/\/www.scolaire-collines.com\/college\/wp-json\/wp\/v2\/types\/page"}],"author":[{"embeddable":true,"href":"https:\/\/www.scolaire-collines.com\/college\/wp-json\/wp\/v2\/users\/1"}],"replies":[{"embeddable":true,"href":"https:\/\/www.scolaire-collines.com\/college\/wp-json\/wp\/v2\/comments?post=37"}],"version-history":[{"count":7,"href":"https:\/\/www.scolaire-collines.com\/college\/wp-json\/wp\/v2\/pages\/37\/revisions"}],"predecessor-version":[{"id":2219,"href":"https:\/\/www.scolaire-collines.com\/college\/wp-json\/wp\/v2\/pages\/37\/revisions\/2219"}],"up":[{"embeddable":true,"href":"https:\/\/www.scolaire-collines.com\/college\/wp-json\/wp\/v2\/pages\/12"}],"wp:attachment":[{"href":"https:\/\/www.scolaire-collines.com\/college\/wp-json\/wp\/v2\/media?parent=37"}],"curies":[{"name":"wp","href":"https:\/\/api.w.org\/{rel}","templated":true}]}}