{"id":352,"date":"2019-01-21T09:00:15","date_gmt":"2019-01-21T08:00:15","guid":{"rendered":"http:\/\/www.scolaire-collines.com\/college\/?page_id=352"},"modified":"2022-11-17T12:05:00","modified_gmt":"2022-11-17T11:05:00","slug":"troisiemes","status":"publish","type":"page","link":"https:\/\/www.scolaire-collines.com\/college\/a-propos\/troisiemes\/","title":{"rendered":"Troisi\u00e8mes"},"content":{"rendered":"<h3><span style=\"font-family: arial,helvetica,sans-serif; color: #99cc00;\"><strong>3\u00e8me A <\/strong><\/span><\/h3>\n<p><span style=\"font-family: arial,helvetica,sans-serif;\">31 \u00e9l\u00e8ves<br \/>\n<\/span><\/p>\n<p><span style=\"font-family: arial,helvetica,sans-serif;\"><strong>professeur principal : THEILLARD Martine<\/strong><\/span><\/p>\n<p><span style=\"font-family: arial,helvetica,sans-serif;\"><strong>options Allemand, Espagnol, Italien.<br \/>\n<\/strong><\/span><\/p>\n<h3><span style=\"font-family: arial,helvetica,sans-serif; color: #99cc00;\"><strong>3\u00e8me\u00a0B<\/strong><\/span><\/h3>\n<p><span style=\"font-family: arial,helvetica,sans-serif;\">32\u00a0 \u00e9l\u00e8ves<\/span><\/p>\n<p><span style=\"font-family: arial,helvetica,sans-serif;\"><strong>professeur principal : HAMM Bertrand<strong><br \/>\n<\/strong><\/strong><\/span><\/p>\n<p><span style=\"font-family: arial,helvetica,sans-serif;\"><strong>options Allemand, Espagnol, Italien.<\/strong><\/span><\/p>\n<h3><span style=\"font-family: arial,helvetica,sans-serif;\"><strong><span style=\"color: #0000ff;\"><span style=\"color: #99cc00;\">3\u00e8me\u00a0C<\/span> <\/span><\/strong><\/span><\/h3>\n<p><span style=\"font-family: arial,helvetica,sans-serif;\">30 \u00e9l\u00e8ves<\/span><\/p>\n<p><span style=\"font-family: arial,helvetica,sans-serif;\"><strong>professeur principal : ROYET Marie H\u00e9l\u00e8ne<br \/>\n<\/strong><\/span><\/p>\n<p><span style=\"font-family: arial,helvetica,sans-serif;\"><strong>options Allemand, Espagnol, Italien.<\/strong><\/span><\/p>\n<h3><span style=\"font-family: arial, helvetica, sans-serif; color: #99cc00;\"><strong>3\u00e8me D<\/strong><\/span><\/h3>\n<p><span style=\"font-family: arial, helvetica, sans-serif;\">31 \u00e9l\u00e8ves<\/span><\/p>\n<p><span style=\"font-family: arial, helvetica, sans-serif;\"><strong>professeur principal : BONNET B\u00e9atrice<\/strong><\/span><\/p>\n<p><span style=\"font-family: arial,helvetica,sans-serif;\"><strong>options Allemand, Espagnol, Italien.<\/strong><\/span><\/p>\n","protected":false},"excerpt":{"rendered":"<p>3\u00e8me A 31 \u00e9l\u00e8ves professeur principal : THEILLARD Martine options Allemand, Espagnol, Italien. 3\u00e8me\u00a0B 32\u00a0 \u00e9l\u00e8ves professeur principal : HAMM Bertrand options Allemand, Espagnol, Italien. 3\u00e8me\u00a0C 30 \u00e9l\u00e8ves professeur principal : ROYET Marie H\u00e9l\u00e8ne options Allemand, Espagnol, Italien. 3\u00e8me D 31 \u00e9l\u00e8ves professeur principal : BONNET B\u00e9atrice options Allemand, Espagnol, Italien.<\/p>\n","protected":false},"author":1,"featured_media":0,"parent":521,"menu_order":4,"comment_status":"closed","ping_status":"closed","template":"","meta":{"_acf_changed":false,"_et_pb_use_builder":"","_et_pb_old_content":"","_et_gb_content_width":"","footnotes":""},"class_list":["post-352","page","type-page","status-publish","hentry"],"acf":[],"yoast_head":"<!-- This site is optimized with the Yoast SEO plugin v26.4 - https:\/\/yoast.com\/wordpress\/plugins\/seo\/ -->\n<title>Troisi\u00e8mes - Coll\u00e8ge Notre-Dame des Collines<\/title>\n<meta name=\"robots\" content=\"index, follow, max-snippet:-1, max-image-preview:large, max-video-preview:-1\" \/>\n<link rel=\"canonical\" href=\"http:\/\/www.scolaire-collines.com\/college\/a-propos\/troisiemes\/\" \/>\n<meta property=\"og:locale\" content=\"fr_FR\" \/>\n<meta property=\"og:type\" content=\"article\" \/>\n<meta property=\"og:title\" content=\"Troisi\u00e8mes - Coll\u00e8ge Notre-Dame des Collines\" \/>\n<meta property=\"og:description\" content=\"3\u00e8me A 31 \u00e9l\u00e8ves professeur principal : THEILLARD Martine options Allemand, Espagnol, Italien. 3\u00e8me\u00a0B 32\u00a0 \u00e9l\u00e8ves professeur principal : HAMM Bertrand options Allemand, Espagnol, Italien. 3\u00e8me\u00a0C 30 \u00e9l\u00e8ves professeur principal : ROYET Marie H\u00e9l\u00e8ne options Allemand, Espagnol, Italien. 3\u00e8me D 31 \u00e9l\u00e8ves professeur principal : BONNET B\u00e9atrice options Allemand, Espagnol, Italien.\" \/>\n<meta property=\"og:url\" content=\"http:\/\/www.scolaire-collines.com\/college\/a-propos\/troisiemes\/\" \/>\n<meta property=\"og:site_name\" content=\"Coll\u00e8ge Notre-Dame des Collines\" \/>\n<meta property=\"article:modified_time\" content=\"2022-11-17T11:05:00+00:00\" \/>\n<meta name=\"twitter:card\" content=\"summary_large_image\" \/>\n<script type=\"application\/ld+json\" class=\"yoast-schema-graph\">{\"@context\":\"https:\/\/schema.org\",\"@graph\":[{\"@type\":\"WebPage\",\"@id\":\"http:\/\/www.scolaire-collines.com\/college\/a-propos\/troisiemes\/\",\"url\":\"http:\/\/www.scolaire-collines.com\/college\/a-propos\/troisiemes\/\",\"name\":\"Troisi\u00e8mes - Coll\u00e8ge Notre-Dame des Collines\",\"isPartOf\":{\"@id\":\"http:\/\/www.scolaire-collines.com\/college\/#website\"},\"datePublished\":\"2019-01-21T08:00:15+00:00\",\"dateModified\":\"2022-11-17T11:05:00+00:00\",\"breadcrumb\":{\"@id\":\"http:\/\/www.scolaire-collines.com\/college\/a-propos\/troisiemes\/#breadcrumb\"},\"inLanguage\":\"fr-FR\",\"potentialAction\":[{\"@type\":\"ReadAction\",\"target\":[\"http:\/\/www.scolaire-collines.com\/college\/a-propos\/troisiemes\/\"]}]},{\"@type\":\"BreadcrumbList\",\"@id\":\"http:\/\/www.scolaire-collines.com\/college\/a-propos\/troisiemes\/#breadcrumb\",\"itemListElement\":[{\"@type\":\"ListItem\",\"position\":1,\"name\":\"Accueil\",\"item\":\"http:\/\/www.scolaire-collines.com\/college\/\"},{\"@type\":\"ListItem\",\"position\":2,\"name\":\"Les classes\",\"item\":\"http:\/\/www.scolaire-collines.com\/college\/a-propos\/\"},{\"@type\":\"ListItem\",\"position\":3,\"name\":\"Troisi\u00e8mes\"}]},{\"@type\":\"WebSite\",\"@id\":\"http:\/\/www.scolaire-collines.com\/college\/#website\",\"url\":\"http:\/\/www.scolaire-collines.com\/college\/\",\"name\":\"Coll\u00e8ge Notre-Dame des Collines\",\"description\":\"Un coll\u00e8ge qui fait grandir\",\"potentialAction\":[{\"@type\":\"SearchAction\",\"target\":{\"@type\":\"EntryPoint\",\"urlTemplate\":\"http:\/\/www.scolaire-collines.com\/college\/?s={search_term_string}\"},\"query-input\":{\"@type\":\"PropertyValueSpecification\",\"valueRequired\":true,\"valueName\":\"search_term_string\"}}],\"inLanguage\":\"fr-FR\"}]}<\/script>\n<!-- \/ Yoast SEO plugin. -->","yoast_head_json":{"title":"Troisi\u00e8mes - Coll\u00e8ge Notre-Dame des Collines","robots":{"index":"index","follow":"follow","max-snippet":"max-snippet:-1","max-image-preview":"max-image-preview:large","max-video-preview":"max-video-preview:-1"},"canonical":"http:\/\/www.scolaire-collines.com\/college\/a-propos\/troisiemes\/","og_locale":"fr_FR","og_type":"article","og_title":"Troisi\u00e8mes - Coll\u00e8ge Notre-Dame des Collines","og_description":"3\u00e8me A 31 \u00e9l\u00e8ves professeur principal : THEILLARD Martine options Allemand, Espagnol, Italien. 3\u00e8me\u00a0B 32\u00a0 \u00e9l\u00e8ves professeur principal : HAMM Bertrand options Allemand, Espagnol, Italien. 3\u00e8me\u00a0C 30 \u00e9l\u00e8ves professeur principal : ROYET Marie H\u00e9l\u00e8ne options Allemand, Espagnol, Italien. 3\u00e8me D 31 \u00e9l\u00e8ves professeur principal : BONNET B\u00e9atrice options Allemand, Espagnol, Italien.","og_url":"http:\/\/www.scolaire-collines.com\/college\/a-propos\/troisiemes\/","og_site_name":"Coll\u00e8ge Notre-Dame des Collines","article_modified_time":"2022-11-17T11:05:00+00:00","twitter_card":"summary_large_image","schema":{"@context":"https:\/\/schema.org","@graph":[{"@type":"WebPage","@id":"http:\/\/www.scolaire-collines.com\/college\/a-propos\/troisiemes\/","url":"http:\/\/www.scolaire-collines.com\/college\/a-propos\/troisiemes\/","name":"Troisi\u00e8mes - Coll\u00e8ge Notre-Dame des Collines","isPartOf":{"@id":"http:\/\/www.scolaire-collines.com\/college\/#website"},"datePublished":"2019-01-21T08:00:15+00:00","dateModified":"2022-11-17T11:05:00+00:00","breadcrumb":{"@id":"http:\/\/www.scolaire-collines.com\/college\/a-propos\/troisiemes\/#breadcrumb"},"inLanguage":"fr-FR","potentialAction":[{"@type":"ReadAction","target":["http:\/\/www.scolaire-collines.com\/college\/a-propos\/troisiemes\/"]}]},{"@type":"BreadcrumbList","@id":"http:\/\/www.scolaire-collines.com\/college\/a-propos\/troisiemes\/#breadcrumb","itemListElement":[{"@type":"ListItem","position":1,"name":"Accueil","item":"http:\/\/www.scolaire-collines.com\/college\/"},{"@type":"ListItem","position":2,"name":"Les classes","item":"http:\/\/www.scolaire-collines.com\/college\/a-propos\/"},{"@type":"ListItem","position":3,"name":"Troisi\u00e8mes"}]},{"@type":"WebSite","@id":"http:\/\/www.scolaire-collines.com\/college\/#website","url":"http:\/\/www.scolaire-collines.com\/college\/","name":"Coll\u00e8ge Notre-Dame des Collines","description":"Un coll\u00e8ge qui fait grandir","potentialAction":[{"@type":"SearchAction","target":{"@type":"EntryPoint","urlTemplate":"http:\/\/www.scolaire-collines.com\/college\/?s={search_term_string}"},"query-input":{"@type":"PropertyValueSpecification","valueRequired":true,"valueName":"search_term_string"}}],"inLanguage":"fr-FR"}]}},"_links":{"self":[{"href":"https:\/\/www.scolaire-collines.com\/college\/wp-json\/wp\/v2\/pages\/352","targetHints":{"allow":["GET"]}}],"collection":[{"href":"https:\/\/www.scolaire-collines.com\/college\/wp-json\/wp\/v2\/pages"}],"about":[{"href":"https:\/\/www.scolaire-collines.com\/college\/wp-json\/wp\/v2\/types\/page"}],"author":[{"embeddable":true,"href":"https:\/\/www.scolaire-collines.com\/college\/wp-json\/wp\/v2\/users\/1"}],"replies":[{"embeddable":true,"href":"https:\/\/www.scolaire-collines.com\/college\/wp-json\/wp\/v2\/comments?post=352"}],"version-history":[{"count":7,"href":"https:\/\/www.scolaire-collines.com\/college\/wp-json\/wp\/v2\/pages\/352\/revisions"}],"predecessor-version":[{"id":2756,"href":"https:\/\/www.scolaire-collines.com\/college\/wp-json\/wp\/v2\/pages\/352\/revisions\/2756"}],"up":[{"embeddable":true,"href":"https:\/\/www.scolaire-collines.com\/college\/wp-json\/wp\/v2\/pages\/521"}],"wp:attachment":[{"href":"https:\/\/www.scolaire-collines.com\/college\/wp-json\/wp\/v2\/media?parent=352"}],"curies":[{"name":"wp","href":"https:\/\/api.w.org\/{rel}","templated":true}]}}