{"id":271,"date":"2016-11-28T10:20:00","date_gmt":"2016-11-28T09:20:00","guid":{"rendered":"http:\/\/www.scolaire-collines.com\/college\/?page_id=271"},"modified":"2016-11-29T10:30:16","modified_gmt":"2016-11-29T09:30:16","slug":"linformation-et-la-communication","status":"publish","type":"page","link":"https:\/\/www.scolaire-collines.com\/college\/projets\/projet-detablissement\/linformation-et-la-communication\/","title":{"rendered":"l&rsquo;information et la communication"},"content":{"rendered":"<p><span style=\"font-family: arial,helvetica,sans-serif;\">La t\u00e2che d\u2019enseignement et d\u2019\u00e9ducation inscrite dans notre projet n\u00e9cessite de la part de tous les acteurs de la communaut\u00e9 \u00e9ducative exigence et coh\u00e9rence. Pour ce faire\u00a0 l\u2019information\u00a0 et la communication entre tous sont indispensables. Des temps, des lieux et des moyens sont en place dans l\u2019\u00e9tablissement\u00a0:<\/span><\/p>\n<ul>\n<li><span style=\"font-family: arial,helvetica,sans-serif;\">Rapidit\u00e9, fr\u00e9quence et efficacit\u00e9 de l\u2019information entre enseignants permettent une r\u00e9activit\u00e9\u00a0 positive dans l\u2019accompagnement de jeunes et les contacts avec les familles.<\/span><\/li>\n<li><span style=\"font-family: arial,helvetica,sans-serif;\">Les modes\u00a0 vari\u00e9s de communication avec les familles-(\u00ab\u00a0Ecole directe\u00a0\u00bb- carnet- t\u00e9l\u00e9phone) renforcent les possibilit\u00e9s de suivi et de contacts r\u00e9guliers entre parents \u2013 responsables de l\u2019\u00e9tablissement et \u00e9quipe \u00e9ducative. Tout cela permet de mieux g\u00e9rer le quotidien, d\u2019anticiper et de favoriser \u00e9coute et dialogue.<\/span><\/li>\n<li><span style=\"font-family: arial,helvetica,sans-serif;\">\u00a0Au sein de l\u2019\u00e9tablissement, une signal\u00e9tique adapt\u00e9e\u00a0 et \u00e9ducative participe aussi\u00a0 \u00e0 la qualit\u00e9 de l\u2019accueil.\u00a0<\/span><\/li>\n<\/ul>\n<p><span style=\"font-family: arial,helvetica,sans-serif;\"><strong>N\u00e9anmoins, dans ce domaine, rien n\u2019est jamais acquis et une attention particuli\u00e8re doit \u00eatre apport\u00e9e au traitement de l\u2019information (contenus et circuits). Pour les ann\u00e9es \u00e0 venir, quelques objectifs sp\u00e9cifiques devraient nous permettre de consolider notre action\u00a0:<\/strong><\/span><\/p>\n<p><span style=\"font-family: arial,helvetica,sans-serif;\"><strong>\u00a0<\/strong><\/span><\/p>\n<ul>\n<li><span style=\"font-family: arial,helvetica,sans-serif;\">\u00a0Repenser les diff\u00e9rents affichages internes<\/span><\/li>\n<\/ul>\n<p style=\"padding-left: 60px;\"><span style=\"font-family: arial,helvetica,sans-serif;\"><em>-&gt; Repr\u00e9ciser la signal\u00e9tique\u00a0 et lui donner une dimension europ\u00e9enne<\/em><\/span><\/p>\n<ul>\n<li><span style=\"font-family: arial,helvetica,sans-serif;\">Am\u00e9liorer et dynamiser la communication entre les diff\u00e9rents acteurs du coll\u00e8ge<\/span><\/li>\n<\/ul>\n<p style=\"padding-left: 60px;\"><span style=\"font-family: arial,helvetica,sans-serif;\"><em>-&gt; Permettre une organisation qui favorise le travail d\u2019\u00e9quipe et les rencontres<\/em><\/span><\/p>\n<ul>\n<li><span style=\"font-family: arial,helvetica,sans-serif;\">\u00a0Faire vivre le site et Cyber coll\u00e8ge 42<\/span><\/li>\n<\/ul>\n<p style=\"padding-left: 60px;\"><span style=\"font-family: arial,helvetica,sans-serif;\"><em>-&gt; <\/em><em>Favoriser sur ce projet les initiatives des jeunes et des adultes<\/em><\/span><\/p>\n<ul>\n<li><span style=\"font-family: arial,helvetica,sans-serif;\">Installer un panneau d\u2019informations journali\u00e8res<\/span><\/li>\n<\/ul>\n<p style=\"padding-left: 60px;\"><span style=\"font-family: arial,helvetica,sans-serif;\"><em>-&gt; <\/em><em>Renforcer\u00a0 l\u2019information au jour\u00a0 le jour sur les r\u00e9alisations au sein du coll\u00e8ge <\/em><\/span><\/p>\n<ul>\n<li><span style=\"font-family: arial,helvetica,sans-serif;\">Faciliter la communication entre \u00e9l\u00e8ves\u00a0: panneau journal<\/span><\/li>\n<\/ul>\n<p style=\"padding-left: 60px;\"><span style=\"font-family: arial,helvetica,sans-serif;\"><em>-&gt; <\/em><em>Cr\u00e9er un atelier journal des \u00e9l\u00e8ves<\/em><\/span><\/p>\n<ul>\n<li><span style=\"font-family: arial,helvetica,sans-serif;\">Exposer le travail des \u00e9l\u00e8ves.<\/span><\/li>\n<\/ul>\n","protected":false},"excerpt":{"rendered":"<p>La t\u00e2che d\u2019enseignement et d\u2019\u00e9ducation inscrite dans notre projet n\u00e9cessite de la part de tous les acteurs de la communaut\u00e9 \u00e9ducative exigence et coh\u00e9rence. Pour ce faire\u00a0 l\u2019information\u00a0 et la communication entre tous sont indispensables. Des temps, des lieux et des moyens sont en place dans l\u2019\u00e9tablissement\u00a0: Rapidit\u00e9, fr\u00e9quence et efficacit\u00e9 de l\u2019information entre enseignants [&hellip;]<\/p>\n","protected":false},"author":1,"featured_media":0,"parent":37,"menu_order":4,"comment_status":"closed","ping_status":"closed","template":"","meta":{"_acf_changed":false,"_et_pb_use_builder":"","_et_pb_old_content":"","_et_gb_content_width":"","footnotes":""},"class_list":["post-271","page","type-page","status-publish","hentry"],"acf":[],"yoast_head":"<!-- This site is optimized with the Yoast SEO plugin v26.4 - https:\/\/yoast.com\/wordpress\/plugins\/seo\/ -->\n<title>l&#039;information et la communication - Coll\u00e8ge Notre-Dame des Collines<\/title>\n<meta name=\"robots\" content=\"index, follow, max-snippet:-1, max-image-preview:large, max-video-preview:-1\" \/>\n<link rel=\"canonical\" href=\"https:\/\/www.scolaire-collines.com\/college\/projets\/projet-detablissement\/linformation-et-la-communication\/\" \/>\n<meta property=\"og:locale\" content=\"fr_FR\" \/>\n<meta property=\"og:type\" content=\"article\" \/>\n<meta property=\"og:title\" content=\"l&#039;information et la communication - Coll\u00e8ge Notre-Dame des Collines\" \/>\n<meta property=\"og:description\" content=\"La t\u00e2che d\u2019enseignement et d\u2019\u00e9ducation inscrite dans notre projet n\u00e9cessite de la part de tous les acteurs de la communaut\u00e9 \u00e9ducative exigence et coh\u00e9rence. Pour ce faire\u00a0 l\u2019information\u00a0 et la communication entre tous sont indispensables. Des temps, des lieux et des moyens sont en place dans l\u2019\u00e9tablissement\u00a0: Rapidit\u00e9, fr\u00e9quence et efficacit\u00e9 de l\u2019information entre enseignants [&hellip;]\" \/>\n<meta property=\"og:url\" content=\"https:\/\/www.scolaire-collines.com\/college\/projets\/projet-detablissement\/linformation-et-la-communication\/\" \/>\n<meta property=\"og:site_name\" content=\"Coll\u00e8ge Notre-Dame des Collines\" \/>\n<meta property=\"article:modified_time\" content=\"2016-11-29T09:30:16+00:00\" \/>\n<meta name=\"twitter:card\" content=\"summary_large_image\" \/>\n<meta name=\"twitter:label1\" content=\"Dur\u00e9e de lecture estim\u00e9e\" \/>\n\t<meta name=\"twitter:data1\" content=\"2 minutes\" \/>\n<script type=\"application\/ld+json\" class=\"yoast-schema-graph\">{\"@context\":\"https:\/\/schema.org\",\"@graph\":[{\"@type\":\"WebPage\",\"@id\":\"https:\/\/www.scolaire-collines.com\/college\/projets\/projet-detablissement\/linformation-et-la-communication\/\",\"url\":\"https:\/\/www.scolaire-collines.com\/college\/projets\/projet-detablissement\/linformation-et-la-communication\/\",\"name\":\"l'information et la communication - Coll\u00e8ge Notre-Dame des Collines\",\"isPartOf\":{\"@id\":\"http:\/\/www.scolaire-collines.com\/college\/#website\"},\"datePublished\":\"2016-11-28T09:20:00+00:00\",\"dateModified\":\"2016-11-29T09:30:16+00:00\",\"breadcrumb\":{\"@id\":\"https:\/\/www.scolaire-collines.com\/college\/projets\/projet-detablissement\/linformation-et-la-communication\/#breadcrumb\"},\"inLanguage\":\"fr-FR\",\"potentialAction\":[{\"@type\":\"ReadAction\",\"target\":[\"https:\/\/www.scolaire-collines.com\/college\/projets\/projet-detablissement\/linformation-et-la-communication\/\"]}]},{\"@type\":\"BreadcrumbList\",\"@id\":\"https:\/\/www.scolaire-collines.com\/college\/projets\/projet-detablissement\/linformation-et-la-communication\/#breadcrumb\",\"itemListElement\":[{\"@type\":\"ListItem\",\"position\":1,\"name\":\"Accueil\",\"item\":\"http:\/\/www.scolaire-collines.com\/college\/\"},{\"@type\":\"ListItem\",\"position\":2,\"name\":\"Projets\",\"item\":\"http:\/\/www.scolaire-collines.com\/college\/projets\/\"},{\"@type\":\"ListItem\",\"position\":3,\"name\":\"Projet d\u2019\u00e9tablissement\",\"item\":\"http:\/\/www.scolaire-collines.com\/college\/projets\/projet-detablissement\/\"},{\"@type\":\"ListItem\",\"position\":4,\"name\":\"l&rsquo;information et la communication\"}]},{\"@type\":\"WebSite\",\"@id\":\"http:\/\/www.scolaire-collines.com\/college\/#website\",\"url\":\"http:\/\/www.scolaire-collines.com\/college\/\",\"name\":\"Coll\u00e8ge Notre-Dame des Collines\",\"description\":\"Un coll\u00e8ge qui fait grandir\",\"potentialAction\":[{\"@type\":\"SearchAction\",\"target\":{\"@type\":\"EntryPoint\",\"urlTemplate\":\"http:\/\/www.scolaire-collines.com\/college\/?s={search_term_string}\"},\"query-input\":{\"@type\":\"PropertyValueSpecification\",\"valueRequired\":true,\"valueName\":\"search_term_string\"}}],\"inLanguage\":\"fr-FR\"}]}<\/script>\n<!-- \/ Yoast SEO plugin. -->","yoast_head_json":{"title":"l'information et la communication - Coll\u00e8ge Notre-Dame des Collines","robots":{"index":"index","follow":"follow","max-snippet":"max-snippet:-1","max-image-preview":"max-image-preview:large","max-video-preview":"max-video-preview:-1"},"canonical":"https:\/\/www.scolaire-collines.com\/college\/projets\/projet-detablissement\/linformation-et-la-communication\/","og_locale":"fr_FR","og_type":"article","og_title":"l'information et la communication - Coll\u00e8ge Notre-Dame des Collines","og_description":"La t\u00e2che d\u2019enseignement et d\u2019\u00e9ducation inscrite dans notre projet n\u00e9cessite de la part de tous les acteurs de la communaut\u00e9 \u00e9ducative exigence et coh\u00e9rence. Pour ce faire\u00a0 l\u2019information\u00a0 et la communication entre tous sont indispensables. Des temps, des lieux et des moyens sont en place dans l\u2019\u00e9tablissement\u00a0: Rapidit\u00e9, fr\u00e9quence et efficacit\u00e9 de l\u2019information entre enseignants [&hellip;]","og_url":"https:\/\/www.scolaire-collines.com\/college\/projets\/projet-detablissement\/linformation-et-la-communication\/","og_site_name":"Coll\u00e8ge Notre-Dame des Collines","article_modified_time":"2016-11-29T09:30:16+00:00","twitter_card":"summary_large_image","twitter_misc":{"Dur\u00e9e de lecture estim\u00e9e":"2 minutes"},"schema":{"@context":"https:\/\/schema.org","@graph":[{"@type":"WebPage","@id":"https:\/\/www.scolaire-collines.com\/college\/projets\/projet-detablissement\/linformation-et-la-communication\/","url":"https:\/\/www.scolaire-collines.com\/college\/projets\/projet-detablissement\/linformation-et-la-communication\/","name":"l'information et la communication - Coll\u00e8ge Notre-Dame des Collines","isPartOf":{"@id":"http:\/\/www.scolaire-collines.com\/college\/#website"},"datePublished":"2016-11-28T09:20:00+00:00","dateModified":"2016-11-29T09:30:16+00:00","breadcrumb":{"@id":"https:\/\/www.scolaire-collines.com\/college\/projets\/projet-detablissement\/linformation-et-la-communication\/#breadcrumb"},"inLanguage":"fr-FR","potentialAction":[{"@type":"ReadAction","target":["https:\/\/www.scolaire-collines.com\/college\/projets\/projet-detablissement\/linformation-et-la-communication\/"]}]},{"@type":"BreadcrumbList","@id":"https:\/\/www.scolaire-collines.com\/college\/projets\/projet-detablissement\/linformation-et-la-communication\/#breadcrumb","itemListElement":[{"@type":"ListItem","position":1,"name":"Accueil","item":"http:\/\/www.scolaire-collines.com\/college\/"},{"@type":"ListItem","position":2,"name":"Projets","item":"http:\/\/www.scolaire-collines.com\/college\/projets\/"},{"@type":"ListItem","position":3,"name":"Projet d\u2019\u00e9tablissement","item":"http:\/\/www.scolaire-collines.com\/college\/projets\/projet-detablissement\/"},{"@type":"ListItem","position":4,"name":"l&rsquo;information et la communication"}]},{"@type":"WebSite","@id":"http:\/\/www.scolaire-collines.com\/college\/#website","url":"http:\/\/www.scolaire-collines.com\/college\/","name":"Coll\u00e8ge Notre-Dame des Collines","description":"Un coll\u00e8ge qui fait grandir","potentialAction":[{"@type":"SearchAction","target":{"@type":"EntryPoint","urlTemplate":"http:\/\/www.scolaire-collines.com\/college\/?s={search_term_string}"},"query-input":{"@type":"PropertyValueSpecification","valueRequired":true,"valueName":"search_term_string"}}],"inLanguage":"fr-FR"}]}},"_links":{"self":[{"href":"https:\/\/www.scolaire-collines.com\/college\/wp-json\/wp\/v2\/pages\/271","targetHints":{"allow":["GET"]}}],"collection":[{"href":"https:\/\/www.scolaire-collines.com\/college\/wp-json\/wp\/v2\/pages"}],"about":[{"href":"https:\/\/www.scolaire-collines.com\/college\/wp-json\/wp\/v2\/types\/page"}],"author":[{"embeddable":true,"href":"https:\/\/www.scolaire-collines.com\/college\/wp-json\/wp\/v2\/users\/1"}],"replies":[{"embeddable":true,"href":"https:\/\/www.scolaire-collines.com\/college\/wp-json\/wp\/v2\/comments?post=271"}],"version-history":[{"count":2,"href":"https:\/\/www.scolaire-collines.com\/college\/wp-json\/wp\/v2\/pages\/271\/revisions"}],"predecessor-version":[{"id":2215,"href":"https:\/\/www.scolaire-collines.com\/college\/wp-json\/wp\/v2\/pages\/271\/revisions\/2215"}],"up":[{"embeddable":true,"href":"https:\/\/www.scolaire-collines.com\/college\/wp-json\/wp\/v2\/pages\/37"}],"wp:attachment":[{"href":"https:\/\/www.scolaire-collines.com\/college\/wp-json\/wp\/v2\/media?parent=271"}],"curies":[{"name":"wp","href":"https:\/\/api.w.org\/{rel}","templated":true}]}}