{"id":2291,"date":"2016-12-02T13:09:17","date_gmt":"2016-12-02T12:09:17","guid":{"rendered":"http:\/\/www.scolaire-collines.com\/college-ndc\/?page_id=2291"},"modified":"2016-12-02T13:09:17","modified_gmt":"2016-12-02T12:09:17","slug":"lassociation-sportive-u-n-s-s","status":"publish","type":"page","link":"https:\/\/www.scolaire-collines.com\/college\/lassociation-sportive-u-n-s-s\/","title":{"rendered":"L&rsquo;association sportive (U.N.S.S.)"},"content":{"rendered":"<p><span style=\"font-family: arial,helvetica,sans-serif;\"><strong><span style=\"color: #99cc00;\">L&rsquo;ASSOCIATION SPORTIVE (U.N.S.S.)<\/span><\/strong>\u00a0 permet aux \u00e9l\u00e8ves de d\u00e9couvrir les pr\u00e9mices de la comp\u00e9tition en hand-ball, volley, athl\u00e9tisme, tennis de table, escalade, football et autres activit\u00e9s. L&rsquo;association sportive est pr\u00e9sid\u00e9e par le chef d\u2019\u00e9tablissement et encadr\u00e9e par les professeurs d&rsquo;E.P.S. Les rencontres se d\u00e9roulent au niveau du district (vall\u00e9e du Gier), puis du d\u00e9partement et de l&rsquo;Acad\u00e9mie pour les meilleurs.<\/span><\/p>\n<p><span style=\"font-family: arial,helvetica,sans-serif;\">Adh\u00e9rer \u00e0 l&rsquo;association sportive en donnant un peu de son temps, c&rsquo;est repr\u00e9senter et faire conna\u00eetre son coll\u00e8ge \u00e0 tous les niveaux de comp\u00e9tition, et aussi apprendre \u00e0 faire des choix et se responsabiliser.<\/span><\/p>\n<p><span style=\"font-family: arial,helvetica,sans-serif;\">La cotisation annuelle couvre les frais d\u2019assurance, de transport et d\u2019affiliation.<\/span><\/p>\n<p>&nbsp;<\/p>\n","protected":false},"excerpt":{"rendered":"<p>L&rsquo;ASSOCIATION SPORTIVE (U.N.S.S.)\u00a0 permet aux \u00e9l\u00e8ves de d\u00e9couvrir les pr\u00e9mices de la comp\u00e9tition en hand-ball, volley, athl\u00e9tisme, tennis de table, escalade, football et autres activit\u00e9s. L&rsquo;association sportive est pr\u00e9sid\u00e9e par le chef d\u2019\u00e9tablissement et encadr\u00e9e par les professeurs d&rsquo;E.P.S. Les rencontres se d\u00e9roulent au niveau du district (vall\u00e9e du Gier), puis du d\u00e9partement et de [&hellip;]<\/p>\n","protected":false},"author":2,"featured_media":0,"parent":0,"menu_order":0,"comment_status":"closed","ping_status":"closed","template":"","meta":{"_acf_changed":false,"_et_pb_use_builder":"","_et_pb_old_content":"","_et_gb_content_width":"","footnotes":""},"class_list":["post-2291","page","type-page","status-publish","hentry"],"acf":[],"yoast_head":"<!-- This site is optimized with the Yoast SEO plugin v26.4 - https:\/\/yoast.com\/wordpress\/plugins\/seo\/ -->\n<title>L&#039;association sportive (U.N.S.S.) - Coll\u00e8ge Notre-Dame des Collines<\/title>\n<meta name=\"robots\" content=\"index, follow, max-snippet:-1, max-image-preview:large, max-video-preview:-1\" \/>\n<link rel=\"canonical\" href=\"http:\/\/www.scolaire-collines.com\/college\/lassociation-sportive-u-n-s-s\/\" \/>\n<meta property=\"og:locale\" content=\"fr_FR\" \/>\n<meta property=\"og:type\" content=\"article\" \/>\n<meta property=\"og:title\" content=\"L&#039;association sportive (U.N.S.S.) - Coll\u00e8ge Notre-Dame des Collines\" \/>\n<meta property=\"og:description\" content=\"L&rsquo;ASSOCIATION SPORTIVE (U.N.S.S.)\u00a0 permet aux \u00e9l\u00e8ves de d\u00e9couvrir les pr\u00e9mices de la comp\u00e9tition en hand-ball, volley, athl\u00e9tisme, tennis de table, escalade, football et autres activit\u00e9s. L&rsquo;association sportive est pr\u00e9sid\u00e9e par le chef d\u2019\u00e9tablissement et encadr\u00e9e par les professeurs d&rsquo;E.P.S. Les rencontres se d\u00e9roulent au niveau du district (vall\u00e9e du Gier), puis du d\u00e9partement et de [&hellip;]\" \/>\n<meta property=\"og:url\" content=\"http:\/\/www.scolaire-collines.com\/college\/lassociation-sportive-u-n-s-s\/\" \/>\n<meta property=\"og:site_name\" content=\"Coll\u00e8ge Notre-Dame des Collines\" \/>\n<meta name=\"twitter:card\" content=\"summary_large_image\" \/>\n<meta name=\"twitter:label1\" content=\"Dur\u00e9e de lecture estim\u00e9e\" \/>\n\t<meta name=\"twitter:data1\" content=\"1 minute\" \/>\n<script type=\"application\/ld+json\" class=\"yoast-schema-graph\">{\"@context\":\"https:\/\/schema.org\",\"@graph\":[{\"@type\":\"WebPage\",\"@id\":\"http:\/\/www.scolaire-collines.com\/college\/lassociation-sportive-u-n-s-s\/\",\"url\":\"http:\/\/www.scolaire-collines.com\/college\/lassociation-sportive-u-n-s-s\/\",\"name\":\"L'association sportive (U.N.S.S.) - Coll\u00e8ge Notre-Dame des Collines\",\"isPartOf\":{\"@id\":\"http:\/\/www.scolaire-collines.com\/college\/#website\"},\"datePublished\":\"2016-12-02T12:09:17+00:00\",\"breadcrumb\":{\"@id\":\"http:\/\/www.scolaire-collines.com\/college\/lassociation-sportive-u-n-s-s\/#breadcrumb\"},\"inLanguage\":\"fr-FR\",\"potentialAction\":[{\"@type\":\"ReadAction\",\"target\":[\"http:\/\/www.scolaire-collines.com\/college\/lassociation-sportive-u-n-s-s\/\"]}]},{\"@type\":\"BreadcrumbList\",\"@id\":\"http:\/\/www.scolaire-collines.com\/college\/lassociation-sportive-u-n-s-s\/#breadcrumb\",\"itemListElement\":[{\"@type\":\"ListItem\",\"position\":1,\"name\":\"Accueil\",\"item\":\"http:\/\/www.scolaire-collines.com\/college\/\"},{\"@type\":\"ListItem\",\"position\":2,\"name\":\"L&rsquo;association sportive (U.N.S.S.)\"}]},{\"@type\":\"WebSite\",\"@id\":\"http:\/\/www.scolaire-collines.com\/college\/#website\",\"url\":\"http:\/\/www.scolaire-collines.com\/college\/\",\"name\":\"Coll\u00e8ge Notre-Dame des Collines\",\"description\":\"Un coll\u00e8ge qui fait grandir\",\"potentialAction\":[{\"@type\":\"SearchAction\",\"target\":{\"@type\":\"EntryPoint\",\"urlTemplate\":\"http:\/\/www.scolaire-collines.com\/college\/?s={search_term_string}\"},\"query-input\":{\"@type\":\"PropertyValueSpecification\",\"valueRequired\":true,\"valueName\":\"search_term_string\"}}],\"inLanguage\":\"fr-FR\"}]}<\/script>\n<!-- \/ Yoast SEO plugin. -->","yoast_head_json":{"title":"L'association sportive (U.N.S.S.) - Coll\u00e8ge Notre-Dame des Collines","robots":{"index":"index","follow":"follow","max-snippet":"max-snippet:-1","max-image-preview":"max-image-preview:large","max-video-preview":"max-video-preview:-1"},"canonical":"http:\/\/www.scolaire-collines.com\/college\/lassociation-sportive-u-n-s-s\/","og_locale":"fr_FR","og_type":"article","og_title":"L'association sportive (U.N.S.S.) - Coll\u00e8ge Notre-Dame des Collines","og_description":"L&rsquo;ASSOCIATION SPORTIVE (U.N.S.S.)\u00a0 permet aux \u00e9l\u00e8ves de d\u00e9couvrir les pr\u00e9mices de la comp\u00e9tition en hand-ball, volley, athl\u00e9tisme, tennis de table, escalade, football et autres activit\u00e9s. L&rsquo;association sportive est pr\u00e9sid\u00e9e par le chef d\u2019\u00e9tablissement et encadr\u00e9e par les professeurs d&rsquo;E.P.S. Les rencontres se d\u00e9roulent au niveau du district (vall\u00e9e du Gier), puis du d\u00e9partement et de [&hellip;]","og_url":"http:\/\/www.scolaire-collines.com\/college\/lassociation-sportive-u-n-s-s\/","og_site_name":"Coll\u00e8ge Notre-Dame des Collines","twitter_card":"summary_large_image","twitter_misc":{"Dur\u00e9e de lecture estim\u00e9e":"1 minute"},"schema":{"@context":"https:\/\/schema.org","@graph":[{"@type":"WebPage","@id":"http:\/\/www.scolaire-collines.com\/college\/lassociation-sportive-u-n-s-s\/","url":"http:\/\/www.scolaire-collines.com\/college\/lassociation-sportive-u-n-s-s\/","name":"L'association sportive (U.N.S.S.) - Coll\u00e8ge Notre-Dame des Collines","isPartOf":{"@id":"http:\/\/www.scolaire-collines.com\/college\/#website"},"datePublished":"2016-12-02T12:09:17+00:00","breadcrumb":{"@id":"http:\/\/www.scolaire-collines.com\/college\/lassociation-sportive-u-n-s-s\/#breadcrumb"},"inLanguage":"fr-FR","potentialAction":[{"@type":"ReadAction","target":["http:\/\/www.scolaire-collines.com\/college\/lassociation-sportive-u-n-s-s\/"]}]},{"@type":"BreadcrumbList","@id":"http:\/\/www.scolaire-collines.com\/college\/lassociation-sportive-u-n-s-s\/#breadcrumb","itemListElement":[{"@type":"ListItem","position":1,"name":"Accueil","item":"http:\/\/www.scolaire-collines.com\/college\/"},{"@type":"ListItem","position":2,"name":"L&rsquo;association sportive (U.N.S.S.)"}]},{"@type":"WebSite","@id":"http:\/\/www.scolaire-collines.com\/college\/#website","url":"http:\/\/www.scolaire-collines.com\/college\/","name":"Coll\u00e8ge Notre-Dame des Collines","description":"Un coll\u00e8ge qui fait grandir","potentialAction":[{"@type":"SearchAction","target":{"@type":"EntryPoint","urlTemplate":"http:\/\/www.scolaire-collines.com\/college\/?s={search_term_string}"},"query-input":{"@type":"PropertyValueSpecification","valueRequired":true,"valueName":"search_term_string"}}],"inLanguage":"fr-FR"}]}},"_links":{"self":[{"href":"https:\/\/www.scolaire-collines.com\/college\/wp-json\/wp\/v2\/pages\/2291","targetHints":{"allow":["GET"]}}],"collection":[{"href":"https:\/\/www.scolaire-collines.com\/college\/wp-json\/wp\/v2\/pages"}],"about":[{"href":"https:\/\/www.scolaire-collines.com\/college\/wp-json\/wp\/v2\/types\/page"}],"author":[{"embeddable":true,"href":"https:\/\/www.scolaire-collines.com\/college\/wp-json\/wp\/v2\/users\/2"}],"replies":[{"embeddable":true,"href":"https:\/\/www.scolaire-collines.com\/college\/wp-json\/wp\/v2\/comments?post=2291"}],"version-history":[{"count":1,"href":"https:\/\/www.scolaire-collines.com\/college\/wp-json\/wp\/v2\/pages\/2291\/revisions"}],"predecessor-version":[{"id":2292,"href":"https:\/\/www.scolaire-collines.com\/college\/wp-json\/wp\/v2\/pages\/2291\/revisions\/2292"}],"wp:attachment":[{"href":"https:\/\/www.scolaire-collines.com\/college\/wp-json\/wp\/v2\/media?parent=2291"}],"curies":[{"name":"wp","href":"https:\/\/api.w.org\/{rel}","templated":true}]}}