{"id":88,"date":"2016-11-28T09:36:11","date_gmt":"2016-11-28T08:36:11","guid":{"rendered":"http:\/\/www.scolaire-collines.com\/lycee-ndc\/?page_id=88"},"modified":"2016-11-28T09:42:53","modified_gmt":"2016-11-28T08:42:53","slug":"projet-educatif","status":"publish","type":"page","link":"http:\/\/www.scolaire-collines.com\/lycee\/projet-educatif\/","title":{"rendered":"Projet \u00e9ducatif"},"content":{"rendered":"<p><span style=\"font-family: arial,helvetica,sans-serif;\">Le Lyc\u00e9e Professionnel Notre-Dame des Collines fut fond\u00e9 par les fr\u00e8res des \u00c9coles Chr\u00e9tiennes en 1808 pour s\u2019occuper des enfants des artisans, des verriers et des familles modestes.<\/span><\/p>\n<p>&nbsp;<\/p>\n<p><span style=\"font-family: arial,helvetica,sans-serif;\">Dans une vall\u00e9e fortement industrialis\u00e9e et qui a subi la crise de plein fouet, notre \u00c9cole n\u2019a jamais s\u00e9lectionn\u00e9 ses \u00e9l\u00e8ves ni par l\u2019argent, ni par leurs performances intellectuelles.<\/span><\/p>\n<p>&nbsp;<\/p>\n<p><span style=\"font-family: arial,helvetica,sans-serif;\">Notre \u00c9tablissement est ainsi amen\u00e9 \u00e0 accueillir avec humanit\u00e9 et respect trois types d\u2019\u00e9l\u00e8ves\u00a0:<\/span><\/p>\n<p>&nbsp;<\/p>\n<p><span style=\"font-family: arial,helvetica,sans-serif;\"><strong>1)<\/strong> L\u2019\u00c9L\u00c8VE attir\u00e9 par l\u2019une des formations professionnelles propos\u00e9es.<\/span><\/p>\n<p><span style=\"font-family: arial,helvetica,sans-serif;\">L\u2019OBJECTIF de l\u2019\u00e9quipe p\u00e9dagogique sera alors d\u2019en faire un bon professionnel. Les p\u00e9riodes des formations en entreprise et la r\u00e9alisation de travaux professionnels favoriseront alors l\u2019<strong>autonomie<\/strong> et la prise de <strong>responsabilit\u00e9<\/strong> de l\u2019\u00e9l\u00e8ve.<\/span><\/p>\n<p>&nbsp;<\/p>\n<p><span style=\"font-family: arial,helvetica,sans-serif;\"><strong>2)<\/strong> L\u2019\u00c9L\u00c8VE qui a des difficult\u00e9s \u00e0 poursuivre des \u00e9tudes dans le cadre d\u2019un enseignement long.<\/span><\/p>\n<p><span style=\"font-family: arial,helvetica,sans-serif;\">L\u2019OBJECTIF sera alors d\u2019effacer l\u2019\u00e9chec scolaire et de r\u00e9veiller l\u2019<strong>enthousiasme<\/strong> avec pour vis\u00e9e \u00ab\u00a0l\u2019<strong>excellence<\/strong>\u00a0\u00bb c&rsquo;est-\u00e0-dire le d\u00e9passement de soi.<\/span><\/p>\n<p>&nbsp;<\/p>\n<p><span style=\"font-family: arial,helvetica,sans-serif;\"><strong>3)<\/strong> L\u2019\u00c9L\u00c8VE en situation d\u2019\u00e9chec et de refus du syst\u00e8me scolaire.<\/span><\/p>\n<p><span style=\"font-family: arial,helvetica,sans-serif;\">L\u2019OBJECTIF sera alors de donner une nouvelle chance \u00e0 ce jeune en lui proposant des modalit\u00e9s particuli\u00e8res pour le r\u00e9concilier avec l\u2019\u00e9cole, de fa\u00e7on \u00e0 ce qu\u2019il soit capable de construire un <strong>projet personnel<\/strong> et de se projeter dans l\u2019avenir.<\/span><\/p>\n<p>&nbsp;<\/p>\n<p>&nbsp;<\/p>\n<p><span style=\"font-family: arial,helvetica,sans-serif;\">Pour atteindre ces objectifs, nous avons am\u00e9lior\u00e9 notre Accueil en faisant du Lyc\u00e9e un Lieu de Vie autour d\u2019une Equipe concern\u00e9e et solidaire.<\/span><\/p>\n<p><span style=\"font-family: arial,helvetica,sans-serif;\">Nous ouvrons le plus largement possible l\u2019Etablissement sur notre Environnement Culturel et Professionnel.<\/span><\/p>\n<p><span style=\"font-family: arial,helvetica,sans-serif;\">Enfin, <strong>nous r\u00e9fl\u00e9chissons constamment sur l\u2019adaptation de nos choix p\u00e9dagogiques en fonction du v\u00e9cu des El\u00e8ves<\/strong>.<\/span><\/p>\n<p>&nbsp;<\/p>\n<p><span style=\"font-family: arial,helvetica,sans-serif;\">Aider le jeune \u00e0 se construire<\/span><\/p>\n<p><span style=\"font-family: arial,helvetica,sans-serif;\">en lui donnant des valeurs humanistes<\/span><\/p>\n<p><span style=\"font-family: arial,helvetica,sans-serif;\">lui permettant \u00a0de s\u2019ouvrir au monde d\u2019aujourd\u2019hui.<\/span><\/p>\n<p>&nbsp;<\/p>\n","protected":false},"excerpt":{"rendered":"<p>Le Lyc\u00e9e Professionnel Notre-Dame des Collines fut fond\u00e9 par les fr\u00e8res des \u00c9coles Chr\u00e9tiennes en 1808 pour s\u2019occuper des enfants des artisans, des verriers et des familles modestes. &nbsp; Dans [&hellip;]<\/p>\n","protected":false},"author":2,"featured_media":0,"parent":0,"menu_order":0,"comment_status":"closed","ping_status":"closed","template":"","meta":{"_acf_changed":false,"jetpack_post_was_ever_published":false,"footnotes":""},"class_list":["post-88","page","type-page","status-publish","hentry"],"acf":[],"yoast_head":"<!-- This site is optimized with the Yoast SEO plugin v24.2 - https:\/\/yoast.com\/wordpress\/plugins\/seo\/ -->\n<title>Projet \u00e9ducatif - Lyc\u00e9e Notre Dame des Collines<\/title>\n<meta name=\"robots\" content=\"index, follow, max-snippet:-1, max-image-preview:large, max-video-preview:-1\" \/>\n<link rel=\"canonical\" href=\"https:\/\/www.scolaire-collines.com\/lycee\/projet-educatif\/\" \/>\n<meta property=\"og:locale\" content=\"fr_FR\" \/>\n<meta property=\"og:type\" content=\"article\" \/>\n<meta property=\"og:title\" content=\"Projet \u00e9ducatif - Lyc\u00e9e Notre Dame des Collines\" \/>\n<meta property=\"og:description\" content=\"Le Lyc\u00e9e Professionnel Notre-Dame des Collines fut fond\u00e9 par les fr\u00e8res des \u00c9coles Chr\u00e9tiennes en 1808 pour s\u2019occuper des enfants des artisans, des verriers et des familles modestes. &nbsp; Dans [&hellip;]\" \/>\n<meta property=\"og:url\" content=\"https:\/\/www.scolaire-collines.com\/lycee\/projet-educatif\/\" \/>\n<meta property=\"og:site_name\" content=\"Lyc\u00e9e Notre Dame des Collines\" \/>\n<meta property=\"article:modified_time\" content=\"2016-11-28T08:42:53+00:00\" \/>\n<meta name=\"twitter:card\" content=\"summary_large_image\" \/>\n<meta name=\"twitter:label1\" content=\"Dur\u00e9e de lecture estim\u00e9e\" \/>\n\t<meta name=\"twitter:data1\" content=\"2 minutes\" \/>\n<script type=\"application\/ld+json\" class=\"yoast-schema-graph\">{\"@context\":\"https:\/\/schema.org\",\"@graph\":[{\"@type\":\"WebPage\",\"@id\":\"https:\/\/www.scolaire-collines.com\/lycee\/projet-educatif\/\",\"url\":\"https:\/\/www.scolaire-collines.com\/lycee\/projet-educatif\/\",\"name\":\"Projet \u00e9ducatif - Lyc\u00e9e Notre Dame des Collines\",\"isPartOf\":{\"@id\":\"http:\/\/www.scolaire-collines.com\/lycee\/#website\"},\"datePublished\":\"2016-11-28T08:36:11+00:00\",\"dateModified\":\"2016-11-28T08:42:53+00:00\",\"breadcrumb\":{\"@id\":\"https:\/\/www.scolaire-collines.com\/lycee\/projet-educatif\/#breadcrumb\"},\"inLanguage\":\"fr-FR\",\"potentialAction\":[{\"@type\":\"ReadAction\",\"target\":[\"https:\/\/www.scolaire-collines.com\/lycee\/projet-educatif\/\"]}]},{\"@type\":\"BreadcrumbList\",\"@id\":\"https:\/\/www.scolaire-collines.com\/lycee\/projet-educatif\/#breadcrumb\",\"itemListElement\":[{\"@type\":\"ListItem\",\"position\":1,\"name\":\"Accueil\",\"item\":\"http:\/\/www.scolaire-collines.com\/lycee\/\"},{\"@type\":\"ListItem\",\"position\":2,\"name\":\"Projet \u00e9ducatif\"}]},{\"@type\":\"WebSite\",\"@id\":\"http:\/\/www.scolaire-collines.com\/lycee\/#website\",\"url\":\"http:\/\/www.scolaire-collines.com\/lycee\/\",\"name\":\"Lyc\u00e9e Notre Dame des Collines\",\"description\":\"Un lyc\u00e9e pour apprendre et s&#039;\u00e9panouir\",\"potentialAction\":[{\"@type\":\"SearchAction\",\"target\":{\"@type\":\"EntryPoint\",\"urlTemplate\":\"http:\/\/www.scolaire-collines.com\/lycee\/?s={search_term_string}\"},\"query-input\":{\"@type\":\"PropertyValueSpecification\",\"valueRequired\":true,\"valueName\":\"search_term_string\"}}],\"inLanguage\":\"fr-FR\"}]}<\/script>\n<!-- \/ Yoast SEO plugin. -->","yoast_head_json":{"title":"Projet \u00e9ducatif - Lyc\u00e9e Notre Dame des Collines","robots":{"index":"index","follow":"follow","max-snippet":"max-snippet:-1","max-image-preview":"max-image-preview:large","max-video-preview":"max-video-preview:-1"},"canonical":"https:\/\/www.scolaire-collines.com\/lycee\/projet-educatif\/","og_locale":"fr_FR","og_type":"article","og_title":"Projet \u00e9ducatif - Lyc\u00e9e Notre Dame des Collines","og_description":"Le Lyc\u00e9e Professionnel Notre-Dame des Collines fut fond\u00e9 par les fr\u00e8res des \u00c9coles Chr\u00e9tiennes en 1808 pour s\u2019occuper des enfants des artisans, des verriers et des familles modestes. &nbsp; Dans [&hellip;]","og_url":"https:\/\/www.scolaire-collines.com\/lycee\/projet-educatif\/","og_site_name":"Lyc\u00e9e Notre Dame des Collines","article_modified_time":"2016-11-28T08:42:53+00:00","twitter_card":"summary_large_image","twitter_misc":{"Dur\u00e9e de lecture estim\u00e9e":"2 minutes"},"schema":{"@context":"https:\/\/schema.org","@graph":[{"@type":"WebPage","@id":"https:\/\/www.scolaire-collines.com\/lycee\/projet-educatif\/","url":"https:\/\/www.scolaire-collines.com\/lycee\/projet-educatif\/","name":"Projet \u00e9ducatif - Lyc\u00e9e Notre Dame des Collines","isPartOf":{"@id":"http:\/\/www.scolaire-collines.com\/lycee\/#website"},"datePublished":"2016-11-28T08:36:11+00:00","dateModified":"2016-11-28T08:42:53+00:00","breadcrumb":{"@id":"https:\/\/www.scolaire-collines.com\/lycee\/projet-educatif\/#breadcrumb"},"inLanguage":"fr-FR","potentialAction":[{"@type":"ReadAction","target":["https:\/\/www.scolaire-collines.com\/lycee\/projet-educatif\/"]}]},{"@type":"BreadcrumbList","@id":"https:\/\/www.scolaire-collines.com\/lycee\/projet-educatif\/#breadcrumb","itemListElement":[{"@type":"ListItem","position":1,"name":"Accueil","item":"http:\/\/www.scolaire-collines.com\/lycee\/"},{"@type":"ListItem","position":2,"name":"Projet \u00e9ducatif"}]},{"@type":"WebSite","@id":"http:\/\/www.scolaire-collines.com\/lycee\/#website","url":"http:\/\/www.scolaire-collines.com\/lycee\/","name":"Lyc\u00e9e Notre Dame des Collines","description":"Un lyc\u00e9e pour apprendre et s&#039;\u00e9panouir","potentialAction":[{"@type":"SearchAction","target":{"@type":"EntryPoint","urlTemplate":"http:\/\/www.scolaire-collines.com\/lycee\/?s={search_term_string}"},"query-input":{"@type":"PropertyValueSpecification","valueRequired":true,"valueName":"search_term_string"}}],"inLanguage":"fr-FR"}]}},"jetpack_sharing_enabled":true,"jetpack_shortlink":"https:\/\/wp.me\/P9EMeB-1q","jetpack-related-posts":[],"_links":{"self":[{"href":"http:\/\/www.scolaire-collines.com\/lycee\/wp-json\/wp\/v2\/pages\/88","targetHints":{"allow":["GET"]}}],"collection":[{"href":"http:\/\/www.scolaire-collines.com\/lycee\/wp-json\/wp\/v2\/pages"}],"about":[{"href":"http:\/\/www.scolaire-collines.com\/lycee\/wp-json\/wp\/v2\/types\/page"}],"author":[{"embeddable":true,"href":"http:\/\/www.scolaire-collines.com\/lycee\/wp-json\/wp\/v2\/users\/2"}],"replies":[{"embeddable":true,"href":"http:\/\/www.scolaire-collines.com\/lycee\/wp-json\/wp\/v2\/comments?post=88"}],"version-history":[{"count":1,"href":"http:\/\/www.scolaire-collines.com\/lycee\/wp-json\/wp\/v2\/pages\/88\/revisions"}],"predecessor-version":[{"id":89,"href":"http:\/\/www.scolaire-collines.com\/lycee\/wp-json\/wp\/v2\/pages\/88\/revisions\/89"}],"wp:attachment":[{"href":"http:\/\/www.scolaire-collines.com\/lycee\/wp-json\/wp\/v2\/media?parent=88"}],"curies":[{"name":"wp","href":"https:\/\/api.w.org\/{rel}","templated":true}]}}