{"id":77,"date":"2019-04-16T16:00:43","date_gmt":"2019-04-16T14:00:43","guid":{"rendered":"http:\/\/www.scolaire-collines.com\/lycee-ndc\/?page_id=77"},"modified":"2024-01-18T11:28:02","modified_gmt":"2024-01-18T10:28:02","slug":"restauration","status":"publish","type":"page","link":"http:\/\/www.scolaire-collines.com\/lycee\/restauration\/","title":{"rendered":"Restauration"},"content":{"rendered":"<p><span style=\"font-family: arial,helvetica,sans-serif;\">La restauration fonctionne les LUNDIS \u2013 MARDIS \u2013 JEUDIS \u2013 VENDREDIS<\/span><\/p>\n<h6><span style=\"font-family: arial,helvetica,sans-serif;\">\u00a0<\/span><\/h6>\n<h6 style=\"text-align: center;\"><span style=\"font-family: arial,helvetica,sans-serif; color: #3366ff; font-size: 12pt;\"><strong><em>TARIFS DE LA CANTINE POUR 2024-2025 :<\/em><\/strong><\/span><\/h6>\n<p style=\"text-align: center;\"><span style=\"font-family: arial,helvetica,sans-serif; color: #3366ff; font-size: 12pt;\"><em>5.85 euros le repas \u00e0 l&rsquo;unit\u00e9<\/em><\/span><\/p>\n<p style=\"text-align: center;\"><strong><em><span style=\"font-family: arial, helvetica, sans-serif; color: #3366ff;\">58,50 \u20ac les dix repas<\/span><\/em><\/strong><\/p>\n<p style=\"text-align: center;\"><span style=\"font-family: arial,helvetica,sans-serif;\">(Entr\u00e9e, plat de r\u00e9sistance, fromage et dessert)<\/span><\/p>\n<p><span style=\"font-family: arial,helvetica,sans-serif;\">A noter que ces tarifs comprennent les frais de nourriture, de personnel, de mat\u00e9riel, de locaux et de surveillance pendant le temps de midi.<\/span><\/p>\n<p><span style=\"font-family: arial,helvetica,sans-serif;\">Pour simplifier le <strong>paiement des repas<\/strong> et leur encaissement, nous avons mis en place cette ann\u00e9e une proc\u00e9dure de paiement <strong>par Internet.<\/strong><\/span><\/p>\n<p><span style=\"font-family: arial,helvetica,sans-serif;\">Ce syst\u00e8me vous permet \u00e9galement de <strong>conna\u00eetre en temps r\u00e9el le solde du compte cantine<\/strong> de votre enfant.<\/span><\/p>\n<p><span style=\"font-family: arial,helvetica,sans-serif;\">Pour les personnes ne disposant pas de connexion \u00e0 Internet, <strong>il sera toujours possible de r\u00e9gler par ch\u00e8que<\/strong> \u00e0 l\u2019ordre du Groupe scolaire Notre-Dame des Collines (indiquer au dos du ch\u00e8que le nom, le pr\u00e9nom, la classe de l\u2019\u00e9l\u00e8ve et le nombre de repas achet\u00e9s).<\/span><\/p>\n<p><span style=\"font-family: arial,helvetica,sans-serif;\">Nous vous conseillons d\u2019approvisionner la carte pour 10 repas la premi\u00e8re fois, puis du nombre de repas que vous souhaitez, ult\u00e9rieurement.<\/span><\/p>\n<p><span style=\"font-family: arial,helvetica,sans-serif;\">Le ch\u00e8que devra \u00eatre remis dans la bo\u00eete aux lettres \u00ab\u00a0<strong>CANTINE \u00bb, <\/strong>au SELF.<\/span><\/p>\n<p><span style=\"font-family: arial,helvetica,sans-serif;\">Pour tout r\u00e8glement en esp\u00e8ces, pri\u00e8re de venir le faire au bureau de la comptabilit\u00e9 (situ\u00e9 sur le site du LPP\u00a0: acc\u00e8s rue Marcel Sembat) ou \u00e0 l\u2019accueil du Coll\u00e8ge, contre un re\u00e7u, \u00e0 la r\u00e9cr\u00e9ation exclusivement.<\/span><\/p>\n<p><span style=\"font-family: arial,helvetica,sans-serif;\"><strong>La carte devra \u00eatre approvisionn\u00e9e imp\u00e9rativement avant la prise de repas <\/strong>(sauf en septembre, le temps que le s<\/span><span style=\"font-family: arial,helvetica,sans-serif;\">ervice de paiement en ligne se mette en place)<\/span><\/p>\n<p><span style=\"color: #ff0000;\">EN CAS DE PERTE OU DE CASSE<\/span> : Si votre enfant a perdu ou cass\u00e9 sa carte cantine, il peut la refaire au pr\u00eat de la vie scolaire ou bien de comptabilit\u00e9 en apportant un ch\u00e8que ou bien en esp\u00e8ce : 5 euros, et une photo d&rsquo;identit\u00e9.<\/p>\n<p><span style=\"font-family: arial,helvetica,sans-serif;\">NB\u00a0: les \u00e9l\u00e8ves de Ch\u00e2teauneuf et St-Martin-la-Plaine peuvent obtenir, sous certaines conditions, une aide de leur commune pour le paiement des repas\u00a0: se renseigner aupr\u00e8s des mairies concern\u00e9es.<\/span><\/p>\n<p><span style=\"font-family: arial,helvetica,sans-serif;\">(Pour les familles r\u00e9sidant \u00e0 Ch\u00e2teauneuf, un r\u00e9capitulatif des repas pris par votre enfant vous sera envoy\u00e9 en fin d\u2019ann\u00e9e scolaire, pour votre demande d\u2019aide aupr\u00e8s de la mairie).<\/span><\/p>\n","protected":false},"excerpt":{"rendered":"<p>La restauration fonctionne les LUNDIS \u2013 MARDIS \u2013 JEUDIS \u2013 VENDREDIS \u00a0 TARIFS DE LA CANTINE POUR 2024-2025 : 5.85 euros le repas \u00e0 l&rsquo;unit\u00e9 58,50 \u20ac les dix repas [&hellip;]<\/p>\n","protected":false},"author":2,"featured_media":0,"parent":0,"menu_order":0,"comment_status":"closed","ping_status":"closed","template":"","meta":{"_acf_changed":false,"jetpack_post_was_ever_published":false,"footnotes":""},"class_list":["post-77","page","type-page","status-publish","hentry"],"acf":[],"yoast_head":"<!-- This site is optimized with the Yoast SEO plugin v24.2 - https:\/\/yoast.com\/wordpress\/plugins\/seo\/ -->\n<title>Restauration - Lyc\u00e9e Notre Dame des Collines<\/title>\n<meta name=\"robots\" content=\"index, follow, max-snippet:-1, max-image-preview:large, max-video-preview:-1\" \/>\n<link rel=\"canonical\" href=\"http:\/\/www.scolaire-collines.com\/lycee\/restauration\/\" \/>\n<meta property=\"og:locale\" content=\"fr_FR\" \/>\n<meta property=\"og:type\" content=\"article\" \/>\n<meta property=\"og:title\" content=\"Restauration - Lyc\u00e9e Notre Dame des Collines\" \/>\n<meta property=\"og:description\" content=\"La restauration fonctionne les LUNDIS \u2013 MARDIS \u2013 JEUDIS \u2013 VENDREDIS \u00a0 TARIFS DE LA CANTINE POUR 2024-2025 : 5.85 euros le repas \u00e0 l&rsquo;unit\u00e9 58,50 \u20ac les dix repas [&hellip;]\" \/>\n<meta property=\"og:url\" content=\"http:\/\/www.scolaire-collines.com\/lycee\/restauration\/\" \/>\n<meta property=\"og:site_name\" content=\"Lyc\u00e9e Notre Dame des Collines\" \/>\n<meta property=\"article:modified_time\" content=\"2024-01-18T10:28:02+00:00\" \/>\n<meta name=\"twitter:card\" content=\"summary_large_image\" \/>\n<meta name=\"twitter:label1\" content=\"Dur\u00e9e de lecture estim\u00e9e\" \/>\n\t<meta name=\"twitter:data1\" content=\"2 minutes\" \/>\n<script type=\"application\/ld+json\" class=\"yoast-schema-graph\">{\"@context\":\"https:\/\/schema.org\",\"@graph\":[{\"@type\":\"WebPage\",\"@id\":\"http:\/\/www.scolaire-collines.com\/lycee\/restauration\/\",\"url\":\"http:\/\/www.scolaire-collines.com\/lycee\/restauration\/\",\"name\":\"Restauration - Lyc\u00e9e Notre Dame des Collines\",\"isPartOf\":{\"@id\":\"https:\/\/www.scolaire-collines.com\/lycee\/#website\"},\"datePublished\":\"2019-04-16T14:00:43+00:00\",\"dateModified\":\"2024-01-18T10:28:02+00:00\",\"breadcrumb\":{\"@id\":\"http:\/\/www.scolaire-collines.com\/lycee\/restauration\/#breadcrumb\"},\"inLanguage\":\"fr-FR\",\"potentialAction\":[{\"@type\":\"ReadAction\",\"target\":[\"http:\/\/www.scolaire-collines.com\/lycee\/restauration\/\"]}]},{\"@type\":\"BreadcrumbList\",\"@id\":\"http:\/\/www.scolaire-collines.com\/lycee\/restauration\/#breadcrumb\",\"itemListElement\":[{\"@type\":\"ListItem\",\"position\":1,\"name\":\"Accueil\",\"item\":\"https:\/\/www.scolaire-collines.com\/lycee\/\"},{\"@type\":\"ListItem\",\"position\":2,\"name\":\"Restauration\"}]},{\"@type\":\"WebSite\",\"@id\":\"https:\/\/www.scolaire-collines.com\/lycee\/#website\",\"url\":\"https:\/\/www.scolaire-collines.com\/lycee\/\",\"name\":\"Lyc\u00e9e Notre Dame des Collines\",\"description\":\"Un lyc\u00e9e pour apprendre et s&#039;\u00e9panouir\",\"potentialAction\":[{\"@type\":\"SearchAction\",\"target\":{\"@type\":\"EntryPoint\",\"urlTemplate\":\"https:\/\/www.scolaire-collines.com\/lycee\/?s={search_term_string}\"},\"query-input\":{\"@type\":\"PropertyValueSpecification\",\"valueRequired\":true,\"valueName\":\"search_term_string\"}}],\"inLanguage\":\"fr-FR\"}]}<\/script>\n<!-- \/ Yoast SEO plugin. -->","yoast_head_json":{"title":"Restauration - Lyc\u00e9e Notre Dame des Collines","robots":{"index":"index","follow":"follow","max-snippet":"max-snippet:-1","max-image-preview":"max-image-preview:large","max-video-preview":"max-video-preview:-1"},"canonical":"http:\/\/www.scolaire-collines.com\/lycee\/restauration\/","og_locale":"fr_FR","og_type":"article","og_title":"Restauration - Lyc\u00e9e Notre Dame des Collines","og_description":"La restauration fonctionne les LUNDIS \u2013 MARDIS \u2013 JEUDIS \u2013 VENDREDIS \u00a0 TARIFS DE LA CANTINE POUR 2024-2025 : 5.85 euros le repas \u00e0 l&rsquo;unit\u00e9 58,50 \u20ac les dix repas [&hellip;]","og_url":"http:\/\/www.scolaire-collines.com\/lycee\/restauration\/","og_site_name":"Lyc\u00e9e Notre Dame des Collines","article_modified_time":"2024-01-18T10:28:02+00:00","twitter_card":"summary_large_image","twitter_misc":{"Dur\u00e9e de lecture estim\u00e9e":"2 minutes"},"schema":{"@context":"https:\/\/schema.org","@graph":[{"@type":"WebPage","@id":"http:\/\/www.scolaire-collines.com\/lycee\/restauration\/","url":"http:\/\/www.scolaire-collines.com\/lycee\/restauration\/","name":"Restauration - Lyc\u00e9e Notre Dame des Collines","isPartOf":{"@id":"https:\/\/www.scolaire-collines.com\/lycee\/#website"},"datePublished":"2019-04-16T14:00:43+00:00","dateModified":"2024-01-18T10:28:02+00:00","breadcrumb":{"@id":"http:\/\/www.scolaire-collines.com\/lycee\/restauration\/#breadcrumb"},"inLanguage":"fr-FR","potentialAction":[{"@type":"ReadAction","target":["http:\/\/www.scolaire-collines.com\/lycee\/restauration\/"]}]},{"@type":"BreadcrumbList","@id":"http:\/\/www.scolaire-collines.com\/lycee\/restauration\/#breadcrumb","itemListElement":[{"@type":"ListItem","position":1,"name":"Accueil","item":"https:\/\/www.scolaire-collines.com\/lycee\/"},{"@type":"ListItem","position":2,"name":"Restauration"}]},{"@type":"WebSite","@id":"https:\/\/www.scolaire-collines.com\/lycee\/#website","url":"https:\/\/www.scolaire-collines.com\/lycee\/","name":"Lyc\u00e9e Notre Dame des Collines","description":"Un lyc\u00e9e pour apprendre et s&#039;\u00e9panouir","potentialAction":[{"@type":"SearchAction","target":{"@type":"EntryPoint","urlTemplate":"https:\/\/www.scolaire-collines.com\/lycee\/?s={search_term_string}"},"query-input":{"@type":"PropertyValueSpecification","valueRequired":true,"valueName":"search_term_string"}}],"inLanguage":"fr-FR"}]}},"jetpack_sharing_enabled":true,"jetpack_shortlink":"https:\/\/wp.me\/P9EMeB-1f","jetpack-related-posts":[],"_links":{"self":[{"href":"http:\/\/www.scolaire-collines.com\/lycee\/wp-json\/wp\/v2\/pages\/77","targetHints":{"allow":["GET"]}}],"collection":[{"href":"http:\/\/www.scolaire-collines.com\/lycee\/wp-json\/wp\/v2\/pages"}],"about":[{"href":"http:\/\/www.scolaire-collines.com\/lycee\/wp-json\/wp\/v2\/types\/page"}],"author":[{"embeddable":true,"href":"http:\/\/www.scolaire-collines.com\/lycee\/wp-json\/wp\/v2\/users\/2"}],"replies":[{"embeddable":true,"href":"http:\/\/www.scolaire-collines.com\/lycee\/wp-json\/wp\/v2\/comments?post=77"}],"version-history":[{"count":5,"href":"http:\/\/www.scolaire-collines.com\/lycee\/wp-json\/wp\/v2\/pages\/77\/revisions"}],"predecessor-version":[{"id":720,"href":"http:\/\/www.scolaire-collines.com\/lycee\/wp-json\/wp\/v2\/pages\/77\/revisions\/720"}],"wp:attachment":[{"href":"http:\/\/www.scolaire-collines.com\/lycee\/wp-json\/wp\/v2\/media?parent=77"}],"curies":[{"name":"wp","href":"https:\/\/api.w.org\/{rel}","templated":true}]}}