{"id":72,"date":"2016-11-28T08:54:12","date_gmt":"2016-11-28T07:54:12","guid":{"rendered":"http:\/\/www.scolaire-collines.com\/lycee-ndc\/?page_id=72"},"modified":"2021-11-04T16:22:46","modified_gmt":"2021-11-04T15:22:46","slug":"accueil-periscolaire-etudes-surveillees","status":"publish","type":"page","link":"http:\/\/www.scolaire-collines.com\/lycee\/accueil-periscolaire-etudes-surveillees\/","title":{"rendered":"Accueil p\u00e9riscolaire"},"content":{"rendered":"<p><span style=\"font-family: arial,helvetica,sans-serif;\">Pendant le temps de midi, activit\u00e9s diverses (UNSS, CDI, \u2026)<\/span><\/p>\n<p><span style=\"font-family: arial,helvetica,sans-serif;\">\u00a0<\/span><\/p>\n","protected":false},"excerpt":{"rendered":"<p>Pendant le temps de midi, activit\u00e9s diverses (UNSS, CDI, \u2026) \u00a0<\/p>\n","protected":false},"author":2,"featured_media":0,"parent":0,"menu_order":0,"comment_status":"closed","ping_status":"closed","template":"","meta":{"_acf_changed":false,"jetpack_post_was_ever_published":false,"footnotes":""},"class_list":["post-72","page","type-page","status-publish","hentry"],"acf":[],"yoast_head":"<!-- This site is optimized with the Yoast SEO plugin v24.2 - https:\/\/yoast.com\/wordpress\/plugins\/seo\/ -->\n<title>Accueil p\u00e9riscolaire - Lyc\u00e9e Notre Dame des Collines<\/title>\n<meta name=\"robots\" content=\"index, follow, max-snippet:-1, max-image-preview:large, max-video-preview:-1\" \/>\n<link rel=\"canonical\" href=\"https:\/\/www.scolaire-collines.com\/lycee\/accueil-periscolaire-etudes-surveillees\/\" \/>\n<meta property=\"og:locale\" content=\"fr_FR\" \/>\n<meta property=\"og:type\" content=\"article\" \/>\n<meta property=\"og:title\" content=\"Accueil p\u00e9riscolaire - Lyc\u00e9e Notre Dame des Collines\" \/>\n<meta property=\"og:description\" content=\"Pendant le temps de midi, activit\u00e9s diverses (UNSS, CDI, \u2026) \u00a0\" \/>\n<meta property=\"og:url\" content=\"https:\/\/www.scolaire-collines.com\/lycee\/accueil-periscolaire-etudes-surveillees\/\" \/>\n<meta property=\"og:site_name\" content=\"Lyc\u00e9e Notre Dame des Collines\" \/>\n<meta property=\"article:modified_time\" content=\"2021-11-04T15:22:46+00:00\" \/>\n<meta name=\"twitter:card\" content=\"summary_large_image\" \/>\n<script type=\"application\/ld+json\" class=\"yoast-schema-graph\">{\"@context\":\"https:\/\/schema.org\",\"@graph\":[{\"@type\":\"WebPage\",\"@id\":\"https:\/\/www.scolaire-collines.com\/lycee\/accueil-periscolaire-etudes-surveillees\/\",\"url\":\"https:\/\/www.scolaire-collines.com\/lycee\/accueil-periscolaire-etudes-surveillees\/\",\"name\":\"Accueil p\u00e9riscolaire - Lyc\u00e9e Notre Dame des Collines\",\"isPartOf\":{\"@id\":\"http:\/\/www.scolaire-collines.com\/lycee\/#website\"},\"datePublished\":\"2016-11-28T07:54:12+00:00\",\"dateModified\":\"2021-11-04T15:22:46+00:00\",\"breadcrumb\":{\"@id\":\"https:\/\/www.scolaire-collines.com\/lycee\/accueil-periscolaire-etudes-surveillees\/#breadcrumb\"},\"inLanguage\":\"fr-FR\",\"potentialAction\":[{\"@type\":\"ReadAction\",\"target\":[\"https:\/\/www.scolaire-collines.com\/lycee\/accueil-periscolaire-etudes-surveillees\/\"]}]},{\"@type\":\"BreadcrumbList\",\"@id\":\"https:\/\/www.scolaire-collines.com\/lycee\/accueil-periscolaire-etudes-surveillees\/#breadcrumb\",\"itemListElement\":[{\"@type\":\"ListItem\",\"position\":1,\"name\":\"Accueil\",\"item\":\"http:\/\/www.scolaire-collines.com\/lycee\/\"},{\"@type\":\"ListItem\",\"position\":2,\"name\":\"Accueil p\u00e9riscolaire\"}]},{\"@type\":\"WebSite\",\"@id\":\"http:\/\/www.scolaire-collines.com\/lycee\/#website\",\"url\":\"http:\/\/www.scolaire-collines.com\/lycee\/\",\"name\":\"Lyc\u00e9e Notre Dame des Collines\",\"description\":\"Un lyc\u00e9e pour apprendre et s&#039;\u00e9panouir\",\"potentialAction\":[{\"@type\":\"SearchAction\",\"target\":{\"@type\":\"EntryPoint\",\"urlTemplate\":\"http:\/\/www.scolaire-collines.com\/lycee\/?s={search_term_string}\"},\"query-input\":{\"@type\":\"PropertyValueSpecification\",\"valueRequired\":true,\"valueName\":\"search_term_string\"}}],\"inLanguage\":\"fr-FR\"}]}<\/script>\n<!-- \/ Yoast SEO plugin. -->","yoast_head_json":{"title":"Accueil p\u00e9riscolaire - Lyc\u00e9e Notre Dame des Collines","robots":{"index":"index","follow":"follow","max-snippet":"max-snippet:-1","max-image-preview":"max-image-preview:large","max-video-preview":"max-video-preview:-1"},"canonical":"https:\/\/www.scolaire-collines.com\/lycee\/accueil-periscolaire-etudes-surveillees\/","og_locale":"fr_FR","og_type":"article","og_title":"Accueil p\u00e9riscolaire - Lyc\u00e9e Notre Dame des Collines","og_description":"Pendant le temps de midi, activit\u00e9s diverses (UNSS, CDI, \u2026) \u00a0","og_url":"https:\/\/www.scolaire-collines.com\/lycee\/accueil-periscolaire-etudes-surveillees\/","og_site_name":"Lyc\u00e9e Notre Dame des Collines","article_modified_time":"2021-11-04T15:22:46+00:00","twitter_card":"summary_large_image","schema":{"@context":"https:\/\/schema.org","@graph":[{"@type":"WebPage","@id":"https:\/\/www.scolaire-collines.com\/lycee\/accueil-periscolaire-etudes-surveillees\/","url":"https:\/\/www.scolaire-collines.com\/lycee\/accueil-periscolaire-etudes-surveillees\/","name":"Accueil p\u00e9riscolaire - Lyc\u00e9e Notre Dame des Collines","isPartOf":{"@id":"http:\/\/www.scolaire-collines.com\/lycee\/#website"},"datePublished":"2016-11-28T07:54:12+00:00","dateModified":"2021-11-04T15:22:46+00:00","breadcrumb":{"@id":"https:\/\/www.scolaire-collines.com\/lycee\/accueil-periscolaire-etudes-surveillees\/#breadcrumb"},"inLanguage":"fr-FR","potentialAction":[{"@type":"ReadAction","target":["https:\/\/www.scolaire-collines.com\/lycee\/accueil-periscolaire-etudes-surveillees\/"]}]},{"@type":"BreadcrumbList","@id":"https:\/\/www.scolaire-collines.com\/lycee\/accueil-periscolaire-etudes-surveillees\/#breadcrumb","itemListElement":[{"@type":"ListItem","position":1,"name":"Accueil","item":"http:\/\/www.scolaire-collines.com\/lycee\/"},{"@type":"ListItem","position":2,"name":"Accueil p\u00e9riscolaire"}]},{"@type":"WebSite","@id":"http:\/\/www.scolaire-collines.com\/lycee\/#website","url":"http:\/\/www.scolaire-collines.com\/lycee\/","name":"Lyc\u00e9e Notre Dame des Collines","description":"Un lyc\u00e9e pour apprendre et s&#039;\u00e9panouir","potentialAction":[{"@type":"SearchAction","target":{"@type":"EntryPoint","urlTemplate":"http:\/\/www.scolaire-collines.com\/lycee\/?s={search_term_string}"},"query-input":{"@type":"PropertyValueSpecification","valueRequired":true,"valueName":"search_term_string"}}],"inLanguage":"fr-FR"}]}},"jetpack_sharing_enabled":true,"jetpack_shortlink":"https:\/\/wp.me\/P9EMeB-1a","jetpack-related-posts":[],"_links":{"self":[{"href":"http:\/\/www.scolaire-collines.com\/lycee\/wp-json\/wp\/v2\/pages\/72","targetHints":{"allow":["GET"]}}],"collection":[{"href":"http:\/\/www.scolaire-collines.com\/lycee\/wp-json\/wp\/v2\/pages"}],"about":[{"href":"http:\/\/www.scolaire-collines.com\/lycee\/wp-json\/wp\/v2\/types\/page"}],"author":[{"embeddable":true,"href":"http:\/\/www.scolaire-collines.com\/lycee\/wp-json\/wp\/v2\/users\/2"}],"replies":[{"embeddable":true,"href":"http:\/\/www.scolaire-collines.com\/lycee\/wp-json\/wp\/v2\/comments?post=72"}],"version-history":[{"count":3,"href":"http:\/\/www.scolaire-collines.com\/lycee\/wp-json\/wp\/v2\/pages\/72\/revisions"}],"predecessor-version":[{"id":599,"href":"http:\/\/www.scolaire-collines.com\/lycee\/wp-json\/wp\/v2\/pages\/72\/revisions\/599"}],"wp:attachment":[{"href":"http:\/\/www.scolaire-collines.com\/lycee\/wp-json\/wp\/v2\/media?parent=72"}],"curies":[{"name":"wp","href":"https:\/\/api.w.org\/{rel}","templated":true}]}}