{"id":63,"date":"2019-02-19T17:40:45","date_gmt":"2019-02-19T16:40:45","guid":{"rendered":"http:\/\/www.scolaire-collines.com\/lycee-ndc\/?page_id=63"},"modified":"2022-02-03T17:28:50","modified_gmt":"2022-02-03T16:28:50","slug":"pole-tertiaire","status":"publish","type":"page","link":"http:\/\/www.scolaire-collines.com\/lycee\/pole-tertiaire\/","title":{"rendered":"P\u00f4le Tertiaire"},"content":{"rendered":"<h3><span style=\"font-family: arial,helvetica,sans-serif;\"><strong><span style=\"color: #3366ff;\">CAP \u00c9QUIPIER <\/span><\/strong><\/span><span style=\"font-family: arial,helvetica,sans-serif;\"><strong><span style=\"color: #3366ff;\">POLYVALENT DU COMMERCE (EPC)<\/span><br \/>\n<\/strong><\/span><\/h3>\n<p><img loading=\"lazy\" decoding=\"async\" class=\"n3VNCb alignright\" src=\"https:\/\/www.flashfm.fr\/media\/cache\/resolve\/article_teaser\/uploads\/media\/flashfmfr\/Vendeuse-magasin-textile.jpg\" alt=\"Vendeur textile H\/F - Flash FM - Hits, actu r\u00e9gion et infos route\" width=\"387\" height=\"174\" data-noaft=\"1\" \/>\u00a0 <img loading=\"lazy\" decoding=\"async\" class=\"n3VNCb alignleft\" src=\"https:\/\/www.carriere-distribution.com\/uploads\/userfiles\/1\/image\/libre-service.jpg\" alt=\"Zoom sur le m\u00e9tier d&amp;#39;employ\u00e9 en libre-service. - Carri\u00e8re Distribution\" width=\"403\" height=\"165\" data-noaft=\"1\" \/><\/p>\n<p>&nbsp;<\/p>\n<p>&nbsp;<\/p>\n<p>&nbsp;<\/p>\n<p>&nbsp;<\/p>\n<p><span style=\"font-family: arial,helvetica,sans-serif;\">Le titulaire du CAP exerce son activit\u00e9 dans un cadre omnicanal au sein d\u2019une unit\u00e9 commerciale qui distribue des produits et des services. Pour ce faire, il respecte les r\u00e8gles d\u2019hygi\u00e8ne et de s\u00e9curit\u00e9.<br \/>\n<\/span><\/p>\n<p><span style=\"font-family: arial, helvetica, sans-serif;\">L\u2019activit\u00e9 professionnelle du titulaire du \u00ab CAP \u00c9quipier polyvalent du commerce\u00bb est orient\u00e9e vers une n\u00e9cessaire polyvalence et une r\u00e9activit\u00e9 accrue de la part du dipl\u00f4m\u00e9s. Elle s\u2019inscrit \u00e9galement dans un souci constant de lutte contre toutes les discriminations professionnelles, de pr\u00e9servation de l\u2019environnement et de contribution au d\u00e9veloppement durable. Son activit\u00e9. requiert d\u2019\u00eatre rigoureux, organis\u00e9 et m\u00e9thodique. Il doit faire preuve de disponibilit\u00e9, de courtoisie et d\u2019empathie face au client en favorisant un climat de confiance. Il adopte un langage et une posture professionnels.<\/span><\/p>\n<p><span style=\"font-family: arial, helvetica, sans-serif;\">Il utilise ses comp\u00e9tences en communication dans son activit\u00e9 courante. Il met en \u0153uvre en permanence des applications et technologies digitales ainsi que les outils de traitement de l\u2019information.Il doit adopter des comportements et des attitudes conformes \u00e0 la diversit\u00e9 des contextes relationnels, notamment au niveau des codes vestimentaires et langagiers. Il doit enfin respecter les r\u00e8gles de confidentialit\u00e9 et de d\u00e9ontologie professionnelle.<\/span><\/p>\n<p><span style=\"color: #ffffff;\">.<\/span><\/p>\n<p><span style=\"font-family: arial, helvetica, sans-serif;\">\u00a0\u00a0\u00a0\u00a0\u00a0 <img loading=\"lazy\" decoding=\"async\" class=\"n3VNCb\" src=\"https:\/\/orkypia.fr\/wp-content\/uploads\/2018\/10\/employe-lobre-service.jpg\" alt=\"Devenir Employ\u00e9 de libre service \/ H\u00f4te - H\u00f4tesse de caisse - Orkypia.fr\" width=\"388\" height=\"258\" data-noaft=\"1\" \/><\/span><span style=\"font-family: arial,helvetica,sans-serif;\"><span style=\"color: #3366ff;\"><strong> \u00a0 \u00a0 \u00a0 \u00a0 \u00a0 \u00a0 \u00a0 \u00a0 \u00a0 \u00a0 \u00a0 \u00a0 \u00a0\u00a0\u00a0 <img loading=\"lazy\" decoding=\"async\" data-attachment-id=\"543\" data-permalink=\"http:\/\/www.scolaire-collines.com\/lycee\/pole-tertiaire\/employe-de-commerce\/\" data-orig-file=\"http:\/\/www.scolaire-collines.com\/lycee\/wp-content\/uploads\/2019\/02\/employ\u00e9-de-commerce.png\" data-orig-size=\"400,267\" data-comments-opened=\"0\" data-image-meta=\"{&quot;aperture&quot;:&quot;0&quot;,&quot;credit&quot;:&quot;&quot;,&quot;camera&quot;:&quot;&quot;,&quot;caption&quot;:&quot;&quot;,&quot;created_timestamp&quot;:&quot;0&quot;,&quot;copyright&quot;:&quot;&quot;,&quot;focal_length&quot;:&quot;0&quot;,&quot;iso&quot;:&quot;0&quot;,&quot;shutter_speed&quot;:&quot;0&quot;,&quot;title&quot;:&quot;&quot;,&quot;orientation&quot;:&quot;0&quot;}\" data-image-title=\"employ\u00e9 de commerce\" data-image-description=\"\" data-image-caption=\"\" data-medium-file=\"http:\/\/www.scolaire-collines.com\/lycee\/wp-content\/uploads\/2019\/02\/employ\u00e9-de-commerce-300x200.png\" data-large-file=\"http:\/\/www.scolaire-collines.com\/lycee\/wp-content\/uploads\/2019\/02\/employ\u00e9-de-commerce.png\" class=\"wp-image-543 alignright\" src=\"http:\/\/www.scolaire-collines.com\/lycee\/wp-content\/uploads\/2019\/02\/employ\u00e9-de-commerce.png\" alt=\"\" width=\"389\" height=\"259\" srcset=\"http:\/\/www.scolaire-collines.com\/lycee\/wp-content\/uploads\/2019\/02\/employ\u00e9-de-commerce.png 400w, http:\/\/www.scolaire-collines.com\/lycee\/wp-content\/uploads\/2019\/02\/employ\u00e9-de-commerce-300x200.png 300w\" sizes=\"auto, (max-width: 389px) 100vw, 389px\" \/><\/strong><\/span><\/span><\/p>\n<p>&nbsp;<\/p>\n<p><span style=\"color: #3366ff; font-family: arial, helvetica, sans-serif;\"><strong>ADMISSION<\/strong><\/span><\/p>\n<p>L&rsquo;inscription dans cette formation est possible apr\u00e8s une 3\u00e8me Pr\u00e9pa-m\u00e9tier 3\u00e8me SEGPA ou une 3\u00e8me g\u00e9n\u00e9rale<\/p>\n<p>&nbsp;<\/p>\n<p><span style=\"font-family: arial,helvetica,sans-serif;\"><span style=\"color: #3366ff;\"><strong>ORGANISATION DE LA FORMATION<\/strong><\/span><br \/>\n<\/span><\/p>\n<p><span style=\"font-family: arial,helvetica,sans-serif;\">Elle se d\u00e9roule\u00a0 sur 2 ans et compte 14 semaines de formation en entreprise : 7 semaines en 1\u00e8re ann\u00e9e et 7 en 2\u00e8me ann\u00e9e.<\/span><\/p>\n<p>&nbsp;<\/p>\n<p><span style=\"font-family: arial,helvetica,sans-serif; color: #3366ff;\"><strong>ACTIVIT\u00c9S<\/strong>:<\/span><\/p>\n<p><span style=\"font-family: arial, helvetica, sans-serif;\">Le titulaire du \u00ab CAP \u00c9quipier polyvalent du commerce\u00bb exerce les activit\u00e9s relevant des domaines suivants :<\/span><\/p>\n<ul>\n<li><span style=\"font-family: arial, helvetica, sans-serif;\">R\u00e9ception et suivi des commandes;<\/span><\/li>\n<li><span style=\"font-family: arial, helvetica, sans-serif;\">Mise en valeur et approvisionnement;<\/span><\/li>\n<li><span style=\"font-family: arial, helvetica, sans-serif;\">Conseil et accompagnement du client dans son parcours d\u2019achat.<\/span><\/li>\n<\/ul>\n<p><strong><span style=\"color: #3366ff; font-family: arial, helvetica, sans-serif;\">ET APR\u00c8S <\/span><\/strong><\/p>\n<ul>\n<li>Vie active<\/li>\n<li>Bac Pro MCV<\/li>\n<\/ul>\n<p><img loading=\"lazy\" decoding=\"async\" class=\"rg_i Q4LuWd\" src=\"https:\/\/encrypted-tbn0.gstatic.com\/images?q=tbn:ANd9GcTEw1dvi4ALi_Va_fUnbRJu8YQbyAqReTfTVoMWVzimpJ1E6yO44ILRhz2tLsK7qqu-FD0&amp;usqp=CAU\" alt=\"Panneau De Plusieurs Directions De Tirage Vecteurs libres de droits et plus d'images vectorielles de Indication de direction - iStock\" width=\"240\" height=\"240\" data-noaft=\"1\" \/><\/p>\n<p><span style=\"font-family: arial,helvetica,sans-serif; color: #3366ff;\"><strong>BAC PRO M\u00c9TIER DU COMMERCE ET DE LA VENTE<br \/>\n<\/strong><\/span><\/p>\n<p><img loading=\"lazy\" decoding=\"async\" class=\"n3VNCb alignright\" src=\"https:\/\/www.ifcdis.fr\/wp-content\/uploads\/2019\/11\/Visuel-metier-employe-libre-service.jpg\" alt=\"Le m\u00e9tier d&amp;#39;Employ\u00e9(e) libre-service \u2013 Centre de formation IFCDis\" width=\"619\" height=\"210\" data-noaft=\"1\" \/><\/p>\n<p><span style=\"font-family: arial, helvetica, sans-serif;\">Le titulaire du baccalaur\u00e9at professionnel \u00abM\u00e9tiers du commerce et de la vente\u00bb s\u2019inscrit dans une d\u00e9marche commerciale active.Son activit\u00e9 consiste \u00e0 :<\/span><br \/>\n<span style=\"font-family: arial, helvetica, sans-serif;\">&#8211; accueillir, conseiller et vendre des produits et des services associ\u00e9s,<\/span><br \/>\n<span style=\"font-family: arial, helvetica, sans-serif;\">&#8211; contribuer au suivi des ventes,<\/span><br \/>\n<span style=\"font-family: arial, helvetica, sans-serif;\">&#8211; participer \u00e0 la fid\u00e9lisation de la client\u00e8le et au d\u00e9veloppement de la relation client.<\/span><\/p>\n<p>Il aura choisit une option :<\/p>\n<p>Option A : Animation et gestion de l\u2019espace commercial (commerce ): <span id=\"page7R_mcid43\" class=\"markedContent\"><span dir=\"ltr\" role=\"presentation\">employ\u00e9 commercial,<\/span> <\/span><span id=\"page7R_mcid44\" class=\"markedContent\"><span dir=\"ltr\" role=\"presentation\">vendeur qualifi\u00e9,<\/span> <\/span><span id=\"page7R_mcid45\" class=\"markedContent\"><br role=\"presentation\" \/><span dir=\"ltr\" role=\"presentation\">vendeur sp\u00e9cialiste.<\/span><\/span><\/p>\n<p>Option B : Prospection client\u00e8le et valorisation de l\u2019offre commerciale (vente): <span id=\"page7R_mcid48\" class=\"markedContent\"><span dir=\"ltr\" role=\"presentation\">conseiller <\/span><span dir=\"ltr\" role=\"presentation\">relation client<\/span> <span dir=\"ltr\" role=\"presentation\">\u00e0 distance,<\/span> <\/span><span id=\"page7R_mcid49\" class=\"markedContent\"><br role=\"presentation\" \/><span dir=\"ltr\" role=\"presentation\">conseiller en vente directe,<\/span> <\/span><span id=\"page7R_mcid50\" class=\"markedContent\"><span dir=\"ltr\" role=\"presentation\">vendeur \u00e0 domicile ind\u00e9pendant,<\/span> <\/span><span id=\"page7R_mcid51\" class=\"markedContent\"><span dir=\"ltr\" role=\"presentation\">commercial,<\/span> <\/span><span id=\"page7R_mcid52\" class=\"markedContent\"><span dir=\"ltr\" role=\"presentation\">repr\u00e9sentant commercial.<\/span> <\/span><\/p>\n<p><span style=\"font-family: arial, helvetica, sans-serif;\">Le titulaire du bac pro doit avoir le\u00a0sens de l&rsquo;accueil, des qualit\u00e9s d&rsquo;\u00e9coute et de disponibilit\u00e9. Son activit\u00e9, au sein d&rsquo;une \u00e9quipe commerciale,\u00a0consiste \u00e0\u00a0participer \u00e0 l&rsquo;approvisionnement, \u00e0 la vente, \u00e0 la gestion commerciale. Cet employ\u00e9 commercial, qui\u00a0travaille dans tout type d&rsquo;unit\u00e9 commerciale : physique ou virtuelle,\u00a0met \u00e0 la disposition de la client\u00e8le les produits correspondant \u00e0 sa demande.<br \/>\n<\/span><\/p>\n<p>S<span style=\"font-family: arial, helvetica, sans-serif;\">elon les situations, il pourra aussi :<\/span><br \/>\n<span style=\"font-family: arial, helvetica, sans-serif;\">&#8211; prospecter des clients potentiels,<\/span><br \/>\n<span style=\"font-family: arial, helvetica, sans-serif;\">&#8211; participer \u00e0 l\u2019animation et \u00e0 la gestion d\u2019une unit\u00e9 commerciale.<\/span><\/p>\n<p><span style=\"font-family: arial, helvetica, sans-serif;\">Et cela, dans le but de participer \u00e0 la construction d\u2019une relation client durable.<\/span><\/p>\n<p><span id=\"page16R_mcid0\" class=\"markedContent\"><span dir=\"ltr\" role=\"presentation\">Le titulaire du bac pro option A, <\/span><span dir=\"ltr\" role=\"presentation\">doit faire preuve du sens de l\u2019accueil, <\/span><span dir=\"ltr\" role=\"presentation\">de <\/span><span dir=\"ltr\" role=\"presentation\">qualit\u00e9s d\u2019\u00e9coute et de disponibilit\u00e9. Il doit adopter <\/span><br role=\"presentation\" \/><span dir=\"ltr\" role=\"presentation\">des comportements et des attitudes conformes \u00e0 la diversit\u00e9 des contextes relationnels, notamment <\/span><br role=\"presentation\" \/><span dir=\"ltr\" role=\"presentation\">au niveau des codes<\/span> <span dir=\"ltr\" role=\"presentation\">vestimentaires et langagiers. Il doit enfin respecter les r\u00e8gles de confidentialit\u00e9 et <\/span><br role=\"presentation\" \/><span dir=\"ltr\" role=\"presentation\">de d\u00e9ontologie professionnelle.<\/span><\/span><\/p>\n<p><img loading=\"lazy\" decoding=\"async\" class=\"n3VNCb alignright\" src=\"https:\/\/www.alternance-professionnelle.fr\/wp-content\/uploads\/2017\/09\/recruter-employ%C3%A9-libre-service-300x200.jpg\" alt=\"Le m\u00e9tier d&amp;#39;employ\u00e9 de libre-service, accessible par le recrutement en alternance - Fiche m\u00e9tier\" width=\"498\" height=\"332\" data-noaft=\"1\" \/><\/p>\n<p><span style=\"font-family: arial,helvetica,sans-serif;\"><strong><span style=\"color: #3366ff;\">ADMISSION\u00a0\u00a0\u00a0\u00a0\u00a0\u00a0\u00a0 <\/span><br \/>\n<\/strong><\/span><\/p>\n<ul>\n<li><span style=\"font-family: arial,helvetica,sans-serif;\">L&rsquo;inscription dans <\/span><span style=\"font-family: arial,helvetica,sans-serif;\">cette formation est possible apr\u00e8s une 3<sup>\u00e8me<\/sup> Pr\u00e9pa-m\u00e9tier ou 3<sup>\u00e8me<\/sup> g\u00e9n\u00e9rale ou ayant obtenu un CAP<\/span><\/li>\n<li><span style=\"font-family: arial,helvetica,sans-serif;\">\u00c9l\u00e8ve dynamique, m<\/span><span style=\"font-family: arial,helvetica,sans-serif;\">otiv\u00e9, ayan<\/span><span style=\"font-family: arial,helvetica,sans-serif;\">t le sens des relations et de la communication. Une tenue parfaite sur le plan vestimentaire et sur le plan comportement est exig\u00e9e.<\/span><\/li>\n<\/ul>\n<p>&nbsp;<\/p>\n<p><strong><span style=\"font-family: arial, helvetica, sans-serif; color: #3366ff;\">ORGANISATION DE LA FORMATION<br \/>\n<\/span><\/strong><\/p>\n<ul style=\"list-style-type: square;\">\n<li><span style=\"font-family: arial, helvetica, sans-serif;\">2 Ans de formation apr\u00e8s une 2nde famille des m\u00e9tiers M\u00e9tiers de la Relation Client (MRC) soit 3 ans <\/span><\/li>\n<\/ul>\n<ul style=\"list-style-type: square;\">\n<li><span style=\"font-family: arial, helvetica, sans-serif;\">22 Semaines de stage sur les 3 ans dans tout type d\u2019organisation \u00e0 finalit\u00e9s commerciales.<\/span><\/li>\n<\/ul>\n<ul style=\"list-style-type: square;\">\n<li><span style=\"font-family: arial, helvetica, sans-serif;\">2 Options au choix en 1\u00e8<\/span><\/li>\n<\/ul>\n<p><span style=\"font-family: arial,helvetica,sans-serif;\">\u00a0<\/span><\/p>\n<p><img loading=\"lazy\" decoding=\"async\" class=\"n3VNCb alignright\" src=\"https:\/\/www.webmarketing-com.com\/wp-content\/uploads\/2017\/07\/tof-ecommerce.jpg\" alt=\"e-commerce : opportunit\u00e9 ou menace ? Webmarketing&amp;amp;co&amp;#39;m\" width=\"262\" height=\"183\" data-noaft=\"1\" \/><\/p>\n<p><span style=\"font-family: arial,helvetica,sans-serif; color: #3366ff;\"><strong>ET APRES<br \/>\n<\/strong><\/span><\/p>\n<p><span style=\"font-family: arial,helvetica,sans-serif;\">En principe, le Bac professionnel est un examen final, cependant quelques poursuites d\u2019\u00e9tudes peuvent \u00eatre envisag\u00e9es vers\u00a0:<\/span><\/p>\n<ul>\n<li><span style=\"font-family: arial,helvetica,sans-serif;\"><span style=\"font-family: arial,helvetica,sans-serif;\">le BTS <\/span><\/span>Management Commercial Op\u00e9rationnel<\/li>\n<li><span style=\"font-family: arial,helvetica,sans-serif;\">le BTS <\/span>N\u00e9gociation et Digitalisation de la Relation Client<\/li>\n<\/ul>\n<p>&nbsp;<\/p>\n","protected":false},"excerpt":{"rendered":"<p>CAP \u00c9QUIPIER POLYVALENT DU COMMERCE (EPC) \u00a0 &nbsp; &nbsp; &nbsp; &nbsp; Le titulaire du CAP exerce son activit\u00e9 dans un cadre omnicanal au sein d\u2019une unit\u00e9 commerciale qui distribue des [&hellip;]<\/p>\n","protected":false},"author":2,"featured_media":0,"parent":0,"menu_order":0,"comment_status":"closed","ping_status":"closed","template":"","meta":{"_acf_changed":false,"jetpack_post_was_ever_published":false,"footnotes":""},"class_list":["post-63","page","type-page","status-publish","hentry"],"acf":[],"yoast_head":"<!-- This site is optimized with the Yoast SEO plugin v24.2 - https:\/\/yoast.com\/wordpress\/plugins\/seo\/ -->\n<title>P\u00f4le Tertiaire - Lyc\u00e9e Notre Dame des Collines<\/title>\n<meta name=\"robots\" content=\"index, follow, max-snippet:-1, max-image-preview:large, max-video-preview:-1\" \/>\n<link rel=\"canonical\" href=\"https:\/\/www.scolaire-collines.com\/lycee\/pole-tertiaire\/\" \/>\n<meta property=\"og:locale\" content=\"fr_FR\" \/>\n<meta property=\"og:type\" content=\"article\" \/>\n<meta property=\"og:title\" content=\"P\u00f4le Tertiaire - Lyc\u00e9e Notre Dame des Collines\" \/>\n<meta property=\"og:description\" content=\"CAP \u00c9QUIPIER POLYVALENT DU COMMERCE (EPC) \u00a0 &nbsp; &nbsp; &nbsp; &nbsp; Le titulaire du CAP exerce son activit\u00e9 dans un cadre omnicanal au sein d\u2019une unit\u00e9 commerciale qui distribue des [&hellip;]\" \/>\n<meta property=\"og:url\" content=\"https:\/\/www.scolaire-collines.com\/lycee\/pole-tertiaire\/\" \/>\n<meta property=\"og:site_name\" content=\"Lyc\u00e9e Notre Dame des Collines\" \/>\n<meta property=\"article:modified_time\" content=\"2022-02-03T16:28:50+00:00\" \/>\n<meta property=\"og:image\" content=\"https:\/\/www.flashfm.fr\/media\/cache\/resolve\/article_teaser\/uploads\/media\/flashfmfr\/Vendeuse-magasin-textile.jpg\" \/>\n<meta name=\"twitter:card\" content=\"summary_large_image\" \/>\n<meta name=\"twitter:label1\" content=\"Dur\u00e9e de lecture estim\u00e9e\" \/>\n\t<meta name=\"twitter:data1\" content=\"4 minutes\" \/>\n<script type=\"application\/ld+json\" class=\"yoast-schema-graph\">{\"@context\":\"https:\/\/schema.org\",\"@graph\":[{\"@type\":\"WebPage\",\"@id\":\"https:\/\/www.scolaire-collines.com\/lycee\/pole-tertiaire\/\",\"url\":\"https:\/\/www.scolaire-collines.com\/lycee\/pole-tertiaire\/\",\"name\":\"P\u00f4le Tertiaire - Lyc\u00e9e Notre Dame des Collines\",\"isPartOf\":{\"@id\":\"https:\/\/www.scolaire-collines.com\/lycee\/#website\"},\"primaryImageOfPage\":{\"@id\":\"https:\/\/www.scolaire-collines.com\/lycee\/pole-tertiaire\/#primaryimage\"},\"image\":{\"@id\":\"https:\/\/www.scolaire-collines.com\/lycee\/pole-tertiaire\/#primaryimage\"},\"thumbnailUrl\":\"https:\/\/www.flashfm.fr\/media\/cache\/resolve\/article_teaser\/uploads\/media\/flashfmfr\/Vendeuse-magasin-textile.jpg\",\"datePublished\":\"2019-02-19T16:40:45+00:00\",\"dateModified\":\"2022-02-03T16:28:50+00:00\",\"breadcrumb\":{\"@id\":\"https:\/\/www.scolaire-collines.com\/lycee\/pole-tertiaire\/#breadcrumb\"},\"inLanguage\":\"fr-FR\",\"potentialAction\":[{\"@type\":\"ReadAction\",\"target\":[\"https:\/\/www.scolaire-collines.com\/lycee\/pole-tertiaire\/\"]}]},{\"@type\":\"ImageObject\",\"inLanguage\":\"fr-FR\",\"@id\":\"https:\/\/www.scolaire-collines.com\/lycee\/pole-tertiaire\/#primaryimage\",\"url\":\"https:\/\/www.flashfm.fr\/media\/cache\/resolve\/article_teaser\/uploads\/media\/flashfmfr\/Vendeuse-magasin-textile.jpg\",\"contentUrl\":\"https:\/\/www.flashfm.fr\/media\/cache\/resolve\/article_teaser\/uploads\/media\/flashfmfr\/Vendeuse-magasin-textile.jpg\"},{\"@type\":\"BreadcrumbList\",\"@id\":\"https:\/\/www.scolaire-collines.com\/lycee\/pole-tertiaire\/#breadcrumb\",\"itemListElement\":[{\"@type\":\"ListItem\",\"position\":1,\"name\":\"Accueil\",\"item\":\"https:\/\/www.scolaire-collines.com\/lycee\/\"},{\"@type\":\"ListItem\",\"position\":2,\"name\":\"P\u00f4le Tertiaire\"}]},{\"@type\":\"WebSite\",\"@id\":\"https:\/\/www.scolaire-collines.com\/lycee\/#website\",\"url\":\"https:\/\/www.scolaire-collines.com\/lycee\/\",\"name\":\"Lyc\u00e9e Notre Dame des Collines\",\"description\":\"Un lyc\u00e9e pour apprendre et s&#039;\u00e9panouir\",\"potentialAction\":[{\"@type\":\"SearchAction\",\"target\":{\"@type\":\"EntryPoint\",\"urlTemplate\":\"https:\/\/www.scolaire-collines.com\/lycee\/?s={search_term_string}\"},\"query-input\":{\"@type\":\"PropertyValueSpecification\",\"valueRequired\":true,\"valueName\":\"search_term_string\"}}],\"inLanguage\":\"fr-FR\"}]}<\/script>\n<!-- \/ Yoast SEO plugin. -->","yoast_head_json":{"title":"P\u00f4le Tertiaire - Lyc\u00e9e Notre Dame des Collines","robots":{"index":"index","follow":"follow","max-snippet":"max-snippet:-1","max-image-preview":"max-image-preview:large","max-video-preview":"max-video-preview:-1"},"canonical":"https:\/\/www.scolaire-collines.com\/lycee\/pole-tertiaire\/","og_locale":"fr_FR","og_type":"article","og_title":"P\u00f4le Tertiaire - Lyc\u00e9e Notre Dame des Collines","og_description":"CAP \u00c9QUIPIER POLYVALENT DU COMMERCE (EPC) \u00a0 &nbsp; &nbsp; &nbsp; &nbsp; Le titulaire du CAP exerce son activit\u00e9 dans un cadre omnicanal au sein d\u2019une unit\u00e9 commerciale qui distribue des [&hellip;]","og_url":"https:\/\/www.scolaire-collines.com\/lycee\/pole-tertiaire\/","og_site_name":"Lyc\u00e9e Notre Dame des Collines","article_modified_time":"2022-02-03T16:28:50+00:00","og_image":[{"url":"https:\/\/www.flashfm.fr\/media\/cache\/resolve\/article_teaser\/uploads\/media\/flashfmfr\/Vendeuse-magasin-textile.jpg","type":"","width":"","height":""}],"twitter_card":"summary_large_image","twitter_misc":{"Dur\u00e9e de lecture estim\u00e9e":"4 minutes"},"schema":{"@context":"https:\/\/schema.org","@graph":[{"@type":"WebPage","@id":"https:\/\/www.scolaire-collines.com\/lycee\/pole-tertiaire\/","url":"https:\/\/www.scolaire-collines.com\/lycee\/pole-tertiaire\/","name":"P\u00f4le Tertiaire - Lyc\u00e9e Notre Dame des Collines","isPartOf":{"@id":"https:\/\/www.scolaire-collines.com\/lycee\/#website"},"primaryImageOfPage":{"@id":"https:\/\/www.scolaire-collines.com\/lycee\/pole-tertiaire\/#primaryimage"},"image":{"@id":"https:\/\/www.scolaire-collines.com\/lycee\/pole-tertiaire\/#primaryimage"},"thumbnailUrl":"https:\/\/www.flashfm.fr\/media\/cache\/resolve\/article_teaser\/uploads\/media\/flashfmfr\/Vendeuse-magasin-textile.jpg","datePublished":"2019-02-19T16:40:45+00:00","dateModified":"2022-02-03T16:28:50+00:00","breadcrumb":{"@id":"https:\/\/www.scolaire-collines.com\/lycee\/pole-tertiaire\/#breadcrumb"},"inLanguage":"fr-FR","potentialAction":[{"@type":"ReadAction","target":["https:\/\/www.scolaire-collines.com\/lycee\/pole-tertiaire\/"]}]},{"@type":"ImageObject","inLanguage":"fr-FR","@id":"https:\/\/www.scolaire-collines.com\/lycee\/pole-tertiaire\/#primaryimage","url":"https:\/\/www.flashfm.fr\/media\/cache\/resolve\/article_teaser\/uploads\/media\/flashfmfr\/Vendeuse-magasin-textile.jpg","contentUrl":"https:\/\/www.flashfm.fr\/media\/cache\/resolve\/article_teaser\/uploads\/media\/flashfmfr\/Vendeuse-magasin-textile.jpg"},{"@type":"BreadcrumbList","@id":"https:\/\/www.scolaire-collines.com\/lycee\/pole-tertiaire\/#breadcrumb","itemListElement":[{"@type":"ListItem","position":1,"name":"Accueil","item":"https:\/\/www.scolaire-collines.com\/lycee\/"},{"@type":"ListItem","position":2,"name":"P\u00f4le Tertiaire"}]},{"@type":"WebSite","@id":"https:\/\/www.scolaire-collines.com\/lycee\/#website","url":"https:\/\/www.scolaire-collines.com\/lycee\/","name":"Lyc\u00e9e Notre Dame des Collines","description":"Un lyc\u00e9e pour apprendre et s&#039;\u00e9panouir","potentialAction":[{"@type":"SearchAction","target":{"@type":"EntryPoint","urlTemplate":"https:\/\/www.scolaire-collines.com\/lycee\/?s={search_term_string}"},"query-input":{"@type":"PropertyValueSpecification","valueRequired":true,"valueName":"search_term_string"}}],"inLanguage":"fr-FR"}]}},"jetpack_sharing_enabled":true,"jetpack_shortlink":"https:\/\/wp.me\/P9EMeB-11","jetpack-related-posts":[],"_links":{"self":[{"href":"http:\/\/www.scolaire-collines.com\/lycee\/wp-json\/wp\/v2\/pages\/63","targetHints":{"allow":["GET"]}}],"collection":[{"href":"http:\/\/www.scolaire-collines.com\/lycee\/wp-json\/wp\/v2\/pages"}],"about":[{"href":"http:\/\/www.scolaire-collines.com\/lycee\/wp-json\/wp\/v2\/types\/page"}],"author":[{"embeddable":true,"href":"http:\/\/www.scolaire-collines.com\/lycee\/wp-json\/wp\/v2\/users\/2"}],"replies":[{"embeddable":true,"href":"http:\/\/www.scolaire-collines.com\/lycee\/wp-json\/wp\/v2\/comments?post=63"}],"version-history":[{"count":11,"href":"http:\/\/www.scolaire-collines.com\/lycee\/wp-json\/wp\/v2\/pages\/63\/revisions"}],"predecessor-version":[{"id":651,"href":"http:\/\/www.scolaire-collines.com\/lycee\/wp-json\/wp\/v2\/pages\/63\/revisions\/651"}],"wp:attachment":[{"href":"http:\/\/www.scolaire-collines.com\/lycee\/wp-json\/wp\/v2\/media?parent=63"}],"curies":[{"name":"wp","href":"https:\/\/api.w.org\/{rel}","templated":true}]}}