{"id":5,"date":"2018-09-13T13:55:30","date_gmt":"2018-09-13T11:55:30","guid":{"rendered":"http:\/\/www.scolaire-collines.com\/lycee-ndc\/?page_id=5"},"modified":"2026-03-27T16:15:17","modified_gmt":"2026-03-27T15:15:17","slug":"accueil","status":"publish","type":"page","link":"http:\/\/www.scolaire-collines.com\/lycee\/","title":{"rendered":"Accueil"},"content":{"rendered":"<h4 style=\"text-align: justify;\"><span style=\"color: #3366ff;\"><strong><div class=\"su-heading su-heading-style-default su-heading-align-center\" id=\"\" style=\"font-size:13px;margin-bottom:20px\"><div class=\"su-heading-inner\"><\/div><\/div>Bienvenue au lyc\u00e9e professionnel Notre-Dame des Collines, <\/strong><strong>o\u00f9 toute une \u00e9quipe s\u2019engage pour favoriser la r\u00e9ussite de chaque jeune\u2026<\/strong><\/span><\/h4>\n<h4 style=\"text-align: justify;\"><span style=\"color: #3366ff;\"><strong>Nous proposons un enseignement et un suivi \u00e9ducatif de qualit\u00e9, compl\u00e9t\u00e9s par un enrichissement culturel et pastoral.<\/strong><\/span><\/h4>\n<h4 style=\"text-align: justify;\"><span style=\"color: #3366ff;\"><strong>Dans une recherche de co-\u00e9ducation, nous vous rencontrerons bien volontiers tout au long de cette ann\u00e9e scolaire.<\/strong><\/span><\/h4>\n<h4 style=\"text-align: justify;\"><span style=\"color: #3366ff;\"><strong>Bonne ann\u00e9e scolaire \u00a0\u00e0 tous.<\/strong><\/span><\/h4>\n<h4><span style=\"color: #3366ff;\">Le chef d&rsquo;\u00e9tablissement, Florent Hassler<\/span><\/h4>\n<p><img loading=\"lazy\" decoding=\"async\" data-attachment-id=\"679\" data-permalink=\"http:\/\/www.scolaire-collines.com\/lycee\/accueil\/photo-bonhomme-entree-2-removebg-preview-1\/\" data-orig-file=\"http:\/\/www.scolaire-collines.com\/lycee\/wp-content\/uploads\/2022\/12\/Photo-bonhomme-entree-2-removebg-preview-1.jpg\" data-orig-size=\"492,507\" data-comments-opened=\"0\" data-image-meta=\"{&quot;aperture&quot;:&quot;0&quot;,&quot;credit&quot;:&quot;&quot;,&quot;camera&quot;:&quot;&quot;,&quot;caption&quot;:&quot;&quot;,&quot;created_timestamp&quot;:&quot;0&quot;,&quot;copyright&quot;:&quot;&quot;,&quot;focal_length&quot;:&quot;0&quot;,&quot;iso&quot;:&quot;0&quot;,&quot;shutter_speed&quot;:&quot;0&quot;,&quot;title&quot;:&quot;&quot;,&quot;orientation&quot;:&quot;0&quot;}\" data-image-title=\"Photo bonhomme entree (2)-removebg-preview (1)\" data-image-description=\"\" data-image-caption=\"\" data-medium-file=\"http:\/\/www.scolaire-collines.com\/lycee\/wp-content\/uploads\/2022\/12\/Photo-bonhomme-entree-2-removebg-preview-1-291x300.jpg\" data-large-file=\"http:\/\/www.scolaire-collines.com\/lycee\/wp-content\/uploads\/2022\/12\/Photo-bonhomme-entree-2-removebg-preview-1.jpg\" class=\"aligncenter size-full wp-image-679\" src=\"http:\/\/www.scolaire-collines.com\/lycee\/wp-content\/uploads\/2022\/12\/Photo-bonhomme-entree-2-removebg-preview-1.jpg\" alt=\"\" width=\"492\" height=\"507\" srcset=\"http:\/\/www.scolaire-collines.com\/lycee\/wp-content\/uploads\/2022\/12\/Photo-bonhomme-entree-2-removebg-preview-1.jpg 492w, http:\/\/www.scolaire-collines.com\/lycee\/wp-content\/uploads\/2022\/12\/Photo-bonhomme-entree-2-removebg-preview-1-291x300.jpg 291w\" sizes=\"auto, (max-width: 492px) 100vw, 492px\" \/><\/p>\n<p><strong><\/strong><\/p>\n","protected":false},"excerpt":{"rendered":"<p>Bienvenue au lyc\u00e9e professionnel Notre-Dame des Collines, o\u00f9 toute une \u00e9quipe s\u2019engage pour favoriser la r\u00e9ussite de chaque jeune\u2026 Nous proposons un enseignement et un suivi \u00e9ducatif de qualit\u00e9, compl\u00e9t\u00e9s [&hellip;]<\/p>\n","protected":false},"author":1,"featured_media":0,"parent":0,"menu_order":0,"comment_status":"closed","ping_status":"closed","template":"page-home.php","meta":{"_acf_changed":false,"jetpack_post_was_ever_published":false,"footnotes":""},"class_list":["post-5","page","type-page","status-publish","hentry"],"acf":[],"yoast_head":"<!-- This site is optimized with the Yoast SEO plugin v24.2 - https:\/\/yoast.com\/wordpress\/plugins\/seo\/ -->\n<title>Accueil - Lyc\u00e9e Notre Dame des Collines<\/title>\n<meta name=\"robots\" content=\"index, follow, max-snippet:-1, max-image-preview:large, max-video-preview:-1\" \/>\n<link rel=\"canonical\" href=\"https:\/\/www.scolaire-collines.com\/lycee\/\" \/>\n<meta property=\"og:locale\" content=\"fr_FR\" \/>\n<meta property=\"og:type\" content=\"article\" \/>\n<meta property=\"og:title\" content=\"Accueil - Lyc\u00e9e Notre Dame des Collines\" \/>\n<meta property=\"og:description\" content=\"Bienvenue au lyc\u00e9e professionnel Notre-Dame des Collines, o\u00f9 toute une \u00e9quipe s\u2019engage pour favoriser la r\u00e9ussite de chaque jeune\u2026 Nous proposons un enseignement et un suivi \u00e9ducatif de qualit\u00e9, compl\u00e9t\u00e9s [&hellip;]\" \/>\n<meta property=\"og:url\" content=\"https:\/\/www.scolaire-collines.com\/lycee\/\" \/>\n<meta property=\"og:site_name\" content=\"Lyc\u00e9e Notre Dame des Collines\" \/>\n<meta property=\"article:modified_time\" content=\"2026-03-27T15:15:17+00:00\" \/>\n<meta property=\"og:image\" content=\"http:\/\/www.scolaire-collines.com\/lycee\/wp-content\/uploads\/2022\/12\/Photo-bonhomme-entree-2-removebg-preview-1.jpg\" \/>\n<meta name=\"twitter:card\" content=\"summary_large_image\" \/>\n<meta name=\"twitter:label1\" content=\"Dur\u00e9e de lecture estim\u00e9e\" \/>\n\t<meta name=\"twitter:data1\" content=\"1 minute\" \/>\n<script type=\"application\/ld+json\" class=\"yoast-schema-graph\">{\"@context\":\"https:\/\/schema.org\",\"@graph\":[{\"@type\":\"WebPage\",\"@id\":\"https:\/\/www.scolaire-collines.com\/lycee\/\",\"url\":\"https:\/\/www.scolaire-collines.com\/lycee\/\",\"name\":\"Accueil - Lyc\u00e9e Notre Dame des Collines\",\"isPartOf\":{\"@id\":\"https:\/\/www.scolaire-collines.com\/lycee\/#website\"},\"primaryImageOfPage\":{\"@id\":\"https:\/\/www.scolaire-collines.com\/lycee\/#primaryimage\"},\"image\":{\"@id\":\"https:\/\/www.scolaire-collines.com\/lycee\/#primaryimage\"},\"thumbnailUrl\":\"http:\/\/www.scolaire-collines.com\/lycee\/wp-content\/uploads\/2022\/12\/Photo-bonhomme-entree-2-removebg-preview-1.jpg\",\"datePublished\":\"2018-09-13T11:55:30+00:00\",\"dateModified\":\"2026-03-27T15:15:17+00:00\",\"breadcrumb\":{\"@id\":\"https:\/\/www.scolaire-collines.com\/lycee\/#breadcrumb\"},\"inLanguage\":\"fr-FR\",\"potentialAction\":[{\"@type\":\"ReadAction\",\"target\":[\"https:\/\/www.scolaire-collines.com\/lycee\/\"]}]},{\"@type\":\"ImageObject\",\"inLanguage\":\"fr-FR\",\"@id\":\"https:\/\/www.scolaire-collines.com\/lycee\/#primaryimage\",\"url\":\"http:\/\/www.scolaire-collines.com\/lycee\/wp-content\/uploads\/2022\/12\/Photo-bonhomme-entree-2-removebg-preview-1.jpg\",\"contentUrl\":\"http:\/\/www.scolaire-collines.com\/lycee\/wp-content\/uploads\/2022\/12\/Photo-bonhomme-entree-2-removebg-preview-1.jpg\",\"width\":492,\"height\":507},{\"@type\":\"BreadcrumbList\",\"@id\":\"https:\/\/www.scolaire-collines.com\/lycee\/#breadcrumb\",\"itemListElement\":[{\"@type\":\"ListItem\",\"position\":1,\"name\":\"Accueil\",\"item\":\"https:\/\/www.scolaire-collines.com\/lycee\/\"},{\"@type\":\"ListItem\",\"position\":2,\"name\":\"Accueil\"}]},{\"@type\":\"WebSite\",\"@id\":\"https:\/\/www.scolaire-collines.com\/lycee\/#website\",\"url\":\"https:\/\/www.scolaire-collines.com\/lycee\/\",\"name\":\"Lyc\u00e9e Notre Dame des Collines\",\"description\":\"Un lyc\u00e9e pour apprendre et s&#039;\u00e9panouir\",\"potentialAction\":[{\"@type\":\"SearchAction\",\"target\":{\"@type\":\"EntryPoint\",\"urlTemplate\":\"https:\/\/www.scolaire-collines.com\/lycee\/?s={search_term_string}\"},\"query-input\":{\"@type\":\"PropertyValueSpecification\",\"valueRequired\":true,\"valueName\":\"search_term_string\"}}],\"inLanguage\":\"fr-FR\"}]}<\/script>\n<!-- \/ Yoast SEO plugin. -->","yoast_head_json":{"title":"Accueil - Lyc\u00e9e Notre Dame des Collines","robots":{"index":"index","follow":"follow","max-snippet":"max-snippet:-1","max-image-preview":"max-image-preview:large","max-video-preview":"max-video-preview:-1"},"canonical":"https:\/\/www.scolaire-collines.com\/lycee\/","og_locale":"fr_FR","og_type":"article","og_title":"Accueil - Lyc\u00e9e Notre Dame des Collines","og_description":"Bienvenue au lyc\u00e9e professionnel Notre-Dame des Collines, o\u00f9 toute une \u00e9quipe s\u2019engage pour favoriser la r\u00e9ussite de chaque jeune\u2026 Nous proposons un enseignement et un suivi \u00e9ducatif de qualit\u00e9, compl\u00e9t\u00e9s [&hellip;]","og_url":"https:\/\/www.scolaire-collines.com\/lycee\/","og_site_name":"Lyc\u00e9e Notre Dame des Collines","article_modified_time":"2026-03-27T15:15:17+00:00","og_image":[{"url":"http:\/\/www.scolaire-collines.com\/lycee\/wp-content\/uploads\/2022\/12\/Photo-bonhomme-entree-2-removebg-preview-1.jpg","type":"","width":"","height":""}],"twitter_card":"summary_large_image","twitter_misc":{"Dur\u00e9e de lecture estim\u00e9e":"1 minute"},"schema":{"@context":"https:\/\/schema.org","@graph":[{"@type":"WebPage","@id":"https:\/\/www.scolaire-collines.com\/lycee\/","url":"https:\/\/www.scolaire-collines.com\/lycee\/","name":"Accueil - Lyc\u00e9e Notre Dame des Collines","isPartOf":{"@id":"https:\/\/www.scolaire-collines.com\/lycee\/#website"},"primaryImageOfPage":{"@id":"https:\/\/www.scolaire-collines.com\/lycee\/#primaryimage"},"image":{"@id":"https:\/\/www.scolaire-collines.com\/lycee\/#primaryimage"},"thumbnailUrl":"http:\/\/www.scolaire-collines.com\/lycee\/wp-content\/uploads\/2022\/12\/Photo-bonhomme-entree-2-removebg-preview-1.jpg","datePublished":"2018-09-13T11:55:30+00:00","dateModified":"2026-03-27T15:15:17+00:00","breadcrumb":{"@id":"https:\/\/www.scolaire-collines.com\/lycee\/#breadcrumb"},"inLanguage":"fr-FR","potentialAction":[{"@type":"ReadAction","target":["https:\/\/www.scolaire-collines.com\/lycee\/"]}]},{"@type":"ImageObject","inLanguage":"fr-FR","@id":"https:\/\/www.scolaire-collines.com\/lycee\/#primaryimage","url":"http:\/\/www.scolaire-collines.com\/lycee\/wp-content\/uploads\/2022\/12\/Photo-bonhomme-entree-2-removebg-preview-1.jpg","contentUrl":"http:\/\/www.scolaire-collines.com\/lycee\/wp-content\/uploads\/2022\/12\/Photo-bonhomme-entree-2-removebg-preview-1.jpg","width":492,"height":507},{"@type":"BreadcrumbList","@id":"https:\/\/www.scolaire-collines.com\/lycee\/#breadcrumb","itemListElement":[{"@type":"ListItem","position":1,"name":"Accueil","item":"https:\/\/www.scolaire-collines.com\/lycee\/"},{"@type":"ListItem","position":2,"name":"Accueil"}]},{"@type":"WebSite","@id":"https:\/\/www.scolaire-collines.com\/lycee\/#website","url":"https:\/\/www.scolaire-collines.com\/lycee\/","name":"Lyc\u00e9e Notre Dame des Collines","description":"Un lyc\u00e9e pour apprendre et s&#039;\u00e9panouir","potentialAction":[{"@type":"SearchAction","target":{"@type":"EntryPoint","urlTemplate":"https:\/\/www.scolaire-collines.com\/lycee\/?s={search_term_string}"},"query-input":{"@type":"PropertyValueSpecification","valueRequired":true,"valueName":"search_term_string"}}],"inLanguage":"fr-FR"}]}},"jetpack_sharing_enabled":true,"jetpack_shortlink":"https:\/\/wp.me\/P9EMeB-5","jetpack-related-posts":[],"_links":{"self":[{"href":"http:\/\/www.scolaire-collines.com\/lycee\/wp-json\/wp\/v2\/pages\/5","targetHints":{"allow":["GET"]}}],"collection":[{"href":"http:\/\/www.scolaire-collines.com\/lycee\/wp-json\/wp\/v2\/pages"}],"about":[{"href":"http:\/\/www.scolaire-collines.com\/lycee\/wp-json\/wp\/v2\/types\/page"}],"author":[{"embeddable":true,"href":"http:\/\/www.scolaire-collines.com\/lycee\/wp-json\/wp\/v2\/users\/1"}],"replies":[{"embeddable":true,"href":"http:\/\/www.scolaire-collines.com\/lycee\/wp-json\/wp\/v2\/comments?post=5"}],"version-history":[{"count":6,"href":"http:\/\/www.scolaire-collines.com\/lycee\/wp-json\/wp\/v2\/pages\/5\/revisions"}],"predecessor-version":[{"id":812,"href":"http:\/\/www.scolaire-collines.com\/lycee\/wp-json\/wp\/v2\/pages\/5\/revisions\/812"}],"wp:attachment":[{"href":"http:\/\/www.scolaire-collines.com\/lycee\/wp-json\/wp\/v2\/media?parent=5"}],"curies":[{"name":"wp","href":"https:\/\/api.w.org\/{rel}","templated":true}]}}