{"id":35,"date":"2019-01-18T17:10:33","date_gmt":"2019-01-18T16:10:33","guid":{"rendered":"http:\/\/www.scolaire-collines.com\/lycee-ndc\/?page_id=35"},"modified":"2024-01-18T11:12:44","modified_gmt":"2024-01-18T10:12:44","slug":"coordonnees","status":"publish","type":"page","link":"http:\/\/www.scolaire-collines.com\/lycee\/coordonnees\/","title":{"rendered":"Coordonn\u00e9es"},"content":{"rendered":"<div id=\"post-32\" class=\"post-32 page hentry category-non-classe clearfix\">\n<div class=\"post-content clearfix\">\n<table style=\"height: 387px;\" width=\"657\">\n<tbody>\n<tr>\n<td style=\"width: 143.375px;\"><strong>CHEF DES TRAVAUX<\/strong><\/td>\n<td style=\"width: 129.328px; text-align: center;\"><span style=\"font-family: arial, helvetica, sans-serif;\">04.77.75.26.42<\/span><\/td>\n<td style=\"width: 374.297px;\"><span style=\"font-size: 10pt;\"><strong>responsableformationslycee@notredamedescollines.fr<\/strong><\/span><\/td>\n<\/tr>\n<tr>\n<td style=\"width: 143.375px;\"><strong>RESPONSABLE UFA<\/strong><\/td>\n<td style=\"width: 129.328px; text-align: center;\"><span style=\"font-family: arial, helvetica, sans-serif;\">04.77.75.22.03<\/span><\/td>\n<td style=\"width: 374.297px;\"><strong><span style=\"font-size: 10pt;\">responsable.ufa@notredamedescollines.com<\/span><\/strong><\/td>\n<\/tr>\n<tr>\n<td style=\"width: 143.375px;\"><strong>COMPTABILITE BOURSE &amp; FRAIS DE SCOLARITE<\/strong><\/td>\n<td style=\"width: 129.328px; text-align: center;\"><span style=\"font-family: arial, helvetica, sans-serif;\">04 77 75 26 48\u00a0<\/span><\/td>\n<td style=\"width: 374.297px;\"><strong><span style=\"font-size: 10pt;\">compta2@notredamedescollines.fr<\/span><\/strong><\/td>\n<\/tr>\n<tr>\n<td style=\"width: 143.375px;\"><strong>COMPTABILITE FRAIS DE RESTAURATION<\/strong><\/td>\n<td style=\"width: 129.328px; text-align: center;\"><span style=\"font-family: arial, helvetica, sans-serif;\">04.77.75.26.45<\/span>\u00a0<\/td>\n<td style=\"width: 374.297px;\"><strong><span style=\"font-size: 10pt;\">compta1@notredamedescollines.fr<\/span><\/strong><\/td>\n<\/tr>\n<tr>\n<td style=\"width: 143.375px;\"><strong>VIE SCOLAIRE<\/strong><\/td>\n<td style=\"width: 129.328px; text-align: center;\"><span style=\"font-family: arial, helvetica, sans-serif;\">04 77 75 26 43<\/span><\/td>\n<td style=\"width: 374.297px;\"><strong><span style=\"font-size: 10pt;\">viescolairelycee@notredamedescollines.fr<\/span><\/strong><\/td>\n<\/tr>\n<\/tbody>\n<\/table>\n<p><span style=\"color: #0000ff;\"><em><span style=\"font-family: arial, helvetica, sans-serif; font-size: 14pt;\"><strong>Lyc\u00e9e professionnel Notre-Dame des Collines<br \/>4, rue Ferdinand Buisson<br \/>42800 Rive de Gier<\/strong><\/span><\/em><\/span><\/p>\n<p lang=\"fr-CA\"><span style=\"font-family: arial,helvetica,sans-serif;\"><strong>Acc\u00e8s pi\u00e9tons\u00a0: 11 rue Marcel Sembat<\/strong><\/span><\/p>\n<p><span style=\"font-family: arial,helvetica,sans-serif;\"><strong>t\u00e9l\u00e9phone : <\/strong>04.77.75.01.78<\/span><\/p>\n<p><span style=\"font-family: arial,helvetica,sans-serif;\"> <strong>Mail <\/strong>: <a href=\"mailto:college.collines@orange.fr\">lycee@<\/a><a href=\"mailto:college.collines@orange.fr\">notredamedescollines<\/a><a href=\"mailto:college.collines@orange.fr\">.fr<\/a><\/span><\/p>\n<p>\u00a0<\/p>\n<\/div>\n<\/div>\n\n\n<p><\/p>\n","protected":false},"excerpt":{"rendered":"<p>CHEF DES TRAVAUX 04.77.75.26.42 responsableformationslycee@notredamedescollines.fr RESPONSABLE UFA 04.77.75.22.03 responsable.ufa@notredamedescollines.com COMPTABILITE BOURSE &amp; FRAIS DE SCOLARITE 04 77 75 26 48\u00a0 compta2@notredamedescollines.fr COMPTABILITE FRAIS DE RESTAURATION 04.77.75.26.45\u00a0 compta1@notredamedescollines.fr VIE SCOLAIRE 04 [&hellip;]<\/p>\n","protected":false},"author":2,"featured_media":0,"parent":0,"menu_order":0,"comment_status":"closed","ping_status":"closed","template":"","meta":{"_acf_changed":false,"jetpack_post_was_ever_published":false,"footnotes":""},"class_list":["post-35","page","type-page","status-publish","hentry"],"acf":[],"yoast_head":"<!-- This site is optimized with the Yoast SEO plugin v24.2 - https:\/\/yoast.com\/wordpress\/plugins\/seo\/ -->\n<title>Coordonn\u00e9es - Lyc\u00e9e Notre Dame des Collines<\/title>\n<meta name=\"robots\" content=\"index, follow, max-snippet:-1, max-image-preview:large, max-video-preview:-1\" \/>\n<link rel=\"canonical\" href=\"https:\/\/www.scolaire-collines.com\/lycee\/coordonnees\/\" \/>\n<meta property=\"og:locale\" content=\"fr_FR\" \/>\n<meta property=\"og:type\" content=\"article\" \/>\n<meta property=\"og:title\" content=\"Coordonn\u00e9es - Lyc\u00e9e Notre Dame des Collines\" \/>\n<meta property=\"og:description\" content=\"CHEF DES TRAVAUX 04.77.75.26.42 responsableformationslycee@notredamedescollines.fr RESPONSABLE UFA 04.77.75.22.03 responsable.ufa@notredamedescollines.com COMPTABILITE BOURSE &amp; FRAIS DE SCOLARITE 04 77 75 26 48\u00a0 compta2@notredamedescollines.fr COMPTABILITE FRAIS DE RESTAURATION 04.77.75.26.45\u00a0 compta1@notredamedescollines.fr VIE SCOLAIRE 04 [&hellip;]\" \/>\n<meta property=\"og:url\" content=\"https:\/\/www.scolaire-collines.com\/lycee\/coordonnees\/\" \/>\n<meta property=\"og:site_name\" content=\"Lyc\u00e9e Notre Dame des Collines\" \/>\n<meta property=\"article:modified_time\" content=\"2024-01-18T10:12:44+00:00\" \/>\n<meta name=\"twitter:card\" content=\"summary_large_image\" \/>\n<script type=\"application\/ld+json\" class=\"yoast-schema-graph\">{\"@context\":\"https:\/\/schema.org\",\"@graph\":[{\"@type\":\"WebPage\",\"@id\":\"https:\/\/www.scolaire-collines.com\/lycee\/coordonnees\/\",\"url\":\"https:\/\/www.scolaire-collines.com\/lycee\/coordonnees\/\",\"name\":\"Coordonn\u00e9es - Lyc\u00e9e Notre Dame des Collines\",\"isPartOf\":{\"@id\":\"https:\/\/www.scolaire-collines.com\/lycee\/#website\"},\"datePublished\":\"2019-01-18T16:10:33+00:00\",\"dateModified\":\"2024-01-18T10:12:44+00:00\",\"breadcrumb\":{\"@id\":\"https:\/\/www.scolaire-collines.com\/lycee\/coordonnees\/#breadcrumb\"},\"inLanguage\":\"fr-FR\",\"potentialAction\":[{\"@type\":\"ReadAction\",\"target\":[\"https:\/\/www.scolaire-collines.com\/lycee\/coordonnees\/\"]}]},{\"@type\":\"BreadcrumbList\",\"@id\":\"https:\/\/www.scolaire-collines.com\/lycee\/coordonnees\/#breadcrumb\",\"itemListElement\":[{\"@type\":\"ListItem\",\"position\":1,\"name\":\"Accueil\",\"item\":\"https:\/\/www.scolaire-collines.com\/lycee\/\"},{\"@type\":\"ListItem\",\"position\":2,\"name\":\"Coordonn\u00e9es\"}]},{\"@type\":\"WebSite\",\"@id\":\"https:\/\/www.scolaire-collines.com\/lycee\/#website\",\"url\":\"https:\/\/www.scolaire-collines.com\/lycee\/\",\"name\":\"Lyc\u00e9e Notre Dame des Collines\",\"description\":\"Un lyc\u00e9e pour apprendre et s&#039;\u00e9panouir\",\"potentialAction\":[{\"@type\":\"SearchAction\",\"target\":{\"@type\":\"EntryPoint\",\"urlTemplate\":\"https:\/\/www.scolaire-collines.com\/lycee\/?s={search_term_string}\"},\"query-input\":{\"@type\":\"PropertyValueSpecification\",\"valueRequired\":true,\"valueName\":\"search_term_string\"}}],\"inLanguage\":\"fr-FR\"}]}<\/script>\n<!-- \/ Yoast SEO plugin. -->","yoast_head_json":{"title":"Coordonn\u00e9es - Lyc\u00e9e Notre Dame des Collines","robots":{"index":"index","follow":"follow","max-snippet":"max-snippet:-1","max-image-preview":"max-image-preview:large","max-video-preview":"max-video-preview:-1"},"canonical":"https:\/\/www.scolaire-collines.com\/lycee\/coordonnees\/","og_locale":"fr_FR","og_type":"article","og_title":"Coordonn\u00e9es - Lyc\u00e9e Notre Dame des Collines","og_description":"CHEF DES TRAVAUX 04.77.75.26.42 responsableformationslycee@notredamedescollines.fr RESPONSABLE UFA 04.77.75.22.03 responsable.ufa@notredamedescollines.com COMPTABILITE BOURSE &amp; FRAIS DE SCOLARITE 04 77 75 26 48\u00a0 compta2@notredamedescollines.fr COMPTABILITE FRAIS DE RESTAURATION 04.77.75.26.45\u00a0 compta1@notredamedescollines.fr VIE SCOLAIRE 04 [&hellip;]","og_url":"https:\/\/www.scolaire-collines.com\/lycee\/coordonnees\/","og_site_name":"Lyc\u00e9e Notre Dame des Collines","article_modified_time":"2024-01-18T10:12:44+00:00","twitter_card":"summary_large_image","schema":{"@context":"https:\/\/schema.org","@graph":[{"@type":"WebPage","@id":"https:\/\/www.scolaire-collines.com\/lycee\/coordonnees\/","url":"https:\/\/www.scolaire-collines.com\/lycee\/coordonnees\/","name":"Coordonn\u00e9es - Lyc\u00e9e Notre Dame des Collines","isPartOf":{"@id":"https:\/\/www.scolaire-collines.com\/lycee\/#website"},"datePublished":"2019-01-18T16:10:33+00:00","dateModified":"2024-01-18T10:12:44+00:00","breadcrumb":{"@id":"https:\/\/www.scolaire-collines.com\/lycee\/coordonnees\/#breadcrumb"},"inLanguage":"fr-FR","potentialAction":[{"@type":"ReadAction","target":["https:\/\/www.scolaire-collines.com\/lycee\/coordonnees\/"]}]},{"@type":"BreadcrumbList","@id":"https:\/\/www.scolaire-collines.com\/lycee\/coordonnees\/#breadcrumb","itemListElement":[{"@type":"ListItem","position":1,"name":"Accueil","item":"https:\/\/www.scolaire-collines.com\/lycee\/"},{"@type":"ListItem","position":2,"name":"Coordonn\u00e9es"}]},{"@type":"WebSite","@id":"https:\/\/www.scolaire-collines.com\/lycee\/#website","url":"https:\/\/www.scolaire-collines.com\/lycee\/","name":"Lyc\u00e9e Notre Dame des Collines","description":"Un lyc\u00e9e pour apprendre et s&#039;\u00e9panouir","potentialAction":[{"@type":"SearchAction","target":{"@type":"EntryPoint","urlTemplate":"https:\/\/www.scolaire-collines.com\/lycee\/?s={search_term_string}"},"query-input":{"@type":"PropertyValueSpecification","valueRequired":true,"valueName":"search_term_string"}}],"inLanguage":"fr-FR"}]}},"jetpack_sharing_enabled":true,"jetpack_shortlink":"https:\/\/wp.me\/P9EMeB-z","jetpack-related-posts":[],"_links":{"self":[{"href":"http:\/\/www.scolaire-collines.com\/lycee\/wp-json\/wp\/v2\/pages\/35","targetHints":{"allow":["GET"]}}],"collection":[{"href":"http:\/\/www.scolaire-collines.com\/lycee\/wp-json\/wp\/v2\/pages"}],"about":[{"href":"http:\/\/www.scolaire-collines.com\/lycee\/wp-json\/wp\/v2\/types\/page"}],"author":[{"embeddable":true,"href":"http:\/\/www.scolaire-collines.com\/lycee\/wp-json\/wp\/v2\/users\/2"}],"replies":[{"embeddable":true,"href":"http:\/\/www.scolaire-collines.com\/lycee\/wp-json\/wp\/v2\/comments?post=35"}],"version-history":[{"count":6,"href":"http:\/\/www.scolaire-collines.com\/lycee\/wp-json\/wp\/v2\/pages\/35\/revisions"}],"predecessor-version":[{"id":716,"href":"http:\/\/www.scolaire-collines.com\/lycee\/wp-json\/wp\/v2\/pages\/35\/revisions\/716"}],"wp:attachment":[{"href":"http:\/\/www.scolaire-collines.com\/lycee\/wp-json\/wp\/v2\/media?parent=35"}],"curies":[{"name":"wp","href":"https:\/\/api.w.org\/{rel}","templated":true}]}}