{"id":90,"date":"2010-01-15T12:43:13","date_gmt":"2010-01-15T11:43:13","guid":{"rendered":"http:\/\/www.scolaire-collines.com\/ecole\/?page_id=90"},"modified":"2025-02-20T18:31:23","modified_gmt":"2025-02-20T17:31:23","slug":"restauration","status":"publish","type":"page","link":"http:\/\/www.scolaire-collines.com\/ecole\/restauration\/","title":{"rendered":"Restauration"},"content":{"rendered":"\n<div class=\"wp-block-columns are-vertically-aligned-center is-layout-flex wp-container-core-columns-is-layout-1 wp-block-columns-is-layout-flex\">\n<div class=\"wp-block-column is-vertically-aligned-center is-layout-flow wp-block-column-is-layout-flow\" style=\"flex-basis:100%\"><\/div>\n<\/div>\n\n\n\n<p>&nbsp;<\/p>\n\n\n\n<p>&nbsp;<\/p>\n\n\n\n<p>&nbsp;<\/p>\n\n\n\n<p>&nbsp;<\/p>\n\n\n<div class=\"su-row\">\n<div class=\"su-column su-column-size-1-3\">\n<div class=\"su-column-inner su-u-clearfix su-u-trim\">\n<p><strong>INSCRIPTION<\/strong><\/p>\n<p><strong>L\u2019inscription \u00e0 la cantine est de la responsabilit\u00e9 des parents.<\/strong> Pour inscrire leur enfant, les responsables l\u00e9gaux doivent <strong>se connecter sur le site\u00a0\u00ab EcoleDirecte \u00bb<\/strong> et<strong> cocher la pr\u00e9sence de leur enfant pour chaque jour de restauration<\/strong> \u00e0 la cantine. La r\u00e9servation peut se faire \u00e0 l\u2019avance, pour la semaine, le mois voire l\u2019ann\u00e9e.<\/p>\n<p><strong>La limite d\u2019inscription sur le site est fix\u00e9e \u00e0 21h00, le dimanche qui pr\u00e9c\u00e8de la semaine r\u00e9serv\u00e9e.<\/strong><\/p>\n<p>La r\u00e9servation des \u00e9l\u00e8ves pr\u00e9-inscrits absents le matin m\u00eame sera automatiquement annul\u00e9e.<\/p>\n<p>Les \u00e9l\u00e8ves sortent\u00a0sur la cour\u00a0\u00e0 11 H 30 et rentrent pour se rendre au Service Restauration \u00e0 11 H 45.<\/p>\n<\/div>\n<\/div>\n<div class=\"su-column su-column-size-1-3\">\n<div class=\"su-column-inner su-u-clearfix su-u-trim\">\n<p><strong>ORGANISATION<\/strong><\/p>\n<p>Les \u00e9l\u00e8ves de maternelles mangent dans l\u2019espace avec\u00a0le mobilier adapt\u00e9 \u00e0 leur taille. Les enfants sont aid\u00e9s par\u00a0une aide maternelle, mais ils doivent savoir manger seuls.<br \/>Les \u00e9l\u00e8ves du <strong>C.P<\/strong>. au <strong>C.E. 1<\/strong> sont servis \u00e0 table. Ceux de <strong>C.E. 2<\/strong> \u00e0 <strong>C.M. 2<\/strong> se servent au SELF.<\/p>\n<table style=\"width: 82.5003%; height: 311px;\" border=\"1\" cellspacing=\"0\" cellpadding=\"1\">\n<tbody>\n<tr style=\"height: 10px;\">\n<td style=\"width: 31.1823%; height: 10px;\">\u00a0<\/td>\n<td style=\"width: 8.5463%; height: 10px;\">\u00a0<\/td>\n<td style=\"width: 22.2657%; height: 10px;\" colspan=\"2\">\n<h5 style=\"text-align: center;\">Restauration ponctuelle<\/h5>\n<\/td>\n<td style=\"width: 111.3%; height: 10px; text-align: center;\" colspan=\"3\">\n<h5>Forfait 4 jours<\/h5>\n<\/td>\n<\/tr>\n<tr style=\"height: 108px;\">\n<td style=\"width: 31.1823%; height: 108px; text-align: center;\" bgcolor=\"#ffffff\"><strong>Classe<\/strong><\/td>\n<td style=\"width: 8.5463%; height: 108px; text-align: center;\" bgcolor=\"#ffffff\"><strong>Repas<\/strong><\/td>\n<td style=\"width: 9.2352%; height: 108px; text-align: center;\" bgcolor=\"#ffffff\"><strong>Prix d&rsquo;un repas<\/strong><\/td>\n<td style=\"width: 13.0305%; height: 108px; text-align: center;\"><strong>Montant pour l&rsquo;ouverture du porte-monnaie<\/strong><\/td>\n<td style=\"width: 14.4593%; height: 108px; text-align: center;\"><strong>\u00a0Prix de revient d&rsquo;un repas<\/strong><\/td>\n<td style=\"width: 11.8326%; height: 108px; text-align: center;\"><strong>\u00a0Montant pr\u00e9lev\u00e9 par mois<\/strong><\/td>\n<td style=\"width: 85.0076%; height: 108px; text-align: center;\"><strong>Montant annuel factur\u00e9<\/strong><\/td>\n<\/tr>\n<tr style=\"height: 71px;\">\n<td style=\"width: 31.1823%; height: 71px; text-align: center;\" bgcolor=\"#ffffff\">\n<h5>\u00a0<\/h5>\n<h5>\u00c9l\u00e9mentaire du CE2 au CM2<\/h5>\n<\/td>\n<td style=\"width: 8.5463%; height: 71px; text-align: center;\" bgcolor=\"#ffffff\">\n<h5>Passage au self<\/h5>\n<\/td>\n<td style=\"width: 9.2352%; height: 71px; text-align: center;\" bgcolor=\"#ffffff\">\n<h5><strong>5,65 \u20ac<\/strong><\/h5>\n<\/td>\n<td style=\"width: 13.0305%; height: 193px;\" rowspan=\"3\">\n<h3 style=\"text-align: center;\"><strong>\u00a0<\/strong><\/h3>\n<h3>\u00a0<\/h3>\n<h3 style=\"text-align: center;\"><strong>60,00 \u20ac<\/strong><\/h3>\n<\/td>\n<td style=\"width: 14.4593%; height: 71px; text-align: center;\">\n<h5><strong>\u00a05,60 \u20ac<\/strong><\/h5>\n<\/td>\n<td style=\"width: 11.8326%; height: 71px; text-align: center;\">\n<h5><strong>\u00a076,00 \u20ac<\/strong><\/h5>\n<\/td>\n<td style=\"width: 85.0076%; height: 71px; text-align: center;\">\n<h5><strong>\u00a0760,00 \u20ac<\/strong><\/h5>\n<\/td>\n<\/tr>\n<tr style=\"height: 71px;\">\n<td style=\"width: 31.1823%; height: 71px; text-align: center;\" bgcolor=\"#ffffff\">\n<h5>\u00a0<\/h5>\n<h5>\u00c9l\u00e9mentaire du CP au CE1<\/h5>\n<\/td>\n<td style=\"width: 8.5463%; height: 71px; text-align: center;\" bgcolor=\"#ffffff\">\n<h5>Service \u00e0 table<\/h5>\n<\/td>\n<td style=\"width: 9.2352%; height: 71px; text-align: center;\" bgcolor=\"#ffffff\">\n<h5><strong>5,65 \u20ac<\/strong><\/h5>\n<\/td>\n<td style=\"width: 14.4593%; height: 71px; text-align: center;\">\n<h5><strong>\u00a05,60 \u20ac<\/strong><\/h5>\n<\/td>\n<td style=\"width: 11.8326%; height: 71px; text-align: center;\">\n<h5><strong>\u00a076,00 \u20ac<\/strong><\/h5>\n<\/td>\n<td style=\"width: 85.0076%; height: 71px; text-align: center;\">\n<h5><strong>\u00a0760,00 \u20ac<\/strong><\/h5>\n<\/td>\n<\/tr>\n<tr style=\"height: 51px;\">\n<td style=\"width: 31.1823%; height: 51px; text-align: center;\" bgcolor=\"#ffffff\">\n<h5>\u00a0<\/h5>\n<h5>Maternelle<\/h5>\n<\/td>\n<td style=\"width: 8.5463%; height: 51px; text-align: center;\" bgcolor=\"#ffffff\">\n<h5>Service \u00e0 table<\/h5>\n<\/td>\n<td style=\"width: 9.2352%; height: 51px; text-align: center;\" bgcolor=\"#ffffff\">\n<h5><strong>5,10 \u20ac<\/strong><\/h5>\n<\/td>\n<td style=\"width: 14.4593%; height: 51px; text-align: center;\">\n<h5><strong>\u00a05,05 \u20ac<\/strong><\/h5>\n<\/td>\n<td style=\"width: 11.8326%; height: 51px; text-align: center;\">\n<h5><strong>\u00a068,00 \u20ac<\/strong><\/h5>\n<\/td>\n<td style=\"width: 85.0076%; height: 51px; text-align: center;\">\n<h5><strong>\u00a0680,00 \u20ac<\/strong><\/h5>\n<\/td>\n<\/tr>\n<\/tbody>\n<\/table>\n<p><strong>R\u00c8GLEMENT INT\u00c9RIEUR DE LA CANTINE<\/strong><\/p>\n<p>Merci de se reporter au R\u00e8glement de l\u2019Ecole Primaire Notre Dame des Collines (Code de vie scolaire) puisque le fonctionnement de la cantine fait partie int\u00e9grante de la vie de l\u2019\u00e9cole.<\/p>\n<p><strong>R\u00c9GIME PARTICULIER ET ALLERGIES ALIMENTAIRES<\/strong><\/p>\n<p>Si votre enfant doit suivre un r\u00e9gime particulier ou bien ne pas consommer certains aliments en raison d\u2019allergie reconnue, vous voudrez bien le signaler sur le coupon remis en d\u00e9but d\u2019ann\u00e9e et le retourner \u00e0 la responsable de la cantine dans les meilleurs d\u00e9lais.<\/p>\n<\/div>\n<\/div>\n<div class=\"su-column su-column-size-1-3\">\n<div class=\"su-column-inner su-u-clearfix su-u-trim\">\n<p><strong>MODALIT\u00c9S DE PAIEMENT<\/strong><\/p>\n<p>Les inscriptions se font exclusivement sur le site internet \u00ab EcoleDirecte \u00bb par anticipation. Les enfants non inscrits dans les d\u00e9lais impartis ne pourront donc pas manger.<\/p>\n<p>Le compte cantine est cr\u00e9dit\u00e9 par les familles directement sur le site en ligne \u00ab EcoleDirecte \u00bb qui permet aux familles de payer en ligne la cantine et la garderie. Codes d\u2019acc\u00e8s et mot de passe sont donn\u00e9s \u00e0 chaque famille lors de l\u2019inscription dans notre \u00e9tablissement. Il convient de les conserver pr\u00e9cieusement car ils serviront tout au long de la scolarit\u00e9 \u00e0 l\u2019\u00e9cole.<\/p>\n<\/div>\n<\/div>\n<\/div>","protected":false},"excerpt":{"rendered":"<p>&nbsp; &nbsp; &nbsp; &nbsp; INSCRIPTION L\u2019inscription \u00e0 la cantine est de la responsabilit\u00e9 des parents. Pour inscrire leur enfant, les responsables l\u00e9gaux doivent se connecter sur le site\u00a0\u00ab EcoleDirecte \u00bb [&hellip;]<\/p>\n","protected":false},"author":1,"featured_media":0,"parent":0,"menu_order":4,"comment_status":"closed","ping_status":"closed","template":"","meta":{"_acf_changed":false,"footnotes":""},"class_list":["post-90","page","type-page","status-publish","hentry"],"acf":[],"yoast_head":"<!-- This site is optimized with the Yoast SEO plugin v24.2 - https:\/\/yoast.com\/wordpress\/plugins\/seo\/ -->\n<title>Restauration - Ecole Notre Dame des Collines<\/title>\n<meta name=\"robots\" content=\"index, follow, max-snippet:-1, max-image-preview:large, max-video-preview:-1\" \/>\n<link rel=\"canonical\" href=\"http:\/\/www.scolaire-collines.com\/ecole\/restauration\/\" \/>\n<meta property=\"og:locale\" content=\"fr_FR\" \/>\n<meta property=\"og:type\" content=\"article\" \/>\n<meta property=\"og:title\" content=\"Restauration - Ecole Notre Dame des Collines\" \/>\n<meta property=\"og:description\" content=\"&nbsp; &nbsp; &nbsp; &nbsp; INSCRIPTION L\u2019inscription \u00e0 la cantine est de la responsabilit\u00e9 des parents. Pour inscrire leur enfant, les responsables l\u00e9gaux doivent se connecter sur le site\u00a0\u00ab EcoleDirecte \u00bb [&hellip;]\" \/>\n<meta property=\"og:url\" content=\"http:\/\/www.scolaire-collines.com\/ecole\/restauration\/\" \/>\n<meta property=\"og:site_name\" content=\"Ecole Notre Dame des Collines\" \/>\n<meta property=\"article:modified_time\" content=\"2025-02-20T17:31:23+00:00\" \/>\n<meta name=\"twitter:card\" content=\"summary_large_image\" \/>\n<meta name=\"twitter:label1\" content=\"Dur\u00e9e de lecture estim\u00e9e\" \/>\n\t<meta name=\"twitter:data1\" content=\"3 minutes\" \/>\n<script type=\"application\/ld+json\" class=\"yoast-schema-graph\">{\"@context\":\"https:\/\/schema.org\",\"@graph\":[{\"@type\":\"WebPage\",\"@id\":\"http:\/\/www.scolaire-collines.com\/ecole\/restauration\/\",\"url\":\"http:\/\/www.scolaire-collines.com\/ecole\/restauration\/\",\"name\":\"Restauration - Ecole Notre Dame des Collines\",\"isPartOf\":{\"@id\":\"http:\/\/www.scolaire-collines.com\/ecole\/#website\"},\"datePublished\":\"2010-01-15T11:43:13+00:00\",\"dateModified\":\"2025-02-20T17:31:23+00:00\",\"breadcrumb\":{\"@id\":\"http:\/\/www.scolaire-collines.com\/ecole\/restauration\/#breadcrumb\"},\"inLanguage\":\"fr-FR\",\"potentialAction\":[{\"@type\":\"ReadAction\",\"target\":[\"http:\/\/www.scolaire-collines.com\/ecole\/restauration\/\"]}]},{\"@type\":\"BreadcrumbList\",\"@id\":\"http:\/\/www.scolaire-collines.com\/ecole\/restauration\/#breadcrumb\",\"itemListElement\":[{\"@type\":\"ListItem\",\"position\":1,\"name\":\"Accueil\",\"item\":\"http:\/\/www.scolaire-collines.com\/ecole\/\"},{\"@type\":\"ListItem\",\"position\":2,\"name\":\"Restauration\"}]},{\"@type\":\"WebSite\",\"@id\":\"http:\/\/www.scolaire-collines.com\/ecole\/#website\",\"url\":\"http:\/\/www.scolaire-collines.com\/ecole\/\",\"name\":\"Ecole Notre Dame des Collines\",\"description\":\"Groupe scolaire des Collines\",\"potentialAction\":[{\"@type\":\"SearchAction\",\"target\":{\"@type\":\"EntryPoint\",\"urlTemplate\":\"http:\/\/www.scolaire-collines.com\/ecole\/?s={search_term_string}\"},\"query-input\":{\"@type\":\"PropertyValueSpecification\",\"valueRequired\":true,\"valueName\":\"search_term_string\"}}],\"inLanguage\":\"fr-FR\"}]}<\/script>\n<!-- \/ Yoast SEO plugin. -->","yoast_head_json":{"title":"Restauration - Ecole Notre Dame des Collines","robots":{"index":"index","follow":"follow","max-snippet":"max-snippet:-1","max-image-preview":"max-image-preview:large","max-video-preview":"max-video-preview:-1"},"canonical":"http:\/\/www.scolaire-collines.com\/ecole\/restauration\/","og_locale":"fr_FR","og_type":"article","og_title":"Restauration - Ecole Notre Dame des Collines","og_description":"&nbsp; &nbsp; &nbsp; &nbsp; INSCRIPTION L\u2019inscription \u00e0 la cantine est de la responsabilit\u00e9 des parents. Pour inscrire leur enfant, les responsables l\u00e9gaux doivent se connecter sur le site\u00a0\u00ab EcoleDirecte \u00bb [&hellip;]","og_url":"http:\/\/www.scolaire-collines.com\/ecole\/restauration\/","og_site_name":"Ecole Notre Dame des Collines","article_modified_time":"2025-02-20T17:31:23+00:00","twitter_card":"summary_large_image","twitter_misc":{"Dur\u00e9e de lecture estim\u00e9e":"3 minutes"},"schema":{"@context":"https:\/\/schema.org","@graph":[{"@type":"WebPage","@id":"http:\/\/www.scolaire-collines.com\/ecole\/restauration\/","url":"http:\/\/www.scolaire-collines.com\/ecole\/restauration\/","name":"Restauration - Ecole Notre Dame des Collines","isPartOf":{"@id":"http:\/\/www.scolaire-collines.com\/ecole\/#website"},"datePublished":"2010-01-15T11:43:13+00:00","dateModified":"2025-02-20T17:31:23+00:00","breadcrumb":{"@id":"http:\/\/www.scolaire-collines.com\/ecole\/restauration\/#breadcrumb"},"inLanguage":"fr-FR","potentialAction":[{"@type":"ReadAction","target":["http:\/\/www.scolaire-collines.com\/ecole\/restauration\/"]}]},{"@type":"BreadcrumbList","@id":"http:\/\/www.scolaire-collines.com\/ecole\/restauration\/#breadcrumb","itemListElement":[{"@type":"ListItem","position":1,"name":"Accueil","item":"http:\/\/www.scolaire-collines.com\/ecole\/"},{"@type":"ListItem","position":2,"name":"Restauration"}]},{"@type":"WebSite","@id":"http:\/\/www.scolaire-collines.com\/ecole\/#website","url":"http:\/\/www.scolaire-collines.com\/ecole\/","name":"Ecole Notre Dame des Collines","description":"Groupe scolaire des Collines","potentialAction":[{"@type":"SearchAction","target":{"@type":"EntryPoint","urlTemplate":"http:\/\/www.scolaire-collines.com\/ecole\/?s={search_term_string}"},"query-input":{"@type":"PropertyValueSpecification","valueRequired":true,"valueName":"search_term_string"}}],"inLanguage":"fr-FR"}]}},"_links":{"self":[{"href":"http:\/\/www.scolaire-collines.com\/ecole\/wp-json\/wp\/v2\/pages\/90","targetHints":{"allow":["GET"]}}],"collection":[{"href":"http:\/\/www.scolaire-collines.com\/ecole\/wp-json\/wp\/v2\/pages"}],"about":[{"href":"http:\/\/www.scolaire-collines.com\/ecole\/wp-json\/wp\/v2\/types\/page"}],"author":[{"embeddable":true,"href":"http:\/\/www.scolaire-collines.com\/ecole\/wp-json\/wp\/v2\/users\/1"}],"replies":[{"embeddable":true,"href":"http:\/\/www.scolaire-collines.com\/ecole\/wp-json\/wp\/v2\/comments?post=90"}],"version-history":[{"count":43,"href":"http:\/\/www.scolaire-collines.com\/ecole\/wp-json\/wp\/v2\/pages\/90\/revisions"}],"predecessor-version":[{"id":1217,"href":"http:\/\/www.scolaire-collines.com\/ecole\/wp-json\/wp\/v2\/pages\/90\/revisions\/1217"}],"wp:attachment":[{"href":"http:\/\/www.scolaire-collines.com\/ecole\/wp-json\/wp\/v2\/media?parent=90"}],"curies":[{"name":"wp","href":"https:\/\/api.w.org\/{rel}","templated":true}]}}