{"id":72,"date":"2010-01-15T12:27:38","date_gmt":"2010-01-15T11:27:38","guid":{"rendered":"http:\/\/www.scolaire-collines.com\/ecole\/?page_id=72"},"modified":"2023-10-10T14:55:03","modified_gmt":"2023-10-10T12:55:03","slug":"accueil-periscolaire-et-etude-surveillee","status":"publish","type":"page","link":"http:\/\/www.scolaire-collines.com\/ecole\/accueil-periscolaire-et-etude-surveillee\/","title":{"rendered":"Accueil p\u00e9riscolaire"},"content":{"rendered":"<p style=\"text-align: justify;\">Ces services sont r\u00e9serv\u00e9s en priorit\u00e9 aux familles qui travaillent et n\u2019ont donc pas d\u2019autre moyen de garde. En cas d\u2019affluence, un justificatif fourni par l\u2019employeur pourra \u00eatre demand\u00e9 aux parents utilisateurs de l\u2019Accueil P\u00e9riscolaire et de l\u2019Etude surveill\u00e9e.<\/p>\n<div class=\"su-row\">\n<div class=\"su-column su-column-size-1-2\"><div class=\"su-column-inner su-u-clearfix su-u-trim\">\n<p><span style=\"font-size: 14pt;\"><strong><span style=\"color: #f2b100;\">ACCUEIL PERISCOLAIRE :<\/span><\/strong><\/span><\/p>\n<p>L\u2019Accueil P\u00e9riscolaire fonctionne :<\/p>\n<ul>\n<li>tous les matins de <strong>7 H 30 \u00e0 8 H 05<\/strong><\/li>\n<li>tous les soirs de <strong>16 H 30 \u00e0 18 H 30<\/strong><\/li>\n<\/ul>\n<p style=\"text-align: justify;\">Les \u00e9l\u00e8ves de Maternelle se rendent dans la Salle d\u2019Accueil des Maternelles.<\/p>\n<p style=\"text-align: justify;\">Les \u00e9l\u00e8ves des classes \u00e9l\u00e9mentaires (C.P. \u00e0 C.M. 2) sont accueillis dans la Salle Saint Fran\u00e7ois d&rsquo;Assise.<\/p>\n<p style=\"text-align: justify;\"><strong>Ce service est payant<\/strong> \u00e0 raison de <strong>0,90 centimes d&rsquo;\u20acuro par demi-heure et par \u00e9l\u00e8ve<\/strong>. Seule la premi\u00e8re demi-heure du soir (de 16 H 30 \u00e0 17 H 00) est gratuite afin de permettre aux coll\u00e9giens de r\u00e9cup\u00e9rer leur(s) petit(es) fr\u00e8re(s) ou s\u0153ur(s) scolaris\u00e9(es) \u00e0 l&rsquo;\u00e9cole. Chaque demi-heure entam\u00e9e est due.<\/p>\n<p style=\"text-align: justify;\"><\/div><\/div>\n<div class=\"su-column su-column-size-1-2\"><div class=\"su-column-inner su-u-clearfix su-u-trim\">\n<p style=\"text-align: justify;\">Les familles qui utiliseront ce service devront auparavant cr\u00e9diter leur compte GARDERIE par le biais du site de paiement en ligne s\u00e9curis\u00e9 \u00ab\u00a0Ecole directe\u00a0\u00bb comme pour la cantine. Les familles re\u00e7oivent leurs codes\u00a0confidentiels d&rsquo;acc\u00e8s en d\u00e9but d&rsquo;ann\u00e9e scolaire.<\/p>\n<p style=\"text-align: justify;\">Chaque fois que l\u2019enfant restera une demi-heure (le matin ou le soir), la somme de 0,90 \u20acuro sera d\u00e9duite du compte garderie de l&rsquo;enfant. Il conviendra d&rsquo;approvisionner r\u00e9guli\u00e8rement ce compte si l&rsquo;enfant utilise ce service.<\/p>\n<p style=\"text-align: justify;\"><strong><span style=\"color: #f2b100;\">Dans les circulaires remises au d\u00e9but de chaque ann\u00e9e scolaire, une fiche \u00ab\u00a0Accueil P\u00e9riscolaire\u00a0\u00bb permet d\u2019inscrire son enfant pour l\u2019ann\u00e9e enti\u00e8re, \u00e0 la semaine ou seulement quelques jours r\u00e9guliers \u00e0 pr\u00e9ciser sur la feuille.<\/span><\/strong><\/p>\n<p style=\"text-align: justify;\"><strong><span style=\"color: #f2b100;\">Si, au cours de l\u2019ann\u00e9e, \u00e0 cause d\u2019activit\u00e9s non pr\u00e9vues en d\u00e9but d\u2019ann\u00e9e, vous souhaitez modifier les jours d\u2019inscription de votre enfant \u00e0 ce service, vous voudrez bien nous en informer imp\u00e9rativement par \u00e9crit.<\/span><\/strong><\/p>\n<\/div><\/div>\n<\/div>\n","protected":false},"excerpt":{"rendered":"<p>Ces services sont r\u00e9serv\u00e9s en priorit\u00e9 aux familles qui travaillent et n\u2019ont donc pas d\u2019autre moyen de garde. En cas d\u2019affluence, un justificatif fourni par l\u2019employeur pourra \u00eatre demand\u00e9 aux [&hellip;]<\/p>\n","protected":false},"author":1,"featured_media":0,"parent":0,"menu_order":2,"comment_status":"closed","ping_status":"closed","template":"","meta":{"_acf_changed":false,"footnotes":""},"class_list":["post-72","page","type-page","status-publish","hentry"],"acf":[],"yoast_head":"<!-- This site is optimized with the Yoast SEO plugin v24.2 - https:\/\/yoast.com\/wordpress\/plugins\/seo\/ -->\n<title>Accueil p\u00e9riscolaire - Ecole Notre Dame des Collines<\/title>\n<meta name=\"robots\" content=\"index, follow, max-snippet:-1, max-image-preview:large, max-video-preview:-1\" \/>\n<link rel=\"canonical\" href=\"https:\/\/www.scolaire-collines.com\/ecole\/accueil-periscolaire-et-etude-surveillee\/\" \/>\n<meta property=\"og:locale\" content=\"fr_FR\" \/>\n<meta property=\"og:type\" content=\"article\" \/>\n<meta property=\"og:title\" content=\"Accueil p\u00e9riscolaire - Ecole Notre Dame des Collines\" \/>\n<meta property=\"og:description\" content=\"Ces services sont r\u00e9serv\u00e9s en priorit\u00e9 aux familles qui travaillent et n\u2019ont donc pas d\u2019autre moyen de garde. En cas d\u2019affluence, un justificatif fourni par l\u2019employeur pourra \u00eatre demand\u00e9 aux [&hellip;]\" \/>\n<meta property=\"og:url\" content=\"https:\/\/www.scolaire-collines.com\/ecole\/accueil-periscolaire-et-etude-surveillee\/\" \/>\n<meta property=\"og:site_name\" content=\"Ecole Notre Dame des Collines\" \/>\n<meta property=\"article:modified_time\" content=\"2023-10-10T12:55:03+00:00\" \/>\n<meta name=\"twitter:card\" content=\"summary_large_image\" \/>\n<meta name=\"twitter:label1\" content=\"Dur\u00e9e de lecture estim\u00e9e\" \/>\n\t<meta name=\"twitter:data1\" content=\"2 minutes\" \/>\n<script type=\"application\/ld+json\" class=\"yoast-schema-graph\">{\"@context\":\"https:\/\/schema.org\",\"@graph\":[{\"@type\":\"WebPage\",\"@id\":\"https:\/\/www.scolaire-collines.com\/ecole\/accueil-periscolaire-et-etude-surveillee\/\",\"url\":\"https:\/\/www.scolaire-collines.com\/ecole\/accueil-periscolaire-et-etude-surveillee\/\",\"name\":\"Accueil p\u00e9riscolaire - Ecole Notre Dame des Collines\",\"isPartOf\":{\"@id\":\"https:\/\/www.scolaire-collines.com\/ecole\/#website\"},\"datePublished\":\"2010-01-15T11:27:38+00:00\",\"dateModified\":\"2023-10-10T12:55:03+00:00\",\"breadcrumb\":{\"@id\":\"https:\/\/www.scolaire-collines.com\/ecole\/accueil-periscolaire-et-etude-surveillee\/#breadcrumb\"},\"inLanguage\":\"fr-FR\",\"potentialAction\":[{\"@type\":\"ReadAction\",\"target\":[\"https:\/\/www.scolaire-collines.com\/ecole\/accueil-periscolaire-et-etude-surveillee\/\"]}]},{\"@type\":\"BreadcrumbList\",\"@id\":\"https:\/\/www.scolaire-collines.com\/ecole\/accueil-periscolaire-et-etude-surveillee\/#breadcrumb\",\"itemListElement\":[{\"@type\":\"ListItem\",\"position\":1,\"name\":\"Accueil\",\"item\":\"https:\/\/www.scolaire-collines.com\/ecole\/\"},{\"@type\":\"ListItem\",\"position\":2,\"name\":\"Accueil p\u00e9riscolaire\"}]},{\"@type\":\"WebSite\",\"@id\":\"https:\/\/www.scolaire-collines.com\/ecole\/#website\",\"url\":\"https:\/\/www.scolaire-collines.com\/ecole\/\",\"name\":\"Ecole Notre Dame des Collines\",\"description\":\"Groupe scolaire des Collines\",\"potentialAction\":[{\"@type\":\"SearchAction\",\"target\":{\"@type\":\"EntryPoint\",\"urlTemplate\":\"https:\/\/www.scolaire-collines.com\/ecole\/?s={search_term_string}\"},\"query-input\":{\"@type\":\"PropertyValueSpecification\",\"valueRequired\":true,\"valueName\":\"search_term_string\"}}],\"inLanguage\":\"fr-FR\"}]}<\/script>\n<!-- \/ Yoast SEO plugin. -->","yoast_head_json":{"title":"Accueil p\u00e9riscolaire - Ecole Notre Dame des Collines","robots":{"index":"index","follow":"follow","max-snippet":"max-snippet:-1","max-image-preview":"max-image-preview:large","max-video-preview":"max-video-preview:-1"},"canonical":"https:\/\/www.scolaire-collines.com\/ecole\/accueil-periscolaire-et-etude-surveillee\/","og_locale":"fr_FR","og_type":"article","og_title":"Accueil p\u00e9riscolaire - Ecole Notre Dame des Collines","og_description":"Ces services sont r\u00e9serv\u00e9s en priorit\u00e9 aux familles qui travaillent et n\u2019ont donc pas d\u2019autre moyen de garde. En cas d\u2019affluence, un justificatif fourni par l\u2019employeur pourra \u00eatre demand\u00e9 aux [&hellip;]","og_url":"https:\/\/www.scolaire-collines.com\/ecole\/accueil-periscolaire-et-etude-surveillee\/","og_site_name":"Ecole Notre Dame des Collines","article_modified_time":"2023-10-10T12:55:03+00:00","twitter_card":"summary_large_image","twitter_misc":{"Dur\u00e9e de lecture estim\u00e9e":"2 minutes"},"schema":{"@context":"https:\/\/schema.org","@graph":[{"@type":"WebPage","@id":"https:\/\/www.scolaire-collines.com\/ecole\/accueil-periscolaire-et-etude-surveillee\/","url":"https:\/\/www.scolaire-collines.com\/ecole\/accueil-periscolaire-et-etude-surveillee\/","name":"Accueil p\u00e9riscolaire - Ecole Notre Dame des Collines","isPartOf":{"@id":"https:\/\/www.scolaire-collines.com\/ecole\/#website"},"datePublished":"2010-01-15T11:27:38+00:00","dateModified":"2023-10-10T12:55:03+00:00","breadcrumb":{"@id":"https:\/\/www.scolaire-collines.com\/ecole\/accueil-periscolaire-et-etude-surveillee\/#breadcrumb"},"inLanguage":"fr-FR","potentialAction":[{"@type":"ReadAction","target":["https:\/\/www.scolaire-collines.com\/ecole\/accueil-periscolaire-et-etude-surveillee\/"]}]},{"@type":"BreadcrumbList","@id":"https:\/\/www.scolaire-collines.com\/ecole\/accueil-periscolaire-et-etude-surveillee\/#breadcrumb","itemListElement":[{"@type":"ListItem","position":1,"name":"Accueil","item":"https:\/\/www.scolaire-collines.com\/ecole\/"},{"@type":"ListItem","position":2,"name":"Accueil p\u00e9riscolaire"}]},{"@type":"WebSite","@id":"https:\/\/www.scolaire-collines.com\/ecole\/#website","url":"https:\/\/www.scolaire-collines.com\/ecole\/","name":"Ecole Notre Dame des Collines","description":"Groupe scolaire des Collines","potentialAction":[{"@type":"SearchAction","target":{"@type":"EntryPoint","urlTemplate":"https:\/\/www.scolaire-collines.com\/ecole\/?s={search_term_string}"},"query-input":{"@type":"PropertyValueSpecification","valueRequired":true,"valueName":"search_term_string"}}],"inLanguage":"fr-FR"}]}},"_links":{"self":[{"href":"http:\/\/www.scolaire-collines.com\/ecole\/wp-json\/wp\/v2\/pages\/72","targetHints":{"allow":["GET"]}}],"collection":[{"href":"http:\/\/www.scolaire-collines.com\/ecole\/wp-json\/wp\/v2\/pages"}],"about":[{"href":"http:\/\/www.scolaire-collines.com\/ecole\/wp-json\/wp\/v2\/types\/page"}],"author":[{"embeddable":true,"href":"http:\/\/www.scolaire-collines.com\/ecole\/wp-json\/wp\/v2\/users\/1"}],"replies":[{"embeddable":true,"href":"http:\/\/www.scolaire-collines.com\/ecole\/wp-json\/wp\/v2\/comments?post=72"}],"version-history":[{"count":16,"href":"http:\/\/www.scolaire-collines.com\/ecole\/wp-json\/wp\/v2\/pages\/72\/revisions"}],"predecessor-version":[{"id":1148,"href":"http:\/\/www.scolaire-collines.com\/ecole\/wp-json\/wp\/v2\/pages\/72\/revisions\/1148"}],"wp:attachment":[{"href":"http:\/\/www.scolaire-collines.com\/ecole\/wp-json\/wp\/v2\/media?parent=72"}],"curies":[{"name":"wp","href":"https:\/\/api.w.org\/{rel}","templated":true}]}}