{"id":69,"date":"2010-01-15T12:05:10","date_gmt":"2010-01-15T11:05:10","guid":{"rendered":"http:\/\/www.scolaire-collines.com\/ecole\/?page_id=69"},"modified":"2022-12-02T10:02:24","modified_gmt":"2022-12-02T09:02:24","slug":"horaires","status":"publish","type":"page","link":"http:\/\/www.scolaire-collines.com\/ecole\/horaires\/","title":{"rendered":"Horaires"},"content":{"rendered":"<p style=\"text-align: justify;\">Les classes travaillent de <strong>8 H\u00a015 \u00e0 11 H 30<\/strong> le matin et de <strong>13 H 30 \u00e0 16 H 30 <\/strong>le soir.<\/p>\n<p>&nbsp;<\/p>\n<p style=\"text-align: justify;\">Le matin, les enseignants assurent l\u2019<strong>accueil des \u00e9l\u00e8ves<\/strong> \u00e0 partir de <strong>8 H 05 dans leur classe<\/strong>.<\/p>\n<p style=\"text-align: justify;\">Les \u00e9l\u00e8ves de Cycle 3 doivent arriver <strong>avant 8h15<\/strong>, les \u00e9l\u00e8ves de cycle 2 <strong>avant 8h20<\/strong> et les \u00e9l\u00e8ves de maternelle <strong>avant 8h25<\/strong>.<\/p>\n<p>&nbsp;<\/p>\n<p style=\"text-align: justify;\"><strong>L\u2019apr\u00e8s-midi<\/strong>, le <strong>portail<\/strong> est ouvert \u00e0 <strong>13 H\u00a020<\/strong> pour ceux qui sont rentr\u00e9s chez eux.<\/p>\n<p style=\"text-align: justify;\">L\u2019\u00e9cole d\u00e9cline toute responsabilit\u00e9 avant ces heures-l\u00e0.<\/p>\n<p>&nbsp;<\/p>\n<p style=\"text-align: justify;\">Une garderie fonctionne \u00e0 partir de 7 H 30 en salle d\u2019accueil des maternelles. Tous les enfants des classes \u00e9l\u00e9mentaires et maternelles qui arrivent avant 8 H 05 doivent s\u2019y rendre imp\u00e9rativement.<\/p>\n<p style=\"text-align: justify;\">Le portail d\u2019entr\u00e9e est ferm\u00e9 de 8 H 30 \u00e0 11 H 20, de 11 H 45 \u00e0 13 H 20, de 13 H 35 \u00e0 16 H 20 et \u00e0 17 H 00. Pendant ces plages horaires, pour entrer, vous devez demander l\u2019ouverture par l\u2019interphone situ\u00e9 sur le mur \u00e0 droite.<\/p>\n<p>&nbsp;<\/p>\n<p style=\"text-align: justify;\">Pour la s\u00e9curit\u00e9 des pi\u00e9tons, <strong>l\u2019impasse des Combes<\/strong> qui permet l\u2019acc\u00e8s \u00e0 l\u2019\u00e9cole<strong> est interdite aux v\u00e9hicules<\/strong>, \u00e0 l\u2019exception des Personnels du Groupe Scolaire qui montent se garer sur les parkings priv\u00e9s \u00e0 proximit\u00e9 de l\u2019\u00e9cole et des V.S.L. qui d\u00e9posent les \u00e9l\u00e8ves du dispositif U.L.I.S. T.S.A..<\/p>\n","protected":false},"excerpt":{"rendered":"<p>Les classes travaillent de 8 H\u00a015 \u00e0 11 H 30 le matin et de 13 H 30 \u00e0 16 H 30 le soir. &nbsp; Le matin, les enseignants assurent l\u2019accueil [&hellip;]<\/p>\n","protected":false},"author":1,"featured_media":0,"parent":0,"menu_order":1,"comment_status":"closed","ping_status":"closed","template":"","meta":{"_acf_changed":false,"footnotes":""},"class_list":["post-69","page","type-page","status-publish","hentry"],"acf":[],"yoast_head":"<!-- This site is optimized with the Yoast SEO plugin v24.2 - https:\/\/yoast.com\/wordpress\/plugins\/seo\/ -->\n<title>Horaires - Ecole Notre Dame des Collines<\/title>\n<meta name=\"robots\" content=\"index, follow, max-snippet:-1, max-image-preview:large, max-video-preview:-1\" \/>\n<link rel=\"canonical\" href=\"http:\/\/www.scolaire-collines.com\/ecole\/horaires\/\" \/>\n<meta property=\"og:locale\" content=\"fr_FR\" \/>\n<meta property=\"og:type\" content=\"article\" \/>\n<meta property=\"og:title\" content=\"Horaires - Ecole Notre Dame des Collines\" \/>\n<meta property=\"og:description\" content=\"Les classes travaillent de 8 H\u00a015 \u00e0 11 H 30 le matin et de 13 H 30 \u00e0 16 H 30 le soir. &nbsp; Le matin, les enseignants assurent l\u2019accueil [&hellip;]\" \/>\n<meta property=\"og:url\" content=\"http:\/\/www.scolaire-collines.com\/ecole\/horaires\/\" \/>\n<meta property=\"og:site_name\" content=\"Ecole Notre Dame des Collines\" \/>\n<meta property=\"article:modified_time\" content=\"2022-12-02T09:02:24+00:00\" \/>\n<meta name=\"twitter:card\" content=\"summary_large_image\" \/>\n<meta name=\"twitter:label1\" content=\"Dur\u00e9e de lecture estim\u00e9e\" \/>\n\t<meta name=\"twitter:data1\" content=\"1 minute\" \/>\n<script type=\"application\/ld+json\" class=\"yoast-schema-graph\">{\"@context\":\"https:\/\/schema.org\",\"@graph\":[{\"@type\":\"WebPage\",\"@id\":\"http:\/\/www.scolaire-collines.com\/ecole\/horaires\/\",\"url\":\"http:\/\/www.scolaire-collines.com\/ecole\/horaires\/\",\"name\":\"Horaires - Ecole Notre Dame des Collines\",\"isPartOf\":{\"@id\":\"http:\/\/www.scolaire-collines.com\/ecole\/#website\"},\"datePublished\":\"2010-01-15T11:05:10+00:00\",\"dateModified\":\"2022-12-02T09:02:24+00:00\",\"breadcrumb\":{\"@id\":\"http:\/\/www.scolaire-collines.com\/ecole\/horaires\/#breadcrumb\"},\"inLanguage\":\"fr-FR\",\"potentialAction\":[{\"@type\":\"ReadAction\",\"target\":[\"http:\/\/www.scolaire-collines.com\/ecole\/horaires\/\"]}]},{\"@type\":\"BreadcrumbList\",\"@id\":\"http:\/\/www.scolaire-collines.com\/ecole\/horaires\/#breadcrumb\",\"itemListElement\":[{\"@type\":\"ListItem\",\"position\":1,\"name\":\"Accueil\",\"item\":\"http:\/\/www.scolaire-collines.com\/ecole\/\"},{\"@type\":\"ListItem\",\"position\":2,\"name\":\"Horaires\"}]},{\"@type\":\"WebSite\",\"@id\":\"http:\/\/www.scolaire-collines.com\/ecole\/#website\",\"url\":\"http:\/\/www.scolaire-collines.com\/ecole\/\",\"name\":\"Ecole Notre Dame des Collines\",\"description\":\"Groupe scolaire des Collines\",\"potentialAction\":[{\"@type\":\"SearchAction\",\"target\":{\"@type\":\"EntryPoint\",\"urlTemplate\":\"http:\/\/www.scolaire-collines.com\/ecole\/?s={search_term_string}\"},\"query-input\":{\"@type\":\"PropertyValueSpecification\",\"valueRequired\":true,\"valueName\":\"search_term_string\"}}],\"inLanguage\":\"fr-FR\"}]}<\/script>\n<!-- \/ Yoast SEO plugin. -->","yoast_head_json":{"title":"Horaires - Ecole Notre Dame des Collines","robots":{"index":"index","follow":"follow","max-snippet":"max-snippet:-1","max-image-preview":"max-image-preview:large","max-video-preview":"max-video-preview:-1"},"canonical":"http:\/\/www.scolaire-collines.com\/ecole\/horaires\/","og_locale":"fr_FR","og_type":"article","og_title":"Horaires - Ecole Notre Dame des Collines","og_description":"Les classes travaillent de 8 H\u00a015 \u00e0 11 H 30 le matin et de 13 H 30 \u00e0 16 H 30 le soir. &nbsp; Le matin, les enseignants assurent l\u2019accueil [&hellip;]","og_url":"http:\/\/www.scolaire-collines.com\/ecole\/horaires\/","og_site_name":"Ecole Notre Dame des Collines","article_modified_time":"2022-12-02T09:02:24+00:00","twitter_card":"summary_large_image","twitter_misc":{"Dur\u00e9e de lecture estim\u00e9e":"1 minute"},"schema":{"@context":"https:\/\/schema.org","@graph":[{"@type":"WebPage","@id":"http:\/\/www.scolaire-collines.com\/ecole\/horaires\/","url":"http:\/\/www.scolaire-collines.com\/ecole\/horaires\/","name":"Horaires - Ecole Notre Dame des Collines","isPartOf":{"@id":"http:\/\/www.scolaire-collines.com\/ecole\/#website"},"datePublished":"2010-01-15T11:05:10+00:00","dateModified":"2022-12-02T09:02:24+00:00","breadcrumb":{"@id":"http:\/\/www.scolaire-collines.com\/ecole\/horaires\/#breadcrumb"},"inLanguage":"fr-FR","potentialAction":[{"@type":"ReadAction","target":["http:\/\/www.scolaire-collines.com\/ecole\/horaires\/"]}]},{"@type":"BreadcrumbList","@id":"http:\/\/www.scolaire-collines.com\/ecole\/horaires\/#breadcrumb","itemListElement":[{"@type":"ListItem","position":1,"name":"Accueil","item":"http:\/\/www.scolaire-collines.com\/ecole\/"},{"@type":"ListItem","position":2,"name":"Horaires"}]},{"@type":"WebSite","@id":"http:\/\/www.scolaire-collines.com\/ecole\/#website","url":"http:\/\/www.scolaire-collines.com\/ecole\/","name":"Ecole Notre Dame des Collines","description":"Groupe scolaire des Collines","potentialAction":[{"@type":"SearchAction","target":{"@type":"EntryPoint","urlTemplate":"http:\/\/www.scolaire-collines.com\/ecole\/?s={search_term_string}"},"query-input":{"@type":"PropertyValueSpecification","valueRequired":true,"valueName":"search_term_string"}}],"inLanguage":"fr-FR"}]}},"_links":{"self":[{"href":"http:\/\/www.scolaire-collines.com\/ecole\/wp-json\/wp\/v2\/pages\/69","targetHints":{"allow":["GET"]}}],"collection":[{"href":"http:\/\/www.scolaire-collines.com\/ecole\/wp-json\/wp\/v2\/pages"}],"about":[{"href":"http:\/\/www.scolaire-collines.com\/ecole\/wp-json\/wp\/v2\/types\/page"}],"author":[{"embeddable":true,"href":"http:\/\/www.scolaire-collines.com\/ecole\/wp-json\/wp\/v2\/users\/1"}],"replies":[{"embeddable":true,"href":"http:\/\/www.scolaire-collines.com\/ecole\/wp-json\/wp\/v2\/comments?post=69"}],"version-history":[{"count":12,"href":"http:\/\/www.scolaire-collines.com\/ecole\/wp-json\/wp\/v2\/pages\/69\/revisions"}],"predecessor-version":[{"id":1141,"href":"http:\/\/www.scolaire-collines.com\/ecole\/wp-json\/wp\/v2\/pages\/69\/revisions\/1141"}],"wp:attachment":[{"href":"http:\/\/www.scolaire-collines.com\/ecole\/wp-json\/wp\/v2\/media?parent=69"}],"curies":[{"name":"wp","href":"https:\/\/api.w.org\/{rel}","templated":true}]}}