{"id":57,"date":"2010-01-15T11:31:39","date_gmt":"2010-01-15T10:31:39","guid":{"rendered":"http:\/\/www.scolaire-collines.com\/ecole\/?page_id=57"},"modified":"2016-08-08T10:33:00","modified_gmt":"2016-08-08T08:33:00","slug":"plan-dacces","status":"publish","type":"page","link":"http:\/\/www.scolaire-collines.com\/ecole\/plan-dacces\/","title":{"rendered":"Plan d&rsquo;acc\u00e8s"},"content":{"rendered":"<p><iframe loading=\"lazy\" style=\"border: 0px currentColor;\" src=\"https:\/\/www.google.com\/maps\/embed?pb=!1m18!1m12!1m3!1d2795.1360880776674!2d4.613609115494385!3d45.52746692470231!2m3!1f0!2f0!3f0!3m2!1i1024!2i768!4f13.1!3m3!1m2!1s0x47f4fd9f5a693287%3A0xf9ae08e781b2a5eb!2s1+Impasse+des+Combes%2C+42800+Rive-de-Gier!5e0!3m2!1sfr!2sfr!4v1470123640294\" width=\"1280\" height=\"450\" frameborder=\"0\" allowfullscreen=\"allowfullscreen\"><\/iframe><\/p>\n<p><strong><span style=\"color: #f2b100;\">Pour acc\u00e9der \u00e0 l&rsquo;\u00e9cole maternelle et \u00e9l\u00e9mentaire Notre Dame des Collines :<\/span><\/strong><\/p>\n<p>&nbsp;<\/p>\n<div class=\"su-row\">\n<div class=\"su-column su-column-size-1-2\"><div class=\"su-column-inner su-u-clearfix su-u-trim\"> <span style=\"color: #333333;\"><strong>en venant de la gare<\/strong>\u00a0<\/span>(en\u00a0arrivant de Lorette \/\u00a0SAINT ETIENNE) :<br \/>\nau giratoire, prendre \u00e0 droite la rue P\u00e9trus Richarme.<br \/>\nAu stop, tourner \u00e0 droite et emprunter la rue Francis de Pressens\u00e9.<br \/>\nAu rond point de la rue du 19 mars, prendre \u00e0 gauche la rue Marcel Sembat.<br \/>\nA 200 m, sur votre droite se trouve l&rsquo;impasse des Combes <strong><span style=\"color: #f2b100;\">(acc\u00e8s pi\u00e9ton aux horaires scolaires)<\/span> <\/strong><\/div><\/div>\n<div class=\"su-column su-column-size-1-2\"><div class=\"su-column-inner su-u-clearfix su-u-trim\">\n<p><strong>en venant de la\u00a0mairie\u00a0<\/strong>(en arrivant de Givors \/ LYON)\u00a0:<br \/>\nau rond-point de la Boirie, prendre le cours du 11 Novembre.<br \/>\nAu feu tricolore, tourner \u00e0 gauche et emprunter la rue Francis de Pressens\u00e9.<br \/>\nAu rond point de la rue du 19 mars, prendre \u00e0 gauche la rue Marcel Sembat.<br \/>\nA 200 m, sur votre droite se trouve l&rsquo;impasse des Combes <strong><span style=\"color: #f2b100;\">(acc\u00e8s pi\u00e9ton aux horaires scolaires)<\/span><\/strong><\/div><\/div>\n<\/div>\n","protected":false},"excerpt":{"rendered":"<p>Pour acc\u00e9der \u00e0 l&rsquo;\u00e9cole maternelle et \u00e9l\u00e9mentaire Notre Dame des Collines : &nbsp;<\/p>\n","protected":false},"author":1,"featured_media":0,"parent":0,"menu_order":3,"comment_status":"closed","ping_status":"closed","template":"","meta":{"_acf_changed":false,"footnotes":""},"class_list":["post-57","page","type-page","status-publish","hentry"],"acf":[],"yoast_head":"<!-- This site is optimized with the Yoast SEO plugin v24.2 - https:\/\/yoast.com\/wordpress\/plugins\/seo\/ -->\n<title>Plan d&#039;acc\u00e8s - Ecole Notre Dame des Collines<\/title>\n<meta name=\"robots\" content=\"index, follow, max-snippet:-1, max-image-preview:large, max-video-preview:-1\" \/>\n<link rel=\"canonical\" href=\"http:\/\/www.scolaire-collines.com\/ecole\/plan-dacces\/\" \/>\n<meta property=\"og:locale\" content=\"fr_FR\" \/>\n<meta property=\"og:type\" content=\"article\" \/>\n<meta property=\"og:title\" content=\"Plan d&#039;acc\u00e8s - Ecole Notre Dame des Collines\" \/>\n<meta property=\"og:description\" content=\"Pour acc\u00e9der \u00e0 l&rsquo;\u00e9cole maternelle et \u00e9l\u00e9mentaire Notre Dame des Collines : &nbsp;\" \/>\n<meta property=\"og:url\" content=\"http:\/\/www.scolaire-collines.com\/ecole\/plan-dacces\/\" \/>\n<meta property=\"og:site_name\" content=\"Ecole Notre Dame des Collines\" \/>\n<meta property=\"article:modified_time\" content=\"2016-08-08T08:33:00+00:00\" \/>\n<meta name=\"twitter:card\" content=\"summary_large_image\" \/>\n<meta name=\"twitter:label1\" content=\"Dur\u00e9e de lecture estim\u00e9e\" \/>\n\t<meta name=\"twitter:data1\" content=\"1 minute\" \/>\n<script type=\"application\/ld+json\" class=\"yoast-schema-graph\">{\"@context\":\"https:\/\/schema.org\",\"@graph\":[{\"@type\":\"WebPage\",\"@id\":\"http:\/\/www.scolaire-collines.com\/ecole\/plan-dacces\/\",\"url\":\"http:\/\/www.scolaire-collines.com\/ecole\/plan-dacces\/\",\"name\":\"Plan d'acc\u00e8s - Ecole Notre Dame des Collines\",\"isPartOf\":{\"@id\":\"http:\/\/www.scolaire-collines.com\/ecole\/#website\"},\"datePublished\":\"2010-01-15T10:31:39+00:00\",\"dateModified\":\"2016-08-08T08:33:00+00:00\",\"breadcrumb\":{\"@id\":\"http:\/\/www.scolaire-collines.com\/ecole\/plan-dacces\/#breadcrumb\"},\"inLanguage\":\"fr-FR\",\"potentialAction\":[{\"@type\":\"ReadAction\",\"target\":[\"http:\/\/www.scolaire-collines.com\/ecole\/plan-dacces\/\"]}]},{\"@type\":\"BreadcrumbList\",\"@id\":\"http:\/\/www.scolaire-collines.com\/ecole\/plan-dacces\/#breadcrumb\",\"itemListElement\":[{\"@type\":\"ListItem\",\"position\":1,\"name\":\"Accueil\",\"item\":\"http:\/\/www.scolaire-collines.com\/ecole\/\"},{\"@type\":\"ListItem\",\"position\":2,\"name\":\"Plan d&rsquo;acc\u00e8s\"}]},{\"@type\":\"WebSite\",\"@id\":\"http:\/\/www.scolaire-collines.com\/ecole\/#website\",\"url\":\"http:\/\/www.scolaire-collines.com\/ecole\/\",\"name\":\"Ecole Notre Dame des Collines\",\"description\":\"Groupe scolaire des Collines\",\"potentialAction\":[{\"@type\":\"SearchAction\",\"target\":{\"@type\":\"EntryPoint\",\"urlTemplate\":\"http:\/\/www.scolaire-collines.com\/ecole\/?s={search_term_string}\"},\"query-input\":{\"@type\":\"PropertyValueSpecification\",\"valueRequired\":true,\"valueName\":\"search_term_string\"}}],\"inLanguage\":\"fr-FR\"}]}<\/script>\n<!-- \/ Yoast SEO plugin. -->","yoast_head_json":{"title":"Plan d'acc\u00e8s - Ecole Notre Dame des Collines","robots":{"index":"index","follow":"follow","max-snippet":"max-snippet:-1","max-image-preview":"max-image-preview:large","max-video-preview":"max-video-preview:-1"},"canonical":"http:\/\/www.scolaire-collines.com\/ecole\/plan-dacces\/","og_locale":"fr_FR","og_type":"article","og_title":"Plan d'acc\u00e8s - Ecole Notre Dame des Collines","og_description":"Pour acc\u00e9der \u00e0 l&rsquo;\u00e9cole maternelle et \u00e9l\u00e9mentaire Notre Dame des Collines : &nbsp;","og_url":"http:\/\/www.scolaire-collines.com\/ecole\/plan-dacces\/","og_site_name":"Ecole Notre Dame des Collines","article_modified_time":"2016-08-08T08:33:00+00:00","twitter_card":"summary_large_image","twitter_misc":{"Dur\u00e9e de lecture estim\u00e9e":"1 minute"},"schema":{"@context":"https:\/\/schema.org","@graph":[{"@type":"WebPage","@id":"http:\/\/www.scolaire-collines.com\/ecole\/plan-dacces\/","url":"http:\/\/www.scolaire-collines.com\/ecole\/plan-dacces\/","name":"Plan d'acc\u00e8s - Ecole Notre Dame des Collines","isPartOf":{"@id":"http:\/\/www.scolaire-collines.com\/ecole\/#website"},"datePublished":"2010-01-15T10:31:39+00:00","dateModified":"2016-08-08T08:33:00+00:00","breadcrumb":{"@id":"http:\/\/www.scolaire-collines.com\/ecole\/plan-dacces\/#breadcrumb"},"inLanguage":"fr-FR","potentialAction":[{"@type":"ReadAction","target":["http:\/\/www.scolaire-collines.com\/ecole\/plan-dacces\/"]}]},{"@type":"BreadcrumbList","@id":"http:\/\/www.scolaire-collines.com\/ecole\/plan-dacces\/#breadcrumb","itemListElement":[{"@type":"ListItem","position":1,"name":"Accueil","item":"http:\/\/www.scolaire-collines.com\/ecole\/"},{"@type":"ListItem","position":2,"name":"Plan d&rsquo;acc\u00e8s"}]},{"@type":"WebSite","@id":"http:\/\/www.scolaire-collines.com\/ecole\/#website","url":"http:\/\/www.scolaire-collines.com\/ecole\/","name":"Ecole Notre Dame des Collines","description":"Groupe scolaire des Collines","potentialAction":[{"@type":"SearchAction","target":{"@type":"EntryPoint","urlTemplate":"http:\/\/www.scolaire-collines.com\/ecole\/?s={search_term_string}"},"query-input":{"@type":"PropertyValueSpecification","valueRequired":true,"valueName":"search_term_string"}}],"inLanguage":"fr-FR"}]}},"_links":{"self":[{"href":"http:\/\/www.scolaire-collines.com\/ecole\/wp-json\/wp\/v2\/pages\/57","targetHints":{"allow":["GET"]}}],"collection":[{"href":"http:\/\/www.scolaire-collines.com\/ecole\/wp-json\/wp\/v2\/pages"}],"about":[{"href":"http:\/\/www.scolaire-collines.com\/ecole\/wp-json\/wp\/v2\/types\/page"}],"author":[{"embeddable":true,"href":"http:\/\/www.scolaire-collines.com\/ecole\/wp-json\/wp\/v2\/users\/1"}],"replies":[{"embeddable":true,"href":"http:\/\/www.scolaire-collines.com\/ecole\/wp-json\/wp\/v2\/comments?post=57"}],"version-history":[{"count":9,"href":"http:\/\/www.scolaire-collines.com\/ecole\/wp-json\/wp\/v2\/pages\/57\/revisions"}],"predecessor-version":[{"id":717,"href":"http:\/\/www.scolaire-collines.com\/ecole\/wp-json\/wp\/v2\/pages\/57\/revisions\/717"}],"wp:attachment":[{"href":"http:\/\/www.scolaire-collines.com\/ecole\/wp-json\/wp\/v2\/media?parent=57"}],"curies":[{"name":"wp","href":"https:\/\/api.w.org\/{rel}","templated":true}]}}