{"id":53,"date":"2010-01-15T11:26:45","date_gmt":"2010-01-15T10:26:45","guid":{"rendered":"http:\/\/www.scolaire-collines.com\/ecole\/?page_id=53"},"modified":"2025-02-18T16:40:58","modified_gmt":"2025-02-18T15:40:58","slug":"structure-pedagogique","status":"publish","type":"page","link":"http:\/\/www.scolaire-collines.com\/ecole\/structure-pedagogique\/","title":{"rendered":"Structure p\u00e9dagogique"},"content":{"rendered":"<p style=\"text-align: left;\"><strong>Chef d\u2019\u00e9tablissement :<\/strong><br \/>\nMonsieur Fr\u00e9d\u00e9ry CHAMBE<\/p>\n<p style=\"text-align: left;\"><strong>Secr\u00e9taire\u00a0:<\/strong><br \/>\nMadame Catherine GREGOIRE<\/p>\n<div class=\"su-row\">\n<div class=\"su-column su-column-size-1-2\"><div class=\"su-column-inner su-u-clearfix su-u-trim\">\n<p><strong>Classes \u00e9l\u00e9mentaires :<\/strong><br \/>\n<strong><span style=\"color: #f2b100;\">Cycle 3 :<\/span><\/strong><\/p>\n<ul>\n<li><strong>C.M. 2\u00a0\u00a0<\/strong> : Monsieur Benjamin SOULAS<\/li>\n<li><strong>C.M.\u00a01 \/ C.M. 2<\/strong> : Madame Cynthia LEONARD ROMERO<\/li>\n<li><strong>C.M. 1<\/strong> : Madame Lou PERRIN<\/li>\n<li><strong>C.E. 2 \/ C.M. 1<\/strong> : Madame Tessilia GAUZENS CHIESA<\/li>\n<\/ul>\n<p><strong><span style=\"color: #f2b100;\">Cycle 2 :<\/span><\/strong><\/p>\n<ul>\n<li><strong>C.E. 2<\/strong>\u00a0 <strong>A<\/strong> : Madame Anastasie PARADIS<\/li>\n<li><strong>C.E. 2\u00a0 B<\/strong> : Madame Mathilde BRAMANT<\/li>\n<li><strong>C.E. 1 A<\/strong> : Madame MOREAUD<\/li>\n<li><strong>C.P. A <\/strong>\u00a0: Madame Isabelle ROBERT<\/li>\n<li><strong>C.P \/ C.E. 1<\/strong> : Madame Maryline PARIS<\/li>\n<\/ul>\n<p><strong>Classes maternelles :<\/strong><br \/>\n<span style=\"color: #f2b100;\"><strong>Cycle 1 :<\/strong><\/span><\/p>\n<ul>\n<li><strong>M 4 &#8211; G.S.<\/strong> : Madame Marie Claire CLOUTRIER<\/li>\n<li><strong>M 3 &#8211; G.S. \/ M.S.<\/strong> : Madame Sandrine LANGLADE<\/li>\n<li><strong>M 2 &#8211; P.S. \/ M.S.<\/strong> : Madame M\u00e9lanie DESPINASSE<\/li>\n<li><strong>M 1 &#8211; P.S<\/strong> : Madame No\u00e9mie GRIMBICHLER<\/li>\n<\/ul>\n<p><span style=\"color: #9e438f;\"><strong>Classes sur le site du Sacr\u00e9 Coeur<\/strong><\/span><\/p>\n<p><span style=\"color: #9e438f;\"><strong>C.M.1 \/ C.M. 2 :<\/strong> <\/span>Madame C\u00e9line TAMET<\/p>\n<p><span style=\"color: #9e438f;\"><strong>C.E.1 \/ C.E. 2 :<\/strong> <\/span>Madame Maud DURSAPT<\/p>\n<p><span style=\"color: #9e438f;\"><strong>G.S \/ C.P : <\/strong><span style=\"color: #000000;\">Madame Sandrine JOURDAT<\/span><\/span><\/p>\n<p><span style=\"color: #9e438f;\"><strong>M.S. \/ G.S. :<\/strong><\/span> Madame Marguerite MEISSIREL MARQUOT<\/p>\n<p><strong><span style=\"color: #f2b100;\">Regroupement\u00a0d&rsquo;Adaptation :<\/span><\/strong><\/p>\n<ul>\n<li><strong>Classe Coup de Pouce<\/strong> &#8211; <strong>Poste ESR<\/strong> &#8211; Madame V\u00e9ronique THOMAS<\/li>\n<\/ul>\n<p><strong><span style=\"color: #f2b100;\">Unit\u00e9 Locale pour l&rsquo;Inclusion Scolaire (U.L.I.S.) :<\/span><\/strong><\/p>\n<ul>\n<li><strong>U.L.I.S. T.S.A. Troubles du Spectre Autistique<\/strong> :<\/li>\n<\/ul>\n<p>Dispositif coordonn\u00e9 par Madame\u00a0Nathalie GEORJON<\/p>\n<\/div><\/div>\n<div class=\"su-column su-column-size-1-2\"><div class=\"su-column-inner su-u-clearfix su-u-trim\"> <strong>Aides maternelles (A.S.E.M.) :<\/strong><\/p>\n<ul>\n<li>Madame Catherine GREGOIRE<\/li>\n<li>Madame Marie Laure BROSSON<\/li>\n<li>Madame Marie Fran\u00e7oise MOULIN<\/li>\n<li>Madame Gulbeyaz SONMEZ<\/li>\n<li>Madame Fadime SIMSEK<\/li>\n<li>Madame Patricia TROIVILLE<\/li>\n<li>Madame Michelle CELLARD<\/li>\n<li>Madame Marie DI FOLCO<\/li>\n<\/ul>\n<p><strong>Surveillance CANTINE :<\/strong><\/p>\n<ul>\n<li>Madame Catherine GREGOIRE<\/li>\n<li>Madame Marie Laure BROSSON<\/li>\n<li>Madame Gulbeyaz SONMEZ<\/li>\n<li>Madame Fadime SIMSEK<\/li>\n<li>Madame Nathalie ROUSSEAU<\/li>\n<li>Monsieur Jean MINNAERT<\/li>\n<\/ul>\n<p><strong>Surveillance PERISCOLAIRE :<\/strong><\/p>\n<ul>\n<li>Madame Marie Laure BROSSON<\/li>\n<li>Madame Fadime SIMSEK<\/li>\n<li>Madame Marie Fran\u00e7oise MOULIN<\/li>\n<li>Madame Catherine GREGOIRE<\/li>\n<\/ul>\n<p><strong>Etude surveill\u00e9e<\/strong><\/p>\n<ul>\n<li>Madame Catherine GREGOIRE<\/li>\n<li>Madame Patricia TROIVILLE<\/li>\n<\/ul>\n<p><strong>Accompagnantes d&rsquo;El\u00e8ves en Situation de Handicap (A.E.S.H.) :<\/strong><\/p>\n<ul>\n<li>Madame Samira SMATI (\u00e9cole)<\/li>\n<li>Madame Christel BONIFACIO (\u00e9cole)<\/li>\n<li>Madame Christelle BERLIAT (\u00e9cole)<\/li>\n<li>Madame Nathalie ROUSSEAU (U.L.I.S. T.S.A.)<\/li>\n<li>Madame Jo\u00eblle RUIZ (U.L.I.S. T.S.A.)<\/li>\n<li>Madame Asma TAIBI (U.L.I.S. T.S.A.)<\/li>\n<li>Madame Jihaine BEN MOUSSA<\/li>\n<\/ul>\n<\/div><\/div>\n<\/div>\n","protected":false},"excerpt":{"rendered":"<p>Chef d\u2019\u00e9tablissement : Monsieur Fr\u00e9d\u00e9ry CHAMBE Secr\u00e9taire\u00a0: Madame Catherine GREGOIRE<\/p>\n","protected":false},"author":1,"featured_media":0,"parent":0,"menu_order":2,"comment_status":"closed","ping_status":"closed","template":"","meta":{"_acf_changed":false,"footnotes":""},"class_list":["post-53","page","type-page","status-publish","hentry"],"acf":[],"yoast_head":"<!-- This site is optimized with the Yoast SEO plugin v24.2 - https:\/\/yoast.com\/wordpress\/plugins\/seo\/ -->\n<title>Structure p\u00e9dagogique - Ecole Notre Dame des Collines<\/title>\n<meta name=\"robots\" content=\"index, follow, max-snippet:-1, max-image-preview:large, max-video-preview:-1\" \/>\n<link rel=\"canonical\" href=\"http:\/\/www.scolaire-collines.com\/ecole\/structure-pedagogique\/\" \/>\n<meta property=\"og:locale\" content=\"fr_FR\" \/>\n<meta property=\"og:type\" content=\"article\" \/>\n<meta property=\"og:title\" content=\"Structure p\u00e9dagogique - Ecole Notre Dame des Collines\" \/>\n<meta property=\"og:description\" content=\"Chef d\u2019\u00e9tablissement : Monsieur Fr\u00e9d\u00e9ry CHAMBE Secr\u00e9taire\u00a0: Madame Catherine GREGOIRE\" \/>\n<meta property=\"og:url\" content=\"http:\/\/www.scolaire-collines.com\/ecole\/structure-pedagogique\/\" \/>\n<meta property=\"og:site_name\" content=\"Ecole Notre Dame des Collines\" \/>\n<meta property=\"article:modified_time\" content=\"2025-02-18T15:40:58+00:00\" \/>\n<meta name=\"twitter:card\" content=\"summary_large_image\" \/>\n<meta name=\"twitter:label1\" content=\"Dur\u00e9e de lecture estim\u00e9e\" \/>\n\t<meta name=\"twitter:data1\" content=\"2 minutes\" \/>\n<script type=\"application\/ld+json\" class=\"yoast-schema-graph\">{\"@context\":\"https:\/\/schema.org\",\"@graph\":[{\"@type\":\"WebPage\",\"@id\":\"http:\/\/www.scolaire-collines.com\/ecole\/structure-pedagogique\/\",\"url\":\"http:\/\/www.scolaire-collines.com\/ecole\/structure-pedagogique\/\",\"name\":\"Structure p\u00e9dagogique - Ecole Notre Dame des Collines\",\"isPartOf\":{\"@id\":\"http:\/\/www.scolaire-collines.com\/ecole\/#website\"},\"datePublished\":\"2010-01-15T10:26:45+00:00\",\"dateModified\":\"2025-02-18T15:40:58+00:00\",\"breadcrumb\":{\"@id\":\"http:\/\/www.scolaire-collines.com\/ecole\/structure-pedagogique\/#breadcrumb\"},\"inLanguage\":\"fr-FR\",\"potentialAction\":[{\"@type\":\"ReadAction\",\"target\":[\"http:\/\/www.scolaire-collines.com\/ecole\/structure-pedagogique\/\"]}]},{\"@type\":\"BreadcrumbList\",\"@id\":\"http:\/\/www.scolaire-collines.com\/ecole\/structure-pedagogique\/#breadcrumb\",\"itemListElement\":[{\"@type\":\"ListItem\",\"position\":1,\"name\":\"Accueil\",\"item\":\"http:\/\/www.scolaire-collines.com\/ecole\/\"},{\"@type\":\"ListItem\",\"position\":2,\"name\":\"Structure p\u00e9dagogique\"}]},{\"@type\":\"WebSite\",\"@id\":\"http:\/\/www.scolaire-collines.com\/ecole\/#website\",\"url\":\"http:\/\/www.scolaire-collines.com\/ecole\/\",\"name\":\"Ecole Notre Dame des Collines\",\"description\":\"Groupe scolaire des Collines\",\"potentialAction\":[{\"@type\":\"SearchAction\",\"target\":{\"@type\":\"EntryPoint\",\"urlTemplate\":\"http:\/\/www.scolaire-collines.com\/ecole\/?s={search_term_string}\"},\"query-input\":{\"@type\":\"PropertyValueSpecification\",\"valueRequired\":true,\"valueName\":\"search_term_string\"}}],\"inLanguage\":\"fr-FR\"}]}<\/script>\n<!-- \/ Yoast SEO plugin. -->","yoast_head_json":{"title":"Structure p\u00e9dagogique - Ecole Notre Dame des Collines","robots":{"index":"index","follow":"follow","max-snippet":"max-snippet:-1","max-image-preview":"max-image-preview:large","max-video-preview":"max-video-preview:-1"},"canonical":"http:\/\/www.scolaire-collines.com\/ecole\/structure-pedagogique\/","og_locale":"fr_FR","og_type":"article","og_title":"Structure p\u00e9dagogique - Ecole Notre Dame des Collines","og_description":"Chef d\u2019\u00e9tablissement : Monsieur Fr\u00e9d\u00e9ry CHAMBE Secr\u00e9taire\u00a0: Madame Catherine GREGOIRE","og_url":"http:\/\/www.scolaire-collines.com\/ecole\/structure-pedagogique\/","og_site_name":"Ecole Notre Dame des Collines","article_modified_time":"2025-02-18T15:40:58+00:00","twitter_card":"summary_large_image","twitter_misc":{"Dur\u00e9e de lecture estim\u00e9e":"2 minutes"},"schema":{"@context":"https:\/\/schema.org","@graph":[{"@type":"WebPage","@id":"http:\/\/www.scolaire-collines.com\/ecole\/structure-pedagogique\/","url":"http:\/\/www.scolaire-collines.com\/ecole\/structure-pedagogique\/","name":"Structure p\u00e9dagogique - Ecole Notre Dame des Collines","isPartOf":{"@id":"http:\/\/www.scolaire-collines.com\/ecole\/#website"},"datePublished":"2010-01-15T10:26:45+00:00","dateModified":"2025-02-18T15:40:58+00:00","breadcrumb":{"@id":"http:\/\/www.scolaire-collines.com\/ecole\/structure-pedagogique\/#breadcrumb"},"inLanguage":"fr-FR","potentialAction":[{"@type":"ReadAction","target":["http:\/\/www.scolaire-collines.com\/ecole\/structure-pedagogique\/"]}]},{"@type":"BreadcrumbList","@id":"http:\/\/www.scolaire-collines.com\/ecole\/structure-pedagogique\/#breadcrumb","itemListElement":[{"@type":"ListItem","position":1,"name":"Accueil","item":"http:\/\/www.scolaire-collines.com\/ecole\/"},{"@type":"ListItem","position":2,"name":"Structure p\u00e9dagogique"}]},{"@type":"WebSite","@id":"http:\/\/www.scolaire-collines.com\/ecole\/#website","url":"http:\/\/www.scolaire-collines.com\/ecole\/","name":"Ecole Notre Dame des Collines","description":"Groupe scolaire des Collines","potentialAction":[{"@type":"SearchAction","target":{"@type":"EntryPoint","urlTemplate":"http:\/\/www.scolaire-collines.com\/ecole\/?s={search_term_string}"},"query-input":{"@type":"PropertyValueSpecification","valueRequired":true,"valueName":"search_term_string"}}],"inLanguage":"fr-FR"}]}},"_links":{"self":[{"href":"http:\/\/www.scolaire-collines.com\/ecole\/wp-json\/wp\/v2\/pages\/53","targetHints":{"allow":["GET"]}}],"collection":[{"href":"http:\/\/www.scolaire-collines.com\/ecole\/wp-json\/wp\/v2\/pages"}],"about":[{"href":"http:\/\/www.scolaire-collines.com\/ecole\/wp-json\/wp\/v2\/types\/page"}],"author":[{"embeddable":true,"href":"http:\/\/www.scolaire-collines.com\/ecole\/wp-json\/wp\/v2\/users\/1"}],"replies":[{"embeddable":true,"href":"http:\/\/www.scolaire-collines.com\/ecole\/wp-json\/wp\/v2\/comments?post=53"}],"version-history":[{"count":32,"href":"http:\/\/www.scolaire-collines.com\/ecole\/wp-json\/wp\/v2\/pages\/53\/revisions"}],"predecessor-version":[{"id":1166,"href":"http:\/\/www.scolaire-collines.com\/ecole\/wp-json\/wp\/v2\/pages\/53\/revisions\/1166"}],"wp:attachment":[{"href":"http:\/\/www.scolaire-collines.com\/ecole\/wp-json\/wp\/v2\/media?parent=53"}],"curies":[{"name":"wp","href":"https:\/\/api.w.org\/{rel}","templated":true}]}}