{"id":51,"date":"2010-01-15T11:12:30","date_gmt":"2010-01-15T10:12:30","guid":{"rendered":"http:\/\/www.scolaire-collines.com\/ecole\/?page_id=51"},"modified":"2025-02-18T15:58:43","modified_gmt":"2025-02-18T14:58:43","slug":"mot-du-directeur","status":"publish","type":"page","link":"http:\/\/www.scolaire-collines.com\/ecole\/mot-du-directeur\/","title":{"rendered":"Mot du directeur"},"content":{"rendered":"<p style=\"text-align: left;\"><span style=\"font-size: 24pt;\"><strong>Bonjour<\/strong><\/span><\/p>\n<p style=\"text-align: left;\"><div class=\"su-row\">\n<div class=\"su-column su-column-size-1-2\"><div class=\"su-column-inner su-u-clearfix su-u-trim\">\n<p><strong>et bienvenue sur le site Internet de l\u2019\u00e9cole maternelle et \u00e9l\u00e9mentaire\u00a0 Notre Dame des Collines situ\u00e9e sur le site des Collines.<\/strong><\/p>\n<p style=\"text-align: justify;\">Notre \u00e9cole accueille les enfants \u00e0 partir de 3 ans en maternelle jusqu&rsquo;au CM2, habitant Rive de Gier ou les communes environnantes.<\/p>\n<p style=\"text-align: justify;\"><strong><span style=\"color: #f2b100;\">Les pr\u00e9 inscriptions se font d\u00e8s novembre<\/span><\/strong> pour l\u2019ann\u00e9e suivante mais il n&rsquo;est peut-\u00eatre pas trop tard.<\/p>\n<p style=\"text-align: justify;\">Sous contrat d\u2019association avec l\u2019Etat, l\u2019enseignement dispens\u00e9 suit les programmes de l\u2019Education Nationale. Les professeurs des \u00e9coles ont les dipl\u00f4mes requis pour enseigner en primaire.<\/p>\n<p style=\"text-align: left;\"><\/div><\/div>\n<div class=\"su-column su-column-size-1-2\"><div class=\"su-column-inner su-u-clearfix su-u-trim\">\n<p style=\"text-align: justify;\">Sous tutelle dioc\u00e9saine de l\u2019Ev\u00eaque de Saint Etienne, notre \u00e9tablissement catholique d\u2019enseignement est ouvert \u00e0 tous, sans distinction d&rsquo;origine ou de religion. Il propose des temps forts selon le calendrier liturgique. La cat\u00e9ch\u00e8se et la pr\u00e9paration aux sacrements se font sur la paroisse Sainte Marie Madeleine en Gier dont l\u2019\u00e9cole distribue les informations \u00e0 toutes les familles inscrites.<\/p>\n<p style=\"text-align: justify;\">En parcourant les pages de ce site, vous pourrez lire nos projets, trouver toutes les informations pratiques (horaires, tarifs, cantine,\u00a0\u2026), visiter notre \u00e9tablissement et conna\u00eetre les actualit\u00e9s v\u00e9cues depuis la rentr\u00e9e.<\/p>\n<p style=\"text-align: justify;\">Apr\u00e8s avoir d\u00e9couvert virtuellement notre \u00e9cole, n\u2019h\u00e9sitez pas \u00e0 prendre contact avec moi-m\u00eame pour une rencontre et une visite de notre \u00e9tablissement. Dans l\u2019attente de votre venue, je vous souhaite d\u2019appr\u00e9cier toutes les pages de notre site.<\/p>\n<p style=\"text-align: justify;\">Je vous invite \u00e9galement \u00e0 d\u00e9couvrir les nouveaux b\u00e2timents du Site du Sacr\u00e9 Coeur qui accueille dans les m\u00eames conditions les enfants de la Petite Section au CM2.<\/p>\n<p style=\"text-align: left;\"><\/div><\/div>\n<\/div>\n<p style=\"text-align: right;\"><strong><span style=\"font-size: 14pt;\">Bonne visite\u00a0!<\/span><\/strong><\/p>\n<p style=\"text-align: right;\"><b><span style=\"color: #002000; font-family: Arial,sans-serif; font-size: x-large;\">Fr\u00e9d\u00e9ry CHAMBE<\/span><\/b><\/p>\n<p style=\"text-align: right;\">Chef d&rsquo;Etablissement<\/p>\n","protected":false},"excerpt":{"rendered":"<p>Bonjour Bonne visite\u00a0! Fr\u00e9d\u00e9ry CHAMBE Chef d&rsquo;Etablissement<\/p>\n","protected":false},"author":1,"featured_media":0,"parent":0,"menu_order":1,"comment_status":"closed","ping_status":"closed","template":"","meta":{"_acf_changed":false,"footnotes":""},"class_list":["post-51","page","type-page","status-publish","hentry"],"acf":[],"yoast_head":"<!-- This site is optimized with the Yoast SEO plugin v24.2 - https:\/\/yoast.com\/wordpress\/plugins\/seo\/ -->\n<title>Mot du directeur - Ecole Notre Dame des Collines<\/title>\n<meta name=\"robots\" content=\"index, follow, max-snippet:-1, max-image-preview:large, max-video-preview:-1\" \/>\n<link rel=\"canonical\" href=\"http:\/\/www.scolaire-collines.com\/ecole\/mot-du-directeur\/\" \/>\n<meta property=\"og:locale\" content=\"fr_FR\" \/>\n<meta property=\"og:type\" content=\"article\" \/>\n<meta property=\"og:title\" content=\"Mot du directeur - Ecole Notre Dame des Collines\" \/>\n<meta property=\"og:description\" content=\"Bonjour Bonne visite\u00a0! Fr\u00e9d\u00e9ry CHAMBE Chef d&rsquo;Etablissement\" \/>\n<meta property=\"og:url\" content=\"http:\/\/www.scolaire-collines.com\/ecole\/mot-du-directeur\/\" \/>\n<meta property=\"og:site_name\" content=\"Ecole Notre Dame des Collines\" \/>\n<meta property=\"article:modified_time\" content=\"2025-02-18T14:58:43+00:00\" \/>\n<meta name=\"twitter:card\" content=\"summary_large_image\" \/>\n<meta name=\"twitter:label1\" content=\"Dur\u00e9e de lecture estim\u00e9e\" \/>\n\t<meta name=\"twitter:data1\" content=\"2 minutes\" \/>\n<script type=\"application\/ld+json\" class=\"yoast-schema-graph\">{\"@context\":\"https:\/\/schema.org\",\"@graph\":[{\"@type\":\"WebPage\",\"@id\":\"http:\/\/www.scolaire-collines.com\/ecole\/mot-du-directeur\/\",\"url\":\"http:\/\/www.scolaire-collines.com\/ecole\/mot-du-directeur\/\",\"name\":\"Mot du directeur - Ecole Notre Dame des Collines\",\"isPartOf\":{\"@id\":\"http:\/\/www.scolaire-collines.com\/ecole\/#website\"},\"datePublished\":\"2010-01-15T10:12:30+00:00\",\"dateModified\":\"2025-02-18T14:58:43+00:00\",\"breadcrumb\":{\"@id\":\"http:\/\/www.scolaire-collines.com\/ecole\/mot-du-directeur\/#breadcrumb\"},\"inLanguage\":\"fr-FR\",\"potentialAction\":[{\"@type\":\"ReadAction\",\"target\":[\"http:\/\/www.scolaire-collines.com\/ecole\/mot-du-directeur\/\"]}]},{\"@type\":\"BreadcrumbList\",\"@id\":\"http:\/\/www.scolaire-collines.com\/ecole\/mot-du-directeur\/#breadcrumb\",\"itemListElement\":[{\"@type\":\"ListItem\",\"position\":1,\"name\":\"Accueil\",\"item\":\"http:\/\/www.scolaire-collines.com\/ecole\/\"},{\"@type\":\"ListItem\",\"position\":2,\"name\":\"Mot du directeur\"}]},{\"@type\":\"WebSite\",\"@id\":\"http:\/\/www.scolaire-collines.com\/ecole\/#website\",\"url\":\"http:\/\/www.scolaire-collines.com\/ecole\/\",\"name\":\"Ecole Notre Dame des Collines\",\"description\":\"Groupe scolaire des Collines\",\"potentialAction\":[{\"@type\":\"SearchAction\",\"target\":{\"@type\":\"EntryPoint\",\"urlTemplate\":\"http:\/\/www.scolaire-collines.com\/ecole\/?s={search_term_string}\"},\"query-input\":{\"@type\":\"PropertyValueSpecification\",\"valueRequired\":true,\"valueName\":\"search_term_string\"}}],\"inLanguage\":\"fr-FR\"}]}<\/script>\n<!-- \/ Yoast SEO plugin. -->","yoast_head_json":{"title":"Mot du directeur - Ecole Notre Dame des Collines","robots":{"index":"index","follow":"follow","max-snippet":"max-snippet:-1","max-image-preview":"max-image-preview:large","max-video-preview":"max-video-preview:-1"},"canonical":"http:\/\/www.scolaire-collines.com\/ecole\/mot-du-directeur\/","og_locale":"fr_FR","og_type":"article","og_title":"Mot du directeur - Ecole Notre Dame des Collines","og_description":"Bonjour Bonne visite\u00a0! Fr\u00e9d\u00e9ry CHAMBE Chef d&rsquo;Etablissement","og_url":"http:\/\/www.scolaire-collines.com\/ecole\/mot-du-directeur\/","og_site_name":"Ecole Notre Dame des Collines","article_modified_time":"2025-02-18T14:58:43+00:00","twitter_card":"summary_large_image","twitter_misc":{"Dur\u00e9e de lecture estim\u00e9e":"2 minutes"},"schema":{"@context":"https:\/\/schema.org","@graph":[{"@type":"WebPage","@id":"http:\/\/www.scolaire-collines.com\/ecole\/mot-du-directeur\/","url":"http:\/\/www.scolaire-collines.com\/ecole\/mot-du-directeur\/","name":"Mot du directeur - Ecole Notre Dame des Collines","isPartOf":{"@id":"http:\/\/www.scolaire-collines.com\/ecole\/#website"},"datePublished":"2010-01-15T10:12:30+00:00","dateModified":"2025-02-18T14:58:43+00:00","breadcrumb":{"@id":"http:\/\/www.scolaire-collines.com\/ecole\/mot-du-directeur\/#breadcrumb"},"inLanguage":"fr-FR","potentialAction":[{"@type":"ReadAction","target":["http:\/\/www.scolaire-collines.com\/ecole\/mot-du-directeur\/"]}]},{"@type":"BreadcrumbList","@id":"http:\/\/www.scolaire-collines.com\/ecole\/mot-du-directeur\/#breadcrumb","itemListElement":[{"@type":"ListItem","position":1,"name":"Accueil","item":"http:\/\/www.scolaire-collines.com\/ecole\/"},{"@type":"ListItem","position":2,"name":"Mot du directeur"}]},{"@type":"WebSite","@id":"http:\/\/www.scolaire-collines.com\/ecole\/#website","url":"http:\/\/www.scolaire-collines.com\/ecole\/","name":"Ecole Notre Dame des Collines","description":"Groupe scolaire des Collines","potentialAction":[{"@type":"SearchAction","target":{"@type":"EntryPoint","urlTemplate":"http:\/\/www.scolaire-collines.com\/ecole\/?s={search_term_string}"},"query-input":{"@type":"PropertyValueSpecification","valueRequired":true,"valueName":"search_term_string"}}],"inLanguage":"fr-FR"}]}},"_links":{"self":[{"href":"http:\/\/www.scolaire-collines.com\/ecole\/wp-json\/wp\/v2\/pages\/51","targetHints":{"allow":["GET"]}}],"collection":[{"href":"http:\/\/www.scolaire-collines.com\/ecole\/wp-json\/wp\/v2\/pages"}],"about":[{"href":"http:\/\/www.scolaire-collines.com\/ecole\/wp-json\/wp\/v2\/types\/page"}],"author":[{"embeddable":true,"href":"http:\/\/www.scolaire-collines.com\/ecole\/wp-json\/wp\/v2\/users\/1"}],"replies":[{"embeddable":true,"href":"http:\/\/www.scolaire-collines.com\/ecole\/wp-json\/wp\/v2\/comments?post=51"}],"version-history":[{"count":21,"href":"http:\/\/www.scolaire-collines.com\/ecole\/wp-json\/wp\/v2\/pages\/51\/revisions"}],"predecessor-version":[{"id":1163,"href":"http:\/\/www.scolaire-collines.com\/ecole\/wp-json\/wp\/v2\/pages\/51\/revisions\/1163"}],"wp:attachment":[{"href":"http:\/\/www.scolaire-collines.com\/ecole\/wp-json\/wp\/v2\/media?parent=51"}],"curies":[{"name":"wp","href":"https:\/\/api.w.org\/{rel}","templated":true}]}}