{"id":444,"date":"2010-01-20T14:56:15","date_gmt":"2010-01-20T13:56:15","guid":{"rendered":"http:\/\/www.scolaire-collines.com\/ecole\/?page_id=128"},"modified":"2020-10-12T11:18:34","modified_gmt":"2020-10-12T09:18:34","slug":"salles-specialisees","status":"publish","type":"page","link":"http:\/\/www.scolaire-collines.com\/ecole\/salles-specialisees\/","title":{"rendered":"Salles sp\u00e9cialis\u00e9es"},"content":{"rendered":"<div id=\"su_slider_69def73a6ee7a\" class=\"su-slider su-slider-centered su-slider-pages-yes su-slider-responsive-yes\" style=\"width:100%\" data-autoplay=\"3000\" data-speed=\"600\" data-mousewheel=\"true\"><div class=\"su-slider-slides\"><div class=\"su-slider-slide\"><a><img decoding=\"async\" src=\"http:\/\/www.scolaire-collines.com\/ecole\/wp-content\/uploads\/2016\/09\/DSC_9390-1600x600.jpg\" alt=\"Peinture de la cour des maternelles r\u00e9alis\u00e9e par l&rsquo;A.P.E.L.\" \/><span class=\"su-slider-slide-title\">Peinture de la cour des maternelles r\u00e9alis\u00e9e par l&rsquo;A.P.E.L.<\/span><\/a><\/div><div class=\"su-slider-slide\"><a><img decoding=\"async\" src=\"http:\/\/www.scolaire-collines.com\/ecole\/wp-content\/uploads\/2016\/09\/DSC_9393-1600x600.jpg\" alt=\"Am\u00e9nagement de la cour gr\u00e2ce \u00e0 l&rsquo;A.P.E.L.\" \/><span class=\"su-slider-slide-title\">Am\u00e9nagement de la cour gr\u00e2ce \u00e0 l&rsquo;A.P.E.L.<\/span><\/a><\/div><div class=\"su-slider-slide\"><a><img decoding=\"async\" src=\"http:\/\/www.scolaire-collines.com\/ecole\/wp-content\/uploads\/2016\/09\/DSC_9491-1600x600.jpg\" alt=\"Salle de Psychomotricit\u00e9 des Maternelles\" \/><span class=\"su-slider-slide-title\">Salle de Psychomotricit\u00e9 des Maternelles<\/span><\/a><\/div><div class=\"su-slider-slide\"><a><img decoding=\"async\" src=\"http:\/\/www.scolaire-collines.com\/ecole\/wp-content\/uploads\/2016\/09\/DSC_9495-1600x600.jpg\" alt=\"Salle de Psychomotricit\u00e9 des Maternelles\" \/><span class=\"su-slider-slide-title\">Salle de Psychomotricit\u00e9 des Maternelles<\/span><\/a><\/div><div class=\"su-slider-slide\"><a><img decoding=\"async\" src=\"http:\/\/www.scolaire-collines.com\/ecole\/wp-content\/uploads\/2016\/09\/DSC_9505-1600x600.jpg\" alt=\"Accueil P\u00e9riscolaire le soir\" \/><span class=\"su-slider-slide-title\">Accueil P\u00e9riscolaire le soir<\/span><\/a><\/div><div class=\"su-slider-slide\"><a><img decoding=\"async\" src=\"http:\/\/www.scolaire-collines.com\/ecole\/wp-content\/uploads\/2016\/09\/DSC_9506-1600x600.jpg\" alt=\"Salle Saint Fran\u00e7ois d&rsquo;Assise : Accueil P\u00e9riscolaire et B.C.D.\" \/><span class=\"su-slider-slide-title\">Salle Saint Fran\u00e7ois d&rsquo;Assise : Accueil P\u00e9riscolaire et B.C.D.<\/span><\/a><\/div><div class=\"su-slider-slide\"><a><img decoding=\"async\" src=\"http:\/\/www.scolaire-collines.com\/ecole\/wp-content\/uploads\/2016\/09\/DSC_9520-1600x600.jpg\" alt=\"Coin Lecture douillet et color\u00e9\" \/><span class=\"su-slider-slide-title\">Coin Lecture douillet et color\u00e9<\/span><\/a><\/div><div class=\"su-slider-slide\"><a><img decoding=\"async\" src=\"http:\/\/www.scolaire-collines.com\/ecole\/wp-content\/uploads\/2016\/09\/DSC_9516-1600x600.jpg\" alt=\"Biblioth\u00e8que Centre Documentaire parrain\u00e9e par Jean CLAVERIE\" \/><span class=\"su-slider-slide-title\">Biblioth\u00e8que Centre Documentaire parrain\u00e9e par Jean CLAVERIE<\/span><\/a><\/div><div class=\"su-slider-slide\"><a><img decoding=\"async\" src=\"http:\/\/www.scolaire-collines.com\/ecole\/wp-content\/uploads\/2016\/09\/DSC_9521-1600x600.jpg\" alt=\"Coin Lecture offert par l&rsquo;A.P.E.L.\" \/><span class=\"su-slider-slide-title\">Coin Lecture offert par l&rsquo;A.P.E.L.<\/span><\/a><\/div><div class=\"su-slider-slide\"><a><img decoding=\"async\" src=\"http:\/\/www.scolaire-collines.com\/ecole\/wp-content\/uploads\/2016\/09\/DSC_9524-1600x600.jpg\" alt=\"Espace Restauration r\u00e9serv\u00e9 aux maternelles\" \/><span class=\"su-slider-slide-title\">Espace Restauration r\u00e9serv\u00e9 aux maternelles<\/span><\/a><\/div><div class=\"su-slider-slide\"><a><img decoding=\"async\" src=\"http:\/\/www.scolaire-collines.com\/ecole\/wp-content\/uploads\/2016\/09\/DSC_9526-1600x600.jpg\" alt=\"Salle de Restauration des maternelles\" \/><span class=\"su-slider-slide-title\">Salle de Restauration des maternelles<\/span><\/a><\/div><div class=\"su-slider-slide\"><a><img decoding=\"async\" src=\"http:\/\/www.scolaire-collines.com\/ecole\/wp-content\/uploads\/2016\/09\/DSC_9530-1600x600.jpg\" alt=\"Salle de Restauration des C.P. et C.E. 1\" \/><span class=\"su-slider-slide-title\">Salle de Restauration des C.P. et C.E. 1<\/span><\/a><\/div><div class=\"su-slider-slide\"><a><img decoding=\"async\" src=\"http:\/\/www.scolaire-collines.com\/ecole\/wp-content\/uploads\/2016\/09\/DSC_9527-1600x600.jpg\" alt=\"Salle de Restauration des C.M.\" \/><span class=\"su-slider-slide-title\">Salle de Restauration des C.M.<\/span><\/a><\/div><div class=\"su-slider-slide\"><a><img decoding=\"async\" src=\"http:\/\/www.scolaire-collines.com\/ecole\/wp-content\/uploads\/2016\/09\/DSC_9531-1600x600.jpg\" alt=\"Salle Arc-En-Ciel : lieu de r\u00e9unions des parents\" \/><span class=\"su-slider-slide-title\">Salle Arc-En-Ciel : lieu de r\u00e9unions des parents<\/span><\/a><\/div><\/div><div class=\"su-slider-nav\"><div class=\"su-slider-direction\"><span class=\"su-slider-prev\"><\/span><span class=\"su-slider-next\"><\/span><\/div><div class=\"su-slider-pagination\"><\/div><\/div><\/div>\n","protected":false},"excerpt":{"rendered":"","protected":false},"author":1,"featured_media":0,"parent":0,"menu_order":3,"comment_status":"closed","ping_status":"closed","template":"","meta":{"_acf_changed":false,"footnotes":""},"class_list":["post-444","page","type-page","status-publish","hentry"],"acf":[],"yoast_head":"<!-- This site is optimized with the Yoast SEO plugin v24.2 - https:\/\/yoast.com\/wordpress\/plugins\/seo\/ -->\n<title>Salles sp\u00e9cialis\u00e9es - Ecole Notre Dame des Collines<\/title>\n<meta name=\"robots\" content=\"index, follow, max-snippet:-1, max-image-preview:large, max-video-preview:-1\" \/>\n<link rel=\"canonical\" href=\"https:\/\/www.scolaire-collines.com\/ecole\/salles-specialisees\/\" \/>\n<meta property=\"og:locale\" content=\"fr_FR\" \/>\n<meta property=\"og:type\" content=\"article\" \/>\n<meta property=\"og:title\" content=\"Salles sp\u00e9cialis\u00e9es - Ecole Notre Dame des Collines\" \/>\n<meta property=\"og:url\" content=\"https:\/\/www.scolaire-collines.com\/ecole\/salles-specialisees\/\" \/>\n<meta property=\"og:site_name\" content=\"Ecole Notre Dame des Collines\" \/>\n<meta property=\"article:modified_time\" content=\"2020-10-12T09:18:34+00:00\" \/>\n<meta name=\"twitter:card\" content=\"summary_large_image\" \/>\n<script type=\"application\/ld+json\" class=\"yoast-schema-graph\">{\"@context\":\"https:\/\/schema.org\",\"@graph\":[{\"@type\":\"WebPage\",\"@id\":\"https:\/\/www.scolaire-collines.com\/ecole\/salles-specialisees\/\",\"url\":\"https:\/\/www.scolaire-collines.com\/ecole\/salles-specialisees\/\",\"name\":\"Salles sp\u00e9cialis\u00e9es - Ecole Notre Dame des Collines\",\"isPartOf\":{\"@id\":\"http:\/\/www.scolaire-collines.com\/ecole\/#website\"},\"datePublished\":\"2010-01-20T13:56:15+00:00\",\"dateModified\":\"2020-10-12T09:18:34+00:00\",\"breadcrumb\":{\"@id\":\"https:\/\/www.scolaire-collines.com\/ecole\/salles-specialisees\/#breadcrumb\"},\"inLanguage\":\"fr-FR\",\"potentialAction\":[{\"@type\":\"ReadAction\",\"target\":[\"https:\/\/www.scolaire-collines.com\/ecole\/salles-specialisees\/\"]}]},{\"@type\":\"BreadcrumbList\",\"@id\":\"https:\/\/www.scolaire-collines.com\/ecole\/salles-specialisees\/#breadcrumb\",\"itemListElement\":[{\"@type\":\"ListItem\",\"position\":1,\"name\":\"Accueil\",\"item\":\"http:\/\/www.scolaire-collines.com\/ecole\/\"},{\"@type\":\"ListItem\",\"position\":2,\"name\":\"Salles sp\u00e9cialis\u00e9es\"}]},{\"@type\":\"WebSite\",\"@id\":\"http:\/\/www.scolaire-collines.com\/ecole\/#website\",\"url\":\"http:\/\/www.scolaire-collines.com\/ecole\/\",\"name\":\"Ecole Notre Dame des Collines\",\"description\":\"Groupe scolaire des Collines\",\"potentialAction\":[{\"@type\":\"SearchAction\",\"target\":{\"@type\":\"EntryPoint\",\"urlTemplate\":\"http:\/\/www.scolaire-collines.com\/ecole\/?s={search_term_string}\"},\"query-input\":{\"@type\":\"PropertyValueSpecification\",\"valueRequired\":true,\"valueName\":\"search_term_string\"}}],\"inLanguage\":\"fr-FR\"}]}<\/script>\n<!-- \/ Yoast SEO plugin. -->","yoast_head_json":{"title":"Salles sp\u00e9cialis\u00e9es - Ecole Notre Dame des Collines","robots":{"index":"index","follow":"follow","max-snippet":"max-snippet:-1","max-image-preview":"max-image-preview:large","max-video-preview":"max-video-preview:-1"},"canonical":"https:\/\/www.scolaire-collines.com\/ecole\/salles-specialisees\/","og_locale":"fr_FR","og_type":"article","og_title":"Salles sp\u00e9cialis\u00e9es - Ecole Notre Dame des Collines","og_url":"https:\/\/www.scolaire-collines.com\/ecole\/salles-specialisees\/","og_site_name":"Ecole Notre Dame des Collines","article_modified_time":"2020-10-12T09:18:34+00:00","twitter_card":"summary_large_image","schema":{"@context":"https:\/\/schema.org","@graph":[{"@type":"WebPage","@id":"https:\/\/www.scolaire-collines.com\/ecole\/salles-specialisees\/","url":"https:\/\/www.scolaire-collines.com\/ecole\/salles-specialisees\/","name":"Salles sp\u00e9cialis\u00e9es - Ecole Notre Dame des Collines","isPartOf":{"@id":"http:\/\/www.scolaire-collines.com\/ecole\/#website"},"datePublished":"2010-01-20T13:56:15+00:00","dateModified":"2020-10-12T09:18:34+00:00","breadcrumb":{"@id":"https:\/\/www.scolaire-collines.com\/ecole\/salles-specialisees\/#breadcrumb"},"inLanguage":"fr-FR","potentialAction":[{"@type":"ReadAction","target":["https:\/\/www.scolaire-collines.com\/ecole\/salles-specialisees\/"]}]},{"@type":"BreadcrumbList","@id":"https:\/\/www.scolaire-collines.com\/ecole\/salles-specialisees\/#breadcrumb","itemListElement":[{"@type":"ListItem","position":1,"name":"Accueil","item":"http:\/\/www.scolaire-collines.com\/ecole\/"},{"@type":"ListItem","position":2,"name":"Salles sp\u00e9cialis\u00e9es"}]},{"@type":"WebSite","@id":"http:\/\/www.scolaire-collines.com\/ecole\/#website","url":"http:\/\/www.scolaire-collines.com\/ecole\/","name":"Ecole Notre Dame des Collines","description":"Groupe scolaire des Collines","potentialAction":[{"@type":"SearchAction","target":{"@type":"EntryPoint","urlTemplate":"http:\/\/www.scolaire-collines.com\/ecole\/?s={search_term_string}"},"query-input":{"@type":"PropertyValueSpecification","valueRequired":true,"valueName":"search_term_string"}}],"inLanguage":"fr-FR"}]}},"_links":{"self":[{"href":"http:\/\/www.scolaire-collines.com\/ecole\/wp-json\/wp\/v2\/pages\/444","targetHints":{"allow":["GET"]}}],"collection":[{"href":"http:\/\/www.scolaire-collines.com\/ecole\/wp-json\/wp\/v2\/pages"}],"about":[{"href":"http:\/\/www.scolaire-collines.com\/ecole\/wp-json\/wp\/v2\/types\/page"}],"author":[{"embeddable":true,"href":"http:\/\/www.scolaire-collines.com\/ecole\/wp-json\/wp\/v2\/users\/1"}],"replies":[{"embeddable":true,"href":"http:\/\/www.scolaire-collines.com\/ecole\/wp-json\/wp\/v2\/comments?post=444"}],"version-history":[{"count":3,"href":"http:\/\/www.scolaire-collines.com\/ecole\/wp-json\/wp\/v2\/pages\/444\/revisions"}],"predecessor-version":[{"id":1068,"href":"http:\/\/www.scolaire-collines.com\/ecole\/wp-json\/wp\/v2\/pages\/444\/revisions\/1068"}],"wp:attachment":[{"href":"http:\/\/www.scolaire-collines.com\/ecole\/wp-json\/wp\/v2\/media?parent=444"}],"curies":[{"name":"wp","href":"https:\/\/api.w.org\/{rel}","templated":true}]}}