{"id":440,"date":"2010-01-20T11:05:19","date_gmt":"2010-01-20T10:05:19","guid":{"rendered":"http:\/\/www.scolaire-collines.com\/ecole\/?page_id=108"},"modified":"2023-10-10T15:38:54","modified_gmt":"2023-10-10T13:38:54","slug":"calendrier-des-vacances","status":"publish","type":"page","link":"http:\/\/www.scolaire-collines.com\/ecole\/calendrier-des-vacances\/","title":{"rendered":"Calendrier des vacances"},"content":{"rendered":"<table style=\"height: 247px;\" border=\"1\" width=\"688\" frame=\"below\" cellspacing=\"0\" cellpadding=\"1\">\n<thead>\n<tr style=\"height: 66px;\">\n<td style=\"width: 257.19px; height: 66px; text-align: center; vertical-align: middle;\" bgcolor=\"#f2b100\">\n<h4><strong>Vacances<\/strong><\/h4>\n<\/td>\n<td style=\"width: 228.84px; height: 66px; text-align: center; vertical-align: middle;\" bgcolor=\"#f2b100\">\n<h4><strong>date de fin des cours<\/strong><\/h4>\n<\/td>\n<td style=\"width: 189.97px; height: 66px; text-align: center; vertical-align: middle;\" bgcolor=\"#f2b100\">\n<h4><strong>date de reprise<\/strong><\/h4>\n<\/td>\n<\/tr>\n<\/thead>\n<tbody>\n<tr style=\"height: 24.5667px;\">\n<td style=\"width: 257.19px; height: 24.5667px;\" bgcolor=\"#fdeee9\">Rentr\u00e9e scolaire des \u00e9l\u00e8ves<\/td>\n<td style=\"width: 228.84px; height: 24.5667px;\" bgcolor=\"#fdeee9\"><\/td>\n<td style=\"width: 189.97px; height: 24.5667px;\" bgcolor=\"#fdeee9\">\u00a0lundi 4 septembre 2023<\/td>\n<\/tr>\n<tr style=\"height: 24px;\">\n<td style=\"width: 257.19px; height: 24px;\" bgcolor=\"#fdeee9\">Vacances de la Toussaint<\/td>\n<td style=\"width: 228.84px; height: 24px;\" bgcolor=\"#fdeee9\">vendredi\u00a020 octobre 2023<\/td>\n<td style=\"width: 189.97px; height: 24px;\" bgcolor=\"#fdeee9\">lundi 6 novembre 2023<\/td>\n<\/tr>\n<tr style=\"height: 24px;\">\n<td style=\"width: 257.19px; height: 24px;\" bgcolor=\"#fdeee9\">Vacances de No\u00ebl<\/td>\n<td style=\"width: 228.84px; height: 24px;\" bgcolor=\"#fdeee9\">vendredi 22 d\u00e9cembre 2023<\/td>\n<td style=\"width: 189.97px; height: 24px;\" bgcolor=\"#fdeee9\">lundi 8 janvier 2024<\/td>\n<\/tr>\n<tr style=\"height: 24px;\">\n<td style=\"width: 257.19px; height: 24px;\" bgcolor=\"#fdeee9\">Vacances d&rsquo;hiver<\/td>\n<td style=\"width: 228.84px; height: 24px;\" bgcolor=\"#fdeee9\">vendredi 16 f\u00e9vrier 2024<\/td>\n<td style=\"width: 189.97px; height: 24px;\" bgcolor=\"#fdeee9\">lundi 4 mars 2024<\/td>\n<\/tr>\n<tr style=\"height: 24px;\">\n<td style=\"width: 257.19px; height: 24px;\" bgcolor=\"#fdeee9\">Vacances de printemps<\/td>\n<td style=\"width: 228.84px; height: 24px;\" bgcolor=\"#fdeee9\">vendredi 12 avril 2024<\/td>\n<td style=\"width: 189.97px; height: 24px;\" bgcolor=\"#fdeee9\">lundi 29 avril 2024<\/td>\n<\/tr>\n<tr style=\"height: 24px;\">\n<td style=\"width: 257.19px; height: 24px;\" bgcolor=\"#fdeee9\">Pont de l&rsquo;Ascension<\/td>\n<td style=\"width: 228.84px; height: 24px;\" bgcolor=\"#fdeee9\">mardi 7 mai 2024<\/td>\n<td style=\"width: 189.97px; height: 24px;\" bgcolor=\"#fdeee9\">lundi 13 mai 2024<\/td>\n<\/tr>\n<tr style=\"height: 24px;\">\n<td style=\"width: 257.19px; height: 24px;\" bgcolor=\"#fdeee9\">Vacances d&rsquo;\u00e9t\u00e9<\/td>\n<td style=\"width: 228.84px; height: 24px;\" bgcolor=\"#fdeee9\">vendredi 5 juillet 2024<\/td>\n<td style=\"width: 189.97px; height: 24px;\" bgcolor=\"#fdeee9\"><\/td>\n<\/tr>\n<\/tbody>\n<\/table>\n<p>&nbsp;<\/p>\n","protected":false},"excerpt":{"rendered":"<p>Vacances date de fin des cours date de reprise Rentr\u00e9e scolaire des \u00e9l\u00e8ves \u00a0lundi 4 septembre 2023 Vacances de la Toussaint vendredi\u00a020 octobre 2023 lundi 6 novembre 2023 Vacances de [&hellip;]<\/p>\n","protected":false},"author":1,"featured_media":0,"parent":0,"menu_order":6,"comment_status":"closed","ping_status":"closed","template":"","meta":{"_acf_changed":false,"footnotes":""},"class_list":["post-440","page","type-page","status-publish","hentry"],"acf":[],"yoast_head":"<!-- This site is optimized with the Yoast SEO plugin v24.2 - https:\/\/yoast.com\/wordpress\/plugins\/seo\/ -->\n<title>Calendrier des vacances - Ecole Notre Dame des Collines<\/title>\n<meta name=\"robots\" content=\"index, follow, max-snippet:-1, max-image-preview:large, max-video-preview:-1\" \/>\n<link rel=\"canonical\" href=\"http:\/\/www.scolaire-collines.com\/ecole\/calendrier-des-vacances\/\" \/>\n<meta property=\"og:locale\" content=\"fr_FR\" \/>\n<meta property=\"og:type\" content=\"article\" \/>\n<meta property=\"og:title\" content=\"Calendrier des vacances - Ecole Notre Dame des Collines\" \/>\n<meta property=\"og:description\" content=\"Vacances date de fin des cours date de reprise Rentr\u00e9e scolaire des \u00e9l\u00e8ves \u00a0lundi 4 septembre 2023 Vacances de la Toussaint vendredi\u00a020 octobre 2023 lundi 6 novembre 2023 Vacances de [&hellip;]\" \/>\n<meta property=\"og:url\" content=\"http:\/\/www.scolaire-collines.com\/ecole\/calendrier-des-vacances\/\" \/>\n<meta property=\"og:site_name\" content=\"Ecole Notre Dame des Collines\" \/>\n<meta property=\"article:modified_time\" content=\"2023-10-10T13:38:54+00:00\" \/>\n<meta name=\"twitter:card\" content=\"summary_large_image\" \/>\n<script type=\"application\/ld+json\" class=\"yoast-schema-graph\">{\"@context\":\"https:\/\/schema.org\",\"@graph\":[{\"@type\":\"WebPage\",\"@id\":\"http:\/\/www.scolaire-collines.com\/ecole\/calendrier-des-vacances\/\",\"url\":\"http:\/\/www.scolaire-collines.com\/ecole\/calendrier-des-vacances\/\",\"name\":\"Calendrier des vacances - Ecole Notre Dame des Collines\",\"isPartOf\":{\"@id\":\"http:\/\/www.scolaire-collines.com\/ecole\/#website\"},\"datePublished\":\"2010-01-20T10:05:19+00:00\",\"dateModified\":\"2023-10-10T13:38:54+00:00\",\"breadcrumb\":{\"@id\":\"http:\/\/www.scolaire-collines.com\/ecole\/calendrier-des-vacances\/#breadcrumb\"},\"inLanguage\":\"fr-FR\",\"potentialAction\":[{\"@type\":\"ReadAction\",\"target\":[\"http:\/\/www.scolaire-collines.com\/ecole\/calendrier-des-vacances\/\"]}]},{\"@type\":\"BreadcrumbList\",\"@id\":\"http:\/\/www.scolaire-collines.com\/ecole\/calendrier-des-vacances\/#breadcrumb\",\"itemListElement\":[{\"@type\":\"ListItem\",\"position\":1,\"name\":\"Accueil\",\"item\":\"http:\/\/www.scolaire-collines.com\/ecole\/\"},{\"@type\":\"ListItem\",\"position\":2,\"name\":\"Calendrier des vacances\"}]},{\"@type\":\"WebSite\",\"@id\":\"http:\/\/www.scolaire-collines.com\/ecole\/#website\",\"url\":\"http:\/\/www.scolaire-collines.com\/ecole\/\",\"name\":\"Ecole Notre Dame des Collines\",\"description\":\"Groupe scolaire des Collines\",\"potentialAction\":[{\"@type\":\"SearchAction\",\"target\":{\"@type\":\"EntryPoint\",\"urlTemplate\":\"http:\/\/www.scolaire-collines.com\/ecole\/?s={search_term_string}\"},\"query-input\":{\"@type\":\"PropertyValueSpecification\",\"valueRequired\":true,\"valueName\":\"search_term_string\"}}],\"inLanguage\":\"fr-FR\"}]}<\/script>\n<!-- \/ Yoast SEO plugin. -->","yoast_head_json":{"title":"Calendrier des vacances - Ecole Notre Dame des Collines","robots":{"index":"index","follow":"follow","max-snippet":"max-snippet:-1","max-image-preview":"max-image-preview:large","max-video-preview":"max-video-preview:-1"},"canonical":"http:\/\/www.scolaire-collines.com\/ecole\/calendrier-des-vacances\/","og_locale":"fr_FR","og_type":"article","og_title":"Calendrier des vacances - Ecole Notre Dame des Collines","og_description":"Vacances date de fin des cours date de reprise Rentr\u00e9e scolaire des \u00e9l\u00e8ves \u00a0lundi 4 septembre 2023 Vacances de la Toussaint vendredi\u00a020 octobre 2023 lundi 6 novembre 2023 Vacances de [&hellip;]","og_url":"http:\/\/www.scolaire-collines.com\/ecole\/calendrier-des-vacances\/","og_site_name":"Ecole Notre Dame des Collines","article_modified_time":"2023-10-10T13:38:54+00:00","twitter_card":"summary_large_image","schema":{"@context":"https:\/\/schema.org","@graph":[{"@type":"WebPage","@id":"http:\/\/www.scolaire-collines.com\/ecole\/calendrier-des-vacances\/","url":"http:\/\/www.scolaire-collines.com\/ecole\/calendrier-des-vacances\/","name":"Calendrier des vacances - Ecole Notre Dame des Collines","isPartOf":{"@id":"http:\/\/www.scolaire-collines.com\/ecole\/#website"},"datePublished":"2010-01-20T10:05:19+00:00","dateModified":"2023-10-10T13:38:54+00:00","breadcrumb":{"@id":"http:\/\/www.scolaire-collines.com\/ecole\/calendrier-des-vacances\/#breadcrumb"},"inLanguage":"fr-FR","potentialAction":[{"@type":"ReadAction","target":["http:\/\/www.scolaire-collines.com\/ecole\/calendrier-des-vacances\/"]}]},{"@type":"BreadcrumbList","@id":"http:\/\/www.scolaire-collines.com\/ecole\/calendrier-des-vacances\/#breadcrumb","itemListElement":[{"@type":"ListItem","position":1,"name":"Accueil","item":"http:\/\/www.scolaire-collines.com\/ecole\/"},{"@type":"ListItem","position":2,"name":"Calendrier des vacances"}]},{"@type":"WebSite","@id":"http:\/\/www.scolaire-collines.com\/ecole\/#website","url":"http:\/\/www.scolaire-collines.com\/ecole\/","name":"Ecole Notre Dame des Collines","description":"Groupe scolaire des Collines","potentialAction":[{"@type":"SearchAction","target":{"@type":"EntryPoint","urlTemplate":"http:\/\/www.scolaire-collines.com\/ecole\/?s={search_term_string}"},"query-input":{"@type":"PropertyValueSpecification","valueRequired":true,"valueName":"search_term_string"}}],"inLanguage":"fr-FR"}]}},"_links":{"self":[{"href":"http:\/\/www.scolaire-collines.com\/ecole\/wp-json\/wp\/v2\/pages\/440","targetHints":{"allow":["GET"]}}],"collection":[{"href":"http:\/\/www.scolaire-collines.com\/ecole\/wp-json\/wp\/v2\/pages"}],"about":[{"href":"http:\/\/www.scolaire-collines.com\/ecole\/wp-json\/wp\/v2\/types\/page"}],"author":[{"embeddable":true,"href":"http:\/\/www.scolaire-collines.com\/ecole\/wp-json\/wp\/v2\/users\/1"}],"replies":[{"embeddable":true,"href":"http:\/\/www.scolaire-collines.com\/ecole\/wp-json\/wp\/v2\/comments?post=440"}],"version-history":[{"count":12,"href":"http:\/\/www.scolaire-collines.com\/ecole\/wp-json\/wp\/v2\/pages\/440\/revisions"}],"predecessor-version":[{"id":1156,"href":"http:\/\/www.scolaire-collines.com\/ecole\/wp-json\/wp\/v2\/pages\/440\/revisions\/1156"}],"wp:attachment":[{"href":"http:\/\/www.scolaire-collines.com\/ecole\/wp-json\/wp\/v2\/media?parent=440"}],"curies":[{"name":"wp","href":"https:\/\/api.w.org\/{rel}","templated":true}]}}