{"id":439,"date":"2010-01-15T13:28:17","date_gmt":"2010-01-15T12:28:17","guid":{"rendered":"http:\/\/www.scolaire-collines.com\/ecole\/?page_id=98"},"modified":"2016-09-03T19:54:12","modified_gmt":"2016-09-03T17:54:12","slug":"reglement-interieur-de-lecole","status":"publish","type":"page","link":"http:\/\/www.scolaire-collines.com\/ecole\/reglement-interieur-de-lecole\/","title":{"rendered":"R\u00e8glement Int\u00e9rieur de l&rsquo;Ecole"},"content":{"rendered":"<p style=\"text-align: center;\">L\u2019inscription dans le Groupe Scolaire Notre Dame des Collines implique l\u2019adh\u00e9sion de la famille et de l\u2019\u00e9l\u00e8ve au Projet \u00c9ducatif et donc au pr\u00e9sent r\u00e8glement.<\/p>\n<p style=\"text-align: center;\">Ce texte de r\u00e9f\u00e9rence permet d\u2019accompagner les \u00e9l\u00e8ves dans l\u2019apprentissage des r\u00e8gles de vie en soci\u00e9t\u00e9 et favorise le bon d\u00e9roulement de leur cursus scolaire.<\/p>\n<p>&nbsp;<\/p>\n<p style=\"text-align: justify;\"><div class=\"su-row\">\n<div class=\"su-column su-column-size-1-3\"><div class=\"su-column-inner su-u-clearfix su-u-trim\">\n<p><span style=\"color: #f2b100;\"><strong>1 \u2013 HORAIRES\u00a0:<\/strong><\/span><\/p>\n<p>Les cours sont dispens\u00e9s aux \u00e9l\u00e8ves les Lundi, Mardi, Jeudi, vendredi :<\/p>\n<ul style=\"list-style-type: disc;\">\n<li style=\"padding-left: 30px;\">le matin de 8 H\u00a015 \u00e0 11 H 30<\/li>\n<li style=\"padding-left: 30px;\">l\u2019apr\u00e8s-midi de 13 H 30 \u00e0 16 H 30<\/li>\n<\/ul>\n<p>Ces horaires doivent \u00eatre imp\u00e9rativement respect\u00e9s.<\/p>\n<p>Les \u00e9l\u00e8ves sont accueillis \u00e0 l\u2019\u00e9cole le matin \u00e0 partir de 7 H 30.<br \/>\nLes \u00e9l\u00e8ves de maternelle seront accueillis jusqu\u2019\u00e0 8 H 30.<\/p>\n<p>Les enfants qui quittent l\u2019\u00e9cole \u00e0 midi sont accueillis uniquement \u00e0 partir de 13 H 20.<br \/>\nUne surveillance est assur\u00e9e de 16 H 30 \u00e0 17 H 00.<\/p>\n<p><strong><span style=\"color: #f2b100;\">2 \u2013 ASSIDUIT\u00c9\u00a0:<\/span><\/strong><\/p>\n<p style=\"text-align: justify;\">L\u2019\u00e9cole ayant adopt\u00e9 le rythme de la semaine de 4 jours, il est imp\u00e9ratif de respecter le calendrier scolaire remis en d\u00e9but d\u2019ann\u00e9e.<\/p>\n<p style=\"text-align: justify;\">La scolarit\u00e9 \u00e9tant obligatoire et devant \u00eatre assidue d\u00e8s 6 ans, aucune autorisation ne sera donn\u00e9e pour une d\u00e9rogation aux horaires et aux dates l\u00e9gales de cong\u00e9. Le travail ex\u00e9cut\u00e9 en classe lors de ces absences ne sera pas communiqu\u00e9. Les parents assument seuls la responsabilit\u00e9 de ces absences.<\/p>\n<p style=\"text-align: justify;\"><strong>2-1\u00a0: Retard\u00a0:<\/strong><br \/>\nLa ponctualit\u00e9 marque le respect du travail de chacun. Elle est une obligation l\u00e9gale du travail scolaire. Un retard occasionnel est compr\u00e9hensible, des retards r\u00e9p\u00e9t\u00e9s sont inacceptables. Ils devront \u00eatre justifi\u00e9s. Tout retard manifestement imputable \u00e0 l\u2019enfant sera sanctionn\u00e9.<\/p>\n<p style=\"text-align: justify;\"><strong>2-2\u00a0: Absences\u00a0:<\/strong><br \/>\nLes absences sont signal\u00e9es le jour m\u00eame par t\u00e9l\u00e9phone, avant 10 H 00, en composant le 04 77 75 09 27. Au retour, l\u2019enfant doit pr\u00e9senter un mot \u00e9crit mentionnant le motif de l\u2019absence, la date et la signature du responsable l\u00e9gal.<br \/>\nA partir du Cycle 2 (Grande Section), toute absence d\u2019au moins une semaine devra \u00eatre justifi\u00e9e par un Certificat M\u00e9dical, \u00e0 remettre d\u00e8s le retour de l\u2019enfant \u00e0 l\u2019\u00e9cole. Toute absence non justifi\u00e9e est signal\u00e9e \u00e0 l\u2019Inspection Acad\u00e9mique de la Loire qui pourra adresser un avertissement, demander une enqu\u00eate sociale puis saisir le Procureur de la R\u00e9publique (infraction pr\u00e9vue \u00e0 l\u2019article R 624 &#8211; 7 du Code P\u00e9nal).<\/p>\n<p style=\"text-align: justify;\"><strong>2-3\u00a0: Rendez-vous\u00a0:<\/strong><br \/>\nLes rendez-vous \u00e0 l\u2019ext\u00e9rieur de l\u2019\u00e9cole (dentiste, coiffeur, \u2026) doivent \u00eatre pris en dehors des horaires scolaires. Si les parents doivent venir chercher leur enfant \u00e0 l\u2019\u00e9cole en cours de journ\u00e9e (visite m\u00e9dicale, orthophoniste, \u2026), ils devront remplir une fiche de sortie de classe.<\/p>\n<p style=\"text-align: justify;\"><\/div><\/div>\n<div class=\"su-column su-column-size-1-3\"><div class=\"su-column-inner su-u-clearfix su-u-trim\">\n<p><strong><span style=\"color: #f2b100;\">3 \u2013 VIE SCOLAIRE\u00a0:<\/span><\/strong><\/p>\n<p style=\"text-align: justify;\"><strong>3-1\u00a0: Entr\u00e9es et circulation\u00a0:<\/strong><br \/>\nLes \u00e9l\u00e8ves de maternelle sont accueillis directement dans leur classe. Ils peuvent arriver \u00e0 l\u2019\u00e9cole au plus tard \u00e0 8 H 30.<br \/>\nPour la s\u00e9curit\u00e9 des \u00e9l\u00e8ves et la bonne marche de l\u2019\u00e9cole, les parents ne sont pas autoris\u00e9s \u00e0 stationner et\/ ou \u00e0 circuler dans la cour. Un \u00e9l\u00e8ve entr\u00e9 dans l\u2019\u00e9tablissement ne peut pas ressortir sans autorisation.<\/p>\n<p style=\"text-align: justify;\">La circulation \u00e0 l\u2019int\u00e9rieur des b\u00e2timents doit se faire sans bruit afin de respecter les autres et de se mettre en condition de travail. Les parents ne sont pas admis dans les classes. Les enfants n\u2019iront pas dans leur classe en dehors des heures scolaires sans autorisation.<\/p>\n<p style=\"text-align: justify;\"><strong>3-2\u00a0: Objets personnels\u00a0:<\/strong><br \/>\nL\u2019argent de poche, les chewing-gum, les sucettes, les bonbons, les p\u00e9tards, les balles de tennis, les baladeurs, les jeux \u00e9lectroniques, les t\u00e9l\u00e9phones portables, les briquets, les cigarettes, les couteaux, les animaux, \u2026 sont interdits dans l\u2019enceinte de l\u2019\u00e9cole. Tout objet n\u2019ayant pas sa place \u00e0 l\u2019\u00e9cole sera confisqu\u00e9 et rendu en mains propres au responsable l\u00e9gal.<br \/>\nL\u2019\u00e9cole d\u00e9cline toute responsabilit\u00e9 en cas de perte ou de vol d\u2019objets de valeur.<\/p>\n<p style=\"text-align: justify;\"><strong>3-3\u00a0: Attitudes et tenue\u00a0:<\/strong><br \/>\nLes \u00e9l\u00e8ves sont tenus \u00e0 une attitude et un langage respectueux \u00e0 l\u2019\u00e9gard des personnes qui travaillent dans l\u2019\u00e9tablissement, des parents et de leurs camarades. Leur comportement doit \u00eatre correct. L\u2019insolence, les grossi\u00e8ret\u00e9s et les violences verbales et physiques ne sont pas tol\u00e9r\u00e9es. Tout manquement \u00e0 cette r\u00e8gle entra\u00eenera une sanction (\u00a7 3-4).<\/p>\n<p style=\"text-align: justify;\">La place d\u2019un \u00e9l\u00e8ve malade ou fi\u00e9vreux n\u2019est pas \u00e0 l\u2019\u00e9cole, pour son bien \u00eatre et la sant\u00e9 des autres enfants. L\u2019\u00e9cole n\u2019est pas autoris\u00e9e \u00e0 administrer de m\u00e9dicaments aux enfants. Pour la s\u00e9curit\u00e9 de chacun, il est interdit aux \u00e9l\u00e8ves d\u2019\u00eatre en possession de m\u00e9dicaments. Pour une maladie chronique (diab\u00e8te, asthme, \u2026), un Projet d\u2019Accueil Individualis\u00e9 sera sign\u00e9 avec le m\u00e9decin scolaire.<\/p>\n<p style=\"text-align: justify;\">L\u2019\u00e9cole \u00e9tant un lieu de travail et de socialisation, les \u00e9l\u00e8ves doivent porter une tenue vestimentaire d\u00e9cente, propre et jug\u00e9e correcte. Les signes religieux qui seraient l\u2019expression d\u2019une ali\u00e9nation, un moyen de manipulation ou de pros\u00e9lytisme, une source de troubles manifestes au sein de l\u2019\u00e9tablissement ne seront pas tol\u00e9r\u00e9s et entra\u00eeneront une sanction.<\/p>\n<p style=\"text-align: justify;\">Tous les locaux (classe, couloir, cour, toilettes, \u2026) doivent rester propres afin de garder un cadre de travail agr\u00e9able et de respecter le travail du personnel d\u2019entretien. Toute d\u00e9gradation entra\u00eenera la facturation de la r\u00e9paration.<\/p>\n<p style=\"text-align: justify;\">Chaque \u00e9l\u00e8ve doit prendre soin du mat\u00e9riel (livres, mobilier, \u2026) mis \u00e0 disposition pour les activit\u00e9s par l\u2019\u00e9cole. Toute d\u00e9t\u00e9rioration ou perte sera \u00e9valu\u00e9e et factur\u00e9e \u00e0 la famille.<\/p>\n<p style=\"text-align: justify;\"><strong>A l\u2019int\u00e9rieur de l\u2019\u00e9tablissement, seule l\u2019\u00e9quipe \u00e9ducative peut intervenir en cas de probl\u00e8me.<\/strong><\/p>\n<p style=\"text-align: justify;\"><\/div><\/div>\n<div class=\"su-column su-column-size-1-3\"><div class=\"su-column-inner su-u-clearfix su-u-trim\">\n<p style=\"text-align: justify;\"><strong>3-4\u00a0: Punitions et sanctions\u00a0:<\/strong><br \/>\nTout manquement \u00e0 ces r\u00e8gles pr\u00e9c\u00e9demment cit\u00e9es entra\u00eene des punitions et des sanctions graduelles et institutionnelles donn\u00e9es par le personnel \u00e9ducatif et\/ou le directeur\u00a0:<\/p>\n<ul style=\"list-style-type: disc;\">\n<li style=\"padding-left: 30px;\">travail suppl\u00e9mentaire \u00e9crit<\/li>\n<li style=\"padding-left: 30px;\">privation d\u2019activit\u00e9<\/li>\n<li style=\"padding-left: 30px;\">travail d\u2019int\u00e9r\u00eat collectif pour l\u2019\u00e9cole<\/li>\n<li style=\"padding-left: 30px;\">avertissement \u00e9crit \u00e0 la famille<\/li>\n<li style=\"padding-left: 30px;\">convocation des parents \u00e0 l\u2019\u00e9cole pour mise au point<\/li>\n<li style=\"padding-left: 30px;\">retenue le mercredi matin ou apr\u00e8s-midi<\/li>\n<li style=\"padding-left: 30px;\">exclusion de la classe (puni dans une autre classe)<\/li>\n<li style=\"padding-left: 30px;\">exclusion temporaire de l\u2019\u00e9cole (pendant un voire plusieurs jours)<\/li>\n<li style=\"padding-left: 30px;\">exclusion d\u00e9finitive \u00e0 l\u2019issue d\u2019un Conseil des Ma\u00eetres extraordinaire<\/li>\n<\/ul>\n<p style=\"text-align: justify;\">Le directeur et le personnel \u00e9ducatif peuvent \u00eatre amen\u00e9s \u00e0 compl\u00e9ter ce r\u00e8glement par des \u00e9l\u00e9ments cons\u00e9cutifs \u00e0 des \u00e9v\u00e8nements fortuits ou des r\u00e9flexions lors de concertations.<\/p>\n<p><strong><span style=\"color: #f2b100;\">4 \u2013 REMARQUES DIVERSES :<\/span><\/strong><\/p>\n<p style=\"text-align: justify;\"><strong>4-1<\/strong>\u00a0: Circulaires\u00a0:<br \/>\nLes circulaires communiquant le fonctionnement de l\u2019\u00e9cole, les sorties, les \u00e9v\u00e8nements \u2026 sont distribu\u00e9es \u00e0 l\u2019a\u00een\u00e9 de la famille.<\/p>\n<p style=\"text-align: justify;\"><strong>4-2<\/strong>\u00a0: Aux entr\u00e9es et sorties de classe, devant l\u2019\u00e9cole, les enfants sont sous l\u2019enti\u00e8re responsabilit\u00e9 des adultes qui doivent surveiller leur attitude.<\/p>\n<p style=\"text-align: justify;\"><strong>4-3<\/strong>\u00a0: Pour des questions de s\u00e9curit\u00e9, il est instamment demand\u00e9 aux parents de ne pas stationner devant le portail de l\u2019\u00e9cole, afin de faciliter la circulation des \u00e9l\u00e8ves.<\/p>\n<p style=\"text-align: justify;\"><strong>4-4<\/strong>\u00a0: Tout changement de situation familiale, de domicile ou de t\u00e9l\u00e9phone doit \u00eatre imm\u00e9diatement signal\u00e9 \u00e0 Monsieur le Directeur.<\/p>\n<p style=\"text-align: justify;\"><strong>4-5<\/strong> : Pour des questions d\u2019hygi\u00e8ne, toute maladie entra\u00eenant contamination, contagion, \u00e9viction scolaire, \u2026 doit faire l\u2019objet d\u2019un signalement imm\u00e9diat \u00e0 l\u2019\u00e9cole.<\/p>\n<p><BR\/><br \/>\n<BR\/><br \/>\n<BR\/><\/p>\n<p style=\"text-align: justify;\"><img loading=\"lazy\" decoding=\"async\" class=\"size-medium wp-image-779 aligncenter\" src=\"http:\/\/www.scolaire-collines.com\/ecole-ndc\/wp-content\/uploads\/2010\/01\/DSC_9546-450x299.jpg\" alt=\"CARNET de liaison\" width=\"450\" height=\"299\" srcset=\"http:\/\/www.scolaire-collines.com\/ecole\/wp-content\/uploads\/2010\/01\/DSC_9546-450x299.jpg 450w, http:\/\/www.scolaire-collines.com\/ecole\/wp-content\/uploads\/2010\/01\/DSC_9546-768x510.jpg 768w, http:\/\/www.scolaire-collines.com\/ecole\/wp-content\/uploads\/2010\/01\/DSC_9546-1204x800.jpg 1204w, http:\/\/www.scolaire-collines.com\/ecole\/wp-content\/uploads\/2010\/01\/DSC_9546-600x400.jpg 600w\" sizes=\"auto, (max-width: 450px) 100vw, 450px\" \/><\/p>\n<p style=\"text-align: justify;\"><\/div><\/div>\n<\/div>\n<p style=\"text-align: center;\"><strong>Ce texte a \u00e9t\u00e9 adopt\u00e9 et promulgu\u00e9 au Conseil d\u2019Etablissement du 9 f\u00e9vrier 2007.<\/strong><\/p>\n<p style=\"text-align: center;\">Il est r\u00e9guli\u00e8rement relu et amend\u00e9 lors du dernier Conseil d\u2019Etablissement de l\u2019ann\u00e9e scolaire.<\/p>\n<p style=\"text-align: center;\">Ce r\u00e8glement est r\u00e9dig\u00e9 int\u00e9gralement dans le Carnet de Liaison qui est remis \u00e0 chaque \u00e9l\u00e8ve du C.P. au C.M. 2 d\u00e9but septembre.<\/p>\n<p style=\"text-align: center;\">Tout \u00e9l\u00e8ve ainsi que ses responsables l\u00e9gaux sont invit\u00e9s \u00e0 le relire et \u00e0 le signer chaque d\u00e9but d\u2019ann\u00e9e scolaire.<\/p>\n<div class=\"su-row\">\n<div class=\"su-column su-column-size-1-2\"><div class=\"su-column-inner su-u-clearfix su-u-trim\">\n<p><span style=\"color: #f2b100;\"><strong>Annexe 1 \u2013 REGLEMENT de la CANTINE\u00a0:<\/strong><\/span><\/p>\n<p style=\"text-align: justify;\">En arrivant le matin, les \u00e9l\u00e8ves doivent s\u2019inscrire sur la feuille de cantine. A 11 H 30, les \u00e9l\u00e8ves se regroupent vers les surveillantes. Au signal, ils se rendent en rang jusqu\u2019\u00e0 l\u2019espace Restauration.<br \/>\nEn aucun cas, les \u00e9l\u00e8ves sont autoris\u00e9s \u00e0 sortir de l\u2019\u00e9tablissement.<\/p>\n<p style=\"text-align: justify;\"><strong>Entr\u00e9e \u00e0 l\u2019espace Restauration :<\/strong><br \/>\nLes \u00e9l\u00e8ves ne doivent pas entrer au r\u00e9fectoire sans autorisation.<br \/>\nLes \u00e9l\u00e8ves de Cycle 2 (C.P. et C.E.1) sont servis \u00e0 table \u00e0 la place qui leur est d\u00e9sign\u00e9e par la surveillante (afin de compl\u00e9ter les tables).<br \/>\nLes \u00e9l\u00e8ves de Cycle 3 (C.E.2, C.M.1, C.M.2) se servent au self et s\u2019installent aux tables d\u00e9sign\u00e9es par la surveillante.<\/p>\n<p style=\"text-align: justify;\"><strong>Au cours du repas :<\/strong><br \/>\nLes enfants peuvent parler sans crier et doivent rester assis (sauf autorisation des surveillantes) afin de ne pas g\u00eaner le service. Chaque enfant doit respecter la nourriture et \u00e9viter tout gaspillage.<br \/>\nChacun veille au mat\u00e9riel. Les d\u00e9g\u00e2ts, bris de vaisselle, \u2026 caus\u00e9s volontairement par les \u00e9l\u00e8ves seront signal\u00e9s et factur\u00e9s aux parents. Ils peuvent entra\u00eener une punition.<\/p>\n<p style=\"text-align: justify;\"><strong>Sortie de l\u2019espace Restauration :<\/strong><br \/>\nLes \u00e9l\u00e8ves de Cycle 2 (C.P. et C.E.1) rassemblent leurs d\u00e9chets, regroupent les couverts et empilent la vaisselle, de mani\u00e8re \u00e0 laisser la table propre. Le d\u00e9part de la cantine se fait table par table, apr\u00e8s le signal donn\u00e9 par la surveillante.<br \/>\nLes \u00e9l\u00e8ves de Cycle 3 (C.E.2, C.M.1, C.M.2) ram\u00e8nent leur plateau au service vaisselle et d\u00e9posent les diff\u00e9rents \u00e9l\u00e9ments dans les paniers correspondants.<\/p>\n<p style=\"text-align: justify;\">En accord avec le directeur, des sanctions pouvant aller jusqu\u2019\u00e0 l\u2019exclusion de la cantine seront prises envers les \u00e9l\u00e8ves dont le comportement serait jug\u00e9 inacceptable au r\u00e9fectoire ou dans la cour.<\/p>\n<\/div><\/div>\n<div class=\"su-column su-column-size-1-2\"><div class=\"su-column-inner su-u-clearfix su-u-trim\">\n<p><strong><span style=\"color: #f2b100;\">Annexe 2 \u2013 REGLEMENT de la COUR de RECREATION\u00a0:<\/span><\/strong><\/p>\n<p style=\"text-align: justify;\">Les r\u00e9cr\u00e9ations se d\u00e9roulent sur l\u2019espace d\u00e9limit\u00e9 par les barri\u00e8res.<\/p>\n<p style=\"text-align: justify;\">La cour est un espace commun : tout le monde a le droit de jouer, en respectant les r\u00e8gles, en surveillant son langage, en ne faisant pas de gestes violents. Tout \u00e9l\u00e8ve irrespectueux, impoli, brutal restera assis jusqu\u2019\u00e0 la fin de la r\u00e9cr\u00e9ation.<\/p>\n<p style=\"text-align: justify;\">Seuls les ballons mis \u00e0 disposition par l\u2019\u00e9cole sont autoris\u00e9s sur la cour. Gros ballons, balles de tennis, \u2026 doivent rester \u00e0 la maison.<\/p>\n<p style=\"text-align: justify;\">Si le ballon franchit l\u2019enceinte de la cour, celui qui l\u2019a jet\u00e9 demande l\u2019autorisation au surveillant d\u2019aller le chercher.<\/p>\n<p style=\"text-align: justify;\">Tout jet de projectile (marrons, sable, caillou, \u2026) est prohib\u00e9.<\/p>\n<p style=\"text-align: justify;\">On ne doit ni \u00e9crire ni dessiner sur les murs. Il ne faut pas grimper sur les grillages.<br \/>\nLes toilettes ne sont ni un terrain de jeu, ni un lieu de r\u00e9union. Chacun a le souci de la propret\u00e9 des lieux et ne gaspille pas le papier hygi\u00e9nique.<\/p>\n<p style=\"text-align: justify;\"><strong>Entr\u00e9es et sorties de classe (matin et apr\u00e8s-midi) :<\/strong><\/p>\n<p style=\"text-align: justify;\">Il est interdit de s\u2019amuser devant le portail d\u2019entr\u00e9e et le long de la barri\u00e8re de la cour des maternelles. Tous les jeux de ballons sont stopp\u00e9s et le ballon est rang\u00e9.<\/p>\n<\/div><\/div>\n<\/div>\n<p>&nbsp;<\/p>\n<p>&nbsp;<\/p>\n","protected":false},"excerpt":{"rendered":"<p>L\u2019inscription dans le Groupe Scolaire Notre Dame des Collines implique l\u2019adh\u00e9sion de la famille et de l\u2019\u00e9l\u00e8ve au Projet \u00c9ducatif et donc au pr\u00e9sent r\u00e8glement. Ce texte de r\u00e9f\u00e9rence permet [&hellip;]<\/p>\n","protected":false},"author":1,"featured_media":0,"parent":0,"menu_order":5,"comment_status":"closed","ping_status":"closed","template":"","meta":{"_acf_changed":false,"footnotes":""},"class_list":["post-439","page","type-page","status-publish","hentry"],"acf":[],"yoast_head":"<!-- This site is optimized with the Yoast SEO plugin v24.2 - https:\/\/yoast.com\/wordpress\/plugins\/seo\/ -->\n<title>R\u00e8glement Int\u00e9rieur de l&#039;Ecole - Ecole Notre Dame des Collines<\/title>\n<meta name=\"robots\" content=\"index, follow, max-snippet:-1, max-image-preview:large, max-video-preview:-1\" \/>\n<link rel=\"canonical\" href=\"http:\/\/www.scolaire-collines.com\/ecole\/reglement-interieur-de-lecole\/\" \/>\n<meta property=\"og:locale\" content=\"fr_FR\" \/>\n<meta property=\"og:type\" content=\"article\" \/>\n<meta property=\"og:title\" content=\"R\u00e8glement Int\u00e9rieur de l&#039;Ecole - Ecole Notre Dame des Collines\" \/>\n<meta property=\"og:description\" content=\"L\u2019inscription dans le Groupe Scolaire Notre Dame des Collines implique l\u2019adh\u00e9sion de la famille et de l\u2019\u00e9l\u00e8ve au Projet \u00c9ducatif et donc au pr\u00e9sent r\u00e8glement. Ce texte de r\u00e9f\u00e9rence permet [&hellip;]\" \/>\n<meta property=\"og:url\" content=\"http:\/\/www.scolaire-collines.com\/ecole\/reglement-interieur-de-lecole\/\" \/>\n<meta property=\"og:site_name\" content=\"Ecole Notre Dame des Collines\" \/>\n<meta property=\"article:modified_time\" content=\"2016-09-03T17:54:12+00:00\" \/>\n<meta property=\"og:image\" content=\"http:\/\/www.scolaire-collines.com\/ecole-ndc\/wp-content\/uploads\/2010\/01\/DSC_9546-450x299.jpg\" \/>\n<meta name=\"twitter:card\" content=\"summary_large_image\" \/>\n<meta name=\"twitter:label1\" content=\"Dur\u00e9e de lecture estim\u00e9e\" \/>\n\t<meta name=\"twitter:data1\" content=\"9 minutes\" \/>\n<script type=\"application\/ld+json\" class=\"yoast-schema-graph\">{\"@context\":\"https:\/\/schema.org\",\"@graph\":[{\"@type\":\"WebPage\",\"@id\":\"http:\/\/www.scolaire-collines.com\/ecole\/reglement-interieur-de-lecole\/\",\"url\":\"http:\/\/www.scolaire-collines.com\/ecole\/reglement-interieur-de-lecole\/\",\"name\":\"R\u00e8glement Int\u00e9rieur de l'Ecole - Ecole Notre Dame des Collines\",\"isPartOf\":{\"@id\":\"http:\/\/www.scolaire-collines.com\/ecole\/#website\"},\"primaryImageOfPage\":{\"@id\":\"http:\/\/www.scolaire-collines.com\/ecole\/reglement-interieur-de-lecole\/#primaryimage\"},\"image\":{\"@id\":\"http:\/\/www.scolaire-collines.com\/ecole\/reglement-interieur-de-lecole\/#primaryimage\"},\"thumbnailUrl\":\"http:\/\/www.scolaire-collines.com\/ecole-ndc\/wp-content\/uploads\/2010\/01\/DSC_9546-450x299.jpg\",\"datePublished\":\"2010-01-15T12:28:17+00:00\",\"dateModified\":\"2016-09-03T17:54:12+00:00\",\"breadcrumb\":{\"@id\":\"http:\/\/www.scolaire-collines.com\/ecole\/reglement-interieur-de-lecole\/#breadcrumb\"},\"inLanguage\":\"fr-FR\",\"potentialAction\":[{\"@type\":\"ReadAction\",\"target\":[\"http:\/\/www.scolaire-collines.com\/ecole\/reglement-interieur-de-lecole\/\"]}]},{\"@type\":\"ImageObject\",\"inLanguage\":\"fr-FR\",\"@id\":\"http:\/\/www.scolaire-collines.com\/ecole\/reglement-interieur-de-lecole\/#primaryimage\",\"url\":\"http:\/\/www.scolaire-collines.com\/ecole-ndc\/wp-content\/uploads\/2010\/01\/DSC_9546-450x299.jpg\",\"contentUrl\":\"http:\/\/www.scolaire-collines.com\/ecole-ndc\/wp-content\/uploads\/2010\/01\/DSC_9546-450x299.jpg\"},{\"@type\":\"BreadcrumbList\",\"@id\":\"http:\/\/www.scolaire-collines.com\/ecole\/reglement-interieur-de-lecole\/#breadcrumb\",\"itemListElement\":[{\"@type\":\"ListItem\",\"position\":1,\"name\":\"Accueil\",\"item\":\"http:\/\/www.scolaire-collines.com\/ecole\/\"},{\"@type\":\"ListItem\",\"position\":2,\"name\":\"R\u00e8glement Int\u00e9rieur de l&rsquo;Ecole\"}]},{\"@type\":\"WebSite\",\"@id\":\"http:\/\/www.scolaire-collines.com\/ecole\/#website\",\"url\":\"http:\/\/www.scolaire-collines.com\/ecole\/\",\"name\":\"Ecole Notre Dame des Collines\",\"description\":\"Groupe scolaire des Collines\",\"potentialAction\":[{\"@type\":\"SearchAction\",\"target\":{\"@type\":\"EntryPoint\",\"urlTemplate\":\"http:\/\/www.scolaire-collines.com\/ecole\/?s={search_term_string}\"},\"query-input\":{\"@type\":\"PropertyValueSpecification\",\"valueRequired\":true,\"valueName\":\"search_term_string\"}}],\"inLanguage\":\"fr-FR\"}]}<\/script>\n<!-- \/ Yoast SEO plugin. -->","yoast_head_json":{"title":"R\u00e8glement Int\u00e9rieur de l'Ecole - Ecole Notre Dame des Collines","robots":{"index":"index","follow":"follow","max-snippet":"max-snippet:-1","max-image-preview":"max-image-preview:large","max-video-preview":"max-video-preview:-1"},"canonical":"http:\/\/www.scolaire-collines.com\/ecole\/reglement-interieur-de-lecole\/","og_locale":"fr_FR","og_type":"article","og_title":"R\u00e8glement Int\u00e9rieur de l'Ecole - Ecole Notre Dame des Collines","og_description":"L\u2019inscription dans le Groupe Scolaire Notre Dame des Collines implique l\u2019adh\u00e9sion de la famille et de l\u2019\u00e9l\u00e8ve au Projet \u00c9ducatif et donc au pr\u00e9sent r\u00e8glement. Ce texte de r\u00e9f\u00e9rence permet [&hellip;]","og_url":"http:\/\/www.scolaire-collines.com\/ecole\/reglement-interieur-de-lecole\/","og_site_name":"Ecole Notre Dame des Collines","article_modified_time":"2016-09-03T17:54:12+00:00","og_image":[{"url":"http:\/\/www.scolaire-collines.com\/ecole-ndc\/wp-content\/uploads\/2010\/01\/DSC_9546-450x299.jpg","type":"","width":"","height":""}],"twitter_card":"summary_large_image","twitter_misc":{"Dur\u00e9e de lecture estim\u00e9e":"9 minutes"},"schema":{"@context":"https:\/\/schema.org","@graph":[{"@type":"WebPage","@id":"http:\/\/www.scolaire-collines.com\/ecole\/reglement-interieur-de-lecole\/","url":"http:\/\/www.scolaire-collines.com\/ecole\/reglement-interieur-de-lecole\/","name":"R\u00e8glement Int\u00e9rieur de l'Ecole - Ecole Notre Dame des Collines","isPartOf":{"@id":"http:\/\/www.scolaire-collines.com\/ecole\/#website"},"primaryImageOfPage":{"@id":"http:\/\/www.scolaire-collines.com\/ecole\/reglement-interieur-de-lecole\/#primaryimage"},"image":{"@id":"http:\/\/www.scolaire-collines.com\/ecole\/reglement-interieur-de-lecole\/#primaryimage"},"thumbnailUrl":"http:\/\/www.scolaire-collines.com\/ecole-ndc\/wp-content\/uploads\/2010\/01\/DSC_9546-450x299.jpg","datePublished":"2010-01-15T12:28:17+00:00","dateModified":"2016-09-03T17:54:12+00:00","breadcrumb":{"@id":"http:\/\/www.scolaire-collines.com\/ecole\/reglement-interieur-de-lecole\/#breadcrumb"},"inLanguage":"fr-FR","potentialAction":[{"@type":"ReadAction","target":["http:\/\/www.scolaire-collines.com\/ecole\/reglement-interieur-de-lecole\/"]}]},{"@type":"ImageObject","inLanguage":"fr-FR","@id":"http:\/\/www.scolaire-collines.com\/ecole\/reglement-interieur-de-lecole\/#primaryimage","url":"http:\/\/www.scolaire-collines.com\/ecole-ndc\/wp-content\/uploads\/2010\/01\/DSC_9546-450x299.jpg","contentUrl":"http:\/\/www.scolaire-collines.com\/ecole-ndc\/wp-content\/uploads\/2010\/01\/DSC_9546-450x299.jpg"},{"@type":"BreadcrumbList","@id":"http:\/\/www.scolaire-collines.com\/ecole\/reglement-interieur-de-lecole\/#breadcrumb","itemListElement":[{"@type":"ListItem","position":1,"name":"Accueil","item":"http:\/\/www.scolaire-collines.com\/ecole\/"},{"@type":"ListItem","position":2,"name":"R\u00e8glement Int\u00e9rieur de l&rsquo;Ecole"}]},{"@type":"WebSite","@id":"http:\/\/www.scolaire-collines.com\/ecole\/#website","url":"http:\/\/www.scolaire-collines.com\/ecole\/","name":"Ecole Notre Dame des Collines","description":"Groupe scolaire des Collines","potentialAction":[{"@type":"SearchAction","target":{"@type":"EntryPoint","urlTemplate":"http:\/\/www.scolaire-collines.com\/ecole\/?s={search_term_string}"},"query-input":{"@type":"PropertyValueSpecification","valueRequired":true,"valueName":"search_term_string"}}],"inLanguage":"fr-FR"}]}},"_links":{"self":[{"href":"http:\/\/www.scolaire-collines.com\/ecole\/wp-json\/wp\/v2\/pages\/439","targetHints":{"allow":["GET"]}}],"collection":[{"href":"http:\/\/www.scolaire-collines.com\/ecole\/wp-json\/wp\/v2\/pages"}],"about":[{"href":"http:\/\/www.scolaire-collines.com\/ecole\/wp-json\/wp\/v2\/types\/page"}],"author":[{"embeddable":true,"href":"http:\/\/www.scolaire-collines.com\/ecole\/wp-json\/wp\/v2\/users\/1"}],"replies":[{"embeddable":true,"href":"http:\/\/www.scolaire-collines.com\/ecole\/wp-json\/wp\/v2\/comments?post=439"}],"version-history":[{"count":13,"href":"http:\/\/www.scolaire-collines.com\/ecole\/wp-json\/wp\/v2\/pages\/439\/revisions"}],"predecessor-version":[{"id":782,"href":"http:\/\/www.scolaire-collines.com\/ecole\/wp-json\/wp\/v2\/pages\/439\/revisions\/782"}],"wp:attachment":[{"href":"http:\/\/www.scolaire-collines.com\/ecole\/wp-json\/wp\/v2\/media?parent=439"}],"curies":[{"name":"wp","href":"https:\/\/api.w.org\/{rel}","templated":true}]}}