{"id":438,"date":"2010-01-15T11:35:09","date_gmt":"2010-01-15T10:35:09","guid":{"rendered":"http:\/\/www.scolaire-collines.com\/ecole\/?page_id=59"},"modified":"2025-01-17T18:05:30","modified_gmt":"2025-01-17T17:05:30","slug":"coordonnees","status":"publish","type":"page","link":"http:\/\/www.scolaire-collines.com\/ecole\/coordonnees\/","title":{"rendered":"Coordonn\u00e9es"},"content":{"rendered":"<h3><span style=\"color: #f2b100;\">Ecole Maternelle et El\u00e9mentaire Notre Dame des Collines<\/span><\/h3>\n<p>1 impasse des Combes<br \/>\n42800 RIVE DE GIER<br \/>\nT\u00e9l\u00a0: <strong>04 77 75 09 27<\/strong><br \/>\nM\u00e9l\u00a0: <strong>direcole@notredamedescollines.fr<\/strong><br \/>\nSite Internet\u00a0: <strong>www.scolaire-collines.com\/ecole<\/strong><\/p>\n<p style=\"text-align: left;\">Etablissement Catholique d\u2019Enseignement du Dioc\u00e8se de Saint Etienne<br \/>\nsous Contrat d\u2019Association avec l\u2019Etat<span style=\"font-family: Arial,sans-serif;\"><a href=\"http:\/\/www.scolaire-collines.com\/ecole\/wp-content\/uploads\/2010\/01\/LOGO-DEC-2009.jpg\"><img loading=\"lazy\" decoding=\"async\" class=\"aligncenter wp-image-241 size-medium\" title=\"LOGO-DEC 2009\" src=\"http:\/\/www.scolaire-collines.com\/ecole\/wp-content\/uploads\/2010\/01\/LOGO-DEC-2009-250x300.jpg\" alt=\"\" width=\"250\" height=\"300\" srcset=\"http:\/\/www.scolaire-collines.com\/ecole\/wp-content\/uploads\/2010\/01\/LOGO-DEC-2009-250x300.jpg 250w, http:\/\/www.scolaire-collines.com\/ecole\/wp-content\/uploads\/2010\/01\/LOGO-DEC-2009-768x922.jpg 768w, http:\/\/www.scolaire-collines.com\/ecole\/wp-content\/uploads\/2010\/01\/LOGO-DEC-2009-853x1024.jpg 853w, http:\/\/www.scolaire-collines.com\/ecole\/wp-content\/uploads\/2010\/01\/LOGO-DEC-2009.jpg 1476w\" sizes=\"auto, (max-width: 250px) 100vw, 250px\" \/><\/a><\/span><\/p>\n","protected":false},"excerpt":{"rendered":"<p>Ecole Maternelle et El\u00e9mentaire Notre Dame des Collines 1 impasse des Combes 42800 RIVE DE GIER T\u00e9l\u00a0: 04 77 75 09 27 M\u00e9l\u00a0: direcole@notredamedescollines.fr Site Internet\u00a0: www.scolaire-collines.com\/ecole Etablissement Catholique d\u2019Enseignement [&hellip;]<\/p>\n","protected":false},"author":1,"featured_media":0,"parent":0,"menu_order":4,"comment_status":"closed","ping_status":"closed","template":"","meta":{"_acf_changed":false,"footnotes":""},"class_list":["post-438","page","type-page","status-publish","hentry"],"acf":[],"yoast_head":"<!-- This site is optimized with the Yoast SEO plugin v24.2 - https:\/\/yoast.com\/wordpress\/plugins\/seo\/ -->\n<title>Coordonn\u00e9es - Ecole Notre Dame des Collines<\/title>\n<meta name=\"robots\" content=\"index, follow, max-snippet:-1, max-image-preview:large, max-video-preview:-1\" \/>\n<link rel=\"canonical\" href=\"http:\/\/www.scolaire-collines.com\/ecole\/coordonnees\/\" \/>\n<meta property=\"og:locale\" content=\"fr_FR\" \/>\n<meta property=\"og:type\" content=\"article\" \/>\n<meta property=\"og:title\" content=\"Coordonn\u00e9es - Ecole Notre Dame des Collines\" \/>\n<meta property=\"og:description\" content=\"Ecole Maternelle et El\u00e9mentaire Notre Dame des Collines 1 impasse des Combes 42800 RIVE DE GIER T\u00e9l\u00a0: 04 77 75 09 27 M\u00e9l\u00a0: direcole@notredamedescollines.fr Site Internet\u00a0: www.scolaire-collines.com\/ecole Etablissement Catholique d\u2019Enseignement [&hellip;]\" \/>\n<meta property=\"og:url\" content=\"http:\/\/www.scolaire-collines.com\/ecole\/coordonnees\/\" \/>\n<meta property=\"og:site_name\" content=\"Ecole Notre Dame des Collines\" \/>\n<meta property=\"article:modified_time\" content=\"2025-01-17T17:05:30+00:00\" \/>\n<meta property=\"og:image\" content=\"http:\/\/www.scolaire-collines.com\/ecole\/wp-content\/uploads\/2010\/01\/LOGO-DEC-2009-250x300.jpg\" \/>\n<meta name=\"twitter:card\" content=\"summary_large_image\" \/>\n<meta name=\"twitter:label1\" content=\"Dur\u00e9e de lecture estim\u00e9e\" \/>\n\t<meta name=\"twitter:data1\" content=\"1 minute\" \/>\n<script type=\"application\/ld+json\" class=\"yoast-schema-graph\">{\"@context\":\"https:\/\/schema.org\",\"@graph\":[{\"@type\":\"WebPage\",\"@id\":\"http:\/\/www.scolaire-collines.com\/ecole\/coordonnees\/\",\"url\":\"http:\/\/www.scolaire-collines.com\/ecole\/coordonnees\/\",\"name\":\"Coordonn\u00e9es - Ecole Notre Dame des Collines\",\"isPartOf\":{\"@id\":\"http:\/\/www.scolaire-collines.com\/ecole\/#website\"},\"primaryImageOfPage\":{\"@id\":\"http:\/\/www.scolaire-collines.com\/ecole\/coordonnees\/#primaryimage\"},\"image\":{\"@id\":\"http:\/\/www.scolaire-collines.com\/ecole\/coordonnees\/#primaryimage\"},\"thumbnailUrl\":\"http:\/\/www.scolaire-collines.com\/ecole\/wp-content\/uploads\/2010\/01\/LOGO-DEC-2009-250x300.jpg\",\"datePublished\":\"2010-01-15T10:35:09+00:00\",\"dateModified\":\"2025-01-17T17:05:30+00:00\",\"breadcrumb\":{\"@id\":\"http:\/\/www.scolaire-collines.com\/ecole\/coordonnees\/#breadcrumb\"},\"inLanguage\":\"fr-FR\",\"potentialAction\":[{\"@type\":\"ReadAction\",\"target\":[\"http:\/\/www.scolaire-collines.com\/ecole\/coordonnees\/\"]}]},{\"@type\":\"ImageObject\",\"inLanguage\":\"fr-FR\",\"@id\":\"http:\/\/www.scolaire-collines.com\/ecole\/coordonnees\/#primaryimage\",\"url\":\"http:\/\/www.scolaire-collines.com\/ecole\/wp-content\/uploads\/2010\/01\/LOGO-DEC-2009.jpg\",\"contentUrl\":\"http:\/\/www.scolaire-collines.com\/ecole\/wp-content\/uploads\/2010\/01\/LOGO-DEC-2009.jpg\",\"width\":1476,\"height\":1772},{\"@type\":\"BreadcrumbList\",\"@id\":\"http:\/\/www.scolaire-collines.com\/ecole\/coordonnees\/#breadcrumb\",\"itemListElement\":[{\"@type\":\"ListItem\",\"position\":1,\"name\":\"Accueil\",\"item\":\"http:\/\/www.scolaire-collines.com\/ecole\/\"},{\"@type\":\"ListItem\",\"position\":2,\"name\":\"Coordonn\u00e9es\"}]},{\"@type\":\"WebSite\",\"@id\":\"http:\/\/www.scolaire-collines.com\/ecole\/#website\",\"url\":\"http:\/\/www.scolaire-collines.com\/ecole\/\",\"name\":\"Ecole Notre Dame des Collines\",\"description\":\"Groupe scolaire des Collines\",\"potentialAction\":[{\"@type\":\"SearchAction\",\"target\":{\"@type\":\"EntryPoint\",\"urlTemplate\":\"http:\/\/www.scolaire-collines.com\/ecole\/?s={search_term_string}\"},\"query-input\":{\"@type\":\"PropertyValueSpecification\",\"valueRequired\":true,\"valueName\":\"search_term_string\"}}],\"inLanguage\":\"fr-FR\"}]}<\/script>\n<!-- \/ Yoast SEO plugin. -->","yoast_head_json":{"title":"Coordonn\u00e9es - Ecole Notre Dame des Collines","robots":{"index":"index","follow":"follow","max-snippet":"max-snippet:-1","max-image-preview":"max-image-preview:large","max-video-preview":"max-video-preview:-1"},"canonical":"http:\/\/www.scolaire-collines.com\/ecole\/coordonnees\/","og_locale":"fr_FR","og_type":"article","og_title":"Coordonn\u00e9es - Ecole Notre Dame des Collines","og_description":"Ecole Maternelle et El\u00e9mentaire Notre Dame des Collines 1 impasse des Combes 42800 RIVE DE GIER T\u00e9l\u00a0: 04 77 75 09 27 M\u00e9l\u00a0: direcole@notredamedescollines.fr Site Internet\u00a0: www.scolaire-collines.com\/ecole Etablissement Catholique d\u2019Enseignement [&hellip;]","og_url":"http:\/\/www.scolaire-collines.com\/ecole\/coordonnees\/","og_site_name":"Ecole Notre Dame des Collines","article_modified_time":"2025-01-17T17:05:30+00:00","og_image":[{"url":"http:\/\/www.scolaire-collines.com\/ecole\/wp-content\/uploads\/2010\/01\/LOGO-DEC-2009-250x300.jpg","type":"","width":"","height":""}],"twitter_card":"summary_large_image","twitter_misc":{"Dur\u00e9e de lecture estim\u00e9e":"1 minute"},"schema":{"@context":"https:\/\/schema.org","@graph":[{"@type":"WebPage","@id":"http:\/\/www.scolaire-collines.com\/ecole\/coordonnees\/","url":"http:\/\/www.scolaire-collines.com\/ecole\/coordonnees\/","name":"Coordonn\u00e9es - Ecole Notre Dame des Collines","isPartOf":{"@id":"http:\/\/www.scolaire-collines.com\/ecole\/#website"},"primaryImageOfPage":{"@id":"http:\/\/www.scolaire-collines.com\/ecole\/coordonnees\/#primaryimage"},"image":{"@id":"http:\/\/www.scolaire-collines.com\/ecole\/coordonnees\/#primaryimage"},"thumbnailUrl":"http:\/\/www.scolaire-collines.com\/ecole\/wp-content\/uploads\/2010\/01\/LOGO-DEC-2009-250x300.jpg","datePublished":"2010-01-15T10:35:09+00:00","dateModified":"2025-01-17T17:05:30+00:00","breadcrumb":{"@id":"http:\/\/www.scolaire-collines.com\/ecole\/coordonnees\/#breadcrumb"},"inLanguage":"fr-FR","potentialAction":[{"@type":"ReadAction","target":["http:\/\/www.scolaire-collines.com\/ecole\/coordonnees\/"]}]},{"@type":"ImageObject","inLanguage":"fr-FR","@id":"http:\/\/www.scolaire-collines.com\/ecole\/coordonnees\/#primaryimage","url":"http:\/\/www.scolaire-collines.com\/ecole\/wp-content\/uploads\/2010\/01\/LOGO-DEC-2009.jpg","contentUrl":"http:\/\/www.scolaire-collines.com\/ecole\/wp-content\/uploads\/2010\/01\/LOGO-DEC-2009.jpg","width":1476,"height":1772},{"@type":"BreadcrumbList","@id":"http:\/\/www.scolaire-collines.com\/ecole\/coordonnees\/#breadcrumb","itemListElement":[{"@type":"ListItem","position":1,"name":"Accueil","item":"http:\/\/www.scolaire-collines.com\/ecole\/"},{"@type":"ListItem","position":2,"name":"Coordonn\u00e9es"}]},{"@type":"WebSite","@id":"http:\/\/www.scolaire-collines.com\/ecole\/#website","url":"http:\/\/www.scolaire-collines.com\/ecole\/","name":"Ecole Notre Dame des Collines","description":"Groupe scolaire des Collines","potentialAction":[{"@type":"SearchAction","target":{"@type":"EntryPoint","urlTemplate":"http:\/\/www.scolaire-collines.com\/ecole\/?s={search_term_string}"},"query-input":{"@type":"PropertyValueSpecification","valueRequired":true,"valueName":"search_term_string"}}],"inLanguage":"fr-FR"}]}},"_links":{"self":[{"href":"http:\/\/www.scolaire-collines.com\/ecole\/wp-json\/wp\/v2\/pages\/438","targetHints":{"allow":["GET"]}}],"collection":[{"href":"http:\/\/www.scolaire-collines.com\/ecole\/wp-json\/wp\/v2\/pages"}],"about":[{"href":"http:\/\/www.scolaire-collines.com\/ecole\/wp-json\/wp\/v2\/types\/page"}],"author":[{"embeddable":true,"href":"http:\/\/www.scolaire-collines.com\/ecole\/wp-json\/wp\/v2\/users\/1"}],"replies":[{"embeddable":true,"href":"http:\/\/www.scolaire-collines.com\/ecole\/wp-json\/wp\/v2\/comments?post=438"}],"version-history":[{"count":5,"href":"http:\/\/www.scolaire-collines.com\/ecole\/wp-json\/wp\/v2\/pages\/438\/revisions"}],"predecessor-version":[{"id":1158,"href":"http:\/\/www.scolaire-collines.com\/ecole\/wp-json\/wp\/v2\/pages\/438\/revisions\/1158"}],"wp:attachment":[{"href":"http:\/\/www.scolaire-collines.com\/ecole\/wp-json\/wp\/v2\/media?parent=438"}],"curies":[{"name":"wp","href":"https:\/\/api.w.org\/{rel}","templated":true}]}}