{"id":42,"date":"2009-12-24T16:36:39","date_gmt":"2009-12-24T15:36:39","guid":{"rendered":"http:\/\/www.scolaire-collines.com\/ecole\/?page_id=42"},"modified":"2016-09-01T15:39:50","modified_gmt":"2016-09-01T13:39:50","slug":"projet-pastoral","status":"publish","type":"page","link":"http:\/\/www.scolaire-collines.com\/ecole\/projet-pastoral\/","title":{"rendered":"Projet pastoral"},"content":{"rendered":"<p><img loading=\"lazy\" decoding=\"async\" class=\" wp-image-644 alignleft\" src=\"http:\/\/www.scolaire-collines.com\/ecole-ndc\/wp-content\/uploads\/2010\/01\/DSC_8120-150x150.jpg\" alt=\"Sous le regard bienveillant de Notre Dame des Collines\" width=\"217\" height=\"217\" srcset=\"http:\/\/www.scolaire-collines.com\/ecole\/wp-content\/uploads\/2010\/01\/DSC_8120-150x150.jpg 150w, http:\/\/www.scolaire-collines.com\/ecole\/wp-content\/uploads\/2010\/01\/DSC_8120-300x300.jpg 300w, http:\/\/www.scolaire-collines.com\/ecole\/wp-content\/uploads\/2010\/01\/DSC_8120-400x400.jpg 400w, http:\/\/www.scolaire-collines.com\/ecole\/wp-content\/uploads\/2010\/01\/DSC_8120-500x500.jpg 500w\" sizes=\"auto, (max-width: 217px) 100vw, 217px\" \/><img loading=\"lazy\" decoding=\"async\" class=\" wp-image-241 alignright\" src=\"http:\/\/www.scolaire-collines.com\/ecole-ndc\/wp-content\/uploads\/2010\/01\/LOGO-DEC-2009-150x150.jpg\" alt=\"LOGO-DEC 2009\" width=\"211\" height=\"211\" \/><\/p>\n<p style=\"text-align: justify;\"><strong>L\u2019\u00e9cole maternelle et \u00e9l\u00e9mentaire Notre Dame des Collines<\/strong> est un \u00e9tablissement catholique d\u2019enseignement sous tutelle dioc\u00e9saine. L\u2019\u00e9cole d\u00e9pend de la <strong>D<\/strong>irection de l\u2019<strong>E<\/strong>nseignement <strong>C<\/strong>atholique du Dioc\u00e8se<strong> de Saint Etienne<\/strong>. Le directeur re\u00e7oit donc une Lettre de Mission de <strong>l\u2019\u00e9v\u00eaque de Saint Etienne : P\u00e8re Sylvain BATAILLE.<\/strong><\/p>\n<p>&nbsp;<\/p>\n<p style=\"text-align: justify;\">L\u2019\u00e9cole fait partie int\u00e9grante de la<strong> Paroisse Sainte Marie Madeleine en Gier <\/strong>ayant pour <strong>cur\u00e9 le P\u00e8re Bernard TORDI<\/strong>. Respectant l\u2019organisation du lieu, la cat\u00e9ch\u00e8se est dispens\u00e9e par les parents sur la paroisse, en lien avec les animatrices en pastorale. L\u2019\u00e9cole transmet \u00e0 toutes les familles inscrites dans l\u2019\u00e9tablissement les informations de la paroisse concernant l\u2019initiation chr\u00e9tienne et la pr\u00e9paration des sacrements.<\/p>\n<p>&nbsp;<\/p>\n<figure id=\"attachment_642\" aria-describedby=\"caption-attachment-642\" style=\"width: 181px\" class=\"wp-caption alignright\"><img loading=\"lazy\" decoding=\"async\" class=\" wp-image-642\" src=\"http:\/\/www.scolaire-collines.com\/ecole-ndc\/wp-content\/uploads\/2010\/01\/DSC_7368-150x150.jpg\" alt=\"Saint Fran\u00e7ois d'Assise veille sur l'\u00e9cole.\" width=\"181\" height=\"181\" srcset=\"http:\/\/www.scolaire-collines.com\/ecole\/wp-content\/uploads\/2010\/01\/DSC_7368-150x150.jpg 150w, http:\/\/www.scolaire-collines.com\/ecole\/wp-content\/uploads\/2010\/01\/DSC_7368-300x300.jpg 300w, http:\/\/www.scolaire-collines.com\/ecole\/wp-content\/uploads\/2010\/01\/DSC_7368-400x400.jpg 400w, http:\/\/www.scolaire-collines.com\/ecole\/wp-content\/uploads\/2010\/01\/DSC_7368-500x500.jpg 500w\" sizes=\"auto, (max-width: 181px) 100vw, 181px\" \/><figcaption id=\"caption-attachment-642\" class=\"wp-caption-text\">Saint Fran\u00e7ois d&rsquo;Assise veille sur l&rsquo;\u00e9cole.<\/figcaption><\/figure>\n<p style=\"text-align: justify;\">Le Projet Pastoral de l\u2019\u00e9cole Notre Dame des Collines s\u2019enracine explicitement dans la foi catholique. Ouverte \u00e0 tous, sans distinction d&rsquo;origine ou de religion, notre \u00e9cole propose une d\u00e9couverte de la foi chr\u00e9tienne explicite. Cette premi\u00e8re annonce est faite \u00e0 tous et n\u2019impose pas de profession de foi. Elle fait partie int\u00e9grante du Projet Educatif.<\/p>\n<p style=\"text-align: justify;\">Selon le temps liturgique, l\u2019\u00e9quipe enseignante propose un temps fort avant chaque grande f\u00eate chr\u00e9tienne : l\u2019Avent et No\u00ebl, le Car\u00eame et P\u00e2ques.<\/p>\n<p>&nbsp;<\/p>\n<p style=\"text-align: justify;\">C\u00e9l\u00e9brations et temps de pri\u00e8re sont propos\u00e9s \u00e0 tous les \u00e9l\u00e8ves. Les familles sont invit\u00e9es \u00e0 participer dans la mesure de leurs disponibilit\u00e9s. L&rsquo;\u00e9cole Notre Dame des Collines f\u00eate traditionnellement\u00a0sa sainte patronne chaque ann\u00e9e le 8 d\u00e9cembre \u00e0 l&rsquo;occasion de la f\u00eate de l&rsquo;Immacul\u00e9e Conception de Marie.<\/p>\n","protected":false},"excerpt":{"rendered":"<p>L\u2019\u00e9cole maternelle et \u00e9l\u00e9mentaire Notre Dame des Collines est un \u00e9tablissement catholique d\u2019enseignement sous tutelle dioc\u00e9saine. L\u2019\u00e9cole d\u00e9pend de la Direction de l\u2019Enseignement Catholique du Dioc\u00e8se de Saint Etienne. Le [&hellip;]<\/p>\n","protected":false},"author":1,"featured_media":0,"parent":0,"menu_order":3,"comment_status":"closed","ping_status":"closed","template":"","meta":{"_acf_changed":false,"footnotes":""},"class_list":["post-42","page","type-page","status-publish","hentry"],"acf":[],"yoast_head":"<!-- This site is optimized with the Yoast SEO plugin v24.2 - https:\/\/yoast.com\/wordpress\/plugins\/seo\/ -->\n<title>Projet pastoral - Ecole Notre Dame des Collines<\/title>\n<meta name=\"robots\" content=\"index, follow, max-snippet:-1, max-image-preview:large, max-video-preview:-1\" \/>\n<link rel=\"canonical\" href=\"http:\/\/www.scolaire-collines.com\/ecole\/projet-pastoral\/\" \/>\n<meta property=\"og:locale\" content=\"fr_FR\" \/>\n<meta property=\"og:type\" content=\"article\" \/>\n<meta property=\"og:title\" content=\"Projet pastoral - Ecole Notre Dame des Collines\" \/>\n<meta property=\"og:description\" content=\"L\u2019\u00e9cole maternelle et \u00e9l\u00e9mentaire Notre Dame des Collines est un \u00e9tablissement catholique d\u2019enseignement sous tutelle dioc\u00e9saine. L\u2019\u00e9cole d\u00e9pend de la Direction de l\u2019Enseignement Catholique du Dioc\u00e8se de Saint Etienne. Le [&hellip;]\" \/>\n<meta property=\"og:url\" content=\"http:\/\/www.scolaire-collines.com\/ecole\/projet-pastoral\/\" \/>\n<meta property=\"og:site_name\" content=\"Ecole Notre Dame des Collines\" \/>\n<meta property=\"article:modified_time\" content=\"2016-09-01T13:39:50+00:00\" \/>\n<meta property=\"og:image\" content=\"http:\/\/www.scolaire-collines.com\/ecole-ndc\/wp-content\/uploads\/2010\/01\/DSC_8120-150x150.jpg\" \/>\n<meta name=\"twitter:card\" content=\"summary_large_image\" \/>\n<meta name=\"twitter:label1\" content=\"Dur\u00e9e de lecture estim\u00e9e\" \/>\n\t<meta name=\"twitter:data1\" content=\"1 minute\" \/>\n<script type=\"application\/ld+json\" class=\"yoast-schema-graph\">{\"@context\":\"https:\/\/schema.org\",\"@graph\":[{\"@type\":\"WebPage\",\"@id\":\"http:\/\/www.scolaire-collines.com\/ecole\/projet-pastoral\/\",\"url\":\"http:\/\/www.scolaire-collines.com\/ecole\/projet-pastoral\/\",\"name\":\"Projet pastoral - Ecole Notre Dame des Collines\",\"isPartOf\":{\"@id\":\"https:\/\/www.scolaire-collines.com\/ecole\/#website\"},\"primaryImageOfPage\":{\"@id\":\"http:\/\/www.scolaire-collines.com\/ecole\/projet-pastoral\/#primaryimage\"},\"image\":{\"@id\":\"http:\/\/www.scolaire-collines.com\/ecole\/projet-pastoral\/#primaryimage\"},\"thumbnailUrl\":\"http:\/\/www.scolaire-collines.com\/ecole-ndc\/wp-content\/uploads\/2010\/01\/DSC_8120-150x150.jpg\",\"datePublished\":\"2009-12-24T15:36:39+00:00\",\"dateModified\":\"2016-09-01T13:39:50+00:00\",\"breadcrumb\":{\"@id\":\"http:\/\/www.scolaire-collines.com\/ecole\/projet-pastoral\/#breadcrumb\"},\"inLanguage\":\"fr-FR\",\"potentialAction\":[{\"@type\":\"ReadAction\",\"target\":[\"http:\/\/www.scolaire-collines.com\/ecole\/projet-pastoral\/\"]}]},{\"@type\":\"ImageObject\",\"inLanguage\":\"fr-FR\",\"@id\":\"http:\/\/www.scolaire-collines.com\/ecole\/projet-pastoral\/#primaryimage\",\"url\":\"http:\/\/www.scolaire-collines.com\/ecole-ndc\/wp-content\/uploads\/2010\/01\/DSC_8120-150x150.jpg\",\"contentUrl\":\"http:\/\/www.scolaire-collines.com\/ecole-ndc\/wp-content\/uploads\/2010\/01\/DSC_8120-150x150.jpg\"},{\"@type\":\"BreadcrumbList\",\"@id\":\"http:\/\/www.scolaire-collines.com\/ecole\/projet-pastoral\/#breadcrumb\",\"itemListElement\":[{\"@type\":\"ListItem\",\"position\":1,\"name\":\"Accueil\",\"item\":\"https:\/\/www.scolaire-collines.com\/ecole\/\"},{\"@type\":\"ListItem\",\"position\":2,\"name\":\"Projet pastoral\"}]},{\"@type\":\"WebSite\",\"@id\":\"https:\/\/www.scolaire-collines.com\/ecole\/#website\",\"url\":\"https:\/\/www.scolaire-collines.com\/ecole\/\",\"name\":\"Ecole Notre Dame des Collines\",\"description\":\"Groupe scolaire des Collines\",\"potentialAction\":[{\"@type\":\"SearchAction\",\"target\":{\"@type\":\"EntryPoint\",\"urlTemplate\":\"https:\/\/www.scolaire-collines.com\/ecole\/?s={search_term_string}\"},\"query-input\":{\"@type\":\"PropertyValueSpecification\",\"valueRequired\":true,\"valueName\":\"search_term_string\"}}],\"inLanguage\":\"fr-FR\"}]}<\/script>\n<!-- \/ Yoast SEO plugin. -->","yoast_head_json":{"title":"Projet pastoral - Ecole Notre Dame des Collines","robots":{"index":"index","follow":"follow","max-snippet":"max-snippet:-1","max-image-preview":"max-image-preview:large","max-video-preview":"max-video-preview:-1"},"canonical":"http:\/\/www.scolaire-collines.com\/ecole\/projet-pastoral\/","og_locale":"fr_FR","og_type":"article","og_title":"Projet pastoral - Ecole Notre Dame des Collines","og_description":"L\u2019\u00e9cole maternelle et \u00e9l\u00e9mentaire Notre Dame des Collines est un \u00e9tablissement catholique d\u2019enseignement sous tutelle dioc\u00e9saine. L\u2019\u00e9cole d\u00e9pend de la Direction de l\u2019Enseignement Catholique du Dioc\u00e8se de Saint Etienne. Le [&hellip;]","og_url":"http:\/\/www.scolaire-collines.com\/ecole\/projet-pastoral\/","og_site_name":"Ecole Notre Dame des Collines","article_modified_time":"2016-09-01T13:39:50+00:00","og_image":[{"url":"http:\/\/www.scolaire-collines.com\/ecole-ndc\/wp-content\/uploads\/2010\/01\/DSC_8120-150x150.jpg","type":"","width":"","height":""}],"twitter_card":"summary_large_image","twitter_misc":{"Dur\u00e9e de lecture estim\u00e9e":"1 minute"},"schema":{"@context":"https:\/\/schema.org","@graph":[{"@type":"WebPage","@id":"http:\/\/www.scolaire-collines.com\/ecole\/projet-pastoral\/","url":"http:\/\/www.scolaire-collines.com\/ecole\/projet-pastoral\/","name":"Projet pastoral - Ecole Notre Dame des Collines","isPartOf":{"@id":"https:\/\/www.scolaire-collines.com\/ecole\/#website"},"primaryImageOfPage":{"@id":"http:\/\/www.scolaire-collines.com\/ecole\/projet-pastoral\/#primaryimage"},"image":{"@id":"http:\/\/www.scolaire-collines.com\/ecole\/projet-pastoral\/#primaryimage"},"thumbnailUrl":"http:\/\/www.scolaire-collines.com\/ecole-ndc\/wp-content\/uploads\/2010\/01\/DSC_8120-150x150.jpg","datePublished":"2009-12-24T15:36:39+00:00","dateModified":"2016-09-01T13:39:50+00:00","breadcrumb":{"@id":"http:\/\/www.scolaire-collines.com\/ecole\/projet-pastoral\/#breadcrumb"},"inLanguage":"fr-FR","potentialAction":[{"@type":"ReadAction","target":["http:\/\/www.scolaire-collines.com\/ecole\/projet-pastoral\/"]}]},{"@type":"ImageObject","inLanguage":"fr-FR","@id":"http:\/\/www.scolaire-collines.com\/ecole\/projet-pastoral\/#primaryimage","url":"http:\/\/www.scolaire-collines.com\/ecole-ndc\/wp-content\/uploads\/2010\/01\/DSC_8120-150x150.jpg","contentUrl":"http:\/\/www.scolaire-collines.com\/ecole-ndc\/wp-content\/uploads\/2010\/01\/DSC_8120-150x150.jpg"},{"@type":"BreadcrumbList","@id":"http:\/\/www.scolaire-collines.com\/ecole\/projet-pastoral\/#breadcrumb","itemListElement":[{"@type":"ListItem","position":1,"name":"Accueil","item":"https:\/\/www.scolaire-collines.com\/ecole\/"},{"@type":"ListItem","position":2,"name":"Projet pastoral"}]},{"@type":"WebSite","@id":"https:\/\/www.scolaire-collines.com\/ecole\/#website","url":"https:\/\/www.scolaire-collines.com\/ecole\/","name":"Ecole Notre Dame des Collines","description":"Groupe scolaire des Collines","potentialAction":[{"@type":"SearchAction","target":{"@type":"EntryPoint","urlTemplate":"https:\/\/www.scolaire-collines.com\/ecole\/?s={search_term_string}"},"query-input":{"@type":"PropertyValueSpecification","valueRequired":true,"valueName":"search_term_string"}}],"inLanguage":"fr-FR"}]}},"_links":{"self":[{"href":"http:\/\/www.scolaire-collines.com\/ecole\/wp-json\/wp\/v2\/pages\/42","targetHints":{"allow":["GET"]}}],"collection":[{"href":"http:\/\/www.scolaire-collines.com\/ecole\/wp-json\/wp\/v2\/pages"}],"about":[{"href":"http:\/\/www.scolaire-collines.com\/ecole\/wp-json\/wp\/v2\/types\/page"}],"author":[{"embeddable":true,"href":"http:\/\/www.scolaire-collines.com\/ecole\/wp-json\/wp\/v2\/users\/1"}],"replies":[{"embeddable":true,"href":"http:\/\/www.scolaire-collines.com\/ecole\/wp-json\/wp\/v2\/comments?post=42"}],"version-history":[{"count":18,"href":"http:\/\/www.scolaire-collines.com\/ecole\/wp-json\/wp\/v2\/pages\/42\/revisions"}],"predecessor-version":[{"id":765,"href":"http:\/\/www.scolaire-collines.com\/ecole\/wp-json\/wp\/v2\/pages\/42\/revisions\/765"}],"wp:attachment":[{"href":"http:\/\/www.scolaire-collines.com\/ecole\/wp-json\/wp\/v2\/media?parent=42"}],"curies":[{"name":"wp","href":"https:\/\/api.w.org\/{rel}","templated":true}]}}