{"id":963,"date":"2016-11-28T16:00:51","date_gmt":"2016-11-28T15:00:51","guid":{"rendered":"http:\/\/www.scolaire-collines.com\/college\/?page_id=963"},"modified":"2016-11-28T16:48:17","modified_gmt":"2016-11-28T15:48:17","slug":"theatre-dombres","status":"publish","type":"page","link":"http:\/\/www.scolaire-collines.com\/college\/infos-pratiques\/les-activites-du-temps-de-midi\/theatre-dombres\/","title":{"rendered":"Th\u00e9\u00e2tre d&rsquo;ombres"},"content":{"rendered":"<h2><span style=\"color: #339966; font-family: arial,helvetica,sans-serif;\"><strong><span style=\"color: #99cc00;\">\u00ab\u00a0A l&rsquo;ombre de nos r\u00eaves\u00a0\u00bb<\/span><\/strong><\/span><span style=\"font-family: arial,helvetica,sans-serif;\"> <img loading=\"lazy\" decoding=\"async\" class=\"size-full wp-image-974 alignleft\" title=\"th\u00e9\u00e2tre d'ombres\" src=\"http:\/\/www.scolaire-collines.com\/college\/wp-content\/uploads\/2011\/11\/th\u00e9\u00e2tre-dombres.jpg\" alt=\"\" width=\"400\" height=\"300\" \/><\/span><\/h2>\n<p><span style=\"font-family: arial,helvetica,sans-serif;\"><strong>Tous les jeudis pendant le temps de midi, l&rsquo;atelier th\u00e9\u00e2tre d&rsquo;ombres se r\u00e9unit de 12 h 45 \u00e0 13 h 45.<\/strong><\/span><\/p>\n<p><span style=\"font-family: arial,helvetica,sans-serif;\">\u00a0<strong>Apr\u00e8s une d\u00e9couverte de cet art mill\u00e9naire, les \u00e9l\u00e8ves tr\u00e8s inspir\u00e9s ont pris la plume pour \u00e9crire un conte sur les th\u00e8mes de l&rsquo;Amiti\u00e9 et de la Tol\u00e9rance.<\/strong><\/span><\/p>\n<p><span style=\"font-family: arial,helvetica,sans-serif;\">\u00a0<strong>Par la magie des ombres, des lumi\u00e8res, des couleurs et des sons, ils le mettront ensuite en sc\u00e8ne, d\u00e9veloppant ainsi d&rsquo;autres talents tels que l&rsquo;expression corporelle, l&rsquo;habilet\u00e9 manuelle et la r\u00e9alisation technique.<\/strong><\/span><\/p>\n<p><span style=\"font-family: arial,helvetica,sans-serif;\"><strong>Dans ce projet, \u00ab\u00a0Au royaume des ombres\u00a0\u00bb, la lumi\u00e8re permettra \u00e0 chacun de s&rsquo;\u00e9panouir dans la bonne humeur et la complicit\u00e9.<\/strong><\/span><\/p>\n<p><span style=\"font-family: arial,helvetica,sans-serif;\">\u00a0\u00a0\u00a0<\/span><\/p>\n<p style=\"text-align: center;\"><span style=\"font-family: arial,helvetica,sans-serif;\"><strong>Le Progr\u00e8s, 22\/06\/2012<\/strong><\/span><\/p>\n<h2 style=\"text-align: center;\"><span style=\"color: #99cc00; font-family: arial,helvetica,sans-serif;\">Musiques du monde pour les 6\u00e8mes \u00ab art \u00bb des Collines<\/span><\/h2>\n<p><span style=\"font-family: arial,helvetica,sans-serif;\">\u00a0<\/span><a href=\"http:\/\/www.scolaire-collines.com\/college\/wp-content\/uploads\/2011\/11\/th\u00e9\u00e2tre-dombres-2012-06.jpg\"><img loading=\"lazy\" decoding=\"async\" class=\"aligncenter size-full wp-image-1220\" title=\"th\u00e9\u00e2tre d'ombres 2012 06\" src=\"http:\/\/www.scolaire-collines.com\/college\/wp-content\/uploads\/2011\/11\/th\u00e9\u00e2tre-dombres-2012-06.jpg\" alt=\"\" width=\"680\" height=\"330\" \/><\/a><\/p>\n<p style=\"text-align: justify;\"><span style=\"color: #000000; font-family: arial,helvetica,sans-serif;\">Mardi \u00e0 20 heures, dans la salle Arc-en-ciel du coll\u00e8ge priv\u00e9 des Collines, la tension \u00e9tait \u00e0 son comble pour les \u00e9l\u00e8ves de 6 e option \u00ab art \u00bb : le grand soir du spectacle de fin d\u2019ann\u00e9e \u00e9tait arriv\u00e9\u2026<\/span><\/p>\n<p style=\"text-align: justify;\"><span style=\"color: #000000; font-family: arial,helvetica,sans-serif;\">\u00a0Cette ann\u00e9e, les \u00e9l\u00e8ves et leurs professeurs ont travaill\u00e9 sur un conte oriental intitul\u00e9 Secrets\u2026, en partenariat avec Canticum Novum, un groupe jouant des musiques du monde et anciennes. C\u2019est la troisi\u00e8me ann\u00e9e cons\u00e9cutive que le groupe intervient au sein du coll\u00e8ge des Collines.<\/span><\/p>\n<p style=\"text-align: justify;\"><span style=\"color: #000000; font-family: arial,helvetica,sans-serif;\">\u00a0Le but de leur intervention de cette ann\u00e9e \u00e9tait d\u2019apprendre aux \u00e9l\u00e8ves \u00e0 chanter et jouer mais aussi de leur faire d\u00e9couvrir diff\u00e9rentes cultures et religions, de les faire s\u2019ouvrir au monde par le biais de la musique.<\/span><\/p>\n<p style=\"text-align: justify;\"><span style=\"color: #000000; font-family: arial,helvetica,sans-serif;\">\u00a0Le spectacle, d\u2019une dur\u00e9e de trente-cinq minutes, \u00e9tait compos\u00e9 de trois groupes : des enfants derri\u00e8re un drap qui interpr\u00e9taient les personnages principaux avec un jeu d\u2019ombre et de lumi\u00e8re, le groupe Canticum Novum qui jouait de la musique orientale et un groupe d\u2019enfants qui chantait.<\/span><\/p>\n<p style=\"text-align: justify;\"><span style=\"color: #000000; font-family: arial,helvetica,sans-serif;\">Une belle et touchante soir\u00e9e\u2026 et des parents fiers de leurs enfants.<\/span><\/p>\n","protected":false},"excerpt":{"rendered":"<p>\u00ab\u00a0A l&rsquo;ombre de nos r\u00eaves\u00a0\u00bb Tous les jeudis pendant le temps de midi, l&rsquo;atelier th\u00e9\u00e2tre d&rsquo;ombres se r\u00e9unit de 12 h 45 \u00e0 13 h 45. \u00a0Apr\u00e8s une d\u00e9couverte de cet art mill\u00e9naire, les \u00e9l\u00e8ves tr\u00e8s inspir\u00e9s ont pris la plume pour \u00e9crire un conte sur les th\u00e8mes de l&rsquo;Amiti\u00e9 et de la Tol\u00e9rance. \u00a0Par [&hellip;]<\/p>\n","protected":false},"author":1,"featured_media":0,"parent":695,"menu_order":7,"comment_status":"closed","ping_status":"closed","template":"","meta":{"_acf_changed":false,"_et_pb_use_builder":"","_et_pb_old_content":"","_et_gb_content_width":"","footnotes":""},"class_list":["post-963","page","type-page","status-publish","hentry"],"acf":[],"yoast_head":"<!-- This site is optimized with the Yoast SEO plugin v26.4 - https:\/\/yoast.com\/wordpress\/plugins\/seo\/ -->\n<title>Th\u00e9\u00e2tre d&#039;ombres - Coll\u00e8ge Notre-Dame des Collines<\/title>\n<meta name=\"robots\" content=\"index, follow, max-snippet:-1, max-image-preview:large, max-video-preview:-1\" \/>\n<link rel=\"canonical\" href=\"http:\/\/www.scolaire-collines.com\/college\/infos-pratiques\/les-activites-du-temps-de-midi\/theatre-dombres\/\" \/>\n<meta property=\"og:locale\" content=\"fr_FR\" \/>\n<meta property=\"og:type\" content=\"article\" \/>\n<meta property=\"og:title\" content=\"Th\u00e9\u00e2tre d&#039;ombres - Coll\u00e8ge Notre-Dame des Collines\" \/>\n<meta property=\"og:description\" content=\"\u00ab\u00a0A l&rsquo;ombre de nos r\u00eaves\u00a0\u00bb Tous les jeudis pendant le temps de midi, l&rsquo;atelier th\u00e9\u00e2tre d&rsquo;ombres se r\u00e9unit de 12 h 45 \u00e0 13 h 45. \u00a0Apr\u00e8s une d\u00e9couverte de cet art mill\u00e9naire, les \u00e9l\u00e8ves tr\u00e8s inspir\u00e9s ont pris la plume pour \u00e9crire un conte sur les th\u00e8mes de l&rsquo;Amiti\u00e9 et de la Tol\u00e9rance. \u00a0Par [&hellip;]\" \/>\n<meta property=\"og:url\" content=\"http:\/\/www.scolaire-collines.com\/college\/infos-pratiques\/les-activites-du-temps-de-midi\/theatre-dombres\/\" \/>\n<meta property=\"og:site_name\" content=\"Coll\u00e8ge Notre-Dame des Collines\" \/>\n<meta property=\"article:modified_time\" content=\"2016-11-28T15:48:17+00:00\" \/>\n<meta name=\"twitter:card\" content=\"summary_large_image\" \/>\n<meta name=\"twitter:label1\" content=\"Dur\u00e9e de lecture estim\u00e9e\" \/>\n\t<meta name=\"twitter:data1\" content=\"2 minutes\" \/>\n<script type=\"application\/ld+json\" class=\"yoast-schema-graph\">{\"@context\":\"https:\/\/schema.org\",\"@graph\":[{\"@type\":\"WebPage\",\"@id\":\"http:\/\/www.scolaire-collines.com\/college\/infos-pratiques\/les-activites-du-temps-de-midi\/theatre-dombres\/\",\"url\":\"http:\/\/www.scolaire-collines.com\/college\/infos-pratiques\/les-activites-du-temps-de-midi\/theatre-dombres\/\",\"name\":\"Th\u00e9\u00e2tre d'ombres - Coll\u00e8ge Notre-Dame des Collines\",\"isPartOf\":{\"@id\":\"http:\/\/www.scolaire-collines.com\/college\/#website\"},\"datePublished\":\"2016-11-28T15:00:51+00:00\",\"dateModified\":\"2016-11-28T15:48:17+00:00\",\"breadcrumb\":{\"@id\":\"http:\/\/www.scolaire-collines.com\/college\/infos-pratiques\/les-activites-du-temps-de-midi\/theatre-dombres\/#breadcrumb\"},\"inLanguage\":\"fr-FR\",\"potentialAction\":[{\"@type\":\"ReadAction\",\"target\":[\"http:\/\/www.scolaire-collines.com\/college\/infos-pratiques\/les-activites-du-temps-de-midi\/theatre-dombres\/\"]}]},{\"@type\":\"BreadcrumbList\",\"@id\":\"http:\/\/www.scolaire-collines.com\/college\/infos-pratiques\/les-activites-du-temps-de-midi\/theatre-dombres\/#breadcrumb\",\"itemListElement\":[{\"@type\":\"ListItem\",\"position\":1,\"name\":\"Accueil\",\"item\":\"http:\/\/www.scolaire-collines.com\/college\/\"},{\"@type\":\"ListItem\",\"position\":2,\"name\":\"Infos pratiques\",\"item\":\"http:\/\/www.scolaire-collines.com\/college\/infos-pratiques\/\"},{\"@type\":\"ListItem\",\"position\":3,\"name\":\"Le temps de midi\",\"item\":\"http:\/\/www.scolaire-collines.com\/college\/infos-pratiques\/les-activites-du-temps-de-midi\/\"},{\"@type\":\"ListItem\",\"position\":4,\"name\":\"Th\u00e9\u00e2tre d&rsquo;ombres\"}]},{\"@type\":\"WebSite\",\"@id\":\"http:\/\/www.scolaire-collines.com\/college\/#website\",\"url\":\"http:\/\/www.scolaire-collines.com\/college\/\",\"name\":\"Coll\u00e8ge Notre-Dame des Collines\",\"description\":\"Un coll\u00e8ge qui fait grandir\",\"potentialAction\":[{\"@type\":\"SearchAction\",\"target\":{\"@type\":\"EntryPoint\",\"urlTemplate\":\"http:\/\/www.scolaire-collines.com\/college\/?s={search_term_string}\"},\"query-input\":{\"@type\":\"PropertyValueSpecification\",\"valueRequired\":true,\"valueName\":\"search_term_string\"}}],\"inLanguage\":\"fr-FR\"}]}<\/script>\n<!-- \/ Yoast SEO plugin. -->","yoast_head_json":{"title":"Th\u00e9\u00e2tre d'ombres - Coll\u00e8ge Notre-Dame des Collines","robots":{"index":"index","follow":"follow","max-snippet":"max-snippet:-1","max-image-preview":"max-image-preview:large","max-video-preview":"max-video-preview:-1"},"canonical":"http:\/\/www.scolaire-collines.com\/college\/infos-pratiques\/les-activites-du-temps-de-midi\/theatre-dombres\/","og_locale":"fr_FR","og_type":"article","og_title":"Th\u00e9\u00e2tre d'ombres - Coll\u00e8ge Notre-Dame des Collines","og_description":"\u00ab\u00a0A l&rsquo;ombre de nos r\u00eaves\u00a0\u00bb Tous les jeudis pendant le temps de midi, l&rsquo;atelier th\u00e9\u00e2tre d&rsquo;ombres se r\u00e9unit de 12 h 45 \u00e0 13 h 45. \u00a0Apr\u00e8s une d\u00e9couverte de cet art mill\u00e9naire, les \u00e9l\u00e8ves tr\u00e8s inspir\u00e9s ont pris la plume pour \u00e9crire un conte sur les th\u00e8mes de l&rsquo;Amiti\u00e9 et de la Tol\u00e9rance. \u00a0Par [&hellip;]","og_url":"http:\/\/www.scolaire-collines.com\/college\/infos-pratiques\/les-activites-du-temps-de-midi\/theatre-dombres\/","og_site_name":"Coll\u00e8ge Notre-Dame des Collines","article_modified_time":"2016-11-28T15:48:17+00:00","twitter_card":"summary_large_image","twitter_misc":{"Dur\u00e9e de lecture estim\u00e9e":"2 minutes"},"schema":{"@context":"https:\/\/schema.org","@graph":[{"@type":"WebPage","@id":"http:\/\/www.scolaire-collines.com\/college\/infos-pratiques\/les-activites-du-temps-de-midi\/theatre-dombres\/","url":"http:\/\/www.scolaire-collines.com\/college\/infos-pratiques\/les-activites-du-temps-de-midi\/theatre-dombres\/","name":"Th\u00e9\u00e2tre d'ombres - Coll\u00e8ge Notre-Dame des Collines","isPartOf":{"@id":"http:\/\/www.scolaire-collines.com\/college\/#website"},"datePublished":"2016-11-28T15:00:51+00:00","dateModified":"2016-11-28T15:48:17+00:00","breadcrumb":{"@id":"http:\/\/www.scolaire-collines.com\/college\/infos-pratiques\/les-activites-du-temps-de-midi\/theatre-dombres\/#breadcrumb"},"inLanguage":"fr-FR","potentialAction":[{"@type":"ReadAction","target":["http:\/\/www.scolaire-collines.com\/college\/infos-pratiques\/les-activites-du-temps-de-midi\/theatre-dombres\/"]}]},{"@type":"BreadcrumbList","@id":"http:\/\/www.scolaire-collines.com\/college\/infos-pratiques\/les-activites-du-temps-de-midi\/theatre-dombres\/#breadcrumb","itemListElement":[{"@type":"ListItem","position":1,"name":"Accueil","item":"http:\/\/www.scolaire-collines.com\/college\/"},{"@type":"ListItem","position":2,"name":"Infos pratiques","item":"http:\/\/www.scolaire-collines.com\/college\/infos-pratiques\/"},{"@type":"ListItem","position":3,"name":"Le temps de midi","item":"http:\/\/www.scolaire-collines.com\/college\/infos-pratiques\/les-activites-du-temps-de-midi\/"},{"@type":"ListItem","position":4,"name":"Th\u00e9\u00e2tre d&rsquo;ombres"}]},{"@type":"WebSite","@id":"http:\/\/www.scolaire-collines.com\/college\/#website","url":"http:\/\/www.scolaire-collines.com\/college\/","name":"Coll\u00e8ge Notre-Dame des Collines","description":"Un coll\u00e8ge qui fait grandir","potentialAction":[{"@type":"SearchAction","target":{"@type":"EntryPoint","urlTemplate":"http:\/\/www.scolaire-collines.com\/college\/?s={search_term_string}"},"query-input":{"@type":"PropertyValueSpecification","valueRequired":true,"valueName":"search_term_string"}}],"inLanguage":"fr-FR"}]}},"_links":{"self":[{"href":"http:\/\/www.scolaire-collines.com\/college\/wp-json\/wp\/v2\/pages\/963","targetHints":{"allow":["GET"]}}],"collection":[{"href":"http:\/\/www.scolaire-collines.com\/college\/wp-json\/wp\/v2\/pages"}],"about":[{"href":"http:\/\/www.scolaire-collines.com\/college\/wp-json\/wp\/v2\/types\/page"}],"author":[{"embeddable":true,"href":"http:\/\/www.scolaire-collines.com\/college\/wp-json\/wp\/v2\/users\/1"}],"replies":[{"embeddable":true,"href":"http:\/\/www.scolaire-collines.com\/college\/wp-json\/wp\/v2\/comments?post=963"}],"version-history":[{"count":2,"href":"http:\/\/www.scolaire-collines.com\/college\/wp-json\/wp\/v2\/pages\/963\/revisions"}],"predecessor-version":[{"id":2185,"href":"http:\/\/www.scolaire-collines.com\/college\/wp-json\/wp\/v2\/pages\/963\/revisions\/2185"}],"up":[{"embeddable":true,"href":"http:\/\/www.scolaire-collines.com\/college\/wp-json\/wp\/v2\/pages\/695"}],"wp:attachment":[{"href":"http:\/\/www.scolaire-collines.com\/college\/wp-json\/wp\/v2\/media?parent=963"}],"curies":[{"name":"wp","href":"https:\/\/api.w.org\/{rel}","templated":true}]}}