{"id":789,"date":"2017-03-14T15:00:28","date_gmt":"2017-03-14T14:00:28","guid":{"rendered":"http:\/\/www.scolaire-collines.com\/college\/?page_id=789"},"modified":"2017-03-14T15:16:03","modified_gmt":"2017-03-14T14:16:03","slug":"aikido","status":"publish","type":"page","link":"http:\/\/www.scolaire-collines.com\/college\/infos-pratiques\/les-activites-du-temps-de-midi\/aikido\/","title":{"rendered":"Education nutritionnelle"},"content":{"rendered":"<p style=\"text-align: center;\"><img loading=\"lazy\" decoding=\"async\" class=\"alignnone size-full wp-image-2378\" src=\"http:\/\/www.scolaire-collines.com\/college\/wp-content\/uploads\/2016\/03\/Le-progres-2016-03-04-titre.png\" alt=\"Le progres 2016 03 04 titre\" width=\"842\" height=\"164\" srcset=\"http:\/\/www.scolaire-collines.com\/college\/wp-content\/uploads\/2016\/03\/Le-progres-2016-03-04-titre.png 842w, http:\/\/www.scolaire-collines.com\/college\/wp-content\/uploads\/2016\/03\/Le-progres-2016-03-04-titre-300x58.png 300w, http:\/\/www.scolaire-collines.com\/college\/wp-content\/uploads\/2016\/03\/Le-progres-2016-03-04-titre-768x150.png 768w\" sizes=\"(max-width: 842px) 100vw, 842px\" \/><\/p>\n<p style=\"text-align: center;\"><img loading=\"lazy\" decoding=\"async\" class=\"alignnone size-full wp-image-2380\" src=\"http:\/\/www.scolaire-collines.com\/college\/wp-content\/uploads\/2016\/03\/Le-progres-2016-03-04-photo-1.png\" alt=\"Le progres 2016 03 04 photo\" width=\"629\" height=\"437\" srcset=\"http:\/\/www.scolaire-collines.com\/college\/wp-content\/uploads\/2016\/03\/Le-progres-2016-03-04-photo-1.png 629w, http:\/\/www.scolaire-collines.com\/college\/wp-content\/uploads\/2016\/03\/Le-progres-2016-03-04-photo-1-300x208.png 300w\" sizes=\"(max-width: 629px) 100vw, 629px\" \/><\/p>\n<p style=\"text-align: center;\"><img loading=\"lazy\" decoding=\"async\" class=\"alignnone size-full wp-image-2381\" src=\"http:\/\/www.scolaire-collines.com\/college\/wp-content\/uploads\/2016\/03\/Le-progres-2016-03-04-\u00a71.png\" alt=\"Le progres 2016 03 04 \u00a71\" width=\"435\" height=\"618\" srcset=\"http:\/\/www.scolaire-collines.com\/college\/wp-content\/uploads\/2016\/03\/Le-progres-2016-03-04-\u00a71.png 435w, http:\/\/www.scolaire-collines.com\/college\/wp-content\/uploads\/2016\/03\/Le-progres-2016-03-04-\u00a71-211x300.png 211w\" sizes=\"(max-width: 435px) 100vw, 435px\" \/><\/p>\n<p><img loading=\"lazy\" decoding=\"async\" class=\"size-full wp-image-2383 aligncenter\" src=\"http:\/\/www.scolaire-collines.com\/college\/wp-content\/uploads\/2016\/03\/Le-progres-2016-03-04-\u00a75.png\" alt=\"Le progres 2016 03 04 \u00a75\" width=\"505\" height=\"397\" srcset=\"http:\/\/www.scolaire-collines.com\/college\/wp-content\/uploads\/2016\/03\/Le-progres-2016-03-04-\u00a75.png 505w, http:\/\/www.scolaire-collines.com\/college\/wp-content\/uploads\/2016\/03\/Le-progres-2016-03-04-\u00a75-300x236.png 300w\" sizes=\"(max-width: 505px) 100vw, 505px\" \/><\/p>\n<p style=\"text-align: center;\"><img loading=\"lazy\" decoding=\"async\" class=\"size-full wp-image-2382 aligncenter\" src=\"http:\/\/www.scolaire-collines.com\/college\/wp-content\/uploads\/2016\/03\/Le-progres-2016-03-04-\u00a76.png\" alt=\"Le progres 2016 03 04 \u00a76\" width=\"332\" height=\"386\" srcset=\"http:\/\/www.scolaire-collines.com\/college\/wp-content\/uploads\/2016\/03\/Le-progres-2016-03-04-\u00a76.png 332w, http:\/\/www.scolaire-collines.com\/college\/wp-content\/uploads\/2016\/03\/Le-progres-2016-03-04-\u00a76-258x300.png 258w\" sizes=\"(max-width: 332px) 100vw, 332px\" \/><\/p>\n<p style=\"text-align: center;\"><strong>Le Progr\u00e8s, 4 mars 2016<\/strong><\/p>\n<p style=\"text-align: center;\"><img loading=\"lazy\" decoding=\"async\" class=\"alignnone size-large wp-image-2386\" src=\"http:\/\/www.scolaire-collines.com\/college\/wp-content\/uploads\/2016\/03\/une-toque-\u00e0-la-cantoche-les-\u00e9l\u00e8ves-\u00e0-Paris-1024x768.jpg\" alt=\"une toque \u00e0 la cantoche , les \u00e9l\u00e8ves \u00e0 Paris\" width=\"640\" height=\"480\" srcset=\"http:\/\/www.scolaire-collines.com\/college\/wp-content\/uploads\/2016\/03\/une-toque-\u00e0-la-cantoche-les-\u00e9l\u00e8ves-\u00e0-Paris-1024x768.jpg 1024w, http:\/\/www.scolaire-collines.com\/college\/wp-content\/uploads\/2016\/03\/une-toque-\u00e0-la-cantoche-les-\u00e9l\u00e8ves-\u00e0-Paris-300x225.jpg 300w, http:\/\/www.scolaire-collines.com\/college\/wp-content\/uploads\/2016\/03\/une-toque-\u00e0-la-cantoche-les-\u00e9l\u00e8ves-\u00e0-Paris-768x576.jpg 768w, http:\/\/www.scolaire-collines.com\/college\/wp-content\/uploads\/2016\/03\/une-toque-\u00e0-la-cantoche-les-\u00e9l\u00e8ves-\u00e0-Paris-500x375.jpg 500w, http:\/\/www.scolaire-collines.com\/college\/wp-content\/uploads\/2016\/03\/une-toque-\u00e0-la-cantoche-les-\u00e9l\u00e8ves-\u00e0-Paris-400x300.jpg 400w, http:\/\/www.scolaire-collines.com\/college\/wp-content\/uploads\/2016\/03\/une-toque-\u00e0-la-cantoche-les-\u00e9l\u00e8ves-\u00e0-Paris.jpg 1632w\" sizes=\"(max-width: 640px) 100vw, 640px\" \/><\/p>\n<p style=\"text-align: center;\">Le 30 mai 2016 : les \u00e9l\u00e8ves \u00e0 Paris pour la remise des prix<\/p>\n<p style=\"text-align: center;\"><img loading=\"lazy\" decoding=\"async\" class=\"alignnone size-large wp-image-2387\" src=\"http:\/\/www.scolaire-collines.com\/college\/wp-content\/uploads\/2016\/03\/une-toque-\u00e0-la-cantoche-m\u00e9daille-dargent-1-1024x768.jpg\" alt=\"une toque \u00e0 la cantoche , m\u00e9daille d'argent\" width=\"640\" height=\"480\" srcset=\"http:\/\/www.scolaire-collines.com\/college\/wp-content\/uploads\/2016\/03\/une-toque-\u00e0-la-cantoche-m\u00e9daille-dargent-1-1024x768.jpg 1024w, http:\/\/www.scolaire-collines.com\/college\/wp-content\/uploads\/2016\/03\/une-toque-\u00e0-la-cantoche-m\u00e9daille-dargent-1-300x225.jpg 300w, http:\/\/www.scolaire-collines.com\/college\/wp-content\/uploads\/2016\/03\/une-toque-\u00e0-la-cantoche-m\u00e9daille-dargent-1-768x576.jpg 768w, http:\/\/www.scolaire-collines.com\/college\/wp-content\/uploads\/2016\/03\/une-toque-\u00e0-la-cantoche-m\u00e9daille-dargent-1-500x375.jpg 500w, http:\/\/www.scolaire-collines.com\/college\/wp-content\/uploads\/2016\/03\/une-toque-\u00e0-la-cantoche-m\u00e9daille-dargent-1-400x300.jpg 400w, http:\/\/www.scolaire-collines.com\/college\/wp-content\/uploads\/2016\/03\/une-toque-\u00e0-la-cantoche-m\u00e9daille-dargent-1.jpg 1632w\" sizes=\"(max-width: 640px) 100vw, 640px\" \/><\/p>\n<p style=\"text-align: center;\">M\u00e9daille d&rsquo;argent pour les \u00e9l\u00e8ves de Notre-Dame des Collines !<\/p>\n","protected":false},"excerpt":{"rendered":"<p>Le Progr\u00e8s, 4 mars 2016 Le 30 mai 2016 : les \u00e9l\u00e8ves \u00e0 Paris pour la remise des prix M\u00e9daille d&rsquo;argent pour les \u00e9l\u00e8ves de Notre-Dame des Collines !<\/p>\n","protected":false},"author":1,"featured_media":0,"parent":695,"menu_order":3,"comment_status":"closed","ping_status":"closed","template":"","meta":{"_acf_changed":false,"_et_pb_use_builder":"","_et_pb_old_content":"","_et_gb_content_width":"","footnotes":""},"class_list":["post-789","page","type-page","status-publish","hentry"],"acf":[],"yoast_head":"<!-- This site is optimized with the Yoast SEO plugin v27.4 - https:\/\/yoast.com\/product\/yoast-seo-wordpress\/ -->\n<title>Education nutritionnelle - Coll\u00e8ge Notre-Dame des Collines<\/title>\n<meta name=\"robots\" content=\"index, follow, max-snippet:-1, max-image-preview:large, max-video-preview:-1\" \/>\n<link rel=\"canonical\" href=\"http:\/\/www.scolaire-collines.com\/college\/infos-pratiques\/les-activites-du-temps-de-midi\/aikido\/\" \/>\n<meta property=\"og:locale\" content=\"fr_FR\" \/>\n<meta property=\"og:type\" content=\"article\" \/>\n<meta property=\"og:title\" content=\"Education nutritionnelle - Coll\u00e8ge Notre-Dame des Collines\" \/>\n<meta property=\"og:description\" content=\"Le Progr\u00e8s, 4 mars 2016 Le 30 mai 2016 : les \u00e9l\u00e8ves \u00e0 Paris pour la remise des prix M\u00e9daille d&rsquo;argent pour les \u00e9l\u00e8ves de Notre-Dame des Collines !\" \/>\n<meta property=\"og:url\" content=\"http:\/\/www.scolaire-collines.com\/college\/infos-pratiques\/les-activites-du-temps-de-midi\/aikido\/\" \/>\n<meta property=\"og:site_name\" content=\"Coll\u00e8ge Notre-Dame des Collines\" \/>\n<meta property=\"article:modified_time\" content=\"2017-03-14T14:16:03+00:00\" \/>\n<meta property=\"og:image\" content=\"http:\/\/www.scolaire-collines.com\/college\/wp-content\/uploads\/2016\/03\/Le-progres-2016-03-04-titre.png\" \/>\n<meta name=\"twitter:card\" content=\"summary_large_image\" \/>\n<script type=\"application\/ld+json\" class=\"yoast-schema-graph\">{\"@context\":\"https:\\\/\\\/schema.org\",\"@graph\":[{\"@type\":\"WebPage\",\"@id\":\"http:\\\/\\\/www.scolaire-collines.com\\\/college\\\/infos-pratiques\\\/les-activites-du-temps-de-midi\\\/aikido\\\/\",\"url\":\"http:\\\/\\\/www.scolaire-collines.com\\\/college\\\/infos-pratiques\\\/les-activites-du-temps-de-midi\\\/aikido\\\/\",\"name\":\"Education nutritionnelle - Coll\u00e8ge Notre-Dame des Collines\",\"isPartOf\":{\"@id\":\"http:\\\/\\\/www.scolaire-collines.com\\\/college\\\/#website\"},\"primaryImageOfPage\":{\"@id\":\"http:\\\/\\\/www.scolaire-collines.com\\\/college\\\/infos-pratiques\\\/les-activites-du-temps-de-midi\\\/aikido\\\/#primaryimage\"},\"image\":{\"@id\":\"http:\\\/\\\/www.scolaire-collines.com\\\/college\\\/infos-pratiques\\\/les-activites-du-temps-de-midi\\\/aikido\\\/#primaryimage\"},\"thumbnailUrl\":\"http:\\\/\\\/www.scolaire-collines.com\\\/college\\\/wp-content\\\/uploads\\\/2016\\\/03\\\/Le-progres-2016-03-04-titre.png\",\"datePublished\":\"2017-03-14T14:00:28+00:00\",\"dateModified\":\"2017-03-14T14:16:03+00:00\",\"breadcrumb\":{\"@id\":\"http:\\\/\\\/www.scolaire-collines.com\\\/college\\\/infos-pratiques\\\/les-activites-du-temps-de-midi\\\/aikido\\\/#breadcrumb\"},\"inLanguage\":\"fr-FR\",\"potentialAction\":[{\"@type\":\"ReadAction\",\"target\":[\"http:\\\/\\\/www.scolaire-collines.com\\\/college\\\/infos-pratiques\\\/les-activites-du-temps-de-midi\\\/aikido\\\/\"]}]},{\"@type\":\"ImageObject\",\"inLanguage\":\"fr-FR\",\"@id\":\"http:\\\/\\\/www.scolaire-collines.com\\\/college\\\/infos-pratiques\\\/les-activites-du-temps-de-midi\\\/aikido\\\/#primaryimage\",\"url\":\"http:\\\/\\\/www.scolaire-collines.com\\\/college\\\/wp-content\\\/uploads\\\/2016\\\/03\\\/Le-progres-2016-03-04-titre.png\",\"contentUrl\":\"http:\\\/\\\/www.scolaire-collines.com\\\/college\\\/wp-content\\\/uploads\\\/2016\\\/03\\\/Le-progres-2016-03-04-titre.png\",\"width\":842,\"height\":164},{\"@type\":\"BreadcrumbList\",\"@id\":\"http:\\\/\\\/www.scolaire-collines.com\\\/college\\\/infos-pratiques\\\/les-activites-du-temps-de-midi\\\/aikido\\\/#breadcrumb\",\"itemListElement\":[{\"@type\":\"ListItem\",\"position\":1,\"name\":\"Accueil\",\"item\":\"http:\\\/\\\/www.scolaire-collines.com\\\/college\\\/\"},{\"@type\":\"ListItem\",\"position\":2,\"name\":\"Infos pratiques\",\"item\":\"https:\\\/\\\/www.scolaire-collines.com\\\/college\\\/infos-pratiques\\\/\"},{\"@type\":\"ListItem\",\"position\":3,\"name\":\"Le temps de midi\",\"item\":\"https:\\\/\\\/www.scolaire-collines.com\\\/college\\\/infos-pratiques\\\/les-activites-du-temps-de-midi\\\/\"},{\"@type\":\"ListItem\",\"position\":4,\"name\":\"Education nutritionnelle\"}]},{\"@type\":\"WebSite\",\"@id\":\"http:\\\/\\\/www.scolaire-collines.com\\\/college\\\/#website\",\"url\":\"http:\\\/\\\/www.scolaire-collines.com\\\/college\\\/\",\"name\":\"Coll\u00e8ge Notre-Dame des Collines\",\"description\":\"Un coll\u00e8ge qui fait grandir\",\"potentialAction\":[{\"@type\":\"SearchAction\",\"target\":{\"@type\":\"EntryPoint\",\"urlTemplate\":\"http:\\\/\\\/www.scolaire-collines.com\\\/college\\\/?s={search_term_string}\"},\"query-input\":{\"@type\":\"PropertyValueSpecification\",\"valueRequired\":true,\"valueName\":\"search_term_string\"}}],\"inLanguage\":\"fr-FR\"}]}<\/script>\n<!-- \/ Yoast SEO plugin. -->","yoast_head_json":{"title":"Education nutritionnelle - Coll\u00e8ge Notre-Dame des Collines","robots":{"index":"index","follow":"follow","max-snippet":"max-snippet:-1","max-image-preview":"max-image-preview:large","max-video-preview":"max-video-preview:-1"},"canonical":"http:\/\/www.scolaire-collines.com\/college\/infos-pratiques\/les-activites-du-temps-de-midi\/aikido\/","og_locale":"fr_FR","og_type":"article","og_title":"Education nutritionnelle - Coll\u00e8ge Notre-Dame des Collines","og_description":"Le Progr\u00e8s, 4 mars 2016 Le 30 mai 2016 : les \u00e9l\u00e8ves \u00e0 Paris pour la remise des prix M\u00e9daille d&rsquo;argent pour les \u00e9l\u00e8ves de Notre-Dame des Collines !","og_url":"http:\/\/www.scolaire-collines.com\/college\/infos-pratiques\/les-activites-du-temps-de-midi\/aikido\/","og_site_name":"Coll\u00e8ge Notre-Dame des Collines","article_modified_time":"2017-03-14T14:16:03+00:00","og_image":[{"url":"http:\/\/www.scolaire-collines.com\/college\/wp-content\/uploads\/2016\/03\/Le-progres-2016-03-04-titre.png","type":"","width":"","height":""}],"twitter_card":"summary_large_image","schema":{"@context":"https:\/\/schema.org","@graph":[{"@type":"WebPage","@id":"http:\/\/www.scolaire-collines.com\/college\/infos-pratiques\/les-activites-du-temps-de-midi\/aikido\/","url":"http:\/\/www.scolaire-collines.com\/college\/infos-pratiques\/les-activites-du-temps-de-midi\/aikido\/","name":"Education nutritionnelle - Coll\u00e8ge Notre-Dame des Collines","isPartOf":{"@id":"http:\/\/www.scolaire-collines.com\/college\/#website"},"primaryImageOfPage":{"@id":"http:\/\/www.scolaire-collines.com\/college\/infos-pratiques\/les-activites-du-temps-de-midi\/aikido\/#primaryimage"},"image":{"@id":"http:\/\/www.scolaire-collines.com\/college\/infos-pratiques\/les-activites-du-temps-de-midi\/aikido\/#primaryimage"},"thumbnailUrl":"http:\/\/www.scolaire-collines.com\/college\/wp-content\/uploads\/2016\/03\/Le-progres-2016-03-04-titre.png","datePublished":"2017-03-14T14:00:28+00:00","dateModified":"2017-03-14T14:16:03+00:00","breadcrumb":{"@id":"http:\/\/www.scolaire-collines.com\/college\/infos-pratiques\/les-activites-du-temps-de-midi\/aikido\/#breadcrumb"},"inLanguage":"fr-FR","potentialAction":[{"@type":"ReadAction","target":["http:\/\/www.scolaire-collines.com\/college\/infos-pratiques\/les-activites-du-temps-de-midi\/aikido\/"]}]},{"@type":"ImageObject","inLanguage":"fr-FR","@id":"http:\/\/www.scolaire-collines.com\/college\/infos-pratiques\/les-activites-du-temps-de-midi\/aikido\/#primaryimage","url":"http:\/\/www.scolaire-collines.com\/college\/wp-content\/uploads\/2016\/03\/Le-progres-2016-03-04-titre.png","contentUrl":"http:\/\/www.scolaire-collines.com\/college\/wp-content\/uploads\/2016\/03\/Le-progres-2016-03-04-titre.png","width":842,"height":164},{"@type":"BreadcrumbList","@id":"http:\/\/www.scolaire-collines.com\/college\/infos-pratiques\/les-activites-du-temps-de-midi\/aikido\/#breadcrumb","itemListElement":[{"@type":"ListItem","position":1,"name":"Accueil","item":"http:\/\/www.scolaire-collines.com\/college\/"},{"@type":"ListItem","position":2,"name":"Infos pratiques","item":"https:\/\/www.scolaire-collines.com\/college\/infos-pratiques\/"},{"@type":"ListItem","position":3,"name":"Le temps de midi","item":"https:\/\/www.scolaire-collines.com\/college\/infos-pratiques\/les-activites-du-temps-de-midi\/"},{"@type":"ListItem","position":4,"name":"Education nutritionnelle"}]},{"@type":"WebSite","@id":"http:\/\/www.scolaire-collines.com\/college\/#website","url":"http:\/\/www.scolaire-collines.com\/college\/","name":"Coll\u00e8ge Notre-Dame des Collines","description":"Un coll\u00e8ge qui fait grandir","potentialAction":[{"@type":"SearchAction","target":{"@type":"EntryPoint","urlTemplate":"http:\/\/www.scolaire-collines.com\/college\/?s={search_term_string}"},"query-input":{"@type":"PropertyValueSpecification","valueRequired":true,"valueName":"search_term_string"}}],"inLanguage":"fr-FR"}]}},"_links":{"self":[{"href":"http:\/\/www.scolaire-collines.com\/college\/wp-json\/wp\/v2\/pages\/789","targetHints":{"allow":["GET"]}}],"collection":[{"href":"http:\/\/www.scolaire-collines.com\/college\/wp-json\/wp\/v2\/pages"}],"about":[{"href":"http:\/\/www.scolaire-collines.com\/college\/wp-json\/wp\/v2\/types\/page"}],"author":[{"embeddable":true,"href":"http:\/\/www.scolaire-collines.com\/college\/wp-json\/wp\/v2\/users\/1"}],"replies":[{"embeddable":true,"href":"http:\/\/www.scolaire-collines.com\/college\/wp-json\/wp\/v2\/comments?post=789"}],"version-history":[{"count":4,"href":"http:\/\/www.scolaire-collines.com\/college\/wp-json\/wp\/v2\/pages\/789\/revisions"}],"predecessor-version":[{"id":2389,"href":"http:\/\/www.scolaire-collines.com\/college\/wp-json\/wp\/v2\/pages\/789\/revisions\/2389"}],"up":[{"embeddable":true,"href":"http:\/\/www.scolaire-collines.com\/college\/wp-json\/wp\/v2\/pages\/695"}],"wp:attachment":[{"href":"http:\/\/www.scolaire-collines.com\/college\/wp-json\/wp\/v2\/media?parent=789"}],"curies":[{"name":"wp","href":"https:\/\/api.w.org\/{rel}","templated":true}]}}