{"id":746,"date":"2016-11-28T15:31:06","date_gmt":"2016-11-28T14:31:06","guid":{"rendered":"http:\/\/www.scolaire-collines.com\/college\/?page_id=746"},"modified":"2016-11-28T16:37:52","modified_gmt":"2016-11-28T15:37:52","slug":"unss","status":"publish","type":"page","link":"http:\/\/www.scolaire-collines.com\/college\/infos-pratiques\/les-activites-du-temps-de-midi\/unss\/","title":{"rendered":"UNSS"},"content":{"rendered":"<div><span style=\"font-family: arial,helvetica,sans-serif;\">Derri\u00e8re ce vocable bizarre se cache tout simplement l\u2019existence d\u2019un club sportif multi-activit\u00e9, L\u2019ASSOCIATION SPORTIVE DU COLLEGE. L\u2019Association est g\u00e9r\u00e9e et anim\u00e9e par les professeurs d\u2019EPS du Coll\u00e8ge avec la possibilit\u00e9\u00a0 d\u2019\u00eatre aid\u00e9e par des parents d\u2019\u00e9l\u00e8ves ou des \u00e9l\u00e8ves. Elle d\u00e9pend de l\u2019UNSS\u00a0:<strong> <span style=\"color: #339966;\">Union Nationale du Sport Scolaire<\/span>.\u00a0\u00a0\u00a0\u00a0\u00a0\u00a0\u00a0\u00a0\u00a0\u00a0\u00a0\u00a0\u00a0\u00a0\u00a0\u00a0\u00a0<\/strong><\/span><\/div>\n<div><span style=\"font-family: arial,helvetica,sans-serif;\">Les entrainements ont en g\u00e9n\u00e9ral lieu le temps de midi. Les comp\u00e9titions, \u00e0 raison de 4 \u00e0 6 journ\u00e9es dans l\u2019ann\u00e9e, ont lieu les Mercredis apr\u00e8s-midi de 13h \u00e0 17h soit sur la Vall\u00e9e du Gier(\u00e9chelon district), soit sur le d\u00e9partement, soit sur l\u2019Acad\u00e9mie, en fonction des r\u00e9sultats obtenus lors des qualifications.\u00a0\u00a0\u00a0\u00a0\u00a0\u00a0\u00a0\u00a0\u00a0\u00a0\u00a0\u00a0\u00a0\u00a0\u00a0\u00a0\u00a0<\/span><\/div>\n<div><span style=\"font-family: arial,helvetica,sans-serif;\">\u00a0Pour s\u2019inscrire, les \u00e9l\u00e8ves doivent remplir un dossier qu\u2019ils re\u00e7oivent de leur professeur d\u2019EPS le jour de la rentr\u00e9e et acquitter une licence (22 \u20ac pour 2017-2018).\u00a0\u00a0<\/span>\u00a0\u00a0\u00a0<strong>\u00a0<\/strong><\/div>\n<div><\/div>\n<div>\u00a0 <strong><img loading=\"lazy\" decoding=\"async\" class=\"size-large wp-image-2178 aligncenter\" src=\"http:\/\/www.scolaire-collines.com\/college-ndc\/wp-content\/uploads\/2016\/03\/handball-2015-2016-1024x689.jpg\" alt=\"handball-2015-2016\" width=\"640\" height=\"431\" srcset=\"http:\/\/www.scolaire-collines.com\/college\/wp-content\/uploads\/2016\/03\/handball-2015-2016-1024x689.jpg 1024w, http:\/\/www.scolaire-collines.com\/college\/wp-content\/uploads\/2016\/03\/handball-2015-2016-300x202.jpg 300w, http:\/\/www.scolaire-collines.com\/college\/wp-content\/uploads\/2016\/03\/handball-2015-2016-768x517.jpg 768w\" sizes=\"(max-width: 640px) 100vw, 640px\" \/><\/strong><\/div>\n<div><\/div>\n<div><span style=\"font-family: arial,helvetica,sans-serif;\">Les <strong><span style=\"color: #99cc00;\"><span style=\"color: #339966;\">activit\u00e9s propos\u00e9es<\/span> <\/span><\/strong>aux \u00e9l\u00e8ves\u00a0:\u00a0\u00a0\u00a0\u00a0\u00a0\u00a0\u00a0\u00a0\u00a0\u00a0\u00a0\u00a0\u00a0\u00a0\u00a0\u00a0<\/span><\/div>\n<ul>\n<li><span style=\"font-family: arial,helvetica,sans-serif;\">HAND-BALL\u00a0: toutes cat\u00e9gories (filles et gar\u00e7ons)\u00a0\u00a0\u00a0\u00a0\u00a0\u00a0\u00a0\u00a0\u00a0\u00a0\u00a0\u00a0\u00a0<\/span><\/li>\n<li><span style=\"font-family: arial,helvetica,sans-serif;\">VOLLEY-BALL\u00a0: toutes cat\u00e9gories (filles et gar\u00e7ons)\u00a0\u00a0\u00a0\u00a0\u00a0\u00a0\u00a0\u00a0\u00a0\u00a0\u00a0\u00a0\u00a0\u00a0\u00a0\u00a0<\/span><\/li>\n<li><span style=\"font-family: arial,helvetica,sans-serif;\">TENNIS DE TABLE\u00a0: toutes cat\u00e9gories (filles et gar\u00e7ons)\u00a0\u00a0\u00a0\u00a0\u00a0\u00a0\u00a0\u00a0\u00a0\u00a0\u00a0\u00a0\u00a0\u00a0\u00a0\u00a0<\/span><\/li>\n<li><span style=\"font-family: arial,helvetica,sans-serif;\">BADMINTON\u00a0: toutes cat\u00e9gories (filles et gar\u00e7ons)\u00a0\u00a0\u00a0\u00a0\u00a0\u00a0\u00a0<\/span><\/li>\n<li><span style=\"font-family: arial,helvetica,sans-serif;\">\u00a0ESCALADE\u00a0: ouverte aux 6<sup>\u00e8me<\/sup> et 5<sup>\u00e8me<\/sup> (pour cette activit\u00e9, compte tenu de la dangerosit\u00e9, le professeur se r\u00e9serve le droit de refuser ou d\u2019exclure tout \u00e9l\u00e8ve ne respectant pas les consignes de s\u00e9curit\u00e9 et de fonctionnement.)<\/span><\/li>\n<\/ul>\n","protected":false},"excerpt":{"rendered":"<p>Derri\u00e8re ce vocable bizarre se cache tout simplement l\u2019existence d\u2019un club sportif multi-activit\u00e9, L\u2019ASSOCIATION SPORTIVE DU COLLEGE. L\u2019Association est g\u00e9r\u00e9e et anim\u00e9e par les professeurs d\u2019EPS du Coll\u00e8ge avec la possibilit\u00e9\u00a0 d\u2019\u00eatre aid\u00e9e par des parents d\u2019\u00e9l\u00e8ves ou des \u00e9l\u00e8ves. Elle d\u00e9pend de l\u2019UNSS\u00a0: Union Nationale du Sport Scolaire.\u00a0\u00a0\u00a0\u00a0\u00a0\u00a0\u00a0\u00a0\u00a0\u00a0\u00a0\u00a0\u00a0\u00a0\u00a0\u00a0\u00a0 Les entrainements ont en g\u00e9n\u00e9ral lieu [&hellip;]<\/p>\n","protected":false},"author":1,"featured_media":0,"parent":695,"menu_order":6,"comment_status":"closed","ping_status":"closed","template":"","meta":{"_acf_changed":false,"_et_pb_use_builder":"","_et_pb_old_content":"","_et_gb_content_width":"","footnotes":""},"class_list":["post-746","page","type-page","status-publish","hentry"],"acf":[],"yoast_head":"<!-- This site is optimized with the Yoast SEO plugin v27.4 - https:\/\/yoast.com\/product\/yoast-seo-wordpress\/ -->\n<title>UNSS - Coll\u00e8ge Notre-Dame des Collines<\/title>\n<meta name=\"robots\" content=\"index, follow, max-snippet:-1, max-image-preview:large, max-video-preview:-1\" \/>\n<link rel=\"canonical\" href=\"https:\/\/www.scolaire-collines.com\/college\/infos-pratiques\/les-activites-du-temps-de-midi\/unss\/\" \/>\n<meta property=\"og:locale\" content=\"fr_FR\" \/>\n<meta property=\"og:type\" content=\"article\" \/>\n<meta property=\"og:title\" content=\"UNSS - Coll\u00e8ge Notre-Dame des Collines\" \/>\n<meta property=\"og:description\" content=\"Derri\u00e8re ce vocable bizarre se cache tout simplement l\u2019existence d\u2019un club sportif multi-activit\u00e9, L\u2019ASSOCIATION SPORTIVE DU COLLEGE. L\u2019Association est g\u00e9r\u00e9e et anim\u00e9e par les professeurs d\u2019EPS du Coll\u00e8ge avec la possibilit\u00e9\u00a0 d\u2019\u00eatre aid\u00e9e par des parents d\u2019\u00e9l\u00e8ves ou des \u00e9l\u00e8ves. Elle d\u00e9pend de l\u2019UNSS\u00a0: Union Nationale du Sport Scolaire.\u00a0\u00a0\u00a0\u00a0\u00a0\u00a0\u00a0\u00a0\u00a0\u00a0\u00a0\u00a0\u00a0\u00a0\u00a0\u00a0\u00a0 Les entrainements ont en g\u00e9n\u00e9ral lieu [&hellip;]\" \/>\n<meta property=\"og:url\" content=\"https:\/\/www.scolaire-collines.com\/college\/infos-pratiques\/les-activites-du-temps-de-midi\/unss\/\" \/>\n<meta property=\"og:site_name\" content=\"Coll\u00e8ge Notre-Dame des Collines\" \/>\n<meta property=\"article:modified_time\" content=\"2016-11-28T15:37:52+00:00\" \/>\n<meta property=\"og:image\" content=\"http:\/\/www.scolaire-collines.com\/college-ndc\/wp-content\/uploads\/2016\/03\/handball-2015-2016-1024x689.jpg\" \/>\n<meta name=\"twitter:card\" content=\"summary_large_image\" \/>\n<meta name=\"twitter:label1\" content=\"Dur\u00e9e de lecture estim\u00e9e\" \/>\n\t<meta name=\"twitter:data1\" content=\"1 minute\" \/>\n<script type=\"application\/ld+json\" class=\"yoast-schema-graph\">{\"@context\":\"https:\\\/\\\/schema.org\",\"@graph\":[{\"@type\":\"WebPage\",\"@id\":\"https:\\\/\\\/www.scolaire-collines.com\\\/college\\\/infos-pratiques\\\/les-activites-du-temps-de-midi\\\/unss\\\/\",\"url\":\"https:\\\/\\\/www.scolaire-collines.com\\\/college\\\/infos-pratiques\\\/les-activites-du-temps-de-midi\\\/unss\\\/\",\"name\":\"UNSS - Coll\u00e8ge Notre-Dame des Collines\",\"isPartOf\":{\"@id\":\"https:\\\/\\\/www.scolaire-collines.com\\\/college\\\/#website\"},\"primaryImageOfPage\":{\"@id\":\"https:\\\/\\\/www.scolaire-collines.com\\\/college\\\/infos-pratiques\\\/les-activites-du-temps-de-midi\\\/unss\\\/#primaryimage\"},\"image\":{\"@id\":\"https:\\\/\\\/www.scolaire-collines.com\\\/college\\\/infos-pratiques\\\/les-activites-du-temps-de-midi\\\/unss\\\/#primaryimage\"},\"thumbnailUrl\":\"http:\\\/\\\/www.scolaire-collines.com\\\/college-ndc\\\/wp-content\\\/uploads\\\/2016\\\/03\\\/handball-2015-2016-1024x689.jpg\",\"datePublished\":\"2016-11-28T14:31:06+00:00\",\"dateModified\":\"2016-11-28T15:37:52+00:00\",\"breadcrumb\":{\"@id\":\"https:\\\/\\\/www.scolaire-collines.com\\\/college\\\/infos-pratiques\\\/les-activites-du-temps-de-midi\\\/unss\\\/#breadcrumb\"},\"inLanguage\":\"fr-FR\",\"potentialAction\":[{\"@type\":\"ReadAction\",\"target\":[\"https:\\\/\\\/www.scolaire-collines.com\\\/college\\\/infos-pratiques\\\/les-activites-du-temps-de-midi\\\/unss\\\/\"]}]},{\"@type\":\"ImageObject\",\"inLanguage\":\"fr-FR\",\"@id\":\"https:\\\/\\\/www.scolaire-collines.com\\\/college\\\/infos-pratiques\\\/les-activites-du-temps-de-midi\\\/unss\\\/#primaryimage\",\"url\":\"http:\\\/\\\/www.scolaire-collines.com\\\/college-ndc\\\/wp-content\\\/uploads\\\/2016\\\/03\\\/handball-2015-2016-1024x689.jpg\",\"contentUrl\":\"http:\\\/\\\/www.scolaire-collines.com\\\/college-ndc\\\/wp-content\\\/uploads\\\/2016\\\/03\\\/handball-2015-2016-1024x689.jpg\"},{\"@type\":\"BreadcrumbList\",\"@id\":\"https:\\\/\\\/www.scolaire-collines.com\\\/college\\\/infos-pratiques\\\/les-activites-du-temps-de-midi\\\/unss\\\/#breadcrumb\",\"itemListElement\":[{\"@type\":\"ListItem\",\"position\":1,\"name\":\"Accueil\",\"item\":\"https:\\\/\\\/www.scolaire-collines.com\\\/college\\\/\"},{\"@type\":\"ListItem\",\"position\":2,\"name\":\"Infos pratiques\",\"item\":\"http:\\\/\\\/www.scolaire-collines.com\\\/college\\\/infos-pratiques\\\/\"},{\"@type\":\"ListItem\",\"position\":3,\"name\":\"Le temps de midi\",\"item\":\"http:\\\/\\\/www.scolaire-collines.com\\\/college\\\/infos-pratiques\\\/les-activites-du-temps-de-midi\\\/\"},{\"@type\":\"ListItem\",\"position\":4,\"name\":\"UNSS\"}]},{\"@type\":\"WebSite\",\"@id\":\"https:\\\/\\\/www.scolaire-collines.com\\\/college\\\/#website\",\"url\":\"https:\\\/\\\/www.scolaire-collines.com\\\/college\\\/\",\"name\":\"Coll\u00e8ge Notre-Dame des Collines\",\"description\":\"Un coll\u00e8ge qui fait grandir\",\"potentialAction\":[{\"@type\":\"SearchAction\",\"target\":{\"@type\":\"EntryPoint\",\"urlTemplate\":\"https:\\\/\\\/www.scolaire-collines.com\\\/college\\\/?s={search_term_string}\"},\"query-input\":{\"@type\":\"PropertyValueSpecification\",\"valueRequired\":true,\"valueName\":\"search_term_string\"}}],\"inLanguage\":\"fr-FR\"}]}<\/script>\n<!-- \/ Yoast SEO plugin. -->","yoast_head_json":{"title":"UNSS - Coll\u00e8ge Notre-Dame des Collines","robots":{"index":"index","follow":"follow","max-snippet":"max-snippet:-1","max-image-preview":"max-image-preview:large","max-video-preview":"max-video-preview:-1"},"canonical":"https:\/\/www.scolaire-collines.com\/college\/infos-pratiques\/les-activites-du-temps-de-midi\/unss\/","og_locale":"fr_FR","og_type":"article","og_title":"UNSS - Coll\u00e8ge Notre-Dame des Collines","og_description":"Derri\u00e8re ce vocable bizarre se cache tout simplement l\u2019existence d\u2019un club sportif multi-activit\u00e9, L\u2019ASSOCIATION SPORTIVE DU COLLEGE. L\u2019Association est g\u00e9r\u00e9e et anim\u00e9e par les professeurs d\u2019EPS du Coll\u00e8ge avec la possibilit\u00e9\u00a0 d\u2019\u00eatre aid\u00e9e par des parents d\u2019\u00e9l\u00e8ves ou des \u00e9l\u00e8ves. Elle d\u00e9pend de l\u2019UNSS\u00a0: Union Nationale du Sport Scolaire.\u00a0\u00a0\u00a0\u00a0\u00a0\u00a0\u00a0\u00a0\u00a0\u00a0\u00a0\u00a0\u00a0\u00a0\u00a0\u00a0\u00a0 Les entrainements ont en g\u00e9n\u00e9ral lieu [&hellip;]","og_url":"https:\/\/www.scolaire-collines.com\/college\/infos-pratiques\/les-activites-du-temps-de-midi\/unss\/","og_site_name":"Coll\u00e8ge Notre-Dame des Collines","article_modified_time":"2016-11-28T15:37:52+00:00","og_image":[{"url":"http:\/\/www.scolaire-collines.com\/college-ndc\/wp-content\/uploads\/2016\/03\/handball-2015-2016-1024x689.jpg","type":"","width":"","height":""}],"twitter_card":"summary_large_image","twitter_misc":{"Dur\u00e9e de lecture estim\u00e9e":"1 minute"},"schema":{"@context":"https:\/\/schema.org","@graph":[{"@type":"WebPage","@id":"https:\/\/www.scolaire-collines.com\/college\/infos-pratiques\/les-activites-du-temps-de-midi\/unss\/","url":"https:\/\/www.scolaire-collines.com\/college\/infos-pratiques\/les-activites-du-temps-de-midi\/unss\/","name":"UNSS - Coll\u00e8ge Notre-Dame des Collines","isPartOf":{"@id":"https:\/\/www.scolaire-collines.com\/college\/#website"},"primaryImageOfPage":{"@id":"https:\/\/www.scolaire-collines.com\/college\/infos-pratiques\/les-activites-du-temps-de-midi\/unss\/#primaryimage"},"image":{"@id":"https:\/\/www.scolaire-collines.com\/college\/infos-pratiques\/les-activites-du-temps-de-midi\/unss\/#primaryimage"},"thumbnailUrl":"http:\/\/www.scolaire-collines.com\/college-ndc\/wp-content\/uploads\/2016\/03\/handball-2015-2016-1024x689.jpg","datePublished":"2016-11-28T14:31:06+00:00","dateModified":"2016-11-28T15:37:52+00:00","breadcrumb":{"@id":"https:\/\/www.scolaire-collines.com\/college\/infos-pratiques\/les-activites-du-temps-de-midi\/unss\/#breadcrumb"},"inLanguage":"fr-FR","potentialAction":[{"@type":"ReadAction","target":["https:\/\/www.scolaire-collines.com\/college\/infos-pratiques\/les-activites-du-temps-de-midi\/unss\/"]}]},{"@type":"ImageObject","inLanguage":"fr-FR","@id":"https:\/\/www.scolaire-collines.com\/college\/infos-pratiques\/les-activites-du-temps-de-midi\/unss\/#primaryimage","url":"http:\/\/www.scolaire-collines.com\/college-ndc\/wp-content\/uploads\/2016\/03\/handball-2015-2016-1024x689.jpg","contentUrl":"http:\/\/www.scolaire-collines.com\/college-ndc\/wp-content\/uploads\/2016\/03\/handball-2015-2016-1024x689.jpg"},{"@type":"BreadcrumbList","@id":"https:\/\/www.scolaire-collines.com\/college\/infos-pratiques\/les-activites-du-temps-de-midi\/unss\/#breadcrumb","itemListElement":[{"@type":"ListItem","position":1,"name":"Accueil","item":"https:\/\/www.scolaire-collines.com\/college\/"},{"@type":"ListItem","position":2,"name":"Infos pratiques","item":"http:\/\/www.scolaire-collines.com\/college\/infos-pratiques\/"},{"@type":"ListItem","position":3,"name":"Le temps de midi","item":"http:\/\/www.scolaire-collines.com\/college\/infos-pratiques\/les-activites-du-temps-de-midi\/"},{"@type":"ListItem","position":4,"name":"UNSS"}]},{"@type":"WebSite","@id":"https:\/\/www.scolaire-collines.com\/college\/#website","url":"https:\/\/www.scolaire-collines.com\/college\/","name":"Coll\u00e8ge Notre-Dame des Collines","description":"Un coll\u00e8ge qui fait grandir","potentialAction":[{"@type":"SearchAction","target":{"@type":"EntryPoint","urlTemplate":"https:\/\/www.scolaire-collines.com\/college\/?s={search_term_string}"},"query-input":{"@type":"PropertyValueSpecification","valueRequired":true,"valueName":"search_term_string"}}],"inLanguage":"fr-FR"}]}},"_links":{"self":[{"href":"http:\/\/www.scolaire-collines.com\/college\/wp-json\/wp\/v2\/pages\/746","targetHints":{"allow":["GET"]}}],"collection":[{"href":"http:\/\/www.scolaire-collines.com\/college\/wp-json\/wp\/v2\/pages"}],"about":[{"href":"http:\/\/www.scolaire-collines.com\/college\/wp-json\/wp\/v2\/types\/page"}],"author":[{"embeddable":true,"href":"http:\/\/www.scolaire-collines.com\/college\/wp-json\/wp\/v2\/users\/1"}],"replies":[{"embeddable":true,"href":"http:\/\/www.scolaire-collines.com\/college\/wp-json\/wp\/v2\/comments?post=746"}],"version-history":[{"count":2,"href":"http:\/\/www.scolaire-collines.com\/college\/wp-json\/wp\/v2\/pages\/746\/revisions"}],"predecessor-version":[{"id":2179,"href":"http:\/\/www.scolaire-collines.com\/college\/wp-json\/wp\/v2\/pages\/746\/revisions\/2179"}],"up":[{"embeddable":true,"href":"http:\/\/www.scolaire-collines.com\/college\/wp-json\/wp\/v2\/pages\/695"}],"wp:attachment":[{"href":"http:\/\/www.scolaire-collines.com\/college\/wp-json\/wp\/v2\/media?parent=746"}],"curies":[{"name":"wp","href":"https:\/\/api.w.org\/{rel}","templated":true}]}}