{"id":61,"date":"2019-01-18T16:30:43","date_gmt":"2019-01-18T15:30:43","guid":{"rendered":"http:\/\/www.scolaire-collines.com\/college\/?page_id=61"},"modified":"2022-11-17T12:18:58","modified_gmt":"2022-11-17T11:18:58","slug":"contacts","status":"publish","type":"page","link":"http:\/\/www.scolaire-collines.com\/college\/infos-pratiques\/contacts\/","title":{"rendered":"Contacts"},"content":{"rendered":"<p style=\"text-align: center;\"><span style=\"font-family: arial,helvetica,sans-serif;\"><strong>Coll\u00e8ge Notre-Dame\u00a0des Collines <\/strong><\/span><br \/>\n<span style=\"font-family: arial,helvetica,sans-serif;\"> <strong>6, rue Ferdinand Buisson<\/strong><\/span><br \/>\n<span style=\"font-family: arial,helvetica,sans-serif;\"> <strong>42800\u00a0 Rive de Gier <\/strong><\/span><br \/>\n<span style=\"font-family: arial,helvetica,sans-serif;\"> <strong>t\u00e9l\u00e9phone : <\/strong>04 77 75 05 60<\/span><\/p>\n<p><span style=\"font-family: arial,helvetica,sans-serif;\"> <strong>M\u00e9l <\/strong>: <a href=\"mailto:college.collines@orange.fr\">college@notredamedes<\/a><a href=\"mailto:college.collines@orange.fr\">collines.fr<\/a><\/span><\/p>\n<p style=\"text-align: center;\"><span style=\"font-family: arial,helvetica,sans-serif;\">Vie scolaire\u00a0: 04 77 75 22 06<\/span><br \/>\n<span style=\"font-family: arial,helvetica,sans-serif;\"> Comptabilit\u00e9\u00a0: 04 77 75 26 45<\/span><\/p>\n","protected":false},"excerpt":{"rendered":"<p>Coll\u00e8ge Notre-Dame\u00a0des Collines 6, rue Ferdinand Buisson 42800\u00a0 Rive de Gier t\u00e9l\u00e9phone : 04 77 75 05 60 M\u00e9l : college@notredamedescollines.fr Vie scolaire\u00a0: 04 77 75 22 06 Comptabilit\u00e9\u00a0: 04 77 75 26 45<\/p>\n","protected":false},"author":1,"featured_media":0,"parent":7,"menu_order":7,"comment_status":"closed","ping_status":"closed","template":"","meta":{"_acf_changed":false,"_et_pb_use_builder":"","_et_pb_old_content":"","_et_gb_content_width":"","footnotes":""},"class_list":["post-61","page","type-page","status-publish","hentry"],"acf":[],"yoast_head":"<!-- This site is optimized with the Yoast SEO plugin v27.4 - https:\/\/yoast.com\/product\/yoast-seo-wordpress\/ -->\n<title>Contacts - Coll\u00e8ge Notre-Dame des Collines<\/title>\n<meta name=\"robots\" content=\"index, follow, max-snippet:-1, max-image-preview:large, max-video-preview:-1\" \/>\n<link rel=\"canonical\" href=\"https:\/\/www.scolaire-collines.com\/college\/infos-pratiques\/contacts\/\" \/>\n<meta property=\"og:locale\" content=\"fr_FR\" \/>\n<meta property=\"og:type\" content=\"article\" \/>\n<meta property=\"og:title\" content=\"Contacts - Coll\u00e8ge Notre-Dame des Collines\" \/>\n<meta property=\"og:description\" content=\"Coll\u00e8ge Notre-Dame\u00a0des Collines 6, rue Ferdinand Buisson 42800\u00a0 Rive de Gier t\u00e9l\u00e9phone : 04 77 75 05 60 M\u00e9l : college@notredamedescollines.fr Vie scolaire\u00a0: 04 77 75 22 06 Comptabilit\u00e9\u00a0: 04 77 75 26 45\" \/>\n<meta property=\"og:url\" content=\"https:\/\/www.scolaire-collines.com\/college\/infos-pratiques\/contacts\/\" \/>\n<meta property=\"og:site_name\" content=\"Coll\u00e8ge Notre-Dame des Collines\" \/>\n<meta property=\"article:modified_time\" content=\"2022-11-17T11:18:58+00:00\" \/>\n<meta name=\"twitter:card\" content=\"summary_large_image\" \/>\n<script type=\"application\/ld+json\" class=\"yoast-schema-graph\">{\"@context\":\"https:\\\/\\\/schema.org\",\"@graph\":[{\"@type\":\"WebPage\",\"@id\":\"https:\\\/\\\/www.scolaire-collines.com\\\/college\\\/infos-pratiques\\\/contacts\\\/\",\"url\":\"https:\\\/\\\/www.scolaire-collines.com\\\/college\\\/infos-pratiques\\\/contacts\\\/\",\"name\":\"Contacts - Coll\u00e8ge Notre-Dame des Collines\",\"isPartOf\":{\"@id\":\"https:\\\/\\\/www.scolaire-collines.com\\\/college\\\/#website\"},\"datePublished\":\"2019-01-18T15:30:43+00:00\",\"dateModified\":\"2022-11-17T11:18:58+00:00\",\"breadcrumb\":{\"@id\":\"https:\\\/\\\/www.scolaire-collines.com\\\/college\\\/infos-pratiques\\\/contacts\\\/#breadcrumb\"},\"inLanguage\":\"fr-FR\",\"potentialAction\":[{\"@type\":\"ReadAction\",\"target\":[\"https:\\\/\\\/www.scolaire-collines.com\\\/college\\\/infos-pratiques\\\/contacts\\\/\"]}]},{\"@type\":\"BreadcrumbList\",\"@id\":\"https:\\\/\\\/www.scolaire-collines.com\\\/college\\\/infos-pratiques\\\/contacts\\\/#breadcrumb\",\"itemListElement\":[{\"@type\":\"ListItem\",\"position\":1,\"name\":\"Accueil\",\"item\":\"https:\\\/\\\/www.scolaire-collines.com\\\/college\\\/\"},{\"@type\":\"ListItem\",\"position\":2,\"name\":\"Infos pratiques\",\"item\":\"http:\\\/\\\/www.scolaire-collines.com\\\/college\\\/infos-pratiques\\\/\"},{\"@type\":\"ListItem\",\"position\":3,\"name\":\"Contacts\"}]},{\"@type\":\"WebSite\",\"@id\":\"https:\\\/\\\/www.scolaire-collines.com\\\/college\\\/#website\",\"url\":\"https:\\\/\\\/www.scolaire-collines.com\\\/college\\\/\",\"name\":\"Coll\u00e8ge Notre-Dame des Collines\",\"description\":\"Un coll\u00e8ge qui fait grandir\",\"potentialAction\":[{\"@type\":\"SearchAction\",\"target\":{\"@type\":\"EntryPoint\",\"urlTemplate\":\"https:\\\/\\\/www.scolaire-collines.com\\\/college\\\/?s={search_term_string}\"},\"query-input\":{\"@type\":\"PropertyValueSpecification\",\"valueRequired\":true,\"valueName\":\"search_term_string\"}}],\"inLanguage\":\"fr-FR\"}]}<\/script>\n<!-- \/ Yoast SEO plugin. -->","yoast_head_json":{"title":"Contacts - Coll\u00e8ge Notre-Dame des Collines","robots":{"index":"index","follow":"follow","max-snippet":"max-snippet:-1","max-image-preview":"max-image-preview:large","max-video-preview":"max-video-preview:-1"},"canonical":"https:\/\/www.scolaire-collines.com\/college\/infos-pratiques\/contacts\/","og_locale":"fr_FR","og_type":"article","og_title":"Contacts - Coll\u00e8ge Notre-Dame des Collines","og_description":"Coll\u00e8ge Notre-Dame\u00a0des Collines 6, rue Ferdinand Buisson 42800\u00a0 Rive de Gier t\u00e9l\u00e9phone : 04 77 75 05 60 M\u00e9l : college@notredamedescollines.fr Vie scolaire\u00a0: 04 77 75 22 06 Comptabilit\u00e9\u00a0: 04 77 75 26 45","og_url":"https:\/\/www.scolaire-collines.com\/college\/infos-pratiques\/contacts\/","og_site_name":"Coll\u00e8ge Notre-Dame des Collines","article_modified_time":"2022-11-17T11:18:58+00:00","twitter_card":"summary_large_image","schema":{"@context":"https:\/\/schema.org","@graph":[{"@type":"WebPage","@id":"https:\/\/www.scolaire-collines.com\/college\/infos-pratiques\/contacts\/","url":"https:\/\/www.scolaire-collines.com\/college\/infos-pratiques\/contacts\/","name":"Contacts - Coll\u00e8ge Notre-Dame des Collines","isPartOf":{"@id":"https:\/\/www.scolaire-collines.com\/college\/#website"},"datePublished":"2019-01-18T15:30:43+00:00","dateModified":"2022-11-17T11:18:58+00:00","breadcrumb":{"@id":"https:\/\/www.scolaire-collines.com\/college\/infos-pratiques\/contacts\/#breadcrumb"},"inLanguage":"fr-FR","potentialAction":[{"@type":"ReadAction","target":["https:\/\/www.scolaire-collines.com\/college\/infos-pratiques\/contacts\/"]}]},{"@type":"BreadcrumbList","@id":"https:\/\/www.scolaire-collines.com\/college\/infos-pratiques\/contacts\/#breadcrumb","itemListElement":[{"@type":"ListItem","position":1,"name":"Accueil","item":"https:\/\/www.scolaire-collines.com\/college\/"},{"@type":"ListItem","position":2,"name":"Infos pratiques","item":"http:\/\/www.scolaire-collines.com\/college\/infos-pratiques\/"},{"@type":"ListItem","position":3,"name":"Contacts"}]},{"@type":"WebSite","@id":"https:\/\/www.scolaire-collines.com\/college\/#website","url":"https:\/\/www.scolaire-collines.com\/college\/","name":"Coll\u00e8ge Notre-Dame des Collines","description":"Un coll\u00e8ge qui fait grandir","potentialAction":[{"@type":"SearchAction","target":{"@type":"EntryPoint","urlTemplate":"https:\/\/www.scolaire-collines.com\/college\/?s={search_term_string}"},"query-input":{"@type":"PropertyValueSpecification","valueRequired":true,"valueName":"search_term_string"}}],"inLanguage":"fr-FR"}]}},"_links":{"self":[{"href":"http:\/\/www.scolaire-collines.com\/college\/wp-json\/wp\/v2\/pages\/61","targetHints":{"allow":["GET"]}}],"collection":[{"href":"http:\/\/www.scolaire-collines.com\/college\/wp-json\/wp\/v2\/pages"}],"about":[{"href":"http:\/\/www.scolaire-collines.com\/college\/wp-json\/wp\/v2\/types\/page"}],"author":[{"embeddable":true,"href":"http:\/\/www.scolaire-collines.com\/college\/wp-json\/wp\/v2\/users\/1"}],"replies":[{"embeddable":true,"href":"http:\/\/www.scolaire-collines.com\/college\/wp-json\/wp\/v2\/comments?post=61"}],"version-history":[{"count":5,"href":"http:\/\/www.scolaire-collines.com\/college\/wp-json\/wp\/v2\/pages\/61\/revisions"}],"predecessor-version":[{"id":2762,"href":"http:\/\/www.scolaire-collines.com\/college\/wp-json\/wp\/v2\/pages\/61\/revisions\/2762"}],"up":[{"embeddable":true,"href":"http:\/\/www.scolaire-collines.com\/college\/wp-json\/wp\/v2\/pages\/7"}],"wp:attachment":[{"href":"http:\/\/www.scolaire-collines.com\/college\/wp-json\/wp\/v2\/media?parent=61"}],"curies":[{"name":"wp","href":"https:\/\/api.w.org\/{rel}","templated":true}]}}