{"id":43,"date":"2016-11-28T13:30:44","date_gmt":"2016-11-28T12:30:44","guid":{"rendered":"http:\/\/www.scolaire-collines.com\/college\/?page_id=43"},"modified":"2022-11-17T12:16:34","modified_gmt":"2022-11-17T11:16:34","slug":"accueil-periscolaire-etude-surveillee","status":"publish","type":"page","link":"http:\/\/www.scolaire-collines.com\/college\/infos-pratiques\/accueil-periscolaire-etude-surveillee\/","title":{"rendered":"Accueil p\u00e9riscolaire &#038; Etude surveill\u00e9e"},"content":{"rendered":"<p><span style=\"font-family: arial,helvetica,sans-serif;\"><span style=\"text-decoration: underline; color: #99cc00;\"><strong>Des activit\u00e9s libres sont propos\u00e9es pendant le temps de midi : <\/strong><\/span>th\u00e9\u00e2tre, chorale, la Gazette du coll\u00e8ge, ateliers jeux, th\u00e9\u00e2tre d&rsquo;ombres, association sportive<\/span><\/p>\n<p><span style=\"font-family: arial,helvetica,sans-serif;\"><strong>\u00a0<\/strong><\/span><\/p>\n<p><span style=\"font-family: arial,helvetica,sans-serif;\"><strong><span style=\"text-decoration: underline;\"><span style=\"color: #99cc00; text-decoration: underline;\">Une \u00e9tude surveill\u00e9e<\/span><\/span> est organis\u00e9e les lundis, mardis, jeudis et vendredis de 16 h 40 \u00e0 17 h 30 <\/strong><\/span><\/p>\n<p><span style=\"font-family: arial,helvetica,sans-serif;\"><strong>\u00a0<\/strong><\/span><\/p>\n","protected":false},"excerpt":{"rendered":"<p>Des activit\u00e9s libres sont propos\u00e9es pendant le temps de midi : th\u00e9\u00e2tre, chorale, la Gazette du coll\u00e8ge, ateliers jeux, th\u00e9\u00e2tre d&rsquo;ombres, association sportive \u00a0 Une \u00e9tude surveill\u00e9e est organis\u00e9e les lundis, mardis, jeudis et vendredis de 16 h 40 \u00e0 17 h 30 \u00a0<\/p>\n","protected":false},"author":1,"featured_media":0,"parent":7,"menu_order":2,"comment_status":"closed","ping_status":"closed","template":"","meta":{"_acf_changed":false,"_et_pb_use_builder":"","_et_pb_old_content":"","_et_gb_content_width":"","footnotes":""},"class_list":["post-43","page","type-page","status-publish","hentry"],"acf":[],"yoast_head":"<!-- This site is optimized with the Yoast SEO plugin v27.4 - https:\/\/yoast.com\/product\/yoast-seo-wordpress\/ -->\n<title>Accueil p\u00e9riscolaire &amp; Etude surveill\u00e9e - Coll\u00e8ge Notre-Dame des Collines<\/title>\n<meta name=\"robots\" content=\"index, follow, max-snippet:-1, max-image-preview:large, max-video-preview:-1\" \/>\n<link rel=\"canonical\" href=\"http:\/\/www.scolaire-collines.com\/college\/infos-pratiques\/accueil-periscolaire-etude-surveillee\/\" \/>\n<meta property=\"og:locale\" content=\"fr_FR\" \/>\n<meta property=\"og:type\" content=\"article\" \/>\n<meta property=\"og:title\" content=\"Accueil p\u00e9riscolaire &amp; Etude surveill\u00e9e - Coll\u00e8ge Notre-Dame des Collines\" \/>\n<meta property=\"og:description\" content=\"Des activit\u00e9s libres sont propos\u00e9es pendant le temps de midi : th\u00e9\u00e2tre, chorale, la Gazette du coll\u00e8ge, ateliers jeux, th\u00e9\u00e2tre d&rsquo;ombres, association sportive \u00a0 Une \u00e9tude surveill\u00e9e est organis\u00e9e les lundis, mardis, jeudis et vendredis de 16 h 40 \u00e0 17 h 30 \u00a0\" \/>\n<meta property=\"og:url\" content=\"http:\/\/www.scolaire-collines.com\/college\/infos-pratiques\/accueil-periscolaire-etude-surveillee\/\" \/>\n<meta property=\"og:site_name\" content=\"Coll\u00e8ge Notre-Dame des Collines\" \/>\n<meta property=\"article:modified_time\" content=\"2022-11-17T11:16:34+00:00\" \/>\n<meta name=\"twitter:card\" content=\"summary_large_image\" \/>\n<script type=\"application\/ld+json\" class=\"yoast-schema-graph\">{\"@context\":\"https:\\\/\\\/schema.org\",\"@graph\":[{\"@type\":\"WebPage\",\"@id\":\"http:\\\/\\\/www.scolaire-collines.com\\\/college\\\/infos-pratiques\\\/accueil-periscolaire-etude-surveillee\\\/\",\"url\":\"http:\\\/\\\/www.scolaire-collines.com\\\/college\\\/infos-pratiques\\\/accueil-periscolaire-etude-surveillee\\\/\",\"name\":\"Accueil p\u00e9riscolaire & Etude surveill\u00e9e - Coll\u00e8ge Notre-Dame des Collines\",\"isPartOf\":{\"@id\":\"http:\\\/\\\/www.scolaire-collines.com\\\/college\\\/#website\"},\"datePublished\":\"2016-11-28T12:30:44+00:00\",\"dateModified\":\"2022-11-17T11:16:34+00:00\",\"breadcrumb\":{\"@id\":\"http:\\\/\\\/www.scolaire-collines.com\\\/college\\\/infos-pratiques\\\/accueil-periscolaire-etude-surveillee\\\/#breadcrumb\"},\"inLanguage\":\"fr-FR\",\"potentialAction\":[{\"@type\":\"ReadAction\",\"target\":[\"http:\\\/\\\/www.scolaire-collines.com\\\/college\\\/infos-pratiques\\\/accueil-periscolaire-etude-surveillee\\\/\"]}]},{\"@type\":\"BreadcrumbList\",\"@id\":\"http:\\\/\\\/www.scolaire-collines.com\\\/college\\\/infos-pratiques\\\/accueil-periscolaire-etude-surveillee\\\/#breadcrumb\",\"itemListElement\":[{\"@type\":\"ListItem\",\"position\":1,\"name\":\"Accueil\",\"item\":\"http:\\\/\\\/www.scolaire-collines.com\\\/college\\\/\"},{\"@type\":\"ListItem\",\"position\":2,\"name\":\"Infos pratiques\",\"item\":\"https:\\\/\\\/www.scolaire-collines.com\\\/college\\\/infos-pratiques\\\/\"},{\"@type\":\"ListItem\",\"position\":3,\"name\":\"Accueil p\u00e9riscolaire &#038; Etude surveill\u00e9e\"}]},{\"@type\":\"WebSite\",\"@id\":\"http:\\\/\\\/www.scolaire-collines.com\\\/college\\\/#website\",\"url\":\"http:\\\/\\\/www.scolaire-collines.com\\\/college\\\/\",\"name\":\"Coll\u00e8ge Notre-Dame des Collines\",\"description\":\"Un coll\u00e8ge qui fait grandir\",\"potentialAction\":[{\"@type\":\"SearchAction\",\"target\":{\"@type\":\"EntryPoint\",\"urlTemplate\":\"http:\\\/\\\/www.scolaire-collines.com\\\/college\\\/?s={search_term_string}\"},\"query-input\":{\"@type\":\"PropertyValueSpecification\",\"valueRequired\":true,\"valueName\":\"search_term_string\"}}],\"inLanguage\":\"fr-FR\"}]}<\/script>\n<!-- \/ Yoast SEO plugin. -->","yoast_head_json":{"title":"Accueil p\u00e9riscolaire & Etude surveill\u00e9e - Coll\u00e8ge Notre-Dame des Collines","robots":{"index":"index","follow":"follow","max-snippet":"max-snippet:-1","max-image-preview":"max-image-preview:large","max-video-preview":"max-video-preview:-1"},"canonical":"http:\/\/www.scolaire-collines.com\/college\/infos-pratiques\/accueil-periscolaire-etude-surveillee\/","og_locale":"fr_FR","og_type":"article","og_title":"Accueil p\u00e9riscolaire & Etude surveill\u00e9e - Coll\u00e8ge Notre-Dame des Collines","og_description":"Des activit\u00e9s libres sont propos\u00e9es pendant le temps de midi : th\u00e9\u00e2tre, chorale, la Gazette du coll\u00e8ge, ateliers jeux, th\u00e9\u00e2tre d&rsquo;ombres, association sportive \u00a0 Une \u00e9tude surveill\u00e9e est organis\u00e9e les lundis, mardis, jeudis et vendredis de 16 h 40 \u00e0 17 h 30 \u00a0","og_url":"http:\/\/www.scolaire-collines.com\/college\/infos-pratiques\/accueil-periscolaire-etude-surveillee\/","og_site_name":"Coll\u00e8ge Notre-Dame des Collines","article_modified_time":"2022-11-17T11:16:34+00:00","twitter_card":"summary_large_image","schema":{"@context":"https:\/\/schema.org","@graph":[{"@type":"WebPage","@id":"http:\/\/www.scolaire-collines.com\/college\/infos-pratiques\/accueil-periscolaire-etude-surveillee\/","url":"http:\/\/www.scolaire-collines.com\/college\/infos-pratiques\/accueil-periscolaire-etude-surveillee\/","name":"Accueil p\u00e9riscolaire & Etude surveill\u00e9e - Coll\u00e8ge Notre-Dame des Collines","isPartOf":{"@id":"http:\/\/www.scolaire-collines.com\/college\/#website"},"datePublished":"2016-11-28T12:30:44+00:00","dateModified":"2022-11-17T11:16:34+00:00","breadcrumb":{"@id":"http:\/\/www.scolaire-collines.com\/college\/infos-pratiques\/accueil-periscolaire-etude-surveillee\/#breadcrumb"},"inLanguage":"fr-FR","potentialAction":[{"@type":"ReadAction","target":["http:\/\/www.scolaire-collines.com\/college\/infos-pratiques\/accueil-periscolaire-etude-surveillee\/"]}]},{"@type":"BreadcrumbList","@id":"http:\/\/www.scolaire-collines.com\/college\/infos-pratiques\/accueil-periscolaire-etude-surveillee\/#breadcrumb","itemListElement":[{"@type":"ListItem","position":1,"name":"Accueil","item":"http:\/\/www.scolaire-collines.com\/college\/"},{"@type":"ListItem","position":2,"name":"Infos pratiques","item":"https:\/\/www.scolaire-collines.com\/college\/infos-pratiques\/"},{"@type":"ListItem","position":3,"name":"Accueil p\u00e9riscolaire &#038; Etude surveill\u00e9e"}]},{"@type":"WebSite","@id":"http:\/\/www.scolaire-collines.com\/college\/#website","url":"http:\/\/www.scolaire-collines.com\/college\/","name":"Coll\u00e8ge Notre-Dame des Collines","description":"Un coll\u00e8ge qui fait grandir","potentialAction":[{"@type":"SearchAction","target":{"@type":"EntryPoint","urlTemplate":"http:\/\/www.scolaire-collines.com\/college\/?s={search_term_string}"},"query-input":{"@type":"PropertyValueSpecification","valueRequired":true,"valueName":"search_term_string"}}],"inLanguage":"fr-FR"}]}},"_links":{"self":[{"href":"http:\/\/www.scolaire-collines.com\/college\/wp-json\/wp\/v2\/pages\/43","targetHints":{"allow":["GET"]}}],"collection":[{"href":"http:\/\/www.scolaire-collines.com\/college\/wp-json\/wp\/v2\/pages"}],"about":[{"href":"http:\/\/www.scolaire-collines.com\/college\/wp-json\/wp\/v2\/types\/page"}],"author":[{"embeddable":true,"href":"http:\/\/www.scolaire-collines.com\/college\/wp-json\/wp\/v2\/users\/1"}],"replies":[{"embeddable":true,"href":"http:\/\/www.scolaire-collines.com\/college\/wp-json\/wp\/v2\/comments?post=43"}],"version-history":[{"count":4,"href":"http:\/\/www.scolaire-collines.com\/college\/wp-json\/wp\/v2\/pages\/43\/revisions"}],"predecessor-version":[{"id":2760,"href":"http:\/\/www.scolaire-collines.com\/college\/wp-json\/wp\/v2\/pages\/43\/revisions\/2760"}],"up":[{"embeddable":true,"href":"http:\/\/www.scolaire-collines.com\/college\/wp-json\/wp\/v2\/pages\/7"}],"wp:attachment":[{"href":"http:\/\/www.scolaire-collines.com\/college\/wp-json\/wp\/v2\/media?parent=43"}],"curies":[{"name":"wp","href":"https:\/\/api.w.org\/{rel}","templated":true}]}}