{"id":41,"date":"2016-11-28T13:30:07","date_gmt":"2016-11-28T12:30:07","guid":{"rendered":"http:\/\/www.scolaire-collines.com\/college\/?page_id=41"},"modified":"2021-10-20T17:34:25","modified_gmt":"2021-10-20T15:34:25","slug":"horaires","status":"publish","type":"page","link":"http:\/\/www.scolaire-collines.com\/college\/infos-pratiques\/horaires\/","title":{"rendered":"Horaires"},"content":{"rendered":"<p><span style=\"font-family: arial,helvetica,sans-serif;\">&#8211; <strong><span style=\"text-decoration: underline;\"><span style=\"color: #99cc00; text-decoration: underline;\">Pour les \u00e9l\u00e8ves<\/span><\/span><\/strong> : L&rsquo;horaire hebdomadaire est le suivant :<\/span><\/p>\n<ul>\n<li><span style=\"font-family: arial,helvetica,sans-serif;\">8 h 00 \u00e0 12 h 00 et 13 h 40 \u00e0 16 h 40 le lundi, mardi, jeudi et vendredi.<\/span><\/li>\n<li><span style=\"font-family: arial,helvetica,sans-serif;\">8 h 00 \u00e0 12 h 00 le mercredi, sauf pour les 6<sup>\u00e8mes<\/sup> .<\/span><\/li>\n<li><span style=\"font-family: arial,helvetica,sans-serif;\">L&rsquo;accueil est assur\u00e9 le matin \u00e0 partir de 7 h 30 et le soir jusqu&rsquo;\u00e0 17 h 30.<\/span><\/li>\n<\/ul>\n<p><span style=\"font-family: arial,helvetica,sans-serif;\"><span style=\"color: #99cc00;\">&#8211;\u00a0 <strong><span style=\"text-decoration: underline;\">Le secr\u00e9tariat<\/span><\/strong><\/span> est ouvert :<\/span><\/p>\n<ul>\n<li><span style=\"font-family: arial,helvetica,sans-serif;\">de 7 h 45 \u00e0 12 h 15 et de 13 h 00 \u00e0 17 h 30 le lundi, mardi, jeudi et vendredi<\/span><\/li>\n<li><span style=\"font-family: arial,helvetica,sans-serif;\">de 8 h 00 \u00e0 12 h 00 le mercredi<\/span><\/li>\n<\/ul>\n<p><span style=\"font-family: arial,helvetica,sans-serif;\"><span style=\"color: #99cc00;\">&#8211; <\/span><strong><span style=\"color: #99cc00;\"><span style=\"text-decoration: underline;\">Le service comptabilit\u00e9<\/span><\/span><\/strong><\/span><\/p>\n<ul style=\"list-style-type: disc;\">\n<li><span style=\"font-family: arial,helvetica,sans-serif;\">vous pouvez le joindre de 8 h 00 \u00e0 17 h 00 les lundis, mardis, jeudis et vendredis et le mercredi matin entre 8h et12h\u00a0<\/span><\/li>\n<li><span style=\"font-family: arial,helvetica,sans-serif;\">pour l\u2019appeler, veuillez composer les num\u00e9ros directs suivants\u00a0 :<\/span><\/li>\n<\/ul>\n<p><span style=\"font-family: arial,helvetica,sans-serif;\"><strong>\u00a0\u00a0\u00a0\u00a0\u00a0\u00a0\u00a0\u00a0\u00a0\u00a0 04 77 75 26 48<\/strong> (mensualit\u00e9s, frais de scolarit\u00e9, bourses)<\/span><\/p>\n<p><span style=\"font-family: arial,helvetica,sans-serif;\"><strong>\u00a0 \u00a0 \u00a0 \u00a0 \u00a0 ou 04 77 75 26 45 <\/strong>(cantine)<\/span><strong><br \/>\n<\/strong><\/p>\n","protected":false},"excerpt":{"rendered":"<p>&#8211; Pour les \u00e9l\u00e8ves : L&rsquo;horaire hebdomadaire est le suivant : 8 h 00 \u00e0 12 h 00 et 13 h 40 \u00e0 16 h 40 le lundi, mardi, jeudi et vendredi. 8 h 00 \u00e0 12 h 00 le mercredi, sauf pour les 6\u00e8mes . L&rsquo;accueil est assur\u00e9 le matin \u00e0 partir de 7 [&hellip;]<\/p>\n","protected":false},"author":1,"featured_media":0,"parent":7,"menu_order":1,"comment_status":"closed","ping_status":"closed","template":"","meta":{"_acf_changed":false,"_et_pb_use_builder":"","_et_pb_old_content":"","_et_gb_content_width":"","footnotes":""},"class_list":["post-41","page","type-page","status-publish","hentry"],"acf":[],"yoast_head":"<!-- This site is optimized with the Yoast SEO plugin v27.4 - https:\/\/yoast.com\/product\/yoast-seo-wordpress\/ -->\n<title>Horaires - Coll\u00e8ge Notre-Dame des Collines<\/title>\n<meta name=\"robots\" content=\"index, follow, max-snippet:-1, max-image-preview:large, max-video-preview:-1\" \/>\n<link rel=\"canonical\" href=\"http:\/\/www.scolaire-collines.com\/college\/infos-pratiques\/horaires\/\" \/>\n<meta property=\"og:locale\" content=\"fr_FR\" \/>\n<meta property=\"og:type\" content=\"article\" \/>\n<meta property=\"og:title\" content=\"Horaires - Coll\u00e8ge Notre-Dame des Collines\" \/>\n<meta property=\"og:description\" content=\"&#8211; Pour les \u00e9l\u00e8ves : L&rsquo;horaire hebdomadaire est le suivant : 8 h 00 \u00e0 12 h 00 et 13 h 40 \u00e0 16 h 40 le lundi, mardi, jeudi et vendredi. 8 h 00 \u00e0 12 h 00 le mercredi, sauf pour les 6\u00e8mes . L&rsquo;accueil est assur\u00e9 le matin \u00e0 partir de 7 [&hellip;]\" \/>\n<meta property=\"og:url\" content=\"http:\/\/www.scolaire-collines.com\/college\/infos-pratiques\/horaires\/\" \/>\n<meta property=\"og:site_name\" content=\"Coll\u00e8ge Notre-Dame des Collines\" \/>\n<meta property=\"article:modified_time\" content=\"2021-10-20T15:34:25+00:00\" \/>\n<meta name=\"twitter:card\" content=\"summary_large_image\" \/>\n<meta name=\"twitter:label1\" content=\"Dur\u00e9e de lecture estim\u00e9e\" \/>\n\t<meta name=\"twitter:data1\" content=\"1 minute\" \/>\n<script type=\"application\/ld+json\" class=\"yoast-schema-graph\">{\"@context\":\"https:\\\/\\\/schema.org\",\"@graph\":[{\"@type\":\"WebPage\",\"@id\":\"http:\\\/\\\/www.scolaire-collines.com\\\/college\\\/infos-pratiques\\\/horaires\\\/\",\"url\":\"http:\\\/\\\/www.scolaire-collines.com\\\/college\\\/infos-pratiques\\\/horaires\\\/\",\"name\":\"Horaires - Coll\u00e8ge Notre-Dame des Collines\",\"isPartOf\":{\"@id\":\"http:\\\/\\\/www.scolaire-collines.com\\\/college\\\/#website\"},\"datePublished\":\"2016-11-28T12:30:07+00:00\",\"dateModified\":\"2021-10-20T15:34:25+00:00\",\"breadcrumb\":{\"@id\":\"http:\\\/\\\/www.scolaire-collines.com\\\/college\\\/infos-pratiques\\\/horaires\\\/#breadcrumb\"},\"inLanguage\":\"fr-FR\",\"potentialAction\":[{\"@type\":\"ReadAction\",\"target\":[\"http:\\\/\\\/www.scolaire-collines.com\\\/college\\\/infos-pratiques\\\/horaires\\\/\"]}]},{\"@type\":\"BreadcrumbList\",\"@id\":\"http:\\\/\\\/www.scolaire-collines.com\\\/college\\\/infos-pratiques\\\/horaires\\\/#breadcrumb\",\"itemListElement\":[{\"@type\":\"ListItem\",\"position\":1,\"name\":\"Accueil\",\"item\":\"http:\\\/\\\/www.scolaire-collines.com\\\/college\\\/\"},{\"@type\":\"ListItem\",\"position\":2,\"name\":\"Infos pratiques\",\"item\":\"http:\\\/\\\/www.scolaire-collines.com\\\/college\\\/infos-pratiques\\\/\"},{\"@type\":\"ListItem\",\"position\":3,\"name\":\"Horaires\"}]},{\"@type\":\"WebSite\",\"@id\":\"http:\\\/\\\/www.scolaire-collines.com\\\/college\\\/#website\",\"url\":\"http:\\\/\\\/www.scolaire-collines.com\\\/college\\\/\",\"name\":\"Coll\u00e8ge Notre-Dame des Collines\",\"description\":\"Un coll\u00e8ge qui fait grandir\",\"potentialAction\":[{\"@type\":\"SearchAction\",\"target\":{\"@type\":\"EntryPoint\",\"urlTemplate\":\"http:\\\/\\\/www.scolaire-collines.com\\\/college\\\/?s={search_term_string}\"},\"query-input\":{\"@type\":\"PropertyValueSpecification\",\"valueRequired\":true,\"valueName\":\"search_term_string\"}}],\"inLanguage\":\"fr-FR\"}]}<\/script>\n<!-- \/ Yoast SEO plugin. -->","yoast_head_json":{"title":"Horaires - Coll\u00e8ge Notre-Dame des Collines","robots":{"index":"index","follow":"follow","max-snippet":"max-snippet:-1","max-image-preview":"max-image-preview:large","max-video-preview":"max-video-preview:-1"},"canonical":"http:\/\/www.scolaire-collines.com\/college\/infos-pratiques\/horaires\/","og_locale":"fr_FR","og_type":"article","og_title":"Horaires - Coll\u00e8ge Notre-Dame des Collines","og_description":"&#8211; Pour les \u00e9l\u00e8ves : L&rsquo;horaire hebdomadaire est le suivant : 8 h 00 \u00e0 12 h 00 et 13 h 40 \u00e0 16 h 40 le lundi, mardi, jeudi et vendredi. 8 h 00 \u00e0 12 h 00 le mercredi, sauf pour les 6\u00e8mes . L&rsquo;accueil est assur\u00e9 le matin \u00e0 partir de 7 [&hellip;]","og_url":"http:\/\/www.scolaire-collines.com\/college\/infos-pratiques\/horaires\/","og_site_name":"Coll\u00e8ge Notre-Dame des Collines","article_modified_time":"2021-10-20T15:34:25+00:00","twitter_card":"summary_large_image","twitter_misc":{"Dur\u00e9e de lecture estim\u00e9e":"1 minute"},"schema":{"@context":"https:\/\/schema.org","@graph":[{"@type":"WebPage","@id":"http:\/\/www.scolaire-collines.com\/college\/infos-pratiques\/horaires\/","url":"http:\/\/www.scolaire-collines.com\/college\/infos-pratiques\/horaires\/","name":"Horaires - Coll\u00e8ge Notre-Dame des Collines","isPartOf":{"@id":"http:\/\/www.scolaire-collines.com\/college\/#website"},"datePublished":"2016-11-28T12:30:07+00:00","dateModified":"2021-10-20T15:34:25+00:00","breadcrumb":{"@id":"http:\/\/www.scolaire-collines.com\/college\/infos-pratiques\/horaires\/#breadcrumb"},"inLanguage":"fr-FR","potentialAction":[{"@type":"ReadAction","target":["http:\/\/www.scolaire-collines.com\/college\/infos-pratiques\/horaires\/"]}]},{"@type":"BreadcrumbList","@id":"http:\/\/www.scolaire-collines.com\/college\/infos-pratiques\/horaires\/#breadcrumb","itemListElement":[{"@type":"ListItem","position":1,"name":"Accueil","item":"http:\/\/www.scolaire-collines.com\/college\/"},{"@type":"ListItem","position":2,"name":"Infos pratiques","item":"http:\/\/www.scolaire-collines.com\/college\/infos-pratiques\/"},{"@type":"ListItem","position":3,"name":"Horaires"}]},{"@type":"WebSite","@id":"http:\/\/www.scolaire-collines.com\/college\/#website","url":"http:\/\/www.scolaire-collines.com\/college\/","name":"Coll\u00e8ge Notre-Dame des Collines","description":"Un coll\u00e8ge qui fait grandir","potentialAction":[{"@type":"SearchAction","target":{"@type":"EntryPoint","urlTemplate":"http:\/\/www.scolaire-collines.com\/college\/?s={search_term_string}"},"query-input":{"@type":"PropertyValueSpecification","valueRequired":true,"valueName":"search_term_string"}}],"inLanguage":"fr-FR"}]}},"_links":{"self":[{"href":"http:\/\/www.scolaire-collines.com\/college\/wp-json\/wp\/v2\/pages\/41","targetHints":{"allow":["GET"]}}],"collection":[{"href":"http:\/\/www.scolaire-collines.com\/college\/wp-json\/wp\/v2\/pages"}],"about":[{"href":"http:\/\/www.scolaire-collines.com\/college\/wp-json\/wp\/v2\/types\/page"}],"author":[{"embeddable":true,"href":"http:\/\/www.scolaire-collines.com\/college\/wp-json\/wp\/v2\/users\/1"}],"replies":[{"embeddable":true,"href":"http:\/\/www.scolaire-collines.com\/college\/wp-json\/wp\/v2\/comments?post=41"}],"version-history":[{"count":3,"href":"http:\/\/www.scolaire-collines.com\/college\/wp-json\/wp\/v2\/pages\/41\/revisions"}],"predecessor-version":[{"id":2741,"href":"http:\/\/www.scolaire-collines.com\/college\/wp-json\/wp\/v2\/pages\/41\/revisions\/2741"}],"up":[{"embeddable":true,"href":"http:\/\/www.scolaire-collines.com\/college\/wp-json\/wp\/v2\/pages\/7"}],"wp:attachment":[{"href":"http:\/\/www.scolaire-collines.com\/college\/wp-json\/wp\/v2\/media?parent=41"}],"curies":[{"name":"wp","href":"https:\/\/api.w.org\/{rel}","templated":true}]}}