{"id":35,"date":"2016-11-28T16:30:17","date_gmt":"2016-11-28T15:30:17","guid":{"rendered":"http:\/\/www.scolaire-collines.com\/college\/?page_id=35"},"modified":"2022-11-18T16:56:41","modified_gmt":"2022-11-18T15:56:41","slug":"projet-educatif","status":"publish","type":"page","link":"http:\/\/www.scolaire-collines.com\/college\/projets\/projet-educatif\/","title":{"rendered":"Projet Educatif"},"content":{"rendered":"<p style=\"text-align: justify;\"><span style=\"font-family: arial,helvetica,sans-serif;\"><strong>Le coll\u00e8ge Notre-Dame\u00a0des Collines accueille \u00e0 Rive-de-Gier des jeunes et des adultes venus de milieux tr\u00e8s divers. Ils forment ensemble une communaut\u00e9 de personnes r\u00e9unies par un objectif commun\u00a0: la formation des \u00e9l\u00e8ves et leur r\u00e9ussite scolaire.<\/strong><\/span><\/p>\n<p style=\"text-align: justify;\"><span style=\"font-family: arial,helvetica,sans-serif;\"><strong>Etablissement catholique d\u2019enseignement, sous contrat d\u2019association avec l\u2019Etat,\u00a0 le coll\u00e8ge Notre-Dame des Collines <\/strong>remplit une double mission de service d\u2019Eglise et de service de la Nation.\u00a0 \u00c0 ce titre, sa communaut\u00e9 \u00e9ducative, dans le respect des orientations d&rsquo;\u00e9ducation propos\u00e9es par les statuts de l&rsquo;enseignement catholique et par le Minist\u00e8re de l&rsquo;\u00c9ducation Nationale,\u00a0 a la volont\u00e9 de mettre son projet, fond\u00e9 sur un sens chr\u00e9tien de l\u2019homme, au service de la soci\u00e9t\u00e9 et de son d\u00e9veloppement. <strong>Chaque coll\u00e9gien est une personne qui vit, apprend, se construit, \u00a0grandit, et est appel\u00e9e \u00e0 prendre sa place au sein de la soci\u00e9t\u00e9. <\/strong><strong>\u00a0<\/strong><\/span><\/p>\n<p style=\"text-align: justify;\"><span style=\"font-family: arial,helvetica,sans-serif;\"><strong>Fond\u00e9 par les fr\u00e8res des \u00e9coles chr\u00e9tiennes, le coll\u00e8ge Notre-Dame des Collines reprend \u00e0 son compte, avec sa communaut\u00e9 \u00e9ducative, leur volont\u00e9 d\u2019ouverture \u00e0 tous, sans s\u00e9lection (intellectuelle, de croyance ou financi\u00e8re), dans un esprit de respect, d\u2019estime et de confiance.<\/strong><\/span><\/p>\n<p><span style=\"font-family: arial,helvetica,sans-serif;\"><strong>\u00a0<\/strong><\/span><\/p>\n<p><span style=\"font-family: arial,helvetica,sans-serif;\"><strong>1-\u00a0<\/strong><span style=\"text-decoration: underline;\"> <strong>Une certaine conception de la r\u00e9ussite\u00a0:\u00a0<\/strong><\/span><strong>\u00a0<\/strong><\/span><\/p>\n<p style=\"text-align: justify;\"><span style=\"font-family: arial,helvetica,sans-serif;\">Il s\u2019agit d\u2019\u0153uvrer au d\u00e9veloppement des attitudes, des comp\u00e9tences et des capacit\u00e9s personnelles, permettant \u00e0 chacun de s\u2019\u00e9panouir comme un \u00eatre de relations, responsable de ses actes et de son d\u00e9veloppement, heureux du sens donn\u00e9 \u00e0 sa vie.<\/span><\/p>\n<p><span style=\"font-family: arial,helvetica,sans-serif;\"><strong>2-\u00a0 <\/strong><strong><span style=\"text-decoration: underline;\">Un \u00e9l\u00e8ve accompagn\u00e9 dans son d\u00e9veloppement\u00a0:<\/span><\/strong><\/span><\/p>\n<p style=\"text-align: justify;\"><span style=\"font-family: arial,helvetica,sans-serif;\">&#8211;\u00a0 Un jeune qui apprend, grandit, s\u2019\u00e9panouit, est heureux au coll\u00e8ge.<\/span><\/p>\n<p style=\"text-align: justify;\"><span style=\"font-family: arial,helvetica,sans-serif;\">&#8211; Un \u00eatre en relation, en devenir, invit\u00e9 \u00e0 se construire et \u00e0 vivre avec d\u2019autres dans une ambiance familiale de respect et de solidarit\u00e9.<\/span><\/p>\n<p style=\"text-align: justify;\"><span style=\"font-family: arial,helvetica,sans-serif;\">&#8211; Un jeune accueilli, \u00e9cout\u00e9, actif dans la construction de ses savoirs, savoir-faire et savoir-devenir.<\/span><\/p>\n<p style=\"text-align: justify;\"><span style=\"font-family: arial,helvetica,sans-serif;\">&#8211; Un jeune accompagn\u00e9 et pris en compte dans sa sp\u00e9cificit\u00e9 par une \u00e9quipe d\u2019adultes attentive et soucieuse d\u2019une pleine r\u00e9ussite de chacun.<\/span><\/p>\n<p style=\"text-align: justify;\"><span style=\"font-family: arial,helvetica,sans-serif;\">&#8211; Une personne unique qui s\u2019ouvre aux questionnements sur le sens de la vie.<\/span><\/p>\n<p><span style=\"font-family: arial,helvetica,sans-serif;\"><strong>3- <\/strong><strong><span style=\"text-decoration: underline;\">Des contenus d\u2019enseignement et d\u2019\u00e9ducation coh\u00e9rents\u00a0:<\/span><\/strong><\/span><\/p>\n<p style=\"text-align: justify;\"><span style=\"font-family: arial,helvetica,sans-serif;\">&#8211;\u00a0 \u00c9laboration d\u2019un vivre ensemble : r\u00e8gles communes, respect entre les membres de la communaut\u00e9 \u00e9ducative<\/span><\/p>\n<p style=\"text-align: justify;\"><span style=\"font-family: arial,helvetica,sans-serif;\">&#8211; D\u00e9veloppement de l\u2019autonomie, de la responsabilit\u00e9, de l\u2019expression personnelle.<\/span><\/p>\n<p style=\"text-align: justify;\"><span style=\"font-family: arial,helvetica,sans-serif;\">&#8211; D\u00e9veloppement du \u00a0go\u00fbt et des moyens d\u2019apprendre en tenant compte des capacit\u00e9s de chacun.<\/span><\/p>\n<p style=\"text-align: justify;\"><span style=\"font-family: arial,helvetica,sans-serif;\">&#8211; Apprentissages des savoirs et savoir-faire, connaissance de soi, ouverture \u00e0 toutes les dimensions culturelles.<\/span><\/p>\n<p style=\"text-align: justify;\"><span style=\"font-family: arial,helvetica,sans-serif;\">&#8211; D\u00e9couverte du monde professionnel.<\/span><\/p>\n<p style=\"text-align: justify;\"><span style=\"font-family: arial,helvetica,sans-serif;\">&#8211; Construction de son projet personnel d\u2019orientation et de sa citoyennet\u00e9.<\/span><\/p>\n<p><span style=\"font-family: arial,helvetica,sans-serif;\"><strong>\u00a0<\/strong><strong>4- <\/strong><strong>Des adultes au service du d\u00e9veloppement des jeunes\u00a0:<\/strong><\/span><\/p>\n<p style=\"text-align: justify;\"><span style=\"font-family: arial,helvetica,sans-serif;\">&#8211; Un engagement personnel et communautaire dans une relation constructive faite d\u2019exemple, d\u2019\u00e9coute, de bienveillance, de justice, de respect, d\u2019exigences sur les r\u00e8gles\u00a0\u00a0de vie en commun.<\/span><\/p>\n<p style=\"text-align: justify;\"><span style=\"font-family: arial,helvetica,sans-serif;\">&#8211; Une transmission et un accompagnement personnel et communautaire dans la construction des savoirs, initiant au plaisir du travail \u00a0et valorisant les r\u00e9ussites.<\/span><\/p>\n<p style=\"text-align: justify;\"><span style=\"font-family: arial,helvetica,sans-serif;\">&#8211; Une aide \u00e0 l\u2019\u00e9panouissement de chaque jeune et \u00e0 la construction de son avenir.<\/span><\/p>\n","protected":false},"excerpt":{"rendered":"<p>Le coll\u00e8ge Notre-Dame\u00a0des Collines accueille \u00e0 Rive-de-Gier des jeunes et des adultes venus de milieux tr\u00e8s divers. Ils forment ensemble une communaut\u00e9 de personnes r\u00e9unies par un objectif commun\u00a0: la formation des \u00e9l\u00e8ves et leur r\u00e9ussite scolaire. Etablissement catholique d\u2019enseignement, sous contrat d\u2019association avec l\u2019Etat,\u00a0 le coll\u00e8ge Notre-Dame des Collines remplit une double mission de [&hellip;]<\/p>\n","protected":false},"author":1,"featured_media":0,"parent":12,"menu_order":1,"comment_status":"closed","ping_status":"closed","template":"","meta":{"_acf_changed":false,"_et_pb_use_builder":"","_et_pb_old_content":"","_et_gb_content_width":"","footnotes":""},"class_list":["post-35","page","type-page","status-publish","hentry"],"acf":[],"yoast_head":"<!-- This site is optimized with the Yoast SEO plugin v27.4 - https:\/\/yoast.com\/product\/yoast-seo-wordpress\/ -->\n<title>Projet Educatif - Coll\u00e8ge Notre-Dame des Collines<\/title>\n<meta name=\"robots\" content=\"index, follow, max-snippet:-1, max-image-preview:large, max-video-preview:-1\" \/>\n<link rel=\"canonical\" href=\"http:\/\/www.scolaire-collines.com\/college\/projets\/projet-educatif\/\" \/>\n<meta property=\"og:locale\" content=\"fr_FR\" \/>\n<meta property=\"og:type\" content=\"article\" \/>\n<meta property=\"og:title\" content=\"Projet Educatif - Coll\u00e8ge Notre-Dame des Collines\" \/>\n<meta property=\"og:description\" content=\"Le coll\u00e8ge Notre-Dame\u00a0des Collines accueille \u00e0 Rive-de-Gier des jeunes et des adultes venus de milieux tr\u00e8s divers. Ils forment ensemble une communaut\u00e9 de personnes r\u00e9unies par un objectif commun\u00a0: la formation des \u00e9l\u00e8ves et leur r\u00e9ussite scolaire. Etablissement catholique d\u2019enseignement, sous contrat d\u2019association avec l\u2019Etat,\u00a0 le coll\u00e8ge Notre-Dame des Collines remplit une double mission de [&hellip;]\" \/>\n<meta property=\"og:url\" content=\"http:\/\/www.scolaire-collines.com\/college\/projets\/projet-educatif\/\" \/>\n<meta property=\"og:site_name\" content=\"Coll\u00e8ge Notre-Dame des Collines\" \/>\n<meta property=\"article:modified_time\" content=\"2022-11-18T15:56:41+00:00\" \/>\n<meta name=\"twitter:card\" content=\"summary_large_image\" \/>\n<meta name=\"twitter:label1\" content=\"Dur\u00e9e de lecture estim\u00e9e\" \/>\n\t<meta name=\"twitter:data1\" content=\"3 minutes\" \/>\n<script type=\"application\/ld+json\" class=\"yoast-schema-graph\">{\"@context\":\"https:\\\/\\\/schema.org\",\"@graph\":[{\"@type\":\"WebPage\",\"@id\":\"http:\\\/\\\/www.scolaire-collines.com\\\/college\\\/projets\\\/projet-educatif\\\/\",\"url\":\"http:\\\/\\\/www.scolaire-collines.com\\\/college\\\/projets\\\/projet-educatif\\\/\",\"name\":\"Projet Educatif - Coll\u00e8ge Notre-Dame des Collines\",\"isPartOf\":{\"@id\":\"http:\\\/\\\/www.scolaire-collines.com\\\/college\\\/#website\"},\"datePublished\":\"2016-11-28T15:30:17+00:00\",\"dateModified\":\"2022-11-18T15:56:41+00:00\",\"breadcrumb\":{\"@id\":\"http:\\\/\\\/www.scolaire-collines.com\\\/college\\\/projets\\\/projet-educatif\\\/#breadcrumb\"},\"inLanguage\":\"fr-FR\",\"potentialAction\":[{\"@type\":\"ReadAction\",\"target\":[\"http:\\\/\\\/www.scolaire-collines.com\\\/college\\\/projets\\\/projet-educatif\\\/\"]}]},{\"@type\":\"BreadcrumbList\",\"@id\":\"http:\\\/\\\/www.scolaire-collines.com\\\/college\\\/projets\\\/projet-educatif\\\/#breadcrumb\",\"itemListElement\":[{\"@type\":\"ListItem\",\"position\":1,\"name\":\"Accueil\",\"item\":\"http:\\\/\\\/www.scolaire-collines.com\\\/college\\\/\"},{\"@type\":\"ListItem\",\"position\":2,\"name\":\"Projets\",\"item\":\"https:\\\/\\\/www.scolaire-collines.com\\\/college\\\/projets\\\/\"},{\"@type\":\"ListItem\",\"position\":3,\"name\":\"Projet Educatif\"}]},{\"@type\":\"WebSite\",\"@id\":\"http:\\\/\\\/www.scolaire-collines.com\\\/college\\\/#website\",\"url\":\"http:\\\/\\\/www.scolaire-collines.com\\\/college\\\/\",\"name\":\"Coll\u00e8ge Notre-Dame des Collines\",\"description\":\"Un coll\u00e8ge qui fait grandir\",\"potentialAction\":[{\"@type\":\"SearchAction\",\"target\":{\"@type\":\"EntryPoint\",\"urlTemplate\":\"http:\\\/\\\/www.scolaire-collines.com\\\/college\\\/?s={search_term_string}\"},\"query-input\":{\"@type\":\"PropertyValueSpecification\",\"valueRequired\":true,\"valueName\":\"search_term_string\"}}],\"inLanguage\":\"fr-FR\"}]}<\/script>\n<!-- \/ Yoast SEO plugin. -->","yoast_head_json":{"title":"Projet Educatif - Coll\u00e8ge Notre-Dame des Collines","robots":{"index":"index","follow":"follow","max-snippet":"max-snippet:-1","max-image-preview":"max-image-preview:large","max-video-preview":"max-video-preview:-1"},"canonical":"http:\/\/www.scolaire-collines.com\/college\/projets\/projet-educatif\/","og_locale":"fr_FR","og_type":"article","og_title":"Projet Educatif - Coll\u00e8ge Notre-Dame des Collines","og_description":"Le coll\u00e8ge Notre-Dame\u00a0des Collines accueille \u00e0 Rive-de-Gier des jeunes et des adultes venus de milieux tr\u00e8s divers. Ils forment ensemble une communaut\u00e9 de personnes r\u00e9unies par un objectif commun\u00a0: la formation des \u00e9l\u00e8ves et leur r\u00e9ussite scolaire. Etablissement catholique d\u2019enseignement, sous contrat d\u2019association avec l\u2019Etat,\u00a0 le coll\u00e8ge Notre-Dame des Collines remplit une double mission de [&hellip;]","og_url":"http:\/\/www.scolaire-collines.com\/college\/projets\/projet-educatif\/","og_site_name":"Coll\u00e8ge Notre-Dame des Collines","article_modified_time":"2022-11-18T15:56:41+00:00","twitter_card":"summary_large_image","twitter_misc":{"Dur\u00e9e de lecture estim\u00e9e":"3 minutes"},"schema":{"@context":"https:\/\/schema.org","@graph":[{"@type":"WebPage","@id":"http:\/\/www.scolaire-collines.com\/college\/projets\/projet-educatif\/","url":"http:\/\/www.scolaire-collines.com\/college\/projets\/projet-educatif\/","name":"Projet Educatif - Coll\u00e8ge Notre-Dame des Collines","isPartOf":{"@id":"http:\/\/www.scolaire-collines.com\/college\/#website"},"datePublished":"2016-11-28T15:30:17+00:00","dateModified":"2022-11-18T15:56:41+00:00","breadcrumb":{"@id":"http:\/\/www.scolaire-collines.com\/college\/projets\/projet-educatif\/#breadcrumb"},"inLanguage":"fr-FR","potentialAction":[{"@type":"ReadAction","target":["http:\/\/www.scolaire-collines.com\/college\/projets\/projet-educatif\/"]}]},{"@type":"BreadcrumbList","@id":"http:\/\/www.scolaire-collines.com\/college\/projets\/projet-educatif\/#breadcrumb","itemListElement":[{"@type":"ListItem","position":1,"name":"Accueil","item":"http:\/\/www.scolaire-collines.com\/college\/"},{"@type":"ListItem","position":2,"name":"Projets","item":"https:\/\/www.scolaire-collines.com\/college\/projets\/"},{"@type":"ListItem","position":3,"name":"Projet Educatif"}]},{"@type":"WebSite","@id":"http:\/\/www.scolaire-collines.com\/college\/#website","url":"http:\/\/www.scolaire-collines.com\/college\/","name":"Coll\u00e8ge Notre-Dame des Collines","description":"Un coll\u00e8ge qui fait grandir","potentialAction":[{"@type":"SearchAction","target":{"@type":"EntryPoint","urlTemplate":"http:\/\/www.scolaire-collines.com\/college\/?s={search_term_string}"},"query-input":{"@type":"PropertyValueSpecification","valueRequired":true,"valueName":"search_term_string"}}],"inLanguage":"fr-FR"}]}},"_links":{"self":[{"href":"http:\/\/www.scolaire-collines.com\/college\/wp-json\/wp\/v2\/pages\/35","targetHints":{"allow":["GET"]}}],"collection":[{"href":"http:\/\/www.scolaire-collines.com\/college\/wp-json\/wp\/v2\/pages"}],"about":[{"href":"http:\/\/www.scolaire-collines.com\/college\/wp-json\/wp\/v2\/types\/page"}],"author":[{"embeddable":true,"href":"http:\/\/www.scolaire-collines.com\/college\/wp-json\/wp\/v2\/users\/1"}],"replies":[{"embeddable":true,"href":"http:\/\/www.scolaire-collines.com\/college\/wp-json\/wp\/v2\/comments?post=35"}],"version-history":[{"count":2,"href":"http:\/\/www.scolaire-collines.com\/college\/wp-json\/wp\/v2\/pages\/35\/revisions"}],"predecessor-version":[{"id":2773,"href":"http:\/\/www.scolaire-collines.com\/college\/wp-json\/wp\/v2\/pages\/35\/revisions\/2773"}],"up":[{"embeddable":true,"href":"http:\/\/www.scolaire-collines.com\/college\/wp-json\/wp\/v2\/pages\/12"}],"wp:attachment":[{"href":"http:\/\/www.scolaire-collines.com\/college\/wp-json\/wp\/v2\/media?parent=35"}],"curies":[{"name":"wp","href":"https:\/\/api.w.org\/{rel}","templated":true}]}}