{"id":349,"date":"2019-01-21T09:00:54","date_gmt":"2019-01-21T08:00:54","guid":{"rendered":"http:\/\/www.scolaire-collines.com\/college\/?page_id=349"},"modified":"2022-11-17T11:56:58","modified_gmt":"2022-11-17T10:56:58","slug":"quatriemes","status":"publish","type":"page","link":"http:\/\/www.scolaire-collines.com\/college\/a-propos\/quatriemes\/","title":{"rendered":"Quatri\u00e8mes"},"content":{"rendered":"<h3><span style=\"color: #0000ff; font-family: arial, helvetica, sans-serif;\"><strong><span style=\"color: #99cc00;\">4\u00e8me A<\/span> <\/strong><\/span><\/h3>\n<p><span style=\"font-family: arial, helvetica, sans-serif;\">28\u00a0 \u00e9l\u00e8ves<\/span><\/p>\n<p><span style=\"font-family: arial, helvetica, sans-serif;\"><strong>professeur principal :\u00a0<\/strong><strong> HANI Katia<br \/>\n<\/strong><\/span><\/p>\n<p><span style=\"font-family: arial, helvetica, sans-serif;\"><strong>options :\u00a0Espagnol, Allemand, Italien, Latin, Arts plastiques<strong><br \/>\n<\/strong><\/strong><\/span><\/p>\n<h3><span style=\"font-family: arial, helvetica, sans-serif;\">\u00a0<\/span><\/h3>\n<h3><span style=\"color: #99cc00; font-family: arial, helvetica, sans-serif;\"><strong>4\u00e8me\u00a0B <\/strong><\/span><\/h3>\n<p><span style=\"font-family: arial, helvetica, sans-serif;\">28\u00a0 \u00e9l\u00e8ves<\/span><\/p>\n<p><span style=\"font-family: arial, helvetica, sans-serif;\"><strong>professeur principal : CELLIER Sandrine<\/strong><br \/>\n<\/span><\/p>\n<p><span style=\"font-family: arial, helvetica, sans-serif;\"><strong><strong>options :\u00a0Espagnol, Allemand, Italien, Latin, Arts plastiques<\/strong><\/strong><\/span><\/p>\n<h3><span style=\"color: #99cc00; font-family: arial, helvetica, sans-serif;\"><strong>4\u00e8me\u00a0C <\/strong><\/span><\/h3>\n<p><span style=\"font-family: arial, helvetica, sans-serif;\">27\u00a0 \u00e9l\u00e8ves<\/span><\/p>\n<p><span style=\"font-family: arial, helvetica, sans-serif;\"><strong>professeur principal : RACODON Aur\u00e9lien<br \/>\n<\/strong><\/span><\/p>\n<p><span style=\"font-family: arial, helvetica, sans-serif;\"><strong>options :\u00a0Espagnol, Allemand, Italien, Latin, Arts plastiques<\/strong><\/span><\/p>\n<p><span style=\"font-family: arial, helvetica, sans-serif;\"><strong>\u00a0<\/strong><\/span><\/p>\n<h3><span style=\"color: #99cc00; font-family: arial, helvetica, sans-serif;\"><strong>4\u00e8me D<\/strong><\/span><\/h3>\n<p><span style=\"font-family: arial, helvetica, sans-serif;\">30 \u00e9l\u00e8ves<\/span><\/p>\n<p><span style=\"font-family: arial, helvetica, sans-serif;\"><strong>professeur principal : AMNOUCHE Quentin<\/strong><strong><br \/>\n<\/strong><\/span><\/p>\n<p><span style=\"font-family: arial, helvetica, sans-serif;\"><strong><strong><strong>options :\u00a0Espagnol, Allemand, Italien, Latin, Arts plastiques<\/strong><\/strong><\/strong><\/span><\/p>\n<h3><span style=\"color: #99cc00; font-family: arial, helvetica, sans-serif;\"><strong>4\u00e8me E<\/strong><\/span><\/h3>\n<p><span style=\"font-family: arial, helvetica, sans-serif;\">29 \u00e9l\u00e8ves<\/span><\/p>\n<p><strong><span style=\"font-family: arial, helvetica, sans-serif;\">professeur principal : COURTEILLE Morgane<br \/>\n<\/span><\/strong><\/p>\n<p><strong><span style=\"font-family: arial, helvetica, sans-serif;\">options :\u00a0Espagnol, Allemand, Italien, Latin, Arts plastiques<\/span><\/strong><\/p>\n","protected":false},"excerpt":{"rendered":"<p>4\u00e8me A 28\u00a0 \u00e9l\u00e8ves professeur principal :\u00a0 HANI Katia options :\u00a0Espagnol, Allemand, Italien, Latin, Arts plastiques \u00a0 4\u00e8me\u00a0B 28\u00a0 \u00e9l\u00e8ves professeur principal : CELLIER Sandrine options :\u00a0Espagnol, Allemand, Italien, Latin, Arts plastiques 4\u00e8me\u00a0C 27\u00a0 \u00e9l\u00e8ves professeur principal : RACODON Aur\u00e9lien options :\u00a0Espagnol, Allemand, Italien, Latin, Arts plastiques \u00a0 4\u00e8me D 30 \u00e9l\u00e8ves professeur principal : [&hellip;]<\/p>\n","protected":false},"author":1,"featured_media":0,"parent":521,"menu_order":3,"comment_status":"closed","ping_status":"closed","template":"","meta":{"_acf_changed":false,"_et_pb_use_builder":"","_et_pb_old_content":"","_et_gb_content_width":"","footnotes":""},"class_list":["post-349","page","type-page","status-publish","hentry"],"acf":[],"yoast_head":"<!-- This site is optimized with the Yoast SEO plugin v26.4 - https:\/\/yoast.com\/wordpress\/plugins\/seo\/ -->\n<title>Quatri\u00e8mes - Coll\u00e8ge Notre-Dame des Collines<\/title>\n<meta name=\"robots\" content=\"index, follow, max-snippet:-1, max-image-preview:large, max-video-preview:-1\" \/>\n<link rel=\"canonical\" href=\"http:\/\/www.scolaire-collines.com\/college\/a-propos\/quatriemes\/\" \/>\n<meta property=\"og:locale\" content=\"fr_FR\" \/>\n<meta property=\"og:type\" content=\"article\" \/>\n<meta property=\"og:title\" content=\"Quatri\u00e8mes - Coll\u00e8ge Notre-Dame des Collines\" \/>\n<meta property=\"og:description\" content=\"4\u00e8me A 28\u00a0 \u00e9l\u00e8ves professeur principal :\u00a0 HANI Katia options :\u00a0Espagnol, Allemand, Italien, Latin, Arts plastiques \u00a0 4\u00e8me\u00a0B 28\u00a0 \u00e9l\u00e8ves professeur principal : CELLIER Sandrine options :\u00a0Espagnol, Allemand, Italien, Latin, Arts plastiques 4\u00e8me\u00a0C 27\u00a0 \u00e9l\u00e8ves professeur principal : RACODON Aur\u00e9lien options :\u00a0Espagnol, Allemand, Italien, Latin, Arts plastiques \u00a0 4\u00e8me D 30 \u00e9l\u00e8ves professeur principal : [&hellip;]\" \/>\n<meta property=\"og:url\" content=\"http:\/\/www.scolaire-collines.com\/college\/a-propos\/quatriemes\/\" \/>\n<meta property=\"og:site_name\" content=\"Coll\u00e8ge Notre-Dame des Collines\" \/>\n<meta property=\"article:modified_time\" content=\"2022-11-17T10:56:58+00:00\" \/>\n<meta name=\"twitter:card\" content=\"summary_large_image\" \/>\n<script type=\"application\/ld+json\" class=\"yoast-schema-graph\">{\"@context\":\"https:\/\/schema.org\",\"@graph\":[{\"@type\":\"WebPage\",\"@id\":\"http:\/\/www.scolaire-collines.com\/college\/a-propos\/quatriemes\/\",\"url\":\"http:\/\/www.scolaire-collines.com\/college\/a-propos\/quatriemes\/\",\"name\":\"Quatri\u00e8mes - Coll\u00e8ge Notre-Dame des Collines\",\"isPartOf\":{\"@id\":\"http:\/\/www.scolaire-collines.com\/college\/#website\"},\"datePublished\":\"2019-01-21T08:00:54+00:00\",\"dateModified\":\"2022-11-17T10:56:58+00:00\",\"breadcrumb\":{\"@id\":\"http:\/\/www.scolaire-collines.com\/college\/a-propos\/quatriemes\/#breadcrumb\"},\"inLanguage\":\"fr-FR\",\"potentialAction\":[{\"@type\":\"ReadAction\",\"target\":[\"http:\/\/www.scolaire-collines.com\/college\/a-propos\/quatriemes\/\"]}]},{\"@type\":\"BreadcrumbList\",\"@id\":\"http:\/\/www.scolaire-collines.com\/college\/a-propos\/quatriemes\/#breadcrumb\",\"itemListElement\":[{\"@type\":\"ListItem\",\"position\":1,\"name\":\"Accueil\",\"item\":\"http:\/\/www.scolaire-collines.com\/college\/\"},{\"@type\":\"ListItem\",\"position\":2,\"name\":\"Les classes\",\"item\":\"http:\/\/www.scolaire-collines.com\/college\/a-propos\/\"},{\"@type\":\"ListItem\",\"position\":3,\"name\":\"Quatri\u00e8mes\"}]},{\"@type\":\"WebSite\",\"@id\":\"http:\/\/www.scolaire-collines.com\/college\/#website\",\"url\":\"http:\/\/www.scolaire-collines.com\/college\/\",\"name\":\"Coll\u00e8ge Notre-Dame des Collines\",\"description\":\"Un coll\u00e8ge qui fait grandir\",\"potentialAction\":[{\"@type\":\"SearchAction\",\"target\":{\"@type\":\"EntryPoint\",\"urlTemplate\":\"http:\/\/www.scolaire-collines.com\/college\/?s={search_term_string}\"},\"query-input\":{\"@type\":\"PropertyValueSpecification\",\"valueRequired\":true,\"valueName\":\"search_term_string\"}}],\"inLanguage\":\"fr-FR\"}]}<\/script>\n<!-- \/ Yoast SEO plugin. -->","yoast_head_json":{"title":"Quatri\u00e8mes - Coll\u00e8ge Notre-Dame des Collines","robots":{"index":"index","follow":"follow","max-snippet":"max-snippet:-1","max-image-preview":"max-image-preview:large","max-video-preview":"max-video-preview:-1"},"canonical":"http:\/\/www.scolaire-collines.com\/college\/a-propos\/quatriemes\/","og_locale":"fr_FR","og_type":"article","og_title":"Quatri\u00e8mes - Coll\u00e8ge Notre-Dame des Collines","og_description":"4\u00e8me A 28\u00a0 \u00e9l\u00e8ves professeur principal :\u00a0 HANI Katia options :\u00a0Espagnol, Allemand, Italien, Latin, Arts plastiques \u00a0 4\u00e8me\u00a0B 28\u00a0 \u00e9l\u00e8ves professeur principal : CELLIER Sandrine options :\u00a0Espagnol, Allemand, Italien, Latin, Arts plastiques 4\u00e8me\u00a0C 27\u00a0 \u00e9l\u00e8ves professeur principal : RACODON Aur\u00e9lien options :\u00a0Espagnol, Allemand, Italien, Latin, Arts plastiques \u00a0 4\u00e8me D 30 \u00e9l\u00e8ves professeur principal : [&hellip;]","og_url":"http:\/\/www.scolaire-collines.com\/college\/a-propos\/quatriemes\/","og_site_name":"Coll\u00e8ge Notre-Dame des Collines","article_modified_time":"2022-11-17T10:56:58+00:00","twitter_card":"summary_large_image","schema":{"@context":"https:\/\/schema.org","@graph":[{"@type":"WebPage","@id":"http:\/\/www.scolaire-collines.com\/college\/a-propos\/quatriemes\/","url":"http:\/\/www.scolaire-collines.com\/college\/a-propos\/quatriemes\/","name":"Quatri\u00e8mes - Coll\u00e8ge Notre-Dame des Collines","isPartOf":{"@id":"http:\/\/www.scolaire-collines.com\/college\/#website"},"datePublished":"2019-01-21T08:00:54+00:00","dateModified":"2022-11-17T10:56:58+00:00","breadcrumb":{"@id":"http:\/\/www.scolaire-collines.com\/college\/a-propos\/quatriemes\/#breadcrumb"},"inLanguage":"fr-FR","potentialAction":[{"@type":"ReadAction","target":["http:\/\/www.scolaire-collines.com\/college\/a-propos\/quatriemes\/"]}]},{"@type":"BreadcrumbList","@id":"http:\/\/www.scolaire-collines.com\/college\/a-propos\/quatriemes\/#breadcrumb","itemListElement":[{"@type":"ListItem","position":1,"name":"Accueil","item":"http:\/\/www.scolaire-collines.com\/college\/"},{"@type":"ListItem","position":2,"name":"Les classes","item":"http:\/\/www.scolaire-collines.com\/college\/a-propos\/"},{"@type":"ListItem","position":3,"name":"Quatri\u00e8mes"}]},{"@type":"WebSite","@id":"http:\/\/www.scolaire-collines.com\/college\/#website","url":"http:\/\/www.scolaire-collines.com\/college\/","name":"Coll\u00e8ge Notre-Dame des Collines","description":"Un coll\u00e8ge qui fait grandir","potentialAction":[{"@type":"SearchAction","target":{"@type":"EntryPoint","urlTemplate":"http:\/\/www.scolaire-collines.com\/college\/?s={search_term_string}"},"query-input":{"@type":"PropertyValueSpecification","valueRequired":true,"valueName":"search_term_string"}}],"inLanguage":"fr-FR"}]}},"_links":{"self":[{"href":"http:\/\/www.scolaire-collines.com\/college\/wp-json\/wp\/v2\/pages\/349","targetHints":{"allow":["GET"]}}],"collection":[{"href":"http:\/\/www.scolaire-collines.com\/college\/wp-json\/wp\/v2\/pages"}],"about":[{"href":"http:\/\/www.scolaire-collines.com\/college\/wp-json\/wp\/v2\/types\/page"}],"author":[{"embeddable":true,"href":"http:\/\/www.scolaire-collines.com\/college\/wp-json\/wp\/v2\/users\/1"}],"replies":[{"embeddable":true,"href":"http:\/\/www.scolaire-collines.com\/college\/wp-json\/wp\/v2\/comments?post=349"}],"version-history":[{"count":8,"href":"http:\/\/www.scolaire-collines.com\/college\/wp-json\/wp\/v2\/pages\/349\/revisions"}],"predecessor-version":[{"id":2755,"href":"http:\/\/www.scolaire-collines.com\/college\/wp-json\/wp\/v2\/pages\/349\/revisions\/2755"}],"up":[{"embeddable":true,"href":"http:\/\/www.scolaire-collines.com\/college\/wp-json\/wp\/v2\/pages\/521"}],"wp:attachment":[{"href":"http:\/\/www.scolaire-collines.com\/college\/wp-json\/wp\/v2\/media?parent=349"}],"curies":[{"name":"wp","href":"https:\/\/api.w.org\/{rel}","templated":true}]}}