{"id":263,"date":"2016-11-28T17:40:44","date_gmt":"2016-11-28T16:40:44","guid":{"rendered":"http:\/\/www.scolaire-collines.com\/college\/?page_id=263"},"modified":"2016-11-28T17:39:29","modified_gmt":"2016-11-28T16:39:29","slug":"la-pedagogie","status":"publish","type":"page","link":"http:\/\/www.scolaire-collines.com\/college\/projets\/projet-detablissement\/la-pedagogie\/","title":{"rendered":"la p\u00e9dagogie"},"content":{"rendered":"<p><span style=\"font-family: arial,helvetica,sans-serif;\">L\u2019\u00e9quipe p\u00e9dagogique et \u00e9ducative porte le souci de favoriser au mieux les apprentissages dans le cadre des programmes scolaires pr\u00e9vus.<\/span><\/p>\n<p><span style=\"font-family: arial,helvetica,sans-serif;\">L\u2019organisation des enseignants en \u00e9quipes disciplinaires,\u00a0 les aides au travail personnalis\u00e9,\u00a0les options sportives, artistiques, \u00e0 dimension europ\u00e9enne, sont autant de moyens d\u00e9velopp\u00e9s pour permettre aux jeunes de ma\u00eetriser les contenus disciplinaires et d\u2019approfondir connaissances et ouverture sur le monde.\u00a0<\/span><\/p>\n<p><span style=\"font-family: arial,helvetica,sans-serif;\">Nous pouvons ainsi favoriser un accompagnement scolaire individuel et permettre \u00e0 chaque jeune de construire sa d\u00e9marche d\u2019orientation en offrant, d\u00e8s la 5<sup>\u00e8me<\/sup>, une premi\u00e8re approche du monde professionnel.<\/span><\/p>\n<p><span style=\"font-family: arial,helvetica,sans-serif;\"><strong>Dans la poursuite de ces orientations nous voudrions au cours des ann\u00e9es \u00e0 venir travailler plus particuli\u00e8rement quelques objectifs et initier quelques\u00a0 actions\u00a0 pour les atteindre. Ainsi pourrons-nous\u00a0 renforcer le travail d\u2019\u00e9quipe et la motivation des jeunes dans la construction de leurs apprentissages\u00a0:<\/strong><\/span><\/p>\n<ul>\n<li><span style=\"font-family: arial,helvetica,sans-serif;\">G\u00e9n\u00e9raliser au sein de l\u2019ensemble des classes\u00a0 une p\u00e9dagogie diff\u00e9renci\u00e9e permettant de\u00a0:<\/span>\n<ul>\n<li><span style=\"font-family: arial,helvetica,sans-serif;\"><em>Diversifier les apprentissages<\/em><\/span><\/li>\n<li><span style=\"font-family: arial,helvetica,sans-serif;\"><em>Accompagner l\u2019\u00e9l\u00e8ve et le soutenir pour lui donner la possibilit\u00e9 de construire ses savoirs dans\u00a0 les diff\u00e9rentes disciplines<\/em><\/span><\/li>\n<li><span style=\"font-family: arial,helvetica,sans-serif;\"><em>\u00a0D\u00e9velopper des comp\u00e9tences tant dans les domaines\u00a0 litt\u00e9raires, scientifiques et techniques que dans ceux de la vie sociale et communautaire. <\/em><\/span><\/li>\n<\/ul>\n<\/li>\n<\/ul>\n<ul>\n<li><span style=\"font-family: arial,helvetica,sans-serif;\">D\u00e9velopper l\u2019interdisciplinarit\u00e9 pour\u00a0:<strong>\u00a0<\/strong><\/span>\n<ul>\n<li><span style=\"font-family: arial,helvetica,sans-serif;\"><em>Favoriser l\u2019acquisition de comp\u00e9tences transversales aux diverses disciplines<\/em><\/span><\/li>\n<li><span style=\"font-family: arial,helvetica,sans-serif;\"><em>Donner du sens \u00e0 l\u2019enseignement des diverses disciplines et aux rapports entre elles.<\/em><\/span><\/li>\n<li><span style=\"font-family: arial,helvetica,sans-serif;\"><em>Renforcer le travail d\u2019\u00e9quipe entre les enseignants<\/em><\/span><\/li>\n<\/ul>\n<\/li>\n<\/ul>\n<p><span style=\"font-family: arial,helvetica,sans-serif;\"><strong>\u00a0<\/strong><\/span><\/p>\n<ul>\n<li><span style=\"font-family: arial,helvetica,sans-serif;\">Articuler la classe autour d\u2019un projet commun, \u00e0 l\u2019initiative du professeur principal soutenu par l\u2019\u00e9quipe p\u00e9dagogique de la classe\u00a0 et ainsi:<\/span>\n<ul>\n<li><span style=\"font-family: arial,helvetica,sans-serif;\"><em>D\u00e9velopper\u00a0 participation, initiatives et cr\u00e9ativit\u00e9\u00a0 chez les jeunes<\/em><\/span><\/li>\n<li><span style=\"font-family: arial,helvetica,sans-serif;\"><em>Renforcer l\u2019unit\u00e9 et la solidarit\u00e9.<\/em><\/span><\/li>\n<\/ul>\n<\/li>\n<\/ul>\n","protected":false},"excerpt":{"rendered":"<p>L\u2019\u00e9quipe p\u00e9dagogique et \u00e9ducative porte le souci de favoriser au mieux les apprentissages dans le cadre des programmes scolaires pr\u00e9vus. L\u2019organisation des enseignants en \u00e9quipes disciplinaires,\u00a0 les aides au travail personnalis\u00e9,\u00a0les options sportives, artistiques, \u00e0 dimension europ\u00e9enne, sont autant de moyens d\u00e9velopp\u00e9s pour permettre aux jeunes de ma\u00eetriser les contenus disciplinaires et d\u2019approfondir connaissances et [&hellip;]<\/p>\n","protected":false},"author":1,"featured_media":0,"parent":37,"menu_order":1,"comment_status":"closed","ping_status":"closed","template":"","meta":{"_acf_changed":false,"_et_pb_use_builder":"","_et_pb_old_content":"","_et_gb_content_width":"","footnotes":""},"class_list":["post-263","page","type-page","status-publish","hentry"],"acf":[],"yoast_head":"<!-- This site is optimized with the Yoast SEO plugin v27.4 - https:\/\/yoast.com\/product\/yoast-seo-wordpress\/ -->\n<title>la p\u00e9dagogie - Coll\u00e8ge Notre-Dame des Collines<\/title>\n<meta name=\"robots\" content=\"index, follow, max-snippet:-1, max-image-preview:large, max-video-preview:-1\" \/>\n<link rel=\"canonical\" href=\"http:\/\/www.scolaire-collines.com\/college\/projets\/projet-detablissement\/la-pedagogie\/\" \/>\n<meta property=\"og:locale\" content=\"fr_FR\" \/>\n<meta property=\"og:type\" content=\"article\" \/>\n<meta property=\"og:title\" content=\"la p\u00e9dagogie - Coll\u00e8ge Notre-Dame des Collines\" \/>\n<meta property=\"og:description\" content=\"L\u2019\u00e9quipe p\u00e9dagogique et \u00e9ducative porte le souci de favoriser au mieux les apprentissages dans le cadre des programmes scolaires pr\u00e9vus. L\u2019organisation des enseignants en \u00e9quipes disciplinaires,\u00a0 les aides au travail personnalis\u00e9,\u00a0les options sportives, artistiques, \u00e0 dimension europ\u00e9enne, sont autant de moyens d\u00e9velopp\u00e9s pour permettre aux jeunes de ma\u00eetriser les contenus disciplinaires et d\u2019approfondir connaissances et [&hellip;]\" \/>\n<meta property=\"og:url\" content=\"http:\/\/www.scolaire-collines.com\/college\/projets\/projet-detablissement\/la-pedagogie\/\" \/>\n<meta property=\"og:site_name\" content=\"Coll\u00e8ge Notre-Dame des Collines\" \/>\n<meta name=\"twitter:card\" content=\"summary_large_image\" \/>\n<meta name=\"twitter:label1\" content=\"Dur\u00e9e de lecture estim\u00e9e\" \/>\n\t<meta name=\"twitter:data1\" content=\"1 minute\" \/>\n<script type=\"application\/ld+json\" class=\"yoast-schema-graph\">{\"@context\":\"https:\\\/\\\/schema.org\",\"@graph\":[{\"@type\":\"WebPage\",\"@id\":\"http:\\\/\\\/www.scolaire-collines.com\\\/college\\\/projets\\\/projet-detablissement\\\/la-pedagogie\\\/\",\"url\":\"http:\\\/\\\/www.scolaire-collines.com\\\/college\\\/projets\\\/projet-detablissement\\\/la-pedagogie\\\/\",\"name\":\"la p\u00e9dagogie - Coll\u00e8ge Notre-Dame des Collines\",\"isPartOf\":{\"@id\":\"http:\\\/\\\/www.scolaire-collines.com\\\/college\\\/#website\"},\"datePublished\":\"2016-11-28T16:40:44+00:00\",\"breadcrumb\":{\"@id\":\"http:\\\/\\\/www.scolaire-collines.com\\\/college\\\/projets\\\/projet-detablissement\\\/la-pedagogie\\\/#breadcrumb\"},\"inLanguage\":\"fr-FR\",\"potentialAction\":[{\"@type\":\"ReadAction\",\"target\":[\"http:\\\/\\\/www.scolaire-collines.com\\\/college\\\/projets\\\/projet-detablissement\\\/la-pedagogie\\\/\"]}]},{\"@type\":\"BreadcrumbList\",\"@id\":\"http:\\\/\\\/www.scolaire-collines.com\\\/college\\\/projets\\\/projet-detablissement\\\/la-pedagogie\\\/#breadcrumb\",\"itemListElement\":[{\"@type\":\"ListItem\",\"position\":1,\"name\":\"Accueil\",\"item\":\"http:\\\/\\\/www.scolaire-collines.com\\\/college\\\/\"},{\"@type\":\"ListItem\",\"position\":2,\"name\":\"Projets\",\"item\":\"http:\\\/\\\/www.scolaire-collines.com\\\/college\\\/projets\\\/\"},{\"@type\":\"ListItem\",\"position\":3,\"name\":\"Projet d\u2019\u00e9tablissement\",\"item\":\"http:\\\/\\\/www.scolaire-collines.com\\\/college\\\/projets\\\/projet-detablissement\\\/\"},{\"@type\":\"ListItem\",\"position\":4,\"name\":\"la p\u00e9dagogie\"}]},{\"@type\":\"WebSite\",\"@id\":\"http:\\\/\\\/www.scolaire-collines.com\\\/college\\\/#website\",\"url\":\"http:\\\/\\\/www.scolaire-collines.com\\\/college\\\/\",\"name\":\"Coll\u00e8ge Notre-Dame des Collines\",\"description\":\"Un coll\u00e8ge qui fait grandir\",\"potentialAction\":[{\"@type\":\"SearchAction\",\"target\":{\"@type\":\"EntryPoint\",\"urlTemplate\":\"http:\\\/\\\/www.scolaire-collines.com\\\/college\\\/?s={search_term_string}\"},\"query-input\":{\"@type\":\"PropertyValueSpecification\",\"valueRequired\":true,\"valueName\":\"search_term_string\"}}],\"inLanguage\":\"fr-FR\"}]}<\/script>\n<!-- \/ Yoast SEO plugin. -->","yoast_head_json":{"title":"la p\u00e9dagogie - Coll\u00e8ge Notre-Dame des Collines","robots":{"index":"index","follow":"follow","max-snippet":"max-snippet:-1","max-image-preview":"max-image-preview:large","max-video-preview":"max-video-preview:-1"},"canonical":"http:\/\/www.scolaire-collines.com\/college\/projets\/projet-detablissement\/la-pedagogie\/","og_locale":"fr_FR","og_type":"article","og_title":"la p\u00e9dagogie - Coll\u00e8ge Notre-Dame des Collines","og_description":"L\u2019\u00e9quipe p\u00e9dagogique et \u00e9ducative porte le souci de favoriser au mieux les apprentissages dans le cadre des programmes scolaires pr\u00e9vus. L\u2019organisation des enseignants en \u00e9quipes disciplinaires,\u00a0 les aides au travail personnalis\u00e9,\u00a0les options sportives, artistiques, \u00e0 dimension europ\u00e9enne, sont autant de moyens d\u00e9velopp\u00e9s pour permettre aux jeunes de ma\u00eetriser les contenus disciplinaires et d\u2019approfondir connaissances et [&hellip;]","og_url":"http:\/\/www.scolaire-collines.com\/college\/projets\/projet-detablissement\/la-pedagogie\/","og_site_name":"Coll\u00e8ge Notre-Dame des Collines","twitter_card":"summary_large_image","twitter_misc":{"Dur\u00e9e de lecture estim\u00e9e":"1 minute"},"schema":{"@context":"https:\/\/schema.org","@graph":[{"@type":"WebPage","@id":"http:\/\/www.scolaire-collines.com\/college\/projets\/projet-detablissement\/la-pedagogie\/","url":"http:\/\/www.scolaire-collines.com\/college\/projets\/projet-detablissement\/la-pedagogie\/","name":"la p\u00e9dagogie - Coll\u00e8ge Notre-Dame des Collines","isPartOf":{"@id":"http:\/\/www.scolaire-collines.com\/college\/#website"},"datePublished":"2016-11-28T16:40:44+00:00","breadcrumb":{"@id":"http:\/\/www.scolaire-collines.com\/college\/projets\/projet-detablissement\/la-pedagogie\/#breadcrumb"},"inLanguage":"fr-FR","potentialAction":[{"@type":"ReadAction","target":["http:\/\/www.scolaire-collines.com\/college\/projets\/projet-detablissement\/la-pedagogie\/"]}]},{"@type":"BreadcrumbList","@id":"http:\/\/www.scolaire-collines.com\/college\/projets\/projet-detablissement\/la-pedagogie\/#breadcrumb","itemListElement":[{"@type":"ListItem","position":1,"name":"Accueil","item":"http:\/\/www.scolaire-collines.com\/college\/"},{"@type":"ListItem","position":2,"name":"Projets","item":"http:\/\/www.scolaire-collines.com\/college\/projets\/"},{"@type":"ListItem","position":3,"name":"Projet d\u2019\u00e9tablissement","item":"http:\/\/www.scolaire-collines.com\/college\/projets\/projet-detablissement\/"},{"@type":"ListItem","position":4,"name":"la p\u00e9dagogie"}]},{"@type":"WebSite","@id":"http:\/\/www.scolaire-collines.com\/college\/#website","url":"http:\/\/www.scolaire-collines.com\/college\/","name":"Coll\u00e8ge Notre-Dame des Collines","description":"Un coll\u00e8ge qui fait grandir","potentialAction":[{"@type":"SearchAction","target":{"@type":"EntryPoint","urlTemplate":"http:\/\/www.scolaire-collines.com\/college\/?s={search_term_string}"},"query-input":{"@type":"PropertyValueSpecification","valueRequired":true,"valueName":"search_term_string"}}],"inLanguage":"fr-FR"}]}},"_links":{"self":[{"href":"http:\/\/www.scolaire-collines.com\/college\/wp-json\/wp\/v2\/pages\/263","targetHints":{"allow":["GET"]}}],"collection":[{"href":"http:\/\/www.scolaire-collines.com\/college\/wp-json\/wp\/v2\/pages"}],"about":[{"href":"http:\/\/www.scolaire-collines.com\/college\/wp-json\/wp\/v2\/types\/page"}],"author":[{"embeddable":true,"href":"http:\/\/www.scolaire-collines.com\/college\/wp-json\/wp\/v2\/users\/1"}],"replies":[{"embeddable":true,"href":"http:\/\/www.scolaire-collines.com\/college\/wp-json\/wp\/v2\/comments?post=263"}],"version-history":[{"count":2,"href":"http:\/\/www.scolaire-collines.com\/college\/wp-json\/wp\/v2\/pages\/263\/revisions"}],"predecessor-version":[{"id":2204,"href":"http:\/\/www.scolaire-collines.com\/college\/wp-json\/wp\/v2\/pages\/263\/revisions\/2204"}],"up":[{"embeddable":true,"href":"http:\/\/www.scolaire-collines.com\/college\/wp-json\/wp\/v2\/pages\/37"}],"wp:attachment":[{"href":"http:\/\/www.scolaire-collines.com\/college\/wp-json\/wp\/v2\/media?parent=263"}],"curies":[{"name":"wp","href":"https:\/\/api.w.org\/{rel}","templated":true}]}}